{"id":11426,"date":"2022-11-13T21:03:47","date_gmt":"2022-11-13T21:03:47","guid":{"rendered":"https:\/\/colico.ca\/product\/portes-dhomme-simples-et-doubles\/"},"modified":"2023-02-09T08:29:00","modified_gmt":"2023-02-09T08:29:00","slug":"portes-dhomme-simples-et-doubles","status":"publish","type":"product","link":"https:\/\/colico.ca\/fr\/produit\/portes-dhomme-simples-et-doubles\/","title":{"rendered":"Portes d&rsquo;homme simples et doubles"},"content":{"rendered":"","protected":false},"excerpt":{"rendered":"<p><span style=\"color: #000000;\">Id\u00e9ales pour les sites commerciaux et industriels, les portes pour hommes servent \u00e0 la fois de barri\u00e8re physique et de moyen de dissuasion contre la criminalit\u00e9. Gr\u00e2ce \u00e0 leur facilit\u00e9 d&rsquo;utilisation, ils peuvent vous aider \u00e0 emp\u00eacher les visiteurs et les membres du personnel de s&rsquo;\u00e9garer dans les mauvais endroits, ou \u00e0 diriger le flux de circulation pi\u00e9tonne \u00e0 l&rsquo;\u00e9cart des zones interdites.<\/span><\/p>\n<p>&nbsp;<\/p>\n<p>https:\/\/www.youtube.com\/watch?v=Dz7_Bodb5kw<\/p>\n<h4><\/h4>\n","protected":false},"featured_media":10785,"template":"","meta":[],"product_brand":[],"product_cat":[611,593],"product_tag":[],"class_list":{"0":"post-11426","1":"product","2":"type-product","3":"status-publish","4":"has-post-thumbnail","6":"product_cat-portes-a-ciseaux","7":"product_cat-portes-specialisees","9":"first","10":"instock","11":"taxable","12":"shipping-taxable","13":"product-type-simple"},"yoast_head":"<!-- This site is optimized with the Yoast SEO plugin v27.5 - https:\/\/yoast.com\/product\/yoast-seo-wordpress\/ -->\n<title>Portes d&#039;homme simples et doubles - Colico<\/title>\n<meta name=\"robots\" content=\"index, follow, max-snippet:-1, max-image-preview:large, max-video-preview:-1\" \/>\n<link rel=\"canonical\" href=\"https:\/\/colico.ca\/produit\/single-and-double-man-doors\/\" \/>\n<meta property=\"og:locale\" content=\"fr_FR\" \/>\n<meta property=\"og:type\" content=\"article\" \/>\n<meta property=\"og:title\" content=\"Portes d&#039;homme simples et doubles - Colico\" \/>\n<meta property=\"og:description\" content=\"Id\u00e9ales pour les sites commerciaux et industriels, les portes pour hommes servent \u00e0 la fois de barri\u00e8re physique et de moyen de dissuasion contre la criminalit\u00e9. Gr\u00e2ce \u00e0 leur facilit\u00e9 d&#039;utilisation, ils peuvent vous aider \u00e0 emp\u00eacher les visiteurs et les membres du personnel de s&#039;\u00e9garer dans les mauvais endroits, ou \u00e0 diriger le flux de circulation pi\u00e9tonne \u00e0 l&#039;\u00e9cart des zones interdites. &nbsp; https:\/\/www.youtube.com\/watch?v=Dz7_Bodb5kw\" \/>\n<meta property=\"og:url\" content=\"https:\/\/colico.ca\/produit\/single-and-double-man-doors\/\" \/>\n<meta property=\"og:site_name\" content=\"Colico\" \/>\n<meta property=\"article:modified_time\" content=\"2023-02-09T08:29:00+00:00\" \/>\n<meta property=\"og:image\" content=\"https:\/\/colico.ca\/wp-content\/uploads\/2022\/11\/man-doors.png\" \/>\n\t<meta property=\"og:image:width\" content=\"698\" \/>\n\t<meta property=\"og:image:height\" content=\"698\" \/>\n\t<meta property=\"og:image:type\" content=\"image\/png\" \/>\n<meta name=\"twitter:card\" content=\"summary_large_image\" \/>\n<script type=\"application\/ld+json\" class=\"yoast-schema-graph\">{\"@context\":\"https:\\\/\\\/schema.org\",\"@graph\":[{\"@type\":\"WebPage\",\"@id\":\"https:\\\/\\\/colico.ca\\\/produit\\\/single-and-double-man-doors\\\/\",\"url\":\"https:\\\/\\\/colico.ca\\\/produit\\\/single-and-double-man-doors\\\/\",\"name\":\"Portes d'homme simples et doubles - Colico\",\"isPartOf\":{\"@id\":\"https:\\\/\\\/colico.ca\\\/#website\"},\"primaryImageOfPage\":{\"@id\":\"https:\\\/\\\/colico.ca\\\/produit\\\/single-and-double-man-doors\\\/#primaryimage\"},\"image\":{\"@id\":\"https:\\\/\\\/colico.ca\\\/produit\\\/single-and-double-man-doors\\\/#primaryimage\"},\"thumbnailUrl\":\"https:\\\/\\\/colico.ca\\\/wp-content\\\/uploads\\\/2022\\\/11\\\/man-doors.png\",\"datePublished\":\"2022-11-13T21:03:47+00:00\",\"dateModified\":\"2023-02-09T08:29:00+00:00\",\"breadcrumb\":{\"@id\":\"https:\\\/\\\/colico.ca\\\/produit\\\/single-and-double-man-doors\\\/#breadcrumb\"},\"inLanguage\":\"fr-FR\",\"potentialAction\":[{\"@type\":\"ReadAction\",\"target\":[\"https:\\\/\\\/colico.ca\\\/produit\\\/single-and-double-man-doors\\\/\"]}]},{\"@type\":\"ImageObject\",\"inLanguage\":\"fr-FR\",\"@id\":\"https:\\\/\\\/colico.ca\\\/produit\\\/single-and-double-man-doors\\\/#primaryimage\",\"url\":\"https:\\\/\\\/colico.ca\\\/wp-content\\\/uploads\\\/2022\\\/11\\\/man-doors.png\",\"contentUrl\":\"https:\\\/\\\/colico.ca\\\/wp-content\\\/uploads\\\/2022\\\/11\\\/man-doors.png\",\"width\":698,\"height\":698,\"caption\":\"man doors\"},{\"@type\":\"BreadcrumbList\",\"@id\":\"https:\\\/\\\/colico.ca\\\/produit\\\/single-and-double-man-doors\\\/#breadcrumb\",\"itemListElement\":[{\"@type\":\"ListItem\",\"position\":1,\"name\":\"Home\",\"item\":\"https:\\\/\\\/colico.ca\\\/fr\\\/accueil-principal\\\/\"},{\"@type\":\"ListItem\",\"position\":2,\"name\":\"Boutique\",\"item\":\"https:\\\/\\\/colico.ca\\\/fr\\\/boutique\\\/\"},{\"@type\":\"ListItem\",\"position\":3,\"name\":\"Portes d&#8217;homme simples et doubles\"}]},{\"@type\":\"WebSite\",\"@id\":\"https:\\\/\\\/colico.ca\\\/#website\",\"url\":\"https:\\\/\\\/colico.ca\\\/\",\"name\":\"Colico\",\"description\":\"Produits architecturaux\",\"potentialAction\":[{\"@type\":\"SearchAction\",\"target\":{\"@type\":\"EntryPoint\",\"urlTemplate\":\"https:\\\/\\\/colico.ca\\\/?s={search_term_string}\"},\"query-input\":{\"@type\":\"PropertyValueSpecification\",\"valueRequired\":true,\"valueName\":\"search_term_string\"}}],\"inLanguage\":\"fr-FR\"}]}<\/script>\n<!-- \/ Yoast SEO plugin. -->","yoast_head_json":{"title":"Portes d'homme simples et doubles - Colico","robots":{"index":"index","follow":"follow","max-snippet":"max-snippet:-1","max-image-preview":"max-image-preview:large","max-video-preview":"max-video-preview:-1"},"canonical":"https:\/\/colico.ca\/produit\/single-and-double-man-doors\/","og_locale":"fr_FR","og_type":"article","og_title":"Portes d'homme simples et doubles - Colico","og_description":"Id\u00e9ales pour les sites commerciaux et industriels, les portes pour hommes servent \u00e0 la fois de barri\u00e8re physique et de moyen de dissuasion contre la criminalit\u00e9. Gr\u00e2ce \u00e0 leur facilit\u00e9 d'utilisation, ils peuvent vous aider \u00e0 emp\u00eacher les visiteurs et les membres du personnel de s'\u00e9garer dans les mauvais endroits, ou \u00e0 diriger le flux de circulation pi\u00e9tonne \u00e0 l'\u00e9cart des zones interdites. &nbsp; https:\/\/www.youtube.com\/watch?v=Dz7_Bodb5kw","og_url":"https:\/\/colico.ca\/produit\/single-and-double-man-doors\/","og_site_name":"Colico","article_modified_time":"2023-02-09T08:29:00+00:00","og_image":[{"width":698,"height":698,"url":"https:\/\/colico.ca\/wp-content\/uploads\/2022\/11\/man-doors.png","type":"image\/png"}],"twitter_card":"summary_large_image","schema":{"@context":"https:\/\/schema.org","@graph":[{"@type":"WebPage","@id":"https:\/\/colico.ca\/produit\/single-and-double-man-doors\/","url":"https:\/\/colico.ca\/produit\/single-and-double-man-doors\/","name":"Portes d'homme simples et doubles - Colico","isPartOf":{"@id":"https:\/\/colico.ca\/#website"},"primaryImageOfPage":{"@id":"https:\/\/colico.ca\/produit\/single-and-double-man-doors\/#primaryimage"},"image":{"@id":"https:\/\/colico.ca\/produit\/single-and-double-man-doors\/#primaryimage"},"thumbnailUrl":"https:\/\/colico.ca\/wp-content\/uploads\/2022\/11\/man-doors.png","datePublished":"2022-11-13T21:03:47+00:00","dateModified":"2023-02-09T08:29:00+00:00","breadcrumb":{"@id":"https:\/\/colico.ca\/produit\/single-and-double-man-doors\/#breadcrumb"},"inLanguage":"fr-FR","potentialAction":[{"@type":"ReadAction","target":["https:\/\/colico.ca\/produit\/single-and-double-man-doors\/"]}]},{"@type":"ImageObject","inLanguage":"fr-FR","@id":"https:\/\/colico.ca\/produit\/single-and-double-man-doors\/#primaryimage","url":"https:\/\/colico.ca\/wp-content\/uploads\/2022\/11\/man-doors.png","contentUrl":"https:\/\/colico.ca\/wp-content\/uploads\/2022\/11\/man-doors.png","width":698,"height":698,"caption":"man doors"},{"@type":"BreadcrumbList","@id":"https:\/\/colico.ca\/produit\/single-and-double-man-doors\/#breadcrumb","itemListElement":[{"@type":"ListItem","position":1,"name":"Home","item":"https:\/\/colico.ca\/fr\/accueil-principal\/"},{"@type":"ListItem","position":2,"name":"Boutique","item":"https:\/\/colico.ca\/fr\/boutique\/"},{"@type":"ListItem","position":3,"name":"Portes d&#8217;homme simples et doubles"}]},{"@type":"WebSite","@id":"https:\/\/colico.ca\/#website","url":"https:\/\/colico.ca\/","name":"Colico","description":"Produits architecturaux","potentialAction":[{"@type":"SearchAction","target":{"@type":"EntryPoint","urlTemplate":"https:\/\/colico.ca\/?s={search_term_string}"},"query-input":{"@type":"PropertyValueSpecification","valueRequired":true,"valueName":"search_term_string"}}],"inLanguage":"fr-FR"}]}},"_links":{"self":[{"href":"https:\/\/colico.ca\/fr\/wp-json\/wp\/v2\/product\/11426","targetHints":{"allow":["GET"]}}],"collection":[{"href":"https:\/\/colico.ca\/fr\/wp-json\/wp\/v2\/product"}],"about":[{"href":"https:\/\/colico.ca\/fr\/wp-json\/wp\/v2\/types\/product"}],"wp:featuredmedia":[{"embeddable":true,"href":"https:\/\/colico.ca\/fr\/wp-json\/wp\/v2\/media\/10785"}],"wp:attachment":[{"href":"https:\/\/colico.ca\/fr\/wp-json\/wp\/v2\/media?parent=11426"}],"wp:term":[{"taxonomy":"product_brand","embeddable":true,"href":"https:\/\/colico.ca\/fr\/wp-json\/wp\/v2\/product_brand?post=11426"},{"taxonomy":"product_cat","embeddable":true,"href":"https:\/\/colico.ca\/fr\/wp-json\/wp\/v2\/product_cat?post=11426"},{"taxonomy":"product_tag","embeddable":true,"href":"https:\/\/colico.ca\/fr\/wp-json\/wp\/v2\/product_tag?post=11426"}],"curies":[{"name":"wp","href":"https:\/\/api.w.org\/{rel}","templated":true}]}}