{"id":11422,"date":"2022-11-13T20:37:31","date_gmt":"2022-11-13T20:37:31","guid":{"rendered":"https:\/\/colico.ca\/product\/portes-dentree-portes-de-securite\/"},"modified":"2023-02-09T08:28:54","modified_gmt":"2023-02-09T08:28:54","slug":"portes-dentree-portes-de-securite","status":"publish","type":"product","link":"https:\/\/colico.ca\/fr\/produit\/portes-dentree-portes-de-securite\/","title":{"rendered":"Portes d&rsquo;entr\u00e9e Portes de s\u00e9curit\u00e9"},"content":{"rendered":"","protected":false},"excerpt":{"rendered":"<p><span style=\"color: #000000;\">Une bonne protection de la fa\u00e7ade d&rsquo;un magasin ne consiste pas seulement \u00e0 emp\u00eacher les criminels d&rsquo;entrer. Les entreprises ont \u00e9galement besoin de barri\u00e8res de s\u00e9curit\u00e9 pour les portes d&rsquo;entr\u00e9e qui sont faciles \u00e0 utiliser et \u00e0 entretenir. Nos portails en acier tubulaire de type ciseaux sont solides et rentables et ne n\u00e9cessitent pratiquement aucun entretien. Lorsqu&rsquo;ils ne sont pas utilis\u00e9s, ils peuvent \u00eatre pli\u00e9s \u00e0 une fraction de leur taille totale et rang\u00e9s \u00e0 l&rsquo;\u00e9cart pour permettre un acc\u00e8s facile aux clients et une vitrine accueillante.<\/span><\/p>\n<div class=\"qodef-section-title-holder qodef-st-standard qodef-st-title-left qodef-st-normal-space \">\n<div class=\"qodef-st-inner\"><\/div>\n<\/div>\n<h4><\/h4>\n","protected":false},"featured_media":10783,"template":"","meta":[],"product_brand":[],"product_cat":[611,593],"product_tag":[],"class_list":{"0":"post-11422","1":"product","2":"type-product","3":"status-publish","4":"has-post-thumbnail","6":"product_cat-portes-a-ciseaux","7":"product_cat-portes-specialisees","9":"first","10":"instock","11":"taxable","12":"shipping-taxable","13":"product-type-simple"},"yoast_head":"<!-- This site is optimized with the Yoast SEO plugin v27.5 - https:\/\/yoast.com\/product\/yoast-seo-wordpress\/ -->\n<title>Portes d&#039;entr\u00e9e Portes de s\u00e9curit\u00e9 - Colico<\/title>\n<meta name=\"robots\" content=\"index, follow, max-snippet:-1, max-image-preview:large, max-video-preview:-1\" \/>\n<link rel=\"canonical\" href=\"https:\/\/colico.ca\/fr\/produit\/portes-dentree-portes-de-securite\/\" \/>\n<meta property=\"og:locale\" content=\"fr_FR\" \/>\n<meta property=\"og:type\" content=\"article\" \/>\n<meta property=\"og:title\" content=\"Portes d&#039;entr\u00e9e Portes de s\u00e9curit\u00e9 - Colico\" \/>\n<meta property=\"og:description\" content=\"Une bonne protection de la fa\u00e7ade d&#039;un magasin ne consiste pas seulement \u00e0 emp\u00eacher les criminels d&#039;entrer. Les entreprises ont \u00e9galement besoin de barri\u00e8res de s\u00e9curit\u00e9 pour les portes d&#039;entr\u00e9e qui sont faciles \u00e0 utiliser et \u00e0 entretenir. Nos portails en acier tubulaire de type ciseaux sont solides et rentables et ne n\u00e9cessitent pratiquement aucun entretien. Lorsqu&#039;ils ne sont pas utilis\u00e9s, ils peuvent \u00eatre pli\u00e9s \u00e0 une fraction de leur taille totale et rang\u00e9s \u00e0 l&#039;\u00e9cart pour permettre un acc\u00e8s facile aux clients et une vitrine accueillante.\" \/>\n<meta property=\"og:url\" content=\"https:\/\/colico.ca\/fr\/produit\/portes-dentree-portes-de-securite\/\" \/>\n<meta property=\"og:site_name\" content=\"Colico\" \/>\n<meta property=\"article:modified_time\" content=\"2023-02-09T08:28:54+00:00\" \/>\n<meta property=\"og:image\" content=\"https:\/\/colico.ca\/wp-content\/uploads\/2022\/11\/Storefront-Security-Gates_B.png\" \/>\n\t<meta property=\"og:image:width\" content=\"716\" \/>\n\t<meta property=\"og:image:height\" content=\"716\" \/>\n\t<meta property=\"og:image:type\" content=\"image\/png\" \/>\n<meta name=\"twitter:card\" content=\"summary_large_image\" \/>\n<script type=\"application\/ld+json\" class=\"yoast-schema-graph\">{\"@context\":\"https:\\\/\\\/schema.org\",\"@graph\":[{\"@type\":\"WebPage\",\"@id\":\"https:\\\/\\\/colico.ca\\\/fr\\\/produit\\\/portes-dentree-portes-de-securite\\\/\",\"url\":\"https:\\\/\\\/colico.ca\\\/fr\\\/produit\\\/portes-dentree-portes-de-securite\\\/\",\"name\":\"Portes d'entr\u00e9e Portes de s\u00e9curit\u00e9 - Colico\",\"isPartOf\":{\"@id\":\"https:\\\/\\\/colico.ca\\\/#website\"},\"primaryImageOfPage\":{\"@id\":\"https:\\\/\\\/colico.ca\\\/fr\\\/produit\\\/portes-dentree-portes-de-securite\\\/#primaryimage\"},\"image\":{\"@id\":\"https:\\\/\\\/colico.ca\\\/fr\\\/produit\\\/portes-dentree-portes-de-securite\\\/#primaryimage\"},\"thumbnailUrl\":\"https:\\\/\\\/colico.ca\\\/wp-content\\\/uploads\\\/2022\\\/11\\\/Storefront-Security-Gates_B.png\",\"datePublished\":\"2022-11-13T20:37:31+00:00\",\"dateModified\":\"2023-02-09T08:28:54+00:00\",\"breadcrumb\":{\"@id\":\"https:\\\/\\\/colico.ca\\\/fr\\\/produit\\\/portes-dentree-portes-de-securite\\\/#breadcrumb\"},\"inLanguage\":\"fr-FR\",\"potentialAction\":[{\"@type\":\"ReadAction\",\"target\":[\"https:\\\/\\\/colico.ca\\\/fr\\\/produit\\\/portes-dentree-portes-de-securite\\\/\"]}]},{\"@type\":\"ImageObject\",\"inLanguage\":\"fr-FR\",\"@id\":\"https:\\\/\\\/colico.ca\\\/fr\\\/produit\\\/portes-dentree-portes-de-securite\\\/#primaryimage\",\"url\":\"https:\\\/\\\/colico.ca\\\/wp-content\\\/uploads\\\/2022\\\/11\\\/Storefront-Security-Gates_B.png\",\"contentUrl\":\"https:\\\/\\\/colico.ca\\\/wp-content\\\/uploads\\\/2022\\\/11\\\/Storefront-Security-Gates_B.png\",\"width\":716,\"height\":716,\"caption\":\"Storefront Security Gates_B\"},{\"@type\":\"BreadcrumbList\",\"@id\":\"https:\\\/\\\/colico.ca\\\/fr\\\/produit\\\/portes-dentree-portes-de-securite\\\/#breadcrumb\",\"itemListElement\":[{\"@type\":\"ListItem\",\"position\":1,\"name\":\"Home\",\"item\":\"https:\\\/\\\/colico.ca\\\/fr\\\/accueil-principal\\\/\"},{\"@type\":\"ListItem\",\"position\":2,\"name\":\"Boutique\",\"item\":\"https:\\\/\\\/colico.ca\\\/fr\\\/boutique\\\/\"},{\"@type\":\"ListItem\",\"position\":3,\"name\":\"Portes d&rsquo;entr\u00e9e Portes de s\u00e9curit\u00e9\"}]},{\"@type\":\"WebSite\",\"@id\":\"https:\\\/\\\/colico.ca\\\/#website\",\"url\":\"https:\\\/\\\/colico.ca\\\/\",\"name\":\"Colico\",\"description\":\"Produits architecturaux\",\"potentialAction\":[{\"@type\":\"SearchAction\",\"target\":{\"@type\":\"EntryPoint\",\"urlTemplate\":\"https:\\\/\\\/colico.ca\\\/?s={search_term_string}\"},\"query-input\":{\"@type\":\"PropertyValueSpecification\",\"valueRequired\":true,\"valueName\":\"search_term_string\"}}],\"inLanguage\":\"fr-FR\"}]}<\/script>\n<!-- \/ Yoast SEO plugin. -->","yoast_head_json":{"title":"Portes d'entr\u00e9e Portes de s\u00e9curit\u00e9 - Colico","robots":{"index":"index","follow":"follow","max-snippet":"max-snippet:-1","max-image-preview":"max-image-preview:large","max-video-preview":"max-video-preview:-1"},"canonical":"https:\/\/colico.ca\/fr\/produit\/portes-dentree-portes-de-securite\/","og_locale":"fr_FR","og_type":"article","og_title":"Portes d'entr\u00e9e Portes de s\u00e9curit\u00e9 - Colico","og_description":"Une bonne protection de la fa\u00e7ade d'un magasin ne consiste pas seulement \u00e0 emp\u00eacher les criminels d'entrer. Les entreprises ont \u00e9galement besoin de barri\u00e8res de s\u00e9curit\u00e9 pour les portes d'entr\u00e9e qui sont faciles \u00e0 utiliser et \u00e0 entretenir. Nos portails en acier tubulaire de type ciseaux sont solides et rentables et ne n\u00e9cessitent pratiquement aucun entretien. Lorsqu'ils ne sont pas utilis\u00e9s, ils peuvent \u00eatre pli\u00e9s \u00e0 une fraction de leur taille totale et rang\u00e9s \u00e0 l'\u00e9cart pour permettre un acc\u00e8s facile aux clients et une vitrine accueillante.","og_url":"https:\/\/colico.ca\/fr\/produit\/portes-dentree-portes-de-securite\/","og_site_name":"Colico","article_modified_time":"2023-02-09T08:28:54+00:00","og_image":[{"width":716,"height":716,"url":"https:\/\/colico.ca\/wp-content\/uploads\/2022\/11\/Storefront-Security-Gates_B.png","type":"image\/png"}],"twitter_card":"summary_large_image","schema":{"@context":"https:\/\/schema.org","@graph":[{"@type":"WebPage","@id":"https:\/\/colico.ca\/fr\/produit\/portes-dentree-portes-de-securite\/","url":"https:\/\/colico.ca\/fr\/produit\/portes-dentree-portes-de-securite\/","name":"Portes d'entr\u00e9e Portes de s\u00e9curit\u00e9 - Colico","isPartOf":{"@id":"https:\/\/colico.ca\/#website"},"primaryImageOfPage":{"@id":"https:\/\/colico.ca\/fr\/produit\/portes-dentree-portes-de-securite\/#primaryimage"},"image":{"@id":"https:\/\/colico.ca\/fr\/produit\/portes-dentree-portes-de-securite\/#primaryimage"},"thumbnailUrl":"https:\/\/colico.ca\/wp-content\/uploads\/2022\/11\/Storefront-Security-Gates_B.png","datePublished":"2022-11-13T20:37:31+00:00","dateModified":"2023-02-09T08:28:54+00:00","breadcrumb":{"@id":"https:\/\/colico.ca\/fr\/produit\/portes-dentree-portes-de-securite\/#breadcrumb"},"inLanguage":"fr-FR","potentialAction":[{"@type":"ReadAction","target":["https:\/\/colico.ca\/fr\/produit\/portes-dentree-portes-de-securite\/"]}]},{"@type":"ImageObject","inLanguage":"fr-FR","@id":"https:\/\/colico.ca\/fr\/produit\/portes-dentree-portes-de-securite\/#primaryimage","url":"https:\/\/colico.ca\/wp-content\/uploads\/2022\/11\/Storefront-Security-Gates_B.png","contentUrl":"https:\/\/colico.ca\/wp-content\/uploads\/2022\/11\/Storefront-Security-Gates_B.png","width":716,"height":716,"caption":"Storefront Security Gates_B"},{"@type":"BreadcrumbList","@id":"https:\/\/colico.ca\/fr\/produit\/portes-dentree-portes-de-securite\/#breadcrumb","itemListElement":[{"@type":"ListItem","position":1,"name":"Home","item":"https:\/\/colico.ca\/fr\/accueil-principal\/"},{"@type":"ListItem","position":2,"name":"Boutique","item":"https:\/\/colico.ca\/fr\/boutique\/"},{"@type":"ListItem","position":3,"name":"Portes d&rsquo;entr\u00e9e Portes de s\u00e9curit\u00e9"}]},{"@type":"WebSite","@id":"https:\/\/colico.ca\/#website","url":"https:\/\/colico.ca\/","name":"Colico","description":"Produits architecturaux","potentialAction":[{"@type":"SearchAction","target":{"@type":"EntryPoint","urlTemplate":"https:\/\/colico.ca\/?s={search_term_string}"},"query-input":{"@type":"PropertyValueSpecification","valueRequired":true,"valueName":"search_term_string"}}],"inLanguage":"fr-FR"}]}},"_links":{"self":[{"href":"https:\/\/colico.ca\/fr\/wp-json\/wp\/v2\/product\/11422","targetHints":{"allow":["GET"]}}],"collection":[{"href":"https:\/\/colico.ca\/fr\/wp-json\/wp\/v2\/product"}],"about":[{"href":"https:\/\/colico.ca\/fr\/wp-json\/wp\/v2\/types\/product"}],"wp:featuredmedia":[{"embeddable":true,"href":"https:\/\/colico.ca\/fr\/wp-json\/wp\/v2\/media\/10783"}],"wp:attachment":[{"href":"https:\/\/colico.ca\/fr\/wp-json\/wp\/v2\/media?parent=11422"}],"wp:term":[{"taxonomy":"product_brand","embeddable":true,"href":"https:\/\/colico.ca\/fr\/wp-json\/wp\/v2\/product_brand?post=11422"},{"taxonomy":"product_cat","embeddable":true,"href":"https:\/\/colico.ca\/fr\/wp-json\/wp\/v2\/product_cat?post=11422"},{"taxonomy":"product_tag","embeddable":true,"href":"https:\/\/colico.ca\/fr\/wp-json\/wp\/v2\/product_tag?post=11422"}],"curies":[{"name":"wp","href":"https:\/\/api.w.org\/{rel}","templated":true}]}}