{"id":11414,"date":"2022-11-28T20:44:04","date_gmt":"2022-11-28T20:44:04","guid":{"rendered":"https:\/\/colico.ca\/product\/mur-de-verre-pliant\/"},"modified":"2023-02-09T08:25:51","modified_gmt":"2023-02-09T08:25:51","slug":"mur-de-verre-pliant","status":"publish","type":"product","link":"https:\/\/colico.ca\/fr\/produit\/mur-de-verre-pliant\/","title":{"rendered":"Mur de verre pliant"},"content":{"rendered":"<div class=\"box-item1\">\n<div class=\"bitem-desc1 m-desc\">\n<p><strong>Installation du panneau : suspension sur le syst\u00e8me de rails en aluminium insonoris\u00e9s en haut et en bas.<\/strong><\/p>\n<p><img loading=\"lazy\" decoding=\"async\" title=\"Paroi de verre coulissante et pliante\" src=\"https:\/\/www.neuwall.com\/data\/upload\/ueditor\/20210325\/605c00b6610af.jpg\" alt=\"Paroi de verre coulissante et pliante\" width=\"958\" height=\"510\"><\/p>\n<p><strong>MOYENS D&rsquo;ALIGNEMENT DES PANNEAUX CACH\u00c9S<\/strong><\/p>\n<div><strong>MOINS DE CHARNI\u00c8RES DE PANNEAUX EXPOS\u00c9ES<\/strong><\/div>\n<p><strong><img loading=\"lazy\" decoding=\"async\" title=\"Paroi de verre coulissante et pliante\" src=\"https:\/\/www.neuwall.com\/data\/upload\/ueditor\/20210325\/605bf1cdd9a47.jpg\" alt=\"Paroi de verre coulissante et pliante\" width=\"1134\" height=\"466\"><\/strong><\/p>\n<p><strong>Raccordement au mur (c\u00f4t\u00e9 vertical) : rainure concave et convexe en aluminium sur les deux c\u00f4t\u00e9s du panneau, il y a une bande d&rsquo;isolation acoustique d&rsquo;\u00e9tanch\u00e9it\u00e9 au niveau du joint ;  <\/strong><\/p>\n<p><strong><img loading=\"lazy\" decoding=\"async\" title=\"Paroi de verre coulissante et pliante\" src=\"https:\/\/www.neuwall.com\/data\/upload\/ueditor\/20210325\/605bf6e34498c.jpg\" alt=\"Paroi de verre coulissante et pliante\" width=\"958\" height=\"277\"><\/strong><\/p>\n<p><strong>Serrure et quincaillerie, rev\u00eatement en poudre de diff\u00e9rentes couleurs selon la demande.<br \/>\n<\/strong><\/p>\n<p><strong><img loading=\"lazy\" decoding=\"async\" title=\"Paroi de verre coulissante et pliante\" src=\"https:\/\/www.neuwall.com\/data\/upload\/ueditor\/20210325\/605bf80f567d6.jpg\" alt=\"Paroi de verre coulissante et pliante\" width=\"959\" height=\"377\"><img loading=\"lazy\" decoding=\"async\" title=\"Paroi de verre coulissante et pliante\" src=\"https:\/\/www.neuwall.com\/data\/upload\/ueditor\/20210325\/605bf0a019206.jpg\" alt=\"Paroi de verre coulissante et pliante\" width=\"1131\" height=\"1\"><\/strong><\/p>\n<\/div>\n<\/div>\n<div class=\"box-item1\">\n<h4 class=\"bitem-title1 m-prott\"><strong>Comment fonctionne notre produit<\/strong><\/h4>\n<p>La paroi vitr\u00e9e pliante est le seul syst\u00e8me de pliage \u00e0 rupture de pont thermique disponible qui permet des ouvertures plus grandes et une gestion flexible de l&rsquo;espace gr\u00e2ce \u00e0 l&rsquo;int\u00e9gration d&rsquo;ensembles de panneaux \u00e0 4 ou 6 plis. Ces ensembles de panneaux peuvent \u00eatre d\u00e9plac\u00e9s et empil\u00e9s \u00e0 droite, \u00e0 gauche ou au centre d&rsquo;un m\u00eame rail, ce qui permet d&#8217;empiler les panneaux \u00e0 l&rsquo;endroit le plus pratique selon les besoins.<\/p>\n<p><img loading=\"lazy\" decoding=\"async\" title=\"Mur de verre pliant\" src=\"https:\/\/www.neuwall.com\/data\/upload\/ueditor\/20211215\/61b96afcf0084.jpg\" alt=\"Mur de verre pliant\" width=\"959\" height=\"933\"><\/p>\n<\/div>\n<div class=\"box-item1\">\n<h4 class=\"bitem-title1 m-prott\"><strong>Option de panneau<\/strong><\/h4>\n<div class=\"bitem-desc1 m-desc\">\n<p><strong>Description<\/strong><\/p>\n<p>1. Structure : aluminium 6063-T6 ; <strong>rev\u00eatement PVDF, couleur noire ou grise<\/strong>.<strong> <\/strong><strong>  <\/strong><\/p>\n<p>2. Installation du panneau : suspension sur le syst\u00e8me de rails en aluminium insonoris\u00e9s en haut et en bas.<\/p>\n<p>3. Raccordement au mur (c\u00f4t\u00e9 vertical) : rainure concave et convexe en aluminium sur les deux c\u00f4t\u00e9s du panneau, il y a une bande d&rsquo;isolation acoustique d&rsquo;\u00e9tanch\u00e9it\u00e9 au niveau du joint ;<\/p>\n<p>4. Type de panneau mural : version compl\u00e8te standard, \u00e9paisseur 80mm ;<\/p>\n<p>6. Le verre double face est insonoris\u00e9 \u00e0 42dB, verre clair de 5mm+27mm+5mm.<\/p>\n<p>7. Calcul du poids : 30 kilogrammes par m\u00e8tre carr\u00e9<\/p>\n<p>8. Configuration d&rsquo;isolation acoustique \u00e9lev\u00e9e avec la norme DIN Valeur K (coefficient de conductivit\u00e9 thermique) : 0.664 ;<\/p>\n<p>9. Pression de contact d&rsquo;\u00e9tanch\u00e9it\u00e9 horizontale (Newton) de chaque panneau mural : dispositif d&rsquo;\u00e9tanch\u00e9it\u00e9 d&rsquo;isolation acoustique \u00e0 pression sup\u00e9rieure et inf\u00e9rieure contr\u00f4l\u00e9e, la pression est de 1500N ;<\/p>\n<p>10. Syst\u00e8me de roulement : des roulements \u00e0 billes sont adopt\u00e9s pour garantir l&rsquo;absence de bruit et la fluidit\u00e9 du mouvement des plaques de pl\u00e2tre.<\/p>\n<p>11. Classe de combustion : B1 ;<\/p>\n<p>12. Coefficient d&rsquo;absorption acoustique : coefficient d&rsquo;absorption acoustique \u00e0 moyenne fr\u00e9quence de 0,8 ;<\/p>\n<\/div>\n<\/div>\n","protected":false},"excerpt":{"rendered":"<p class=\"prob-info-title\">La paroi vitr\u00e9e pliante peut atteindre une hauteur de 3 500 mm et offre la possibilit\u00e9 de r\u00e9aliser des ouvertures plus larges gr\u00e2ce \u00e0 l&rsquo;int\u00e9gration d&rsquo;ensembles de panneaux quadruple et sextuple qui se d\u00e9placent et s&#8217;empilent de part et d&rsquo;autre de l&rsquo;ouverture, offrant ainsi une souplesse d&rsquo;am\u00e9nagement optimale. En tant que solution architecturale sur mesure, ce syst\u00e8me est disponible dans des configurations d&rsquo;entr\u00e9e ou de sortie et peut s&rsquo;adapter \u00e0 des conceptions d&rsquo;angles ouverts.<\/p>\n","protected":false},"featured_media":10816,"template":"","meta":[],"product_brand":[],"product_cat":[617,593],"product_tag":[],"class_list":{"0":"post-11414","1":"product","2":"type-product","3":"status-publish","4":"has-post-thumbnail","6":"product_cat-paroi-operable","7":"product_cat-portes-specialisees","9":"first","10":"instock","11":"taxable","12":"shipping-taxable","13":"product-type-simple"},"yoast_head":"<!-- This site is optimized with the Yoast SEO plugin v27.5 - https:\/\/yoast.com\/product\/yoast-seo-wordpress\/ -->\n<title>Mur de verre pliant - Colico<\/title>\n<meta name=\"robots\" content=\"index, follow, max-snippet:-1, max-image-preview:large, max-video-preview:-1\" \/>\n<link rel=\"canonical\" href=\"https:\/\/colico.ca\/fr\/produit\/mur-de-verre-pliant\/\" \/>\n<meta property=\"og:locale\" content=\"fr_FR\" \/>\n<meta property=\"og:type\" content=\"article\" \/>\n<meta property=\"og:title\" content=\"Mur de verre pliant - Colico\" \/>\n<meta property=\"og:description\" content=\"La paroi vitr\u00e9e pliante peut atteindre une hauteur de 3 500 mm et offre la possibilit\u00e9 de r\u00e9aliser des ouvertures plus larges gr\u00e2ce \u00e0 l&#039;int\u00e9gration d&#039;ensembles de panneaux quadruple et sextuple qui se d\u00e9placent et s&#039;empilent de part et d&#039;autre de l&#039;ouverture, offrant ainsi une souplesse d&#039;am\u00e9nagement optimale. En tant que solution architecturale sur mesure, ce syst\u00e8me est disponible dans des configurations d&#039;entr\u00e9e ou de sortie et peut s&#039;adapter \u00e0 des conceptions d&#039;angles ouverts.\" \/>\n<meta property=\"og:url\" content=\"https:\/\/colico.ca\/fr\/produit\/mur-de-verre-pliant\/\" \/>\n<meta property=\"og:site_name\" content=\"Colico\" \/>\n<meta property=\"article:modified_time\" content=\"2023-02-09T08:25:51+00:00\" \/>\n<meta property=\"og:image\" content=\"https:\/\/colico.ca\/wp-content\/uploads\/2022\/11\/Folding-Glass-Wall-1024x1024.png\" \/>\n\t<meta property=\"og:image:width\" content=\"1024\" \/>\n\t<meta property=\"og:image:height\" content=\"1024\" \/>\n\t<meta property=\"og:image:type\" content=\"image\/png\" \/>\n<meta name=\"twitter:card\" content=\"summary_large_image\" \/>\n<meta name=\"twitter:label1\" content=\"Dur\u00e9e de lecture estim\u00e9e\" \/>\n\t<meta name=\"twitter:data1\" content=\"2 minutes\" \/>\n<script type=\"application\/ld+json\" class=\"yoast-schema-graph\">{\"@context\":\"https:\\\/\\\/schema.org\",\"@graph\":[{\"@type\":\"WebPage\",\"@id\":\"https:\\\/\\\/colico.ca\\\/fr\\\/produit\\\/mur-de-verre-pliant\\\/\",\"url\":\"https:\\\/\\\/colico.ca\\\/fr\\\/produit\\\/mur-de-verre-pliant\\\/\",\"name\":\"Mur de verre pliant - Colico\",\"isPartOf\":{\"@id\":\"https:\\\/\\\/colico.ca\\\/#website\"},\"primaryImageOfPage\":{\"@id\":\"https:\\\/\\\/colico.ca\\\/fr\\\/produit\\\/mur-de-verre-pliant\\\/#primaryimage\"},\"image\":{\"@id\":\"https:\\\/\\\/colico.ca\\\/fr\\\/produit\\\/mur-de-verre-pliant\\\/#primaryimage\"},\"thumbnailUrl\":\"https:\\\/\\\/colico.ca\\\/wp-content\\\/uploads\\\/2022\\\/11\\\/Folding-Glass-Wall.png\",\"datePublished\":\"2022-11-28T20:44:04+00:00\",\"dateModified\":\"2023-02-09T08:25:51+00:00\",\"breadcrumb\":{\"@id\":\"https:\\\/\\\/colico.ca\\\/fr\\\/produit\\\/mur-de-verre-pliant\\\/#breadcrumb\"},\"inLanguage\":\"fr-FR\",\"potentialAction\":[{\"@type\":\"ReadAction\",\"target\":[\"https:\\\/\\\/colico.ca\\\/fr\\\/produit\\\/mur-de-verre-pliant\\\/\"]}]},{\"@type\":\"ImageObject\",\"inLanguage\":\"fr-FR\",\"@id\":\"https:\\\/\\\/colico.ca\\\/fr\\\/produit\\\/mur-de-verre-pliant\\\/#primaryimage\",\"url\":\"https:\\\/\\\/colico.ca\\\/wp-content\\\/uploads\\\/2022\\\/11\\\/Folding-Glass-Wall.png\",\"contentUrl\":\"https:\\\/\\\/colico.ca\\\/wp-content\\\/uploads\\\/2022\\\/11\\\/Folding-Glass-Wall.png\",\"width\":1080,\"height\":1080,\"caption\":\"Mur de verre pliant\"},{\"@type\":\"BreadcrumbList\",\"@id\":\"https:\\\/\\\/colico.ca\\\/fr\\\/produit\\\/mur-de-verre-pliant\\\/#breadcrumb\",\"itemListElement\":[{\"@type\":\"ListItem\",\"position\":1,\"name\":\"Home\",\"item\":\"https:\\\/\\\/colico.ca\\\/fr\\\/accueil-principal\\\/\"},{\"@type\":\"ListItem\",\"position\":2,\"name\":\"Boutique\",\"item\":\"https:\\\/\\\/colico.ca\\\/fr\\\/boutique\\\/\"},{\"@type\":\"ListItem\",\"position\":3,\"name\":\"Mur de verre pliant\"}]},{\"@type\":\"WebSite\",\"@id\":\"https:\\\/\\\/colico.ca\\\/#website\",\"url\":\"https:\\\/\\\/colico.ca\\\/\",\"name\":\"Colico\",\"description\":\"Produits architecturaux\",\"potentialAction\":[{\"@type\":\"SearchAction\",\"target\":{\"@type\":\"EntryPoint\",\"urlTemplate\":\"https:\\\/\\\/colico.ca\\\/?s={search_term_string}\"},\"query-input\":{\"@type\":\"PropertyValueSpecification\",\"valueRequired\":true,\"valueName\":\"search_term_string\"}}],\"inLanguage\":\"fr-FR\"}]}<\/script>\n<!-- \/ Yoast SEO plugin. -->","yoast_head_json":{"title":"Mur de verre pliant - Colico","robots":{"index":"index","follow":"follow","max-snippet":"max-snippet:-1","max-image-preview":"max-image-preview:large","max-video-preview":"max-video-preview:-1"},"canonical":"https:\/\/colico.ca\/fr\/produit\/mur-de-verre-pliant\/","og_locale":"fr_FR","og_type":"article","og_title":"Mur de verre pliant - Colico","og_description":"La paroi vitr\u00e9e pliante peut atteindre une hauteur de 3 500 mm et offre la possibilit\u00e9 de r\u00e9aliser des ouvertures plus larges gr\u00e2ce \u00e0 l'int\u00e9gration d'ensembles de panneaux quadruple et sextuple qui se d\u00e9placent et s'empilent de part et d'autre de l'ouverture, offrant ainsi une souplesse d'am\u00e9nagement optimale. En tant que solution architecturale sur mesure, ce syst\u00e8me est disponible dans des configurations d'entr\u00e9e ou de sortie et peut s'adapter \u00e0 des conceptions d'angles ouverts.","og_url":"https:\/\/colico.ca\/fr\/produit\/mur-de-verre-pliant\/","og_site_name":"Colico","article_modified_time":"2023-02-09T08:25:51+00:00","og_image":[{"width":1024,"height":1024,"url":"https:\/\/colico.ca\/wp-content\/uploads\/2022\/11\/Folding-Glass-Wall-1024x1024.png","type":"image\/png"}],"twitter_card":"summary_large_image","twitter_misc":{"Dur\u00e9e de lecture estim\u00e9e":"2 minutes"},"schema":{"@context":"https:\/\/schema.org","@graph":[{"@type":"WebPage","@id":"https:\/\/colico.ca\/fr\/produit\/mur-de-verre-pliant\/","url":"https:\/\/colico.ca\/fr\/produit\/mur-de-verre-pliant\/","name":"Mur de verre pliant - Colico","isPartOf":{"@id":"https:\/\/colico.ca\/#website"},"primaryImageOfPage":{"@id":"https:\/\/colico.ca\/fr\/produit\/mur-de-verre-pliant\/#primaryimage"},"image":{"@id":"https:\/\/colico.ca\/fr\/produit\/mur-de-verre-pliant\/#primaryimage"},"thumbnailUrl":"https:\/\/colico.ca\/wp-content\/uploads\/2022\/11\/Folding-Glass-Wall.png","datePublished":"2022-11-28T20:44:04+00:00","dateModified":"2023-02-09T08:25:51+00:00","breadcrumb":{"@id":"https:\/\/colico.ca\/fr\/produit\/mur-de-verre-pliant\/#breadcrumb"},"inLanguage":"fr-FR","potentialAction":[{"@type":"ReadAction","target":["https:\/\/colico.ca\/fr\/produit\/mur-de-verre-pliant\/"]}]},{"@type":"ImageObject","inLanguage":"fr-FR","@id":"https:\/\/colico.ca\/fr\/produit\/mur-de-verre-pliant\/#primaryimage","url":"https:\/\/colico.ca\/wp-content\/uploads\/2022\/11\/Folding-Glass-Wall.png","contentUrl":"https:\/\/colico.ca\/wp-content\/uploads\/2022\/11\/Folding-Glass-Wall.png","width":1080,"height":1080,"caption":"Mur de verre pliant"},{"@type":"BreadcrumbList","@id":"https:\/\/colico.ca\/fr\/produit\/mur-de-verre-pliant\/#breadcrumb","itemListElement":[{"@type":"ListItem","position":1,"name":"Home","item":"https:\/\/colico.ca\/fr\/accueil-principal\/"},{"@type":"ListItem","position":2,"name":"Boutique","item":"https:\/\/colico.ca\/fr\/boutique\/"},{"@type":"ListItem","position":3,"name":"Mur de verre pliant"}]},{"@type":"WebSite","@id":"https:\/\/colico.ca\/#website","url":"https:\/\/colico.ca\/","name":"Colico","description":"Produits architecturaux","potentialAction":[{"@type":"SearchAction","target":{"@type":"EntryPoint","urlTemplate":"https:\/\/colico.ca\/?s={search_term_string}"},"query-input":{"@type":"PropertyValueSpecification","valueRequired":true,"valueName":"search_term_string"}}],"inLanguage":"fr-FR"}]}},"_links":{"self":[{"href":"https:\/\/colico.ca\/fr\/wp-json\/wp\/v2\/product\/11414","targetHints":{"allow":["GET"]}}],"collection":[{"href":"https:\/\/colico.ca\/fr\/wp-json\/wp\/v2\/product"}],"about":[{"href":"https:\/\/colico.ca\/fr\/wp-json\/wp\/v2\/types\/product"}],"wp:featuredmedia":[{"embeddable":true,"href":"https:\/\/colico.ca\/fr\/wp-json\/wp\/v2\/media\/10816"}],"wp:attachment":[{"href":"https:\/\/colico.ca\/fr\/wp-json\/wp\/v2\/media?parent=11414"}],"wp:term":[{"taxonomy":"product_brand","embeddable":true,"href":"https:\/\/colico.ca\/fr\/wp-json\/wp\/v2\/product_brand?post=11414"},{"taxonomy":"product_cat","embeddable":true,"href":"https:\/\/colico.ca\/fr\/wp-json\/wp\/v2\/product_cat?post=11414"},{"taxonomy":"product_tag","embeddable":true,"href":"https:\/\/colico.ca\/fr\/wp-json\/wp\/v2\/product_tag?post=11414"}],"curies":[{"name":"wp","href":"https:\/\/api.w.org\/{rel}","templated":true}]}}