{"id":11413,"date":"2022-05-18T02:11:38","date_gmt":"2022-05-18T02:11:38","guid":{"rendered":"https:\/\/colico.ca\/product\/systeme-ul10b\/"},"modified":"2023-02-09T08:25:51","modified_gmt":"2023-02-09T08:25:51","slug":"systeme-ul10b","status":"publish","type":"product","link":"https:\/\/colico.ca\/fr\/produit\/systeme-ul10b\/","title":{"rendered":"Syst\u00e8me &#8211; UL10B"},"content":{"rendered":"","protected":false},"excerpt":{"rendered":"<ul data-rte-list=\"default\">\n<li>\n<p class=\"\">Rideau de fum\u00e9e et d&rsquo;incendie roulant d&rsquo;une seule pi\u00e8ce jusqu&rsquo;\u00e0 une largeur de 19&prime; 8&Prime;.<\/p>\n<\/li>\n<li>\n<p class=\"\">Poursuite de la fixation lat\u00e9rale du tissu \u00e0 l&rsquo;aide de guides lat\u00e9raux pour : de grandes longueurs de chute, des pressions \u00e9lev\u00e9es, une grande \u00e9tanch\u00e9it\u00e9 et une fermeture en douceur.<\/p>\n<\/li>\n<\/ul>\n<p class=\"\"><a href=\"https:\/\/servicedoor.com\/s\/Fibershield_UL10B.pdf\" target=\"_blank\" rel=\"noopener\">T\u00e9l\u00e9charger la brochure<\/a><\/p>\n","protected":false},"featured_media":10531,"template":"","meta":[],"product_brand":[],"product_cat":[597,593,616],"product_tag":[],"class_list":{"0":"post-11413","1":"product","2":"type-product","3":"status-publish","4":"has-post-thumbnail","6":"product_cat-portes-roulantes-de-service-et-portes-coupe-feu","7":"product_cat-portes-specialisees","8":"product_cat-rideaux-de-fumee-et-de-feu","10":"first","11":"instock","12":"taxable","13":"shipping-taxable","14":"product-type-simple"},"yoast_head":"<!-- This site is optimized with the Yoast SEO plugin v27.6 - https:\/\/yoast.com\/product\/yoast-seo-wordpress\/ -->\n<title>Syst\u00e8me - UL10B - Colico<\/title>\n<meta name=\"robots\" content=\"index, follow, max-snippet:-1, max-image-preview:large, max-video-preview:-1\" \/>\n<link rel=\"canonical\" href=\"https:\/\/colico.ca\/fr\/produit\/systeme-ul10b\/\" \/>\n<meta property=\"og:locale\" content=\"fr_FR\" \/>\n<meta property=\"og:type\" content=\"article\" \/>\n<meta property=\"og:title\" content=\"Syst\u00e8me - UL10B - Colico\" \/>\n<meta property=\"og:description\" content=\"Rideau de fum\u00e9e et d&#039;incendie roulant d&#039;une seule pi\u00e8ce jusqu&#039;\u00e0 une largeur de 19&#039; 8&quot;.   Poursuite de la fixation lat\u00e9rale du tissu \u00e0 l&#039;aide de guides lat\u00e9raux pour : de grandes longueurs de chute, des pressions \u00e9lev\u00e9es, une grande \u00e9tanch\u00e9it\u00e9 et une fermeture en douceur.  T\u00e9l\u00e9charger la brochure\" \/>\n<meta property=\"og:url\" content=\"https:\/\/colico.ca\/fr\/produit\/systeme-ul10b\/\" \/>\n<meta property=\"og:site_name\" content=\"Colico\" \/>\n<meta property=\"article:modified_time\" content=\"2023-02-09T08:25:51+00:00\" \/>\n<meta property=\"og:image\" content=\"https:\/\/colico.ca\/wp-content\/uploads\/2022\/05\/UL10B.jpg\" \/>\n\t<meta property=\"og:image:width\" content=\"317\" \/>\n\t<meta property=\"og:image:height\" content=\"316\" \/>\n\t<meta property=\"og:image:type\" content=\"image\/jpeg\" \/>\n<meta name=\"twitter:card\" content=\"summary_large_image\" \/>\n<script type=\"application\/ld+json\" class=\"yoast-schema-graph\">{\"@context\":\"https:\\\/\\\/schema.org\",\"@graph\":[{\"@type\":\"WebPage\",\"@id\":\"https:\\\/\\\/colico.ca\\\/fr\\\/produit\\\/systeme-ul10b\\\/\",\"url\":\"https:\\\/\\\/colico.ca\\\/fr\\\/produit\\\/systeme-ul10b\\\/\",\"name\":\"Syst\u00e8me - UL10B - Colico\",\"isPartOf\":{\"@id\":\"https:\\\/\\\/colico.ca\\\/#website\"},\"primaryImageOfPage\":{\"@id\":\"https:\\\/\\\/colico.ca\\\/fr\\\/produit\\\/systeme-ul10b\\\/#primaryimage\"},\"image\":{\"@id\":\"https:\\\/\\\/colico.ca\\\/fr\\\/produit\\\/systeme-ul10b\\\/#primaryimage\"},\"thumbnailUrl\":\"https:\\\/\\\/colico.ca\\\/wp-content\\\/uploads\\\/2022\\\/05\\\/UL10B.jpg\",\"datePublished\":\"2022-05-18T02:11:38+00:00\",\"dateModified\":\"2023-02-09T08:25:51+00:00\",\"breadcrumb\":{\"@id\":\"https:\\\/\\\/colico.ca\\\/fr\\\/produit\\\/systeme-ul10b\\\/#breadcrumb\"},\"inLanguage\":\"fr-FR\",\"potentialAction\":[{\"@type\":\"ReadAction\",\"target\":[\"https:\\\/\\\/colico.ca\\\/fr\\\/produit\\\/systeme-ul10b\\\/\"]}]},{\"@type\":\"ImageObject\",\"inLanguage\":\"fr-FR\",\"@id\":\"https:\\\/\\\/colico.ca\\\/fr\\\/produit\\\/systeme-ul10b\\\/#primaryimage\",\"url\":\"https:\\\/\\\/colico.ca\\\/wp-content\\\/uploads\\\/2022\\\/05\\\/UL10B.jpg\",\"contentUrl\":\"https:\\\/\\\/colico.ca\\\/wp-content\\\/uploads\\\/2022\\\/05\\\/UL10B.jpg\",\"width\":317,\"height\":316,\"caption\":\"UL10B\"},{\"@type\":\"BreadcrumbList\",\"@id\":\"https:\\\/\\\/colico.ca\\\/fr\\\/produit\\\/systeme-ul10b\\\/#breadcrumb\",\"itemListElement\":[{\"@type\":\"ListItem\",\"position\":1,\"name\":\"Home\",\"item\":\"https:\\\/\\\/colico.ca\\\/fr\\\/accueil-principal\\\/\"},{\"@type\":\"ListItem\",\"position\":2,\"name\":\"Boutique\",\"item\":\"https:\\\/\\\/colico.ca\\\/fr\\\/boutique\\\/\"},{\"@type\":\"ListItem\",\"position\":3,\"name\":\"Syst\u00e8me &#8211; UL10B\"}]},{\"@type\":\"WebSite\",\"@id\":\"https:\\\/\\\/colico.ca\\\/#website\",\"url\":\"https:\\\/\\\/colico.ca\\\/\",\"name\":\"Colico\",\"description\":\"Produits architecturaux\",\"potentialAction\":[{\"@type\":\"SearchAction\",\"target\":{\"@type\":\"EntryPoint\",\"urlTemplate\":\"https:\\\/\\\/colico.ca\\\/?s={search_term_string}\"},\"query-input\":{\"@type\":\"PropertyValueSpecification\",\"valueRequired\":true,\"valueName\":\"search_term_string\"}}],\"inLanguage\":\"fr-FR\"}]}<\/script>\n<!-- \/ Yoast SEO plugin. -->","yoast_head_json":{"title":"Syst\u00e8me - UL10B - Colico","robots":{"index":"index","follow":"follow","max-snippet":"max-snippet:-1","max-image-preview":"max-image-preview:large","max-video-preview":"max-video-preview:-1"},"canonical":"https:\/\/colico.ca\/fr\/produit\/systeme-ul10b\/","og_locale":"fr_FR","og_type":"article","og_title":"Syst\u00e8me - UL10B - Colico","og_description":"Rideau de fum\u00e9e et d'incendie roulant d'une seule pi\u00e8ce jusqu'\u00e0 une largeur de 19' 8\".   Poursuite de la fixation lat\u00e9rale du tissu \u00e0 l'aide de guides lat\u00e9raux pour : de grandes longueurs de chute, des pressions \u00e9lev\u00e9es, une grande \u00e9tanch\u00e9it\u00e9 et une fermeture en douceur.  T\u00e9l\u00e9charger la brochure","og_url":"https:\/\/colico.ca\/fr\/produit\/systeme-ul10b\/","og_site_name":"Colico","article_modified_time":"2023-02-09T08:25:51+00:00","og_image":[{"width":317,"height":316,"url":"https:\/\/colico.ca\/wp-content\/uploads\/2022\/05\/UL10B.jpg","type":"image\/jpeg"}],"twitter_card":"summary_large_image","schema":{"@context":"https:\/\/schema.org","@graph":[{"@type":"WebPage","@id":"https:\/\/colico.ca\/fr\/produit\/systeme-ul10b\/","url":"https:\/\/colico.ca\/fr\/produit\/systeme-ul10b\/","name":"Syst\u00e8me - UL10B - Colico","isPartOf":{"@id":"https:\/\/colico.ca\/#website"},"primaryImageOfPage":{"@id":"https:\/\/colico.ca\/fr\/produit\/systeme-ul10b\/#primaryimage"},"image":{"@id":"https:\/\/colico.ca\/fr\/produit\/systeme-ul10b\/#primaryimage"},"thumbnailUrl":"https:\/\/colico.ca\/wp-content\/uploads\/2022\/05\/UL10B.jpg","datePublished":"2022-05-18T02:11:38+00:00","dateModified":"2023-02-09T08:25:51+00:00","breadcrumb":{"@id":"https:\/\/colico.ca\/fr\/produit\/systeme-ul10b\/#breadcrumb"},"inLanguage":"fr-FR","potentialAction":[{"@type":"ReadAction","target":["https:\/\/colico.ca\/fr\/produit\/systeme-ul10b\/"]}]},{"@type":"ImageObject","inLanguage":"fr-FR","@id":"https:\/\/colico.ca\/fr\/produit\/systeme-ul10b\/#primaryimage","url":"https:\/\/colico.ca\/wp-content\/uploads\/2022\/05\/UL10B.jpg","contentUrl":"https:\/\/colico.ca\/wp-content\/uploads\/2022\/05\/UL10B.jpg","width":317,"height":316,"caption":"UL10B"},{"@type":"BreadcrumbList","@id":"https:\/\/colico.ca\/fr\/produit\/systeme-ul10b\/#breadcrumb","itemListElement":[{"@type":"ListItem","position":1,"name":"Home","item":"https:\/\/colico.ca\/fr\/accueil-principal\/"},{"@type":"ListItem","position":2,"name":"Boutique","item":"https:\/\/colico.ca\/fr\/boutique\/"},{"@type":"ListItem","position":3,"name":"Syst\u00e8me &#8211; UL10B"}]},{"@type":"WebSite","@id":"https:\/\/colico.ca\/#website","url":"https:\/\/colico.ca\/","name":"Colico","description":"Produits architecturaux","potentialAction":[{"@type":"SearchAction","target":{"@type":"EntryPoint","urlTemplate":"https:\/\/colico.ca\/?s={search_term_string}"},"query-input":{"@type":"PropertyValueSpecification","valueRequired":true,"valueName":"search_term_string"}}],"inLanguage":"fr-FR"}]}},"_links":{"self":[{"href":"https:\/\/colico.ca\/fr\/wp-json\/wp\/v2\/product\/11413","targetHints":{"allow":["GET"]}}],"collection":[{"href":"https:\/\/colico.ca\/fr\/wp-json\/wp\/v2\/product"}],"about":[{"href":"https:\/\/colico.ca\/fr\/wp-json\/wp\/v2\/types\/product"}],"wp:featuredmedia":[{"embeddable":true,"href":"https:\/\/colico.ca\/fr\/wp-json\/wp\/v2\/media\/10531"}],"wp:attachment":[{"href":"https:\/\/colico.ca\/fr\/wp-json\/wp\/v2\/media?parent=11413"}],"wp:term":[{"taxonomy":"product_brand","embeddable":true,"href":"https:\/\/colico.ca\/fr\/wp-json\/wp\/v2\/product_brand?post=11413"},{"taxonomy":"product_cat","embeddable":true,"href":"https:\/\/colico.ca\/fr\/wp-json\/wp\/v2\/product_cat?post=11413"},{"taxonomy":"product_tag","embeddable":true,"href":"https:\/\/colico.ca\/fr\/wp-json\/wp\/v2\/product_tag?post=11413"}],"curies":[{"name":"wp","href":"https:\/\/api.w.org\/{rel}","templated":true}]}}