{"id":11412,"date":"2022-11-28T19:44:00","date_gmt":"2022-11-28T19:44:00","guid":{"rendered":"https:\/\/colico.ca\/product\/paroi-de-verre-ouvrable-cadre\/"},"modified":"2023-02-09T08:25:49","modified_gmt":"2023-02-09T08:25:49","slug":"paroi-de-verre-ouvrable-cadre","status":"publish","type":"product","link":"https:\/\/colico.ca\/fr\/produit\/paroi-de-verre-ouvrable-cadre\/","title":{"rendered":"Paroi de verre ouvrable (cadre)"},"content":{"rendered":"<p><img loading=\"lazy\" decoding=\"async\" title=\"Mur de verre mobile (cadre)\" src=\"https:\/\/www.neuwall.com\/data\/upload\/ueditor\/20211215\/61b99f4313bb7.jpg\" alt=\"Mur de verre mobile (cadre)\" width=\"951\" height=\"552\"><\/p>\n<div class=\"box-item1\">\n<div class=\"bitem-desc1 m-desc\">\n<p><img loading=\"lazy\" decoding=\"async\" class=\"\" title=\"Mur de verre mobile (cadre)\" src=\"https:\/\/www.neuwall.com\/data\/upload\/ueditor\/20220507\/62761a811aa73.jpg\" alt=\"Mur de verre mobile (cadre)\" width=\"948\" height=\"490\"><\/p>\n<p>&nbsp;<\/p>\n<h4><strong>FEATURES<\/strong><\/h4>\n<ul class=\" list-paddingleft-2\">\n<li>Joint d&rsquo;\u00e9tanch\u00e9it\u00e9 r\u00e9tractable par le haut et par le bas, pas de rails au sol, donc pas d&rsquo;accumulation de d\u00e9bris, pas de risque de tr\u00e9buchement ni d&rsquo;interf\u00e9rence avec l&rsquo;espace utilisable.<\/li>\n<li>Pour les ouvertures d&rsquo;une hauteur maximale de 13&rsquo;1-1\/2&Prime;[4m] et d&rsquo;une largeur illimit\u00e9e. Insonorisation prouv\u00e9e en laboratoire, avec un indice de contr\u00f4le du son de 46 STC.<\/li>\n<li>Construction en acier et aluminium soud\u00e9s avec double verre tremp\u00e9 lamin\u00e9 pour une excellente durabilit\u00e9 et rigidit\u00e9.<\/li>\n<li>Fonctionnement rapide et facile \u00e0 hauteur de la taille Possibilit\u00e9 de cr\u00e9er des murs courbes<\/li>\n<li>OPTIONS DE PANNEAUX &#8211; Panneaux simples ou jumel\u00e9s, panneaux de fermeture \u00e0 charni\u00e8re, porte de passage ADA avec barre anti-panique en option.<\/li>\n<li>Couleurs personnalis\u00e9es<\/li>\n<li>OPTIONS DE VERRE-Translucide et givr\u00e9<\/li>\n<li>Graphiques personnalis\u00e9s appliqu\u00e9s sur le terrain (peints, muraux, d\u00e9calcomanies, traitements du verre)<\/li>\n<\/ul>\n<\/div>\n<\/div>\n<div class=\"box-item1\">\n<h4><\/h4>\n<h4><\/h4>\n<h4 class=\"bitem-title1 m-prott\"><strong>Comment fonctionne notre produit<\/strong><\/h4>\n<p><img loading=\"lazy\" decoding=\"async\" title=\"Mur de verre mobile (cadre)\" src=\"https:\/\/www.neuwall.com\/data\/upload\/ueditor\/20211220\/61c03e146f84f.jpg\" alt=\"Mur de verre mobile (cadre)\" width=\"959\" height=\"471\"><\/p>\n<\/div>\n","protected":false},"excerpt":{"rendered":"<h4><strong>Paroi de verre mobile, support sup\u00e9rieur sans rail au sol, chaque panneau de la paroi est positionn\u00e9 par un joint r\u00e9tractable sup\u00e9rieur et inf\u00e9rieur qui assure une excellente \u00e9tanch\u00e9it\u00e9 \u00e0 l&rsquo;air et au bruit.<\/strong><\/h4>\n<p>D\u00e9couvrez le GlassWall aux performances d&rsquo;insonorisation sup\u00e9rieures. GlassWall est le mod\u00e8le innovant de syst\u00e8mes de parois vitr\u00e9es ouvrantes offrant une excellente insonorisation avec des indices acoustiques allant jusqu&rsquo;\u00e0 46 STC. Ce syst\u00e8me combine des cadres int\u00e9rieurs en aluminium \u00e0 soufflets en acier renforc\u00e9 sur toute la hauteur avec une unit\u00e9 de verre isolant de deux pouces pour obtenir une performance acoustique optimale tout en permettant \u00e0 la lumi\u00e8re naturelle de p\u00e9n\u00e9trer dans les espaces int\u00e9rieurs. Id\u00e9al pour les centres de congr\u00e8s, les bureaux et les \u00e9tablissements d&rsquo;enseignement. Notre GlassWall apporte transparence et tranquillit\u00e9 dans un espace pour assurer une transparence et une tranquillit\u00e9 dans un espace pour assurer une transparence et une luminosit\u00e9 agr\u00e9ables et l\u00e9g\u00e8res.<\/p>\n<ul class=\" list-paddingleft-2\">\n<li>Description g\u00e9n\u00e9rale : Syst\u00e8me de suspension au plafond, verre tremp\u00e9 insonorisant incrust\u00e9 dans un cadre en aluminium.<\/li>\n<li>Cadre : Cadres int\u00e9rieurs en aluminium \u00e0 soufflets en acier tr\u00e8s r\u00e9sistants, renforc\u00e9s par une hauteur totale.<\/li>\n<li>Module vitr\u00e9 : verre de s\u00e9curit\u00e9 tremp\u00e9 de 6mm+12A+6mm incrust\u00e9 dans un cadre en aluminium.<\/li>\n<li>Panel Joint : profil masculin et f\u00e9minin.<\/li>\n<li>Hauteur : jusqu&rsquo;\u00e0 4000mm (13&rsquo;1-1\/2&Prime;)<\/li>\n<li>Module : 700mm-1200mm de largeur.<\/li>\n<li>Couleur de finition : anodisation satin\u00e9e ou rev\u00eatement en poudre de polyester sur tous les composants en aluminium expos\u00e9s, disponible dans une large gamme de couleurs en standard.<\/li>\n<\/ul>\n","protected":false},"featured_media":10830,"template":"","meta":[],"product_brand":[],"product_cat":[617,593],"product_tag":[],"class_list":{"0":"post-11412","1":"product","2":"type-product","3":"status-publish","4":"has-post-thumbnail","6":"product_cat-paroi-operable","7":"product_cat-portes-specialisees","9":"first","10":"instock","11":"taxable","12":"shipping-taxable","13":"product-type-simple"},"yoast_head":"<!-- This site is optimized with the Yoast SEO plugin v27.4 - https:\/\/yoast.com\/product\/yoast-seo-wordpress\/ -->\n<title>Paroi de verre ouvrable (cadre) - Colico<\/title>\n<meta name=\"robots\" content=\"index, follow, max-snippet:-1, max-image-preview:large, max-video-preview:-1\" \/>\n<link rel=\"canonical\" href=\"https:\/\/colico.ca\/fr\/produit\/paroi-de-verre-ouvrable-cadre\/\" \/>\n<meta property=\"og:locale\" content=\"fr_FR\" \/>\n<meta property=\"og:type\" content=\"article\" \/>\n<meta property=\"og:title\" content=\"Paroi de verre ouvrable (cadre) - Colico\" \/>\n<meta property=\"og:description\" content=\"Paroi de verre mobile, support sup\u00e9rieur sans rail au sol, chaque panneau de la paroi est positionn\u00e9 par un joint r\u00e9tractable sup\u00e9rieur et inf\u00e9rieur qui assure une excellente \u00e9tanch\u00e9it\u00e9 \u00e0 l&#039;air et au bruit. D\u00e9couvrez le GlassWall aux performances d&#039;insonorisation sup\u00e9rieures. GlassWall est le mod\u00e8le innovant de syst\u00e8mes de parois vitr\u00e9es ouvrantes offrant une excellente insonorisation avec des indices acoustiques allant jusqu&#039;\u00e0 46 STC. Ce syst\u00e8me combine des cadres int\u00e9rieurs en aluminium \u00e0 soufflets en acier renforc\u00e9 sur toute la hauteur avec une unit\u00e9 de verre isolant de deux pouces pour obtenir une performance acoustique optimale tout en permettant \u00e0 la lumi\u00e8re naturelle de p\u00e9n\u00e9trer dans les espaces int\u00e9rieurs. Id\u00e9al pour les centres de congr\u00e8s, les bureaux et les \u00e9tablissements d&#039;enseignement. Notre GlassWall apporte transparence et tranquillit\u00e9 dans un espace pour assurer une transparence et une tranquillit\u00e9 dans un espace pour assurer une transparence et une luminosit\u00e9 agr\u00e9ables et l\u00e9g\u00e8res.  Description g\u00e9n\u00e9rale : Syst\u00e8me de suspension au plafond, verre tremp\u00e9 insonorisant incrust\u00e9 dans un cadre en aluminium.  Cadre : Cadres int\u00e9rieurs en aluminium \u00e0 soufflets en acier tr\u00e8s r\u00e9sistants, renforc\u00e9s par une hauteur totale.  Module vitr\u00e9 : verre de s\u00e9curit\u00e9 tremp\u00e9 de 6mm+12A+6mm incrust\u00e9 dans un cadre en aluminium.  Panel Joint : profil masculin et f\u00e9minin.  Hauteur : jusqu&#039;\u00e0 4000mm (13&#039;1-1\/2&quot;)  Module : 700mm-1200mm de largeur.  Couleur de finition : anodisation satin\u00e9e ou rev\u00eatement en poudre de polyester sur tous les composants en aluminium expos\u00e9s, disponible dans une large gamme de couleurs en standard.\" \/>\n<meta property=\"og:url\" content=\"https:\/\/colico.ca\/fr\/produit\/paroi-de-verre-ouvrable-cadre\/\" \/>\n<meta property=\"og:site_name\" content=\"Colico\" \/>\n<meta property=\"article:modified_time\" content=\"2023-02-09T08:25:49+00:00\" \/>\n<meta property=\"og:image\" content=\"https:\/\/colico.ca\/wp-content\/uploads\/2022\/11\/Movable-Wall-2.png\" \/>\n\t<meta property=\"og:image:width\" content=\"611\" \/>\n\t<meta property=\"og:image:height\" content=\"611\" \/>\n\t<meta property=\"og:image:type\" content=\"image\/png\" \/>\n<meta name=\"twitter:card\" content=\"summary_large_image\" \/>\n<meta name=\"twitter:label1\" content=\"Dur\u00e9e de lecture estim\u00e9e\" \/>\n\t<meta name=\"twitter:data1\" content=\"1 minute\" \/>\n<script type=\"application\/ld+json\" class=\"yoast-schema-graph\">{\"@context\":\"https:\\\/\\\/schema.org\",\"@graph\":[{\"@type\":\"WebPage\",\"@id\":\"https:\\\/\\\/colico.ca\\\/fr\\\/produit\\\/paroi-de-verre-ouvrable-cadre\\\/\",\"url\":\"https:\\\/\\\/colico.ca\\\/fr\\\/produit\\\/paroi-de-verre-ouvrable-cadre\\\/\",\"name\":\"Paroi de verre ouvrable (cadre) - Colico\",\"isPartOf\":{\"@id\":\"https:\\\/\\\/colico.ca\\\/#website\"},\"primaryImageOfPage\":{\"@id\":\"https:\\\/\\\/colico.ca\\\/fr\\\/produit\\\/paroi-de-verre-ouvrable-cadre\\\/#primaryimage\"},\"image\":{\"@id\":\"https:\\\/\\\/colico.ca\\\/fr\\\/produit\\\/paroi-de-verre-ouvrable-cadre\\\/#primaryimage\"},\"thumbnailUrl\":\"https:\\\/\\\/colico.ca\\\/wp-content\\\/uploads\\\/2022\\\/11\\\/Movable-Wall-2.png\",\"datePublished\":\"2022-11-28T19:44:00+00:00\",\"dateModified\":\"2023-02-09T08:25:49+00:00\",\"breadcrumb\":{\"@id\":\"https:\\\/\\\/colico.ca\\\/fr\\\/produit\\\/paroi-de-verre-ouvrable-cadre\\\/#breadcrumb\"},\"inLanguage\":\"fr-FR\",\"potentialAction\":[{\"@type\":\"ReadAction\",\"target\":[\"https:\\\/\\\/colico.ca\\\/fr\\\/produit\\\/paroi-de-verre-ouvrable-cadre\\\/\"]}]},{\"@type\":\"ImageObject\",\"inLanguage\":\"fr-FR\",\"@id\":\"https:\\\/\\\/colico.ca\\\/fr\\\/produit\\\/paroi-de-verre-ouvrable-cadre\\\/#primaryimage\",\"url\":\"https:\\\/\\\/colico.ca\\\/wp-content\\\/uploads\\\/2022\\\/11\\\/Movable-Wall-2.png\",\"contentUrl\":\"https:\\\/\\\/colico.ca\\\/wp-content\\\/uploads\\\/2022\\\/11\\\/Movable-Wall-2.png\",\"width\":611,\"height\":611,\"caption\":\"Movable Wall 2\"},{\"@type\":\"BreadcrumbList\",\"@id\":\"https:\\\/\\\/colico.ca\\\/fr\\\/produit\\\/paroi-de-verre-ouvrable-cadre\\\/#breadcrumb\",\"itemListElement\":[{\"@type\":\"ListItem\",\"position\":1,\"name\":\"Home\",\"item\":\"https:\\\/\\\/colico.ca\\\/fr\\\/accueil-principal\\\/\"},{\"@type\":\"ListItem\",\"position\":2,\"name\":\"Boutique\",\"item\":\"https:\\\/\\\/colico.ca\\\/fr\\\/boutique\\\/\"},{\"@type\":\"ListItem\",\"position\":3,\"name\":\"Paroi de verre ouvrable (cadre)\"}]},{\"@type\":\"WebSite\",\"@id\":\"https:\\\/\\\/colico.ca\\\/#website\",\"url\":\"https:\\\/\\\/colico.ca\\\/\",\"name\":\"Colico\",\"description\":\"Produits architecturaux\",\"potentialAction\":[{\"@type\":\"SearchAction\",\"target\":{\"@type\":\"EntryPoint\",\"urlTemplate\":\"https:\\\/\\\/colico.ca\\\/?s={search_term_string}\"},\"query-input\":{\"@type\":\"PropertyValueSpecification\",\"valueRequired\":true,\"valueName\":\"search_term_string\"}}],\"inLanguage\":\"fr-FR\"}]}<\/script>\n<!-- \/ Yoast SEO plugin. -->","yoast_head_json":{"title":"Paroi de verre ouvrable (cadre) - Colico","robots":{"index":"index","follow":"follow","max-snippet":"max-snippet:-1","max-image-preview":"max-image-preview:large","max-video-preview":"max-video-preview:-1"},"canonical":"https:\/\/colico.ca\/fr\/produit\/paroi-de-verre-ouvrable-cadre\/","og_locale":"fr_FR","og_type":"article","og_title":"Paroi de verre ouvrable (cadre) - Colico","og_description":"Paroi de verre mobile, support sup\u00e9rieur sans rail au sol, chaque panneau de la paroi est positionn\u00e9 par un joint r\u00e9tractable sup\u00e9rieur et inf\u00e9rieur qui assure une excellente \u00e9tanch\u00e9it\u00e9 \u00e0 l'air et au bruit. D\u00e9couvrez le GlassWall aux performances d'insonorisation sup\u00e9rieures. GlassWall est le mod\u00e8le innovant de syst\u00e8mes de parois vitr\u00e9es ouvrantes offrant une excellente insonorisation avec des indices acoustiques allant jusqu'\u00e0 46 STC. Ce syst\u00e8me combine des cadres int\u00e9rieurs en aluminium \u00e0 soufflets en acier renforc\u00e9 sur toute la hauteur avec une unit\u00e9 de verre isolant de deux pouces pour obtenir une performance acoustique optimale tout en permettant \u00e0 la lumi\u00e8re naturelle de p\u00e9n\u00e9trer dans les espaces int\u00e9rieurs. Id\u00e9al pour les centres de congr\u00e8s, les bureaux et les \u00e9tablissements d'enseignement. Notre GlassWall apporte transparence et tranquillit\u00e9 dans un espace pour assurer une transparence et une tranquillit\u00e9 dans un espace pour assurer une transparence et une luminosit\u00e9 agr\u00e9ables et l\u00e9g\u00e8res.  Description g\u00e9n\u00e9rale : Syst\u00e8me de suspension au plafond, verre tremp\u00e9 insonorisant incrust\u00e9 dans un cadre en aluminium.  Cadre : Cadres int\u00e9rieurs en aluminium \u00e0 soufflets en acier tr\u00e8s r\u00e9sistants, renforc\u00e9s par une hauteur totale.  Module vitr\u00e9 : verre de s\u00e9curit\u00e9 tremp\u00e9 de 6mm+12A+6mm incrust\u00e9 dans un cadre en aluminium.  Panel Joint : profil masculin et f\u00e9minin.  Hauteur : jusqu'\u00e0 4000mm (13'1-1\/2\")  Module : 700mm-1200mm de largeur.  Couleur de finition : anodisation satin\u00e9e ou rev\u00eatement en poudre de polyester sur tous les composants en aluminium expos\u00e9s, disponible dans une large gamme de couleurs en standard.","og_url":"https:\/\/colico.ca\/fr\/produit\/paroi-de-verre-ouvrable-cadre\/","og_site_name":"Colico","article_modified_time":"2023-02-09T08:25:49+00:00","og_image":[{"width":611,"height":611,"url":"https:\/\/colico.ca\/wp-content\/uploads\/2022\/11\/Movable-Wall-2.png","type":"image\/png"}],"twitter_card":"summary_large_image","twitter_misc":{"Dur\u00e9e de lecture estim\u00e9e":"1 minute"},"schema":{"@context":"https:\/\/schema.org","@graph":[{"@type":"WebPage","@id":"https:\/\/colico.ca\/fr\/produit\/paroi-de-verre-ouvrable-cadre\/","url":"https:\/\/colico.ca\/fr\/produit\/paroi-de-verre-ouvrable-cadre\/","name":"Paroi de verre ouvrable (cadre) - Colico","isPartOf":{"@id":"https:\/\/colico.ca\/#website"},"primaryImageOfPage":{"@id":"https:\/\/colico.ca\/fr\/produit\/paroi-de-verre-ouvrable-cadre\/#primaryimage"},"image":{"@id":"https:\/\/colico.ca\/fr\/produit\/paroi-de-verre-ouvrable-cadre\/#primaryimage"},"thumbnailUrl":"https:\/\/colico.ca\/wp-content\/uploads\/2022\/11\/Movable-Wall-2.png","datePublished":"2022-11-28T19:44:00+00:00","dateModified":"2023-02-09T08:25:49+00:00","breadcrumb":{"@id":"https:\/\/colico.ca\/fr\/produit\/paroi-de-verre-ouvrable-cadre\/#breadcrumb"},"inLanguage":"fr-FR","potentialAction":[{"@type":"ReadAction","target":["https:\/\/colico.ca\/fr\/produit\/paroi-de-verre-ouvrable-cadre\/"]}]},{"@type":"ImageObject","inLanguage":"fr-FR","@id":"https:\/\/colico.ca\/fr\/produit\/paroi-de-verre-ouvrable-cadre\/#primaryimage","url":"https:\/\/colico.ca\/wp-content\/uploads\/2022\/11\/Movable-Wall-2.png","contentUrl":"https:\/\/colico.ca\/wp-content\/uploads\/2022\/11\/Movable-Wall-2.png","width":611,"height":611,"caption":"Movable Wall 2"},{"@type":"BreadcrumbList","@id":"https:\/\/colico.ca\/fr\/produit\/paroi-de-verre-ouvrable-cadre\/#breadcrumb","itemListElement":[{"@type":"ListItem","position":1,"name":"Home","item":"https:\/\/colico.ca\/fr\/accueil-principal\/"},{"@type":"ListItem","position":2,"name":"Boutique","item":"https:\/\/colico.ca\/fr\/boutique\/"},{"@type":"ListItem","position":3,"name":"Paroi de verre ouvrable (cadre)"}]},{"@type":"WebSite","@id":"https:\/\/colico.ca\/#website","url":"https:\/\/colico.ca\/","name":"Colico","description":"Produits architecturaux","potentialAction":[{"@type":"SearchAction","target":{"@type":"EntryPoint","urlTemplate":"https:\/\/colico.ca\/?s={search_term_string}"},"query-input":{"@type":"PropertyValueSpecification","valueRequired":true,"valueName":"search_term_string"}}],"inLanguage":"fr-FR"}]}},"_links":{"self":[{"href":"https:\/\/colico.ca\/fr\/wp-json\/wp\/v2\/product\/11412","targetHints":{"allow":["GET"]}}],"collection":[{"href":"https:\/\/colico.ca\/fr\/wp-json\/wp\/v2\/product"}],"about":[{"href":"https:\/\/colico.ca\/fr\/wp-json\/wp\/v2\/types\/product"}],"wp:featuredmedia":[{"embeddable":true,"href":"https:\/\/colico.ca\/fr\/wp-json\/wp\/v2\/media\/10830"}],"wp:attachment":[{"href":"https:\/\/colico.ca\/fr\/wp-json\/wp\/v2\/media?parent=11412"}],"wp:term":[{"taxonomy":"product_brand","embeddable":true,"href":"https:\/\/colico.ca\/fr\/wp-json\/wp\/v2\/product_brand?post=11412"},{"taxonomy":"product_cat","embeddable":true,"href":"https:\/\/colico.ca\/fr\/wp-json\/wp\/v2\/product_cat?post=11412"},{"taxonomy":"product_tag","embeddable":true,"href":"https:\/\/colico.ca\/fr\/wp-json\/wp\/v2\/product_tag?post=11412"}],"curies":[{"name":"wp","href":"https:\/\/api.w.org\/{rel}","templated":true}]}}