{"id":11410,"date":"2022-11-22T16:50:53","date_gmt":"2022-11-22T16:50:53","guid":{"rendered":"https:\/\/colico.ca\/product\/series-4166-4188\/"},"modified":"2023-02-09T08:25:48","modified_gmt":"2023-02-09T08:25:48","slug":"series-4166-4188","status":"publish","type":"product","link":"https:\/\/colico.ca\/fr\/produit\/series-4166-4188\/","title":{"rendered":"S\u00e9ries 4166-4188"},"content":{"rendered":"","protected":false},"excerpt":{"rendered":"<div class=\"qodef-section-title-holder qodef-st-standard qodef-st-title-left qodef-st-normal-space \">\n<div class=\"qodef-st-inner\">\n<h3 class=\"qodef-st-title\">Pour un meilleur contr\u00f4le du son<\/h3>\n<\/div>\n<\/div>\n<p>&nbsp;<\/p>\n<p class=\"x_MsoNormal\"><span lang=\"EN-US\">Pour un meilleur contr\u00f4le du son dans les salles de r\u00e9union, les installations m\u00e9dicales ou les institutions religieuses, cette s\u00e9rie porte l&rsquo;att\u00e9nuation sonore \u00e0 son plus haut niveau. De haute qualit\u00e9, avec un FSTC de 41, les portes des s\u00e9ries 4166-4188 sont dot\u00e9es d&rsquo;un joint p\u00e9riph\u00e9rique, d&rsquo;un rev\u00eatement acoustique et d&rsquo;une quincaillerie robuste. Disponible en deux largeurs de panneau : Le 4166 est le panneau double de 6&Prime;, et le 4188 incorpore la m\u00eame g\u00e9om\u00e9trie de pantographe pour faciliter l&rsquo;utilisation d&rsquo;un panneau plus large de 8&Prime;. Cinq finitions contemporaines en vinyle stratifi\u00e9 sont disponibles.<\/span><\/p>\n<div class=\"qodef-section-title-holder qodef-st-standard qodef-st-title-left qodef-st-normal-space \">\n<div class=\"qodef-st-inner\"><\/div>\n<\/div>\n<h4><\/h4>\n","protected":false},"featured_media":10805,"template":"","meta":[],"product_brand":[],"product_cat":[612,593],"product_tag":[],"class_list":{"0":"post-11410","1":"product","2":"type-product","3":"status-publish","4":"has-post-thumbnail","6":"product_cat-murs-accordeon-et-murs-mobiles","7":"product_cat-portes-specialisees","9":"first","10":"instock","11":"taxable","12":"shipping-taxable","13":"product-type-simple"},"yoast_head":"<!-- This site is optimized with the Yoast SEO plugin v27.4 - https:\/\/yoast.com\/product\/yoast-seo-wordpress\/ -->\n<title>S\u00e9ries 4166-4188 - Colico<\/title>\n<meta name=\"robots\" content=\"index, follow, max-snippet:-1, max-image-preview:large, max-video-preview:-1\" \/>\n<link rel=\"canonical\" href=\"https:\/\/colico.ca\/produit\/series-4166-4188\/\" \/>\n<meta property=\"og:locale\" content=\"fr_FR\" \/>\n<meta property=\"og:type\" content=\"article\" \/>\n<meta property=\"og:title\" content=\"S\u00e9ries 4166-4188 - Colico\" \/>\n<meta property=\"og:description\" content=\"Pour un meilleur contr\u00f4le du son  &nbsp; Pour un meilleur contr\u00f4le du son dans les salles de r\u00e9union, les installations m\u00e9dicales ou les institutions religieuses, cette s\u00e9rie porte l&#039;att\u00e9nuation sonore \u00e0 son plus haut niveau. De haute qualit\u00e9, avec un FSTC de 41, les portes des s\u00e9ries 4166-4188 sont dot\u00e9es d&#039;un joint p\u00e9riph\u00e9rique, d&#039;un rev\u00eatement acoustique et d&#039;une quincaillerie robuste. Disponible en deux largeurs de panneau : Le 4166 est le panneau double de 6&quot;, et le 4188 incorpore la m\u00eame g\u00e9om\u00e9trie de pantographe pour faciliter l&#039;utilisation d&#039;un panneau plus large de 8&quot;. Cinq finitions contemporaines en vinyle stratifi\u00e9 sont disponibles.\" \/>\n<meta property=\"og:url\" content=\"https:\/\/colico.ca\/produit\/series-4166-4188\/\" \/>\n<meta property=\"og:site_name\" content=\"Colico\" \/>\n<meta property=\"article:modified_time\" content=\"2023-02-09T08:25:48+00:00\" \/>\n<meta property=\"og:image\" content=\"https:\/\/colico.ca\/wp-content\/uploads\/2022\/11\/Series-4166-4188.jpeg\" \/>\n\t<meta property=\"og:image:width\" content=\"1186\" \/>\n\t<meta property=\"og:image:height\" content=\"1187\" \/>\n\t<meta property=\"og:image:type\" content=\"image\/jpeg\" \/>\n<meta name=\"twitter:card\" content=\"summary_large_image\" \/>\n<script type=\"application\/ld+json\" class=\"yoast-schema-graph\">{\"@context\":\"https:\\\/\\\/schema.org\",\"@graph\":[{\"@type\":\"WebPage\",\"@id\":\"https:\\\/\\\/colico.ca\\\/produit\\\/series-4166-4188\\\/\",\"url\":\"https:\\\/\\\/colico.ca\\\/produit\\\/series-4166-4188\\\/\",\"name\":\"S\u00e9ries 4166-4188 - Colico\",\"isPartOf\":{\"@id\":\"https:\\\/\\\/colico.ca\\\/#website\"},\"primaryImageOfPage\":{\"@id\":\"https:\\\/\\\/colico.ca\\\/produit\\\/series-4166-4188\\\/#primaryimage\"},\"image\":{\"@id\":\"https:\\\/\\\/colico.ca\\\/produit\\\/series-4166-4188\\\/#primaryimage\"},\"thumbnailUrl\":\"https:\\\/\\\/colico.ca\\\/wp-content\\\/uploads\\\/2022\\\/11\\\/Series-4166-4188.jpeg\",\"datePublished\":\"2022-11-22T16:50:53+00:00\",\"dateModified\":\"2023-02-09T08:25:48+00:00\",\"breadcrumb\":{\"@id\":\"https:\\\/\\\/colico.ca\\\/produit\\\/series-4166-4188\\\/#breadcrumb\"},\"inLanguage\":\"fr-FR\",\"potentialAction\":[{\"@type\":\"ReadAction\",\"target\":[\"https:\\\/\\\/colico.ca\\\/produit\\\/series-4166-4188\\\/\"]}]},{\"@type\":\"ImageObject\",\"inLanguage\":\"fr-FR\",\"@id\":\"https:\\\/\\\/colico.ca\\\/produit\\\/series-4166-4188\\\/#primaryimage\",\"url\":\"https:\\\/\\\/colico.ca\\\/wp-content\\\/uploads\\\/2022\\\/11\\\/Series-4166-4188.jpeg\",\"contentUrl\":\"https:\\\/\\\/colico.ca\\\/wp-content\\\/uploads\\\/2022\\\/11\\\/Series-4166-4188.jpeg\",\"width\":1186,\"height\":1187,\"caption\":\"Cloison pliante Panelfold_Sonicwal 88_3A\"},{\"@type\":\"BreadcrumbList\",\"@id\":\"https:\\\/\\\/colico.ca\\\/produit\\\/series-4166-4188\\\/#breadcrumb\",\"itemListElement\":[{\"@type\":\"ListItem\",\"position\":1,\"name\":\"Home\",\"item\":\"https:\\\/\\\/colico.ca\\\/fr\\\/accueil-principal\\\/\"},{\"@type\":\"ListItem\",\"position\":2,\"name\":\"Boutique\",\"item\":\"https:\\\/\\\/colico.ca\\\/fr\\\/boutique\\\/\"},{\"@type\":\"ListItem\",\"position\":3,\"name\":\"S\u00e9ries 4166-4188\"}]},{\"@type\":\"WebSite\",\"@id\":\"https:\\\/\\\/colico.ca\\\/#website\",\"url\":\"https:\\\/\\\/colico.ca\\\/\",\"name\":\"Colico\",\"description\":\"Produits architecturaux\",\"potentialAction\":[{\"@type\":\"SearchAction\",\"target\":{\"@type\":\"EntryPoint\",\"urlTemplate\":\"https:\\\/\\\/colico.ca\\\/?s={search_term_string}\"},\"query-input\":{\"@type\":\"PropertyValueSpecification\",\"valueRequired\":true,\"valueName\":\"search_term_string\"}}],\"inLanguage\":\"fr-FR\"}]}<\/script>\n<!-- \/ Yoast SEO plugin. -->","yoast_head_json":{"title":"S\u00e9ries 4166-4188 - Colico","robots":{"index":"index","follow":"follow","max-snippet":"max-snippet:-1","max-image-preview":"max-image-preview:large","max-video-preview":"max-video-preview:-1"},"canonical":"https:\/\/colico.ca\/produit\/series-4166-4188\/","og_locale":"fr_FR","og_type":"article","og_title":"S\u00e9ries 4166-4188 - Colico","og_description":"Pour un meilleur contr\u00f4le du son  &nbsp; Pour un meilleur contr\u00f4le du son dans les salles de r\u00e9union, les installations m\u00e9dicales ou les institutions religieuses, cette s\u00e9rie porte l'att\u00e9nuation sonore \u00e0 son plus haut niveau. De haute qualit\u00e9, avec un FSTC de 41, les portes des s\u00e9ries 4166-4188 sont dot\u00e9es d'un joint p\u00e9riph\u00e9rique, d'un rev\u00eatement acoustique et d'une quincaillerie robuste. Disponible en deux largeurs de panneau : Le 4166 est le panneau double de 6\", et le 4188 incorpore la m\u00eame g\u00e9om\u00e9trie de pantographe pour faciliter l'utilisation d'un panneau plus large de 8\". Cinq finitions contemporaines en vinyle stratifi\u00e9 sont disponibles.","og_url":"https:\/\/colico.ca\/produit\/series-4166-4188\/","og_site_name":"Colico","article_modified_time":"2023-02-09T08:25:48+00:00","og_image":[{"width":1186,"height":1187,"url":"https:\/\/colico.ca\/wp-content\/uploads\/2022\/11\/Series-4166-4188.jpeg","type":"image\/jpeg"}],"twitter_card":"summary_large_image","schema":{"@context":"https:\/\/schema.org","@graph":[{"@type":"WebPage","@id":"https:\/\/colico.ca\/produit\/series-4166-4188\/","url":"https:\/\/colico.ca\/produit\/series-4166-4188\/","name":"S\u00e9ries 4166-4188 - Colico","isPartOf":{"@id":"https:\/\/colico.ca\/#website"},"primaryImageOfPage":{"@id":"https:\/\/colico.ca\/produit\/series-4166-4188\/#primaryimage"},"image":{"@id":"https:\/\/colico.ca\/produit\/series-4166-4188\/#primaryimage"},"thumbnailUrl":"https:\/\/colico.ca\/wp-content\/uploads\/2022\/11\/Series-4166-4188.jpeg","datePublished":"2022-11-22T16:50:53+00:00","dateModified":"2023-02-09T08:25:48+00:00","breadcrumb":{"@id":"https:\/\/colico.ca\/produit\/series-4166-4188\/#breadcrumb"},"inLanguage":"fr-FR","potentialAction":[{"@type":"ReadAction","target":["https:\/\/colico.ca\/produit\/series-4166-4188\/"]}]},{"@type":"ImageObject","inLanguage":"fr-FR","@id":"https:\/\/colico.ca\/produit\/series-4166-4188\/#primaryimage","url":"https:\/\/colico.ca\/wp-content\/uploads\/2022\/11\/Series-4166-4188.jpeg","contentUrl":"https:\/\/colico.ca\/wp-content\/uploads\/2022\/11\/Series-4166-4188.jpeg","width":1186,"height":1187,"caption":"Cloison pliante Panelfold_Sonicwal 88_3A"},{"@type":"BreadcrumbList","@id":"https:\/\/colico.ca\/produit\/series-4166-4188\/#breadcrumb","itemListElement":[{"@type":"ListItem","position":1,"name":"Home","item":"https:\/\/colico.ca\/fr\/accueil-principal\/"},{"@type":"ListItem","position":2,"name":"Boutique","item":"https:\/\/colico.ca\/fr\/boutique\/"},{"@type":"ListItem","position":3,"name":"S\u00e9ries 4166-4188"}]},{"@type":"WebSite","@id":"https:\/\/colico.ca\/#website","url":"https:\/\/colico.ca\/","name":"Colico","description":"Produits architecturaux","potentialAction":[{"@type":"SearchAction","target":{"@type":"EntryPoint","urlTemplate":"https:\/\/colico.ca\/?s={search_term_string}"},"query-input":{"@type":"PropertyValueSpecification","valueRequired":true,"valueName":"search_term_string"}}],"inLanguage":"fr-FR"}]}},"_links":{"self":[{"href":"https:\/\/colico.ca\/fr\/wp-json\/wp\/v2\/product\/11410","targetHints":{"allow":["GET"]}}],"collection":[{"href":"https:\/\/colico.ca\/fr\/wp-json\/wp\/v2\/product"}],"about":[{"href":"https:\/\/colico.ca\/fr\/wp-json\/wp\/v2\/types\/product"}],"wp:featuredmedia":[{"embeddable":true,"href":"https:\/\/colico.ca\/fr\/wp-json\/wp\/v2\/media\/10805"}],"wp:attachment":[{"href":"https:\/\/colico.ca\/fr\/wp-json\/wp\/v2\/media?parent=11410"}],"wp:term":[{"taxonomy":"product_brand","embeddable":true,"href":"https:\/\/colico.ca\/fr\/wp-json\/wp\/v2\/product_brand?post=11410"},{"taxonomy":"product_cat","embeddable":true,"href":"https:\/\/colico.ca\/fr\/wp-json\/wp\/v2\/product_cat?post=11410"},{"taxonomy":"product_tag","embeddable":true,"href":"https:\/\/colico.ca\/fr\/wp-json\/wp\/v2\/product_tag?post=11410"}],"curies":[{"name":"wp","href":"https:\/\/api.w.org\/{rel}","templated":true}]}}