{"id":11409,"date":"2022-11-28T19:37:12","date_gmt":"2022-11-28T19:37:12","guid":{"rendered":"https:\/\/colico.ca\/product\/mur-de-verre-operable-sans-cadre\/"},"modified":"2023-02-09T08:25:46","modified_gmt":"2023-02-09T08:25:46","slug":"mur-de-verre-operable-sans-cadre","status":"publish","type":"product","link":"https:\/\/colico.ca\/fr\/produit\/mur-de-verre-operable-sans-cadre\/","title":{"rendered":"Mur de verre op\u00e9rable (sans cadre)"},"content":{"rendered":"<div class=\"m-crm m-crm1\">\n<div class=\"f-box\">\n<div class=\"box-text\">\n<p><img loading=\"lazy\" decoding=\"async\" class=\"img\" title=\"\" src=\"https:\/\/www.neuwall.com\/data\/watermark\/20211215\/61b988bff06cb.jpg\" alt=\"\" width=\"301\" height=\"236\">   <a class=\"item-pic \" rel=\"{gallery: 'gal1', smallimage: 'https:\/\/www.neuwall.com\/data\/watermark\/20211215\/61b988bfaf537.jpg',largeimage: 'https:\/\/www.neuwall.com\/data\/watermark\/20211215\/61b988bfaf537.jpg'}\"><img loading=\"lazy\" decoding=\"async\" class=\"\" title=\"Murs de verre sans cadre\" src=\"https:\/\/www.neuwall.com\/data\/watermark\/20211215\/61b988bfaf537.jpg\" alt=\"Murs de verre sans cadre\" width=\"300\" height=\"239\">  <\/a><img loading=\"lazy\" decoding=\"async\" class=\"alignnone wp-image-9474\" src=\"https:\/\/colico.ca\/wp-content\/uploads\/2022\/11\/Movable-Glass-Wall-1.png\" alt=\"\" width=\"234\" height=\"234\" srcset=\"https:\/\/colico.ca\/wp-content\/uploads\/2022\/11\/Movable-Glass-Wall-1.png 283w, https:\/\/colico.ca\/wp-content\/uploads\/2022\/11\/Movable-Glass-Wall-1-150x150.png 150w, https:\/\/colico.ca\/wp-content\/uploads\/2022\/11\/Movable-Glass-Wall-1-100x100.png 100w\" sizes=\"auto, (max-width: 234px) 100vw, 234px\" \/><\/p>\n<\/div>\n<\/div>\n<\/div>\n<div class=\"g-bd g-bd2 c-bg2\">\n<div class=\"g-wp g-wp1 f-box\">\n<div class=\"m-prob1 m-prob\">\n<div class=\"f-box c-clearfix\">\n<div class=\"prob-pic c-fl \">\n<div class=\"prob-pic-small j-listscroll\">\n<div class=\"prob-pic-list j-jqzoom\">\n<p><img loading=\"lazy\" decoding=\"async\" class=\"\" title=\"Murs de verre sans cadre\" src=\"https:\/\/www.neuwall.com\/data\/upload\/ueditor\/20220516\/6281b20fab3b8.jpg\" alt=\"Murs de verre sans cadre\" width=\"859\" height=\"576\"><\/p>\n<\/div>\n<\/div>\n<\/div>\n<\/div>\n<\/div>\n<div class=\"m-prob2 hei\">\n<div class=\"box-item1\">\n<div class=\"bitem-desc1 m-desc\">\n<p>&nbsp;<\/p>\n<\/div>\n<p><img loading=\"lazy\" decoding=\"async\" class=\"alignnone wp-image-9459 size-large\" src=\"https:\/\/colico.ca\/wp-content\/uploads\/2022\/11\/Capture-decran-le-2022-11-28-a-14.53.54-1024x865.png\" alt=\"\" width=\"1024\" height=\"865\" srcset=\"https:\/\/colico.ca\/wp-content\/uploads\/2022\/11\/Capture-decran-le-2022-11-28-a-14.53.54-1024x865.png 1024w, https:\/\/colico.ca\/wp-content\/uploads\/2022\/11\/Capture-decran-le-2022-11-28-a-14.53.54-300x254.png 300w, https:\/\/colico.ca\/wp-content\/uploads\/2022\/11\/Capture-decran-le-2022-11-28-a-14.53.54-768x649.png 768w, https:\/\/colico.ca\/wp-content\/uploads\/2022\/11\/Capture-decran-le-2022-11-28-a-14.53.54-600x507.png 600w, https:\/\/colico.ca\/wp-content\/uploads\/2022\/11\/Capture-decran-le-2022-11-28-a-14.53.54.png 1208w\" sizes=\"auto, (max-width: 1024px) 100vw, 1024px\" \/><\/p>\n<div class=\"bitem-desc1 m-desc\">\n<p><img loading=\"lazy\" decoding=\"async\" title=\"Murs de verre sans cadre\" src=\"https:\/\/www.neuwall.com\/data\/upload\/ueditor\/20210225\/60374e0413134.jpg\" alt=\"Murs de verre sans cadre\" width=\"1150\" height=\"452\"><\/p>\n<\/div>\n<\/div>\n<div class=\"box-item1\">\n<h4 class=\"bitem-title1 m-prott\"><strong>Structure de mur en verre sans cadre<\/strong><img loading=\"lazy\" decoding=\"async\" class=\"alignnone wp-image-9457 size-large\" src=\"https:\/\/colico.ca\/wp-content\/uploads\/2022\/11\/Glass-sans-cadre-1024x647.jpeg\" alt=\"\" width=\"1024\" height=\"647\" srcset=\"https:\/\/colico.ca\/wp-content\/uploads\/2022\/11\/Glass-sans-cadre-1024x647.jpeg 1024w, https:\/\/colico.ca\/wp-content\/uploads\/2022\/11\/Glass-sans-cadre-300x190.jpeg 300w, https:\/\/colico.ca\/wp-content\/uploads\/2022\/11\/Glass-sans-cadre-768x485.jpeg 768w, https:\/\/colico.ca\/wp-content\/uploads\/2022\/11\/Glass-sans-cadre-600x379.jpeg 600w, https:\/\/colico.ca\/wp-content\/uploads\/2022\/11\/Glass-sans-cadre.jpeg 1200w\" sizes=\"auto, (max-width: 1024px) 100vw, 1024px\" \/><\/h4>\n<\/div>\n<\/div>\n<\/div>\n<\/div>\n<div class=\"m-kefu-chat mobile-hide\"><\/div>\n","protected":false},"excerpt":{"rendered":"<p>Cette cloison en verre sans cadre est compos\u00e9e d&rsquo;une s\u00e9rie de panneaux individuels en verre tremp\u00e9 avec des profils de serrage sup\u00e9rieurs et inf\u00e9rieurs. Ces panneaux suspendus glissent le long d&rsquo;un rail au plafond sans rail au sol. Ils sont pouss\u00e9s ensemble et embo\u00eet\u00e9s pour former un mur. Chaque panneau peut \u00eatre verrouill\u00e9 et d\u00e9plac\u00e9 individuellement pour garantir un niveau de s\u00e9curit\u00e9 \u00e9lev\u00e9. En outre, seuls les clips situ\u00e9s en haut et en bas du verre sont n\u00e9cessaires pour fixer les panneaux de verre, ce qui permet de maximiser la surface vitr\u00e9e. Lorsque le produit est positionn\u00e9, les goupilles de verrouillage du plancher et les bords de soutien du panneau peuvent maintenir les panneaux.<\/p>\n","protected":false},"featured_media":10832,"template":"","meta":[],"product_brand":[],"product_cat":[617,593],"product_tag":[],"class_list":{"0":"post-11409","1":"product","2":"type-product","3":"status-publish","4":"has-post-thumbnail","6":"product_cat-paroi-operable","7":"product_cat-portes-specialisees","9":"first","10":"instock","11":"taxable","12":"shipping-taxable","13":"product-type-simple"},"yoast_head":"<!-- This site is optimized with the Yoast SEO plugin v27.5 - https:\/\/yoast.com\/product\/yoast-seo-wordpress\/ -->\n<title>Mur de verre op\u00e9rable (sans cadre) - Colico<\/title>\n<meta name=\"robots\" content=\"index, follow, max-snippet:-1, max-image-preview:large, max-video-preview:-1\" \/>\n<link rel=\"canonical\" href=\"https:\/\/colico.ca\/fr\/produit\/mur-de-verre-operable-sans-cadre\/\" \/>\n<meta property=\"og:locale\" content=\"fr_FR\" \/>\n<meta property=\"og:type\" content=\"article\" \/>\n<meta property=\"og:title\" content=\"Mur de verre op\u00e9rable (sans cadre) - Colico\" \/>\n<meta property=\"og:description\" content=\"Cette cloison en verre sans cadre est compos\u00e9e d&#039;une s\u00e9rie de panneaux individuels en verre tremp\u00e9 avec des profils de serrage sup\u00e9rieurs et inf\u00e9rieurs. Ces panneaux suspendus glissent le long d&#039;un rail au plafond sans rail au sol. Ils sont pouss\u00e9s ensemble et embo\u00eet\u00e9s pour former un mur. Chaque panneau peut \u00eatre verrouill\u00e9 et d\u00e9plac\u00e9 individuellement pour garantir un niveau de s\u00e9curit\u00e9 \u00e9lev\u00e9. En outre, seuls les clips situ\u00e9s en haut et en bas du verre sont n\u00e9cessaires pour fixer les panneaux de verre, ce qui permet de maximiser la surface vitr\u00e9e. Lorsque le produit est positionn\u00e9, les goupilles de verrouillage du plancher et les bords de soutien du panneau peuvent maintenir les panneaux.\" \/>\n<meta property=\"og:url\" content=\"https:\/\/colico.ca\/fr\/produit\/mur-de-verre-operable-sans-cadre\/\" \/>\n<meta property=\"og:site_name\" content=\"Colico\" \/>\n<meta property=\"article:modified_time\" content=\"2023-02-09T08:25:46+00:00\" \/>\n<meta property=\"og:image\" content=\"https:\/\/colico.ca\/wp-content\/uploads\/2022\/11\/frameless-glass.jpeg\" \/>\n\t<meta property=\"og:image:width\" content=\"600\" \/>\n\t<meta property=\"og:image:height\" content=\"600\" \/>\n\t<meta property=\"og:image:type\" content=\"image\/jpeg\" \/>\n<meta name=\"twitter:card\" content=\"summary_large_image\" \/>\n<script type=\"application\/ld+json\" class=\"yoast-schema-graph\">{\"@context\":\"https:\\\/\\\/schema.org\",\"@graph\":[{\"@type\":\"WebPage\",\"@id\":\"https:\\\/\\\/colico.ca\\\/fr\\\/produit\\\/mur-de-verre-operable-sans-cadre\\\/\",\"url\":\"https:\\\/\\\/colico.ca\\\/fr\\\/produit\\\/mur-de-verre-operable-sans-cadre\\\/\",\"name\":\"Mur de verre op\u00e9rable (sans cadre) - Colico\",\"isPartOf\":{\"@id\":\"https:\\\/\\\/colico.ca\\\/#website\"},\"primaryImageOfPage\":{\"@id\":\"https:\\\/\\\/colico.ca\\\/fr\\\/produit\\\/mur-de-verre-operable-sans-cadre\\\/#primaryimage\"},\"image\":{\"@id\":\"https:\\\/\\\/colico.ca\\\/fr\\\/produit\\\/mur-de-verre-operable-sans-cadre\\\/#primaryimage\"},\"thumbnailUrl\":\"https:\\\/\\\/colico.ca\\\/wp-content\\\/uploads\\\/2022\\\/11\\\/frameless-glass.jpeg\",\"datePublished\":\"2022-11-28T19:37:12+00:00\",\"dateModified\":\"2023-02-09T08:25:46+00:00\",\"breadcrumb\":{\"@id\":\"https:\\\/\\\/colico.ca\\\/fr\\\/produit\\\/mur-de-verre-operable-sans-cadre\\\/#breadcrumb\"},\"inLanguage\":\"fr-FR\",\"potentialAction\":[{\"@type\":\"ReadAction\",\"target\":[\"https:\\\/\\\/colico.ca\\\/fr\\\/produit\\\/mur-de-verre-operable-sans-cadre\\\/\"]}]},{\"@type\":\"ImageObject\",\"inLanguage\":\"fr-FR\",\"@id\":\"https:\\\/\\\/colico.ca\\\/fr\\\/produit\\\/mur-de-verre-operable-sans-cadre\\\/#primaryimage\",\"url\":\"https:\\\/\\\/colico.ca\\\/wp-content\\\/uploads\\\/2022\\\/11\\\/frameless-glass.jpeg\",\"contentUrl\":\"https:\\\/\\\/colico.ca\\\/wp-content\\\/uploads\\\/2022\\\/11\\\/frameless-glass.jpeg\",\"width\":600,\"height\":600,\"caption\":\"frameless glass\"},{\"@type\":\"BreadcrumbList\",\"@id\":\"https:\\\/\\\/colico.ca\\\/fr\\\/produit\\\/mur-de-verre-operable-sans-cadre\\\/#breadcrumb\",\"itemListElement\":[{\"@type\":\"ListItem\",\"position\":1,\"name\":\"Home\",\"item\":\"https:\\\/\\\/colico.ca\\\/fr\\\/accueil-principal\\\/\"},{\"@type\":\"ListItem\",\"position\":2,\"name\":\"Boutique\",\"item\":\"https:\\\/\\\/colico.ca\\\/fr\\\/boutique\\\/\"},{\"@type\":\"ListItem\",\"position\":3,\"name\":\"Mur de verre op\u00e9rable (sans cadre)\"}]},{\"@type\":\"WebSite\",\"@id\":\"https:\\\/\\\/colico.ca\\\/#website\",\"url\":\"https:\\\/\\\/colico.ca\\\/\",\"name\":\"Colico\",\"description\":\"Produits architecturaux\",\"potentialAction\":[{\"@type\":\"SearchAction\",\"target\":{\"@type\":\"EntryPoint\",\"urlTemplate\":\"https:\\\/\\\/colico.ca\\\/?s={search_term_string}\"},\"query-input\":{\"@type\":\"PropertyValueSpecification\",\"valueRequired\":true,\"valueName\":\"search_term_string\"}}],\"inLanguage\":\"fr-FR\"}]}<\/script>\n<!-- \/ Yoast SEO plugin. -->","yoast_head_json":{"title":"Mur de verre op\u00e9rable (sans cadre) - Colico","robots":{"index":"index","follow":"follow","max-snippet":"max-snippet:-1","max-image-preview":"max-image-preview:large","max-video-preview":"max-video-preview:-1"},"canonical":"https:\/\/colico.ca\/fr\/produit\/mur-de-verre-operable-sans-cadre\/","og_locale":"fr_FR","og_type":"article","og_title":"Mur de verre op\u00e9rable (sans cadre) - Colico","og_description":"Cette cloison en verre sans cadre est compos\u00e9e d'une s\u00e9rie de panneaux individuels en verre tremp\u00e9 avec des profils de serrage sup\u00e9rieurs et inf\u00e9rieurs. Ces panneaux suspendus glissent le long d'un rail au plafond sans rail au sol. Ils sont pouss\u00e9s ensemble et embo\u00eet\u00e9s pour former un mur. Chaque panneau peut \u00eatre verrouill\u00e9 et d\u00e9plac\u00e9 individuellement pour garantir un niveau de s\u00e9curit\u00e9 \u00e9lev\u00e9. En outre, seuls les clips situ\u00e9s en haut et en bas du verre sont n\u00e9cessaires pour fixer les panneaux de verre, ce qui permet de maximiser la surface vitr\u00e9e. Lorsque le produit est positionn\u00e9, les goupilles de verrouillage du plancher et les bords de soutien du panneau peuvent maintenir les panneaux.","og_url":"https:\/\/colico.ca\/fr\/produit\/mur-de-verre-operable-sans-cadre\/","og_site_name":"Colico","article_modified_time":"2023-02-09T08:25:46+00:00","og_image":[{"width":600,"height":600,"url":"https:\/\/colico.ca\/wp-content\/uploads\/2022\/11\/frameless-glass.jpeg","type":"image\/jpeg"}],"twitter_card":"summary_large_image","schema":{"@context":"https:\/\/schema.org","@graph":[{"@type":"WebPage","@id":"https:\/\/colico.ca\/fr\/produit\/mur-de-verre-operable-sans-cadre\/","url":"https:\/\/colico.ca\/fr\/produit\/mur-de-verre-operable-sans-cadre\/","name":"Mur de verre op\u00e9rable (sans cadre) - Colico","isPartOf":{"@id":"https:\/\/colico.ca\/#website"},"primaryImageOfPage":{"@id":"https:\/\/colico.ca\/fr\/produit\/mur-de-verre-operable-sans-cadre\/#primaryimage"},"image":{"@id":"https:\/\/colico.ca\/fr\/produit\/mur-de-verre-operable-sans-cadre\/#primaryimage"},"thumbnailUrl":"https:\/\/colico.ca\/wp-content\/uploads\/2022\/11\/frameless-glass.jpeg","datePublished":"2022-11-28T19:37:12+00:00","dateModified":"2023-02-09T08:25:46+00:00","breadcrumb":{"@id":"https:\/\/colico.ca\/fr\/produit\/mur-de-verre-operable-sans-cadre\/#breadcrumb"},"inLanguage":"fr-FR","potentialAction":[{"@type":"ReadAction","target":["https:\/\/colico.ca\/fr\/produit\/mur-de-verre-operable-sans-cadre\/"]}]},{"@type":"ImageObject","inLanguage":"fr-FR","@id":"https:\/\/colico.ca\/fr\/produit\/mur-de-verre-operable-sans-cadre\/#primaryimage","url":"https:\/\/colico.ca\/wp-content\/uploads\/2022\/11\/frameless-glass.jpeg","contentUrl":"https:\/\/colico.ca\/wp-content\/uploads\/2022\/11\/frameless-glass.jpeg","width":600,"height":600,"caption":"frameless glass"},{"@type":"BreadcrumbList","@id":"https:\/\/colico.ca\/fr\/produit\/mur-de-verre-operable-sans-cadre\/#breadcrumb","itemListElement":[{"@type":"ListItem","position":1,"name":"Home","item":"https:\/\/colico.ca\/fr\/accueil-principal\/"},{"@type":"ListItem","position":2,"name":"Boutique","item":"https:\/\/colico.ca\/fr\/boutique\/"},{"@type":"ListItem","position":3,"name":"Mur de verre op\u00e9rable (sans cadre)"}]},{"@type":"WebSite","@id":"https:\/\/colico.ca\/#website","url":"https:\/\/colico.ca\/","name":"Colico","description":"Produits architecturaux","potentialAction":[{"@type":"SearchAction","target":{"@type":"EntryPoint","urlTemplate":"https:\/\/colico.ca\/?s={search_term_string}"},"query-input":{"@type":"PropertyValueSpecification","valueRequired":true,"valueName":"search_term_string"}}],"inLanguage":"fr-FR"}]}},"_links":{"self":[{"href":"https:\/\/colico.ca\/fr\/wp-json\/wp\/v2\/product\/11409","targetHints":{"allow":["GET"]}}],"collection":[{"href":"https:\/\/colico.ca\/fr\/wp-json\/wp\/v2\/product"}],"about":[{"href":"https:\/\/colico.ca\/fr\/wp-json\/wp\/v2\/types\/product"}],"wp:featuredmedia":[{"embeddable":true,"href":"https:\/\/colico.ca\/fr\/wp-json\/wp\/v2\/media\/10832"}],"wp:attachment":[{"href":"https:\/\/colico.ca\/fr\/wp-json\/wp\/v2\/media?parent=11409"}],"wp:term":[{"taxonomy":"product_brand","embeddable":true,"href":"https:\/\/colico.ca\/fr\/wp-json\/wp\/v2\/product_brand?post=11409"},{"taxonomy":"product_cat","embeddable":true,"href":"https:\/\/colico.ca\/fr\/wp-json\/wp\/v2\/product_cat?post=11409"},{"taxonomy":"product_tag","embeddable":true,"href":"https:\/\/colico.ca\/fr\/wp-json\/wp\/v2\/product_tag?post=11409"}],"curies":[{"name":"wp","href":"https:\/\/api.w.org\/{rel}","templated":true}]}}