{"id":11408,"date":"2022-11-22T15:56:34","date_gmt":"2022-11-22T15:56:34","guid":{"rendered":"https:\/\/colico.ca\/product\/serie-240\/"},"modified":"2023-02-09T08:25:44","modified_gmt":"2023-02-09T08:25:44","slug":"serie-240","status":"publish","type":"product","link":"https:\/\/colico.ca\/fr\/produit\/serie-240\/","title":{"rendered":"S\u00e9rie 240"},"content":{"rendered":"","protected":false},"excerpt":{"rendered":"<div class=\"qodef-section-title-holder qodef-st-standard qodef-st-title-left qodef-st-normal-space \">\n<div class=\"qodef-st-inner\">\n<h3 class=\"qodef-st-title\">Notre porte la plus populaire<\/h3>\n<\/div>\n<\/div>\n<p>&nbsp;<\/p>\n<p class=\"x_MsoNormal\"><span lang=\"EN-US\">Les portes de la s\u00e9rie 240 sont sp\u00e9cifi\u00e9es plus souvent que les autres portes accord\u00e9on du march\u00e9. Gr\u00e2ce \u00e0 leur incroyable polyvalence et \u00e0 leur durabilit\u00e9, cette s\u00e9rie est encore plus attrayante avec des options pour diverses serrures, des verrous, des poteaux de rencontre multiples et m\u00eame des rails courbes. Ces portes \u00e0 deux faces permettent de reconfigurer facilement et en silence l&rsquo;espace dans les maisons, les garderies et les r\u00e9sidences de groupe. Bois dur naturel ou panneaux Vinyl-Lam. Compatible ADA sur demande.<\/span><\/p>\n<h4><\/h4>\n","protected":false},"featured_media":10802,"template":"","meta":[],"product_brand":[],"product_cat":[612,593],"product_tag":[],"class_list":{"0":"post-11408","1":"product","2":"type-product","3":"status-publish","4":"has-post-thumbnail","6":"product_cat-murs-accordeon-et-murs-mobiles","7":"product_cat-portes-specialisees","9":"first","10":"instock","11":"taxable","12":"shipping-taxable","13":"product-type-simple"},"yoast_head":"<!-- This site is optimized with the Yoast SEO plugin v27.6 - https:\/\/yoast.com\/product\/yoast-seo-wordpress\/ -->\n<title>S\u00e9rie 240 - Colico<\/title>\n<meta name=\"robots\" content=\"index, follow, max-snippet:-1, max-image-preview:large, max-video-preview:-1\" \/>\n<link rel=\"canonical\" href=\"https:\/\/colico.ca\/fr\/produit\/serie-240\/\" \/>\n<meta property=\"og:locale\" content=\"fr_FR\" \/>\n<meta property=\"og:type\" content=\"article\" \/>\n<meta property=\"og:title\" content=\"S\u00e9rie 240 - Colico\" \/>\n<meta property=\"og:description\" content=\"Notre porte la plus populaire  &nbsp; Les portes de la s\u00e9rie 240 sont sp\u00e9cifi\u00e9es plus souvent que les autres portes accord\u00e9on du march\u00e9. Gr\u00e2ce \u00e0 leur incroyable polyvalence et \u00e0 leur durabilit\u00e9, cette s\u00e9rie est encore plus attrayante avec des options pour diverses serrures, des verrous, des poteaux de rencontre multiples et m\u00eame des rails courbes. Ces portes \u00e0 deux faces permettent de reconfigurer facilement et en silence l&#039;espace dans les maisons, les garderies et les r\u00e9sidences de groupe. Bois dur naturel ou panneaux Vinyl-Lam. Compatible ADA sur demande.\" \/>\n<meta property=\"og:url\" content=\"https:\/\/colico.ca\/fr\/produit\/serie-240\/\" \/>\n<meta property=\"og:site_name\" content=\"Colico\" \/>\n<meta property=\"article:modified_time\" content=\"2023-02-09T08:25:44+00:00\" \/>\n<meta property=\"og:image\" content=\"https:\/\/colico.ca\/wp-content\/uploads\/2022\/11\/Series-240.jpeg\" \/>\n\t<meta property=\"og:image:width\" content=\"647\" \/>\n\t<meta property=\"og:image:height\" content=\"647\" \/>\n\t<meta property=\"og:image:type\" content=\"image\/jpeg\" \/>\n<meta name=\"twitter:card\" content=\"summary_large_image\" \/>\n<script type=\"application\/ld+json\" class=\"yoast-schema-graph\">{\"@context\":\"https:\\\/\\\/schema.org\",\"@graph\":[{\"@type\":\"WebPage\",\"@id\":\"https:\\\/\\\/colico.ca\\\/fr\\\/produit\\\/serie-240\\\/\",\"url\":\"https:\\\/\\\/colico.ca\\\/fr\\\/produit\\\/serie-240\\\/\",\"name\":\"S\u00e9rie 240 - Colico\",\"isPartOf\":{\"@id\":\"https:\\\/\\\/colico.ca\\\/#website\"},\"primaryImageOfPage\":{\"@id\":\"https:\\\/\\\/colico.ca\\\/fr\\\/produit\\\/serie-240\\\/#primaryimage\"},\"image\":{\"@id\":\"https:\\\/\\\/colico.ca\\\/fr\\\/produit\\\/serie-240\\\/#primaryimage\"},\"thumbnailUrl\":\"https:\\\/\\\/colico.ca\\\/wp-content\\\/uploads\\\/2022\\\/11\\\/Series-240.jpeg\",\"datePublished\":\"2022-11-22T15:56:34+00:00\",\"dateModified\":\"2023-02-09T08:25:44+00:00\",\"breadcrumb\":{\"@id\":\"https:\\\/\\\/colico.ca\\\/fr\\\/produit\\\/serie-240\\\/#breadcrumb\"},\"inLanguage\":\"fr-FR\",\"potentialAction\":[{\"@type\":\"ReadAction\",\"target\":[\"https:\\\/\\\/colico.ca\\\/fr\\\/produit\\\/serie-240\\\/\"]}]},{\"@type\":\"ImageObject\",\"inLanguage\":\"fr-FR\",\"@id\":\"https:\\\/\\\/colico.ca\\\/fr\\\/produit\\\/serie-240\\\/#primaryimage\",\"url\":\"https:\\\/\\\/colico.ca\\\/wp-content\\\/uploads\\\/2022\\\/11\\\/Series-240.jpeg\",\"contentUrl\":\"https:\\\/\\\/colico.ca\\\/wp-content\\\/uploads\\\/2022\\\/11\\\/Series-240.jpeg\",\"width\":647,\"height\":647,\"caption\":\"Series 240\"},{\"@type\":\"BreadcrumbList\",\"@id\":\"https:\\\/\\\/colico.ca\\\/fr\\\/produit\\\/serie-240\\\/#breadcrumb\",\"itemListElement\":[{\"@type\":\"ListItem\",\"position\":1,\"name\":\"Home\",\"item\":\"https:\\\/\\\/colico.ca\\\/fr\\\/accueil-principal\\\/\"},{\"@type\":\"ListItem\",\"position\":2,\"name\":\"Boutique\",\"item\":\"https:\\\/\\\/colico.ca\\\/fr\\\/boutique\\\/\"},{\"@type\":\"ListItem\",\"position\":3,\"name\":\"S\u00e9rie 240\"}]},{\"@type\":\"WebSite\",\"@id\":\"https:\\\/\\\/colico.ca\\\/#website\",\"url\":\"https:\\\/\\\/colico.ca\\\/\",\"name\":\"Colico\",\"description\":\"Produits architecturaux\",\"potentialAction\":[{\"@type\":\"SearchAction\",\"target\":{\"@type\":\"EntryPoint\",\"urlTemplate\":\"https:\\\/\\\/colico.ca\\\/?s={search_term_string}\"},\"query-input\":{\"@type\":\"PropertyValueSpecification\",\"valueRequired\":true,\"valueName\":\"search_term_string\"}}],\"inLanguage\":\"fr-FR\"}]}<\/script>\n<!-- \/ Yoast SEO plugin. -->","yoast_head_json":{"title":"S\u00e9rie 240 - Colico","robots":{"index":"index","follow":"follow","max-snippet":"max-snippet:-1","max-image-preview":"max-image-preview:large","max-video-preview":"max-video-preview:-1"},"canonical":"https:\/\/colico.ca\/fr\/produit\/serie-240\/","og_locale":"fr_FR","og_type":"article","og_title":"S\u00e9rie 240 - Colico","og_description":"Notre porte la plus populaire  &nbsp; Les portes de la s\u00e9rie 240 sont sp\u00e9cifi\u00e9es plus souvent que les autres portes accord\u00e9on du march\u00e9. Gr\u00e2ce \u00e0 leur incroyable polyvalence et \u00e0 leur durabilit\u00e9, cette s\u00e9rie est encore plus attrayante avec des options pour diverses serrures, des verrous, des poteaux de rencontre multiples et m\u00eame des rails courbes. Ces portes \u00e0 deux faces permettent de reconfigurer facilement et en silence l'espace dans les maisons, les garderies et les r\u00e9sidences de groupe. Bois dur naturel ou panneaux Vinyl-Lam. Compatible ADA sur demande.","og_url":"https:\/\/colico.ca\/fr\/produit\/serie-240\/","og_site_name":"Colico","article_modified_time":"2023-02-09T08:25:44+00:00","og_image":[{"width":647,"height":647,"url":"https:\/\/colico.ca\/wp-content\/uploads\/2022\/11\/Series-240.jpeg","type":"image\/jpeg"}],"twitter_card":"summary_large_image","schema":{"@context":"https:\/\/schema.org","@graph":[{"@type":"WebPage","@id":"https:\/\/colico.ca\/fr\/produit\/serie-240\/","url":"https:\/\/colico.ca\/fr\/produit\/serie-240\/","name":"S\u00e9rie 240 - Colico","isPartOf":{"@id":"https:\/\/colico.ca\/#website"},"primaryImageOfPage":{"@id":"https:\/\/colico.ca\/fr\/produit\/serie-240\/#primaryimage"},"image":{"@id":"https:\/\/colico.ca\/fr\/produit\/serie-240\/#primaryimage"},"thumbnailUrl":"https:\/\/colico.ca\/wp-content\/uploads\/2022\/11\/Series-240.jpeg","datePublished":"2022-11-22T15:56:34+00:00","dateModified":"2023-02-09T08:25:44+00:00","breadcrumb":{"@id":"https:\/\/colico.ca\/fr\/produit\/serie-240\/#breadcrumb"},"inLanguage":"fr-FR","potentialAction":[{"@type":"ReadAction","target":["https:\/\/colico.ca\/fr\/produit\/serie-240\/"]}]},{"@type":"ImageObject","inLanguage":"fr-FR","@id":"https:\/\/colico.ca\/fr\/produit\/serie-240\/#primaryimage","url":"https:\/\/colico.ca\/wp-content\/uploads\/2022\/11\/Series-240.jpeg","contentUrl":"https:\/\/colico.ca\/wp-content\/uploads\/2022\/11\/Series-240.jpeg","width":647,"height":647,"caption":"Series 240"},{"@type":"BreadcrumbList","@id":"https:\/\/colico.ca\/fr\/produit\/serie-240\/#breadcrumb","itemListElement":[{"@type":"ListItem","position":1,"name":"Home","item":"https:\/\/colico.ca\/fr\/accueil-principal\/"},{"@type":"ListItem","position":2,"name":"Boutique","item":"https:\/\/colico.ca\/fr\/boutique\/"},{"@type":"ListItem","position":3,"name":"S\u00e9rie 240"}]},{"@type":"WebSite","@id":"https:\/\/colico.ca\/#website","url":"https:\/\/colico.ca\/","name":"Colico","description":"Produits architecturaux","potentialAction":[{"@type":"SearchAction","target":{"@type":"EntryPoint","urlTemplate":"https:\/\/colico.ca\/?s={search_term_string}"},"query-input":{"@type":"PropertyValueSpecification","valueRequired":true,"valueName":"search_term_string"}}],"inLanguage":"fr-FR"}]}},"_links":{"self":[{"href":"https:\/\/colico.ca\/fr\/wp-json\/wp\/v2\/product\/11408","targetHints":{"allow":["GET"]}}],"collection":[{"href":"https:\/\/colico.ca\/fr\/wp-json\/wp\/v2\/product"}],"about":[{"href":"https:\/\/colico.ca\/fr\/wp-json\/wp\/v2\/types\/product"}],"wp:featuredmedia":[{"embeddable":true,"href":"https:\/\/colico.ca\/fr\/wp-json\/wp\/v2\/media\/10802"}],"wp:attachment":[{"href":"https:\/\/colico.ca\/fr\/wp-json\/wp\/v2\/media?parent=11408"}],"wp:term":[{"taxonomy":"product_brand","embeddable":true,"href":"https:\/\/colico.ca\/fr\/wp-json\/wp\/v2\/product_brand?post=11408"},{"taxonomy":"product_cat","embeddable":true,"href":"https:\/\/colico.ca\/fr\/wp-json\/wp\/v2\/product_cat?post=11408"},{"taxonomy":"product_tag","embeddable":true,"href":"https:\/\/colico.ca\/fr\/wp-json\/wp\/v2\/product_tag?post=11408"}],"curies":[{"name":"wp","href":"https:\/\/api.w.org\/{rel}","templated":true}]}}