{"id":11407,"date":"2022-11-22T16:19:27","date_gmt":"2022-11-22T16:19:27","guid":{"rendered":"https:\/\/colico.ca\/product\/serie-3300\/"},"modified":"2023-02-09T08:25:43","modified_gmt":"2023-02-09T08:25:43","slug":"serie-3300","status":"publish","type":"product","link":"https:\/\/colico.ca\/fr\/produit\/serie-3300\/","title":{"rendered":"S\u00e9rie 3300"},"content":{"rendered":"","protected":false},"excerpt":{"rendered":"<div class=\"qodef-section-title-holder qodef-st-standard qodef-st-title-left qodef-st-normal-space \">\n<div class=\"qodef-st-inner\">\n<h3 class=\"qodef-st-title\">Un choix attrayant mais solide pour un contr\u00f4le mod\u00e9r\u00e9 du son et de la temp\u00e9rature.<\/h3>\n<\/div>\n<\/div>\n<p>&nbsp;<\/p>\n<p class=\"x_MsoNormal\"><span lang=\"EN-US\">Un choix attrayant mais solide pour un contr\u00f4le mod\u00e9r\u00e9 du son et de la temp\u00e9rature dans les salles de r\u00e9union, les installations m\u00e9dicales, les institutions religieuses ou tout autre lieu, cette s\u00e9rie est une alternative intelligente aux options similaires et plus ch\u00e8res du march\u00e9. Vous ne sacrifiez pas pour autant la qualit\u00e9. Notre mod\u00e8le 3300 est dot\u00e9 d&rsquo;un joint p\u00e9riph\u00e9rique, d&rsquo;une doublure acoustique et d&rsquo;une quincaillerie robuste. Vous pouvez choisir des finitions Vinyl-Lam ou bois dur ainsi que des options de mat\u00e9riaux sp\u00e9ciaux pour cette porte \u00e0 double paroi afin de l&rsquo;int\u00e9grer \u00e0 votre espace.<\/span><\/p>\n<div class=\"qodef-section-title-holder qodef-st-standard qodef-st-title-left qodef-st-normal-space \">\n<div class=\"qodef-st-inner\"><\/div>\n<\/div>\n<h4><\/h4>\n","protected":false},"featured_media":10808,"template":"","meta":[],"product_brand":[],"product_cat":[612,593],"product_tag":[],"class_list":{"0":"post-11407","1":"product","2":"type-product","3":"status-publish","4":"has-post-thumbnail","6":"product_cat-murs-accordeon-et-murs-mobiles","7":"product_cat-portes-specialisees","9":"first","10":"instock","11":"taxable","12":"shipping-taxable","13":"product-type-simple"},"yoast_head":"<!-- This site is optimized with the Yoast SEO plugin v27.6 - https:\/\/yoast.com\/product\/yoast-seo-wordpress\/ -->\n<title>S\u00e9rie 3300 - Colico<\/title>\n<meta name=\"robots\" content=\"index, follow, max-snippet:-1, max-image-preview:large, max-video-preview:-1\" \/>\n<link rel=\"canonical\" href=\"https:\/\/colico.ca\/produit\/series-3300\/\" \/>\n<meta property=\"og:locale\" content=\"fr_FR\" \/>\n<meta property=\"og:type\" content=\"article\" \/>\n<meta property=\"og:title\" content=\"S\u00e9rie 3300 - Colico\" \/>\n<meta property=\"og:description\" content=\"Un choix attrayant mais solide pour un contr\u00f4le mod\u00e9r\u00e9 du son et de la temp\u00e9rature.  &nbsp; Un choix attrayant mais solide pour un contr\u00f4le mod\u00e9r\u00e9 du son et de la temp\u00e9rature dans les salles de r\u00e9union, les installations m\u00e9dicales, les institutions religieuses ou tout autre lieu, cette s\u00e9rie est une alternative intelligente aux options similaires et plus ch\u00e8res du march\u00e9. Vous ne sacrifiez pas pour autant la qualit\u00e9. Notre mod\u00e8le 3300 est dot\u00e9 d&#039;un joint p\u00e9riph\u00e9rique, d&#039;une doublure acoustique et d&#039;une quincaillerie robuste. Vous pouvez choisir des finitions Vinyl-Lam ou bois dur ainsi que des options de mat\u00e9riaux sp\u00e9ciaux pour cette porte \u00e0 double paroi afin de l&#039;int\u00e9grer \u00e0 votre espace.\" \/>\n<meta property=\"og:url\" content=\"https:\/\/colico.ca\/produit\/series-3300\/\" \/>\n<meta property=\"og:site_name\" content=\"Colico\" \/>\n<meta property=\"article:modified_time\" content=\"2023-02-09T08:25:43+00:00\" \/>\n<meta property=\"og:image\" content=\"https:\/\/colico.ca\/wp-content\/uploads\/2022\/11\/D032B-S3300-1.jpeg\" \/>\n\t<meta property=\"og:image:width\" content=\"1259\" \/>\n\t<meta property=\"og:image:height\" content=\"1259\" \/>\n\t<meta property=\"og:image:type\" content=\"image\/jpeg\" \/>\n<meta name=\"twitter:card\" content=\"summary_large_image\" \/>\n<script type=\"application\/ld+json\" class=\"yoast-schema-graph\">{\"@context\":\"https:\\\/\\\/schema.org\",\"@graph\":[{\"@type\":\"WebPage\",\"@id\":\"https:\\\/\\\/colico.ca\\\/produit\\\/series-3300\\\/\",\"url\":\"https:\\\/\\\/colico.ca\\\/produit\\\/series-3300\\\/\",\"name\":\"S\u00e9rie 3300 - Colico\",\"isPartOf\":{\"@id\":\"https:\\\/\\\/colico.ca\\\/#website\"},\"primaryImageOfPage\":{\"@id\":\"https:\\\/\\\/colico.ca\\\/produit\\\/series-3300\\\/#primaryimage\"},\"image\":{\"@id\":\"https:\\\/\\\/colico.ca\\\/produit\\\/series-3300\\\/#primaryimage\"},\"thumbnailUrl\":\"https:\\\/\\\/colico.ca\\\/wp-content\\\/uploads\\\/2022\\\/11\\\/D032B-S3300-1.jpeg\",\"datePublished\":\"2022-11-22T16:19:27+00:00\",\"dateModified\":\"2023-02-09T08:25:43+00:00\",\"breadcrumb\":{\"@id\":\"https:\\\/\\\/colico.ca\\\/produit\\\/series-3300\\\/#breadcrumb\"},\"inLanguage\":\"fr-FR\",\"potentialAction\":[{\"@type\":\"ReadAction\",\"target\":[\"https:\\\/\\\/colico.ca\\\/produit\\\/series-3300\\\/\"]}]},{\"@type\":\"ImageObject\",\"inLanguage\":\"fr-FR\",\"@id\":\"https:\\\/\\\/colico.ca\\\/produit\\\/series-3300\\\/#primaryimage\",\"url\":\"https:\\\/\\\/colico.ca\\\/wp-content\\\/uploads\\\/2022\\\/11\\\/D032B-S3300-1.jpeg\",\"contentUrl\":\"https:\\\/\\\/colico.ca\\\/wp-content\\\/uploads\\\/2022\\\/11\\\/D032B-S3300-1.jpeg\",\"width\":1259,\"height\":1259,\"caption\":\"????????????????????????????\"},{\"@type\":\"BreadcrumbList\",\"@id\":\"https:\\\/\\\/colico.ca\\\/produit\\\/series-3300\\\/#breadcrumb\",\"itemListElement\":[{\"@type\":\"ListItem\",\"position\":1,\"name\":\"Home\",\"item\":\"https:\\\/\\\/colico.ca\\\/fr\\\/accueil-principal\\\/\"},{\"@type\":\"ListItem\",\"position\":2,\"name\":\"Boutique\",\"item\":\"https:\\\/\\\/colico.ca\\\/fr\\\/boutique\\\/\"},{\"@type\":\"ListItem\",\"position\":3,\"name\":\"S\u00e9rie 3300\"}]},{\"@type\":\"WebSite\",\"@id\":\"https:\\\/\\\/colico.ca\\\/#website\",\"url\":\"https:\\\/\\\/colico.ca\\\/\",\"name\":\"Colico\",\"description\":\"Produits architecturaux\",\"potentialAction\":[{\"@type\":\"SearchAction\",\"target\":{\"@type\":\"EntryPoint\",\"urlTemplate\":\"https:\\\/\\\/colico.ca\\\/?s={search_term_string}\"},\"query-input\":{\"@type\":\"PropertyValueSpecification\",\"valueRequired\":true,\"valueName\":\"search_term_string\"}}],\"inLanguage\":\"fr-FR\"}]}<\/script>\n<!-- \/ Yoast SEO plugin. -->","yoast_head_json":{"title":"S\u00e9rie 3300 - Colico","robots":{"index":"index","follow":"follow","max-snippet":"max-snippet:-1","max-image-preview":"max-image-preview:large","max-video-preview":"max-video-preview:-1"},"canonical":"https:\/\/colico.ca\/produit\/series-3300\/","og_locale":"fr_FR","og_type":"article","og_title":"S\u00e9rie 3300 - Colico","og_description":"Un choix attrayant mais solide pour un contr\u00f4le mod\u00e9r\u00e9 du son et de la temp\u00e9rature.  &nbsp; Un choix attrayant mais solide pour un contr\u00f4le mod\u00e9r\u00e9 du son et de la temp\u00e9rature dans les salles de r\u00e9union, les installations m\u00e9dicales, les institutions religieuses ou tout autre lieu, cette s\u00e9rie est une alternative intelligente aux options similaires et plus ch\u00e8res du march\u00e9. Vous ne sacrifiez pas pour autant la qualit\u00e9. Notre mod\u00e8le 3300 est dot\u00e9 d'un joint p\u00e9riph\u00e9rique, d'une doublure acoustique et d'une quincaillerie robuste. Vous pouvez choisir des finitions Vinyl-Lam ou bois dur ainsi que des options de mat\u00e9riaux sp\u00e9ciaux pour cette porte \u00e0 double paroi afin de l'int\u00e9grer \u00e0 votre espace.","og_url":"https:\/\/colico.ca\/produit\/series-3300\/","og_site_name":"Colico","article_modified_time":"2023-02-09T08:25:43+00:00","og_image":[{"width":1259,"height":1259,"url":"https:\/\/colico.ca\/wp-content\/uploads\/2022\/11\/D032B-S3300-1.jpeg","type":"image\/jpeg"}],"twitter_card":"summary_large_image","schema":{"@context":"https:\/\/schema.org","@graph":[{"@type":"WebPage","@id":"https:\/\/colico.ca\/produit\/series-3300\/","url":"https:\/\/colico.ca\/produit\/series-3300\/","name":"S\u00e9rie 3300 - Colico","isPartOf":{"@id":"https:\/\/colico.ca\/#website"},"primaryImageOfPage":{"@id":"https:\/\/colico.ca\/produit\/series-3300\/#primaryimage"},"image":{"@id":"https:\/\/colico.ca\/produit\/series-3300\/#primaryimage"},"thumbnailUrl":"https:\/\/colico.ca\/wp-content\/uploads\/2022\/11\/D032B-S3300-1.jpeg","datePublished":"2022-11-22T16:19:27+00:00","dateModified":"2023-02-09T08:25:43+00:00","breadcrumb":{"@id":"https:\/\/colico.ca\/produit\/series-3300\/#breadcrumb"},"inLanguage":"fr-FR","potentialAction":[{"@type":"ReadAction","target":["https:\/\/colico.ca\/produit\/series-3300\/"]}]},{"@type":"ImageObject","inLanguage":"fr-FR","@id":"https:\/\/colico.ca\/produit\/series-3300\/#primaryimage","url":"https:\/\/colico.ca\/wp-content\/uploads\/2022\/11\/D032B-S3300-1.jpeg","contentUrl":"https:\/\/colico.ca\/wp-content\/uploads\/2022\/11\/D032B-S3300-1.jpeg","width":1259,"height":1259,"caption":"????????????????????????????"},{"@type":"BreadcrumbList","@id":"https:\/\/colico.ca\/produit\/series-3300\/#breadcrumb","itemListElement":[{"@type":"ListItem","position":1,"name":"Home","item":"https:\/\/colico.ca\/fr\/accueil-principal\/"},{"@type":"ListItem","position":2,"name":"Boutique","item":"https:\/\/colico.ca\/fr\/boutique\/"},{"@type":"ListItem","position":3,"name":"S\u00e9rie 3300"}]},{"@type":"WebSite","@id":"https:\/\/colico.ca\/#website","url":"https:\/\/colico.ca\/","name":"Colico","description":"Produits architecturaux","potentialAction":[{"@type":"SearchAction","target":{"@type":"EntryPoint","urlTemplate":"https:\/\/colico.ca\/?s={search_term_string}"},"query-input":{"@type":"PropertyValueSpecification","valueRequired":true,"valueName":"search_term_string"}}],"inLanguage":"fr-FR"}]}},"_links":{"self":[{"href":"https:\/\/colico.ca\/fr\/wp-json\/wp\/v2\/product\/11407","targetHints":{"allow":["GET"]}}],"collection":[{"href":"https:\/\/colico.ca\/fr\/wp-json\/wp\/v2\/product"}],"about":[{"href":"https:\/\/colico.ca\/fr\/wp-json\/wp\/v2\/types\/product"}],"wp:featuredmedia":[{"embeddable":true,"href":"https:\/\/colico.ca\/fr\/wp-json\/wp\/v2\/media\/10808"}],"wp:attachment":[{"href":"https:\/\/colico.ca\/fr\/wp-json\/wp\/v2\/media?parent=11407"}],"wp:term":[{"taxonomy":"product_brand","embeddable":true,"href":"https:\/\/colico.ca\/fr\/wp-json\/wp\/v2\/product_brand?post=11407"},{"taxonomy":"product_cat","embeddable":true,"href":"https:\/\/colico.ca\/fr\/wp-json\/wp\/v2\/product_cat?post=11407"},{"taxonomy":"product_tag","embeddable":true,"href":"https:\/\/colico.ca\/fr\/wp-json\/wp\/v2\/product_tag?post=11407"}],"curies":[{"name":"wp","href":"https:\/\/api.w.org\/{rel}","templated":true}]}}