{"id":11401,"date":"2022-11-28T19:24:22","date_gmt":"2022-11-28T19:24:22","guid":{"rendered":"https:\/\/colico.ca\/product\/paroi-operable\/"},"modified":"2023-02-09T08:25:35","modified_gmt":"2023-02-09T08:25:35","slug":"paroi-operable","status":"publish","type":"product","link":"https:\/\/colico.ca\/fr\/produit\/paroi-operable\/","title":{"rendered":"Paroi op\u00e9rable"},"content":{"rendered":"<div class=\"m-prob2 hei\">\n<div class=\"box-item1\">\n<div class=\"bitem-desc1 m-desc\">\n<p><span style=\"color: #ffffff;\">&#8211;<\/span><\/p>\n<p>Panneau de porte \u00e0 cadre en aluminium, chaque panneau est assembl\u00e9 avec un joint magn\u00e9tique m\u00e2le et femelle, pr\u00e9fini avec MDF, vinyle, tissu ou autre finition sp\u00e9cifi\u00e9e. Les panneaux sont fabriqu\u00e9s \u00e0 diff\u00e9rentes hauteurs jusqu&rsquo;\u00e0 17m. Tous les cadres structurels verticaux et horizontaux sont constitu\u00e9s d&rsquo;un profil\u00e9 en aluminium extrud\u00e9, avec une base encliquetable en joint de caoutchouc extrud\u00e9. Les panneaux se soul\u00e8vent dans des rails au sol et au plafond pour former un syst\u00e8me de mur solide et uniforme qui constitue une excellente barri\u00e8re acoustique avec un indice STC de 38 \u00e0 58dB.<\/p>\n<p><strong><img loading=\"lazy\" decoding=\"async\" title=\"Mur mobile\" src=\"https:\/\/www.neuwall.com\/data\/upload\/ueditor\/20210323\/60595de3ea747.jpg\" alt=\"Mur mobile\" width=\"1009\" height=\"363\"><\/strong><\/p>\n<\/div>\n<\/div>\n<div class=\"box-item1\">\n<h4 class=\"bitem-title1 m-prott\"><strong>Comment fonctionne notre produit<\/strong><\/h4>\n<p>Le panneau est con\u00e7u en mode languette et rainure et sa finition de surface peut \u00eatre faite de panneaux stratifi\u00e9s pr\u00e9cis, de placage de bois pr\u00e9fini, de tissu ou d&rsquo;autres mat\u00e9riaux sp\u00e9cifi\u00e9s par les clients. La cloison mobile est \u00e9galement \u00e9quip\u00e9e d&rsquo;un cadre ext\u00e9rieur vertical et horizontal fabriqu\u00e9 \u00e0 partir de profils en aluminium extrud\u00e9. Les joints d&rsquo;\u00e9tanch\u00e9it\u00e9 r\u00e9tractables en vinyle install\u00e9s en haut et en bas du panneau peuvent sceller herm\u00e9tiquement les espaces entre le panneau et les rails sup\u00e9rieurs et inf\u00e9rieurs, contribuant ainsi \u00e0 former un mur \u00e9tanche et \u00e9quilibr\u00e9 qui bloque la propagation des ondes sonores. L&rsquo;effet d&rsquo;isolation acoustique peut atteindre 35 \u00e0 58 dB.<\/p>\n<p><img loading=\"lazy\" decoding=\"async\" title=\"Mur mobile\" src=\"https:\/\/www.neuwall.com\/data\/upload\/ueditor\/20220308\/62271f192910b.jpg\" alt=\"Mur mobile\" width=\"1131\" height=\"260\"><\/p>\n<p>De plus, nous concevons une configuration de verrouillage simple. La poign\u00e9e de commande d\u00e9montable permettant une rotation de 180\u00b0 commande l&rsquo;extrusion et la r\u00e9traction des joints \u00e0 pression r\u00e9tractables.<\/p>\n<h4><\/h4>\n<h4><strong>Panneau t\u00e9lescopique<\/strong><\/h4>\n<p>Gr\u00e2ce au manchon d&rsquo;extension du dernier panneau, la fermeture d\u00e9finitive de la cloison est r\u00e9alis\u00e9e. Pendant ce temps, les bandes d&rsquo;\u00e9tanch\u00e9it\u00e9 en caoutchouc sur le haut et le bas du panneau t\u00e9lescopique peuvent s&rsquo;\u00e9tendre simultan\u00e9ment aux espaces sup\u00e9rieurs et inf\u00e9rieurs, et la bande d&rsquo;\u00e9tanch\u00e9it\u00e9 en caoutchouc lat\u00e9rale sera \u00e9troitement ferm\u00e9e au mur, atteignant ainsi l&rsquo;effet global d&rsquo;isolation sonore.<\/p>\n<p><img loading=\"lazy\" decoding=\"async\" title=\"Mur mobile\" src=\"https:\/\/www.neuwall.com\/data\/upload\/ueditor\/20210323\/60595e8e5970b.jpg\" alt=\"Mur mobile\" width=\"1132\" height=\"322\"><\/p>\n<p>&nbsp;<\/p>\n<h4><strong>Op\u00e9ration<\/strong><\/h4>\n<p>Il y aura un \u00e9cart de 20 \u00e0 25 mm entre le haut des panneaux et le bas du rail de t\u00eate lorsque les panneaux muraux seront d\u00e9plac\u00e9s.De m\u00eame, l&rsquo;\u00e9cart existe \u00e9galement entre le bas des panneaux et le sol.En installant les joints de pression r\u00e9tractables sur le haut et le bas des panneaux, on obtient un excellent effet d&rsquo;isolation acoustique lorsque les panneaux sont positionn\u00e9s.<\/p>\n<p>Les joints \u00e0 pression sont actionn\u00e9s par une poign\u00e9e d\u00e9montable permettant une rotation de 180\u00b0 pour r\u00e9aliser l&rsquo;extrusion et la r\u00e9traction. L&rsquo;effet global d&rsquo;isolation acoustique peut \u00eatre obtenu gr\u00e2ce au manchon d&rsquo;extension du dernier panneau et \u00e0 l&rsquo;\u00e9tanch\u00e9it\u00e9 des joints sup\u00e9rieurs et inf\u00e9rieurs.<\/p>\n<h4><\/h4>\n<h4><strong>Finition<\/strong><\/h4>\n<p>Les finitions d\u00e9coratives pr\u00e9sent\u00e9es sont des mod\u00e8les standard. Nous proposons \u00e9galement d&rsquo;autres types de finition, comme le placage en bois naturel, le rev\u00eatement mural, etc. Veuillez nous contacter pour obtenir des informations plus d\u00e9taill\u00e9es.<\/p>\n<p><img loading=\"lazy\" decoding=\"async\" title=\"Mur mobile\" src=\"https:\/\/www.neuwall.com\/data\/upload\/ueditor\/20210323\/605964c9773b2.jpg\" alt=\"Mur mobile\" width=\"1131\" height=\"381\"><\/p>\n<p><strong>  MDF ou contreplaqu\u00e9 Feuille de m\u00e9lamine Tissu tiss\u00e9<\/strong><\/p>\n<p>&nbsp;<\/p>\n<h4><strong>Empilage de panneaux<\/strong><\/h4>\n<p>Les panneaux \u00e0 double rouleau peuvent \u00eatre empil\u00e9s dans diverses positions. Pour les panneaux avec un seul rouleau, le stationnement sur un ou plusieurs c\u00f4t\u00e9s de l&rsquo;ouverture est possible.<\/p>\n<p><img loading=\"lazy\" decoding=\"async\" title=\"Mur mobile\" src=\"https:\/\/www.neuwall.com\/data\/upload\/ueditor\/20210323\/60596bf6cb340.jpg\" alt=\"Mur mobile\" width=\"1130\" height=\"304\"><\/p>\n<\/div>\n<div class=\"box-item1\">\n<p class=\"bitem-title1 m-prott\">Option de panneau<\/p>\n<div class=\"bitem-desc1 m-desc\">\n<p><img loading=\"lazy\" decoding=\"async\" title=\"Mur mobile\" src=\"https:\/\/www.neuwall.com\/data\/upload\/ueditor\/20210323\/60596c37a0c59.jpg\" alt=\"Mur mobile\" width=\"1131\" height=\"450\"><\/p>\n<\/div>\n<\/div>\n<div class=\"box-item1\">\n<h4 class=\"bitem-title1 m-prott\"><strong>CHOIX DES PRODUITS<\/strong><\/h4>\n<p><img loading=\"lazy\" decoding=\"async\" class=\"alignnone wp-image-9450 size-large\" src=\"https:\/\/colico.ca\/wp-content\/uploads\/2022\/11\/Capture-decran-le-2022-11-28-a-14.28.48-1024x768.png\" alt=\"\" width=\"1024\" height=\"768\" srcset=\"https:\/\/colico.ca\/wp-content\/uploads\/2022\/11\/Capture-decran-le-2022-11-28-a-14.28.48-1024x768.png 1024w, https:\/\/colico.ca\/wp-content\/uploads\/2022\/11\/Capture-decran-le-2022-11-28-a-14.28.48-300x225.png 300w, https:\/\/colico.ca\/wp-content\/uploads\/2022\/11\/Capture-decran-le-2022-11-28-a-14.28.48-768x576.png 768w, https:\/\/colico.ca\/wp-content\/uploads\/2022\/11\/Capture-decran-le-2022-11-28-a-14.28.48-600x450.png 600w, https:\/\/colico.ca\/wp-content\/uploads\/2022\/11\/Capture-decran-le-2022-11-28-a-14.28.48.png 1208w\" sizes=\"auto, (max-width: 1024px) 100vw, 1024px\" \/><\/p>\n<\/div>\n<\/div>\n","protected":false},"excerpt":{"rendered":"<p class=\"prob-info-name\">Syst\u00e8me de mur mobile suspendu par le haut avec des panneaux individuels ou par paires, actionn\u00e9s par des charni\u00e8res et s&#8217;embo\u00eetant les uns dans les autres, avec un joint r\u00e9tractable en haut et en bas qui bloque le panneau en position, pr\u00e9fini avec du MDF, du vinyle, du tissu ou toute autre finition sp\u00e9cifi\u00e9e.<\/p>\n<div class=\"prob-info-desc\">\n<h4><strong>4 mod\u00e8les sont disponibles en fonction de la hauteur et de l&rsquo;exigence d&rsquo;insonorisation sur le site.<\/strong><\/h4>\n<ul>\n<li>NW821&#8212;-65mm d&rsquo;\u00e9paisseur de mur pour une hauteur inf\u00e9rieure \u00e0 3m, 35dB-38dB de taux d&rsquo;isolation sonore.<\/li>\n<li>NW835&#8212;-88mm d&rsquo;\u00e9paisseur de paroi pour une hauteur inf\u00e9rieure \u00e04,5m,43dB-48dB de taux d&rsquo;isolation acoustique.<\/li>\n<li>NW840&#8212;-100mm d&rsquo;\u00e9paisseur de mur pour une hauteur inf\u00e9rieure \u00e0 6m, 48dB-55dB de taux d&rsquo;isolation sonore.<\/li>\n<li>NW-125&#8212; Mod\u00e8le ultra-haut pour une hauteur de 6m \u00e0 18m, taux d&rsquo;isolation sonore de 48dB-53dB.<\/li>\n<\/ul>\n<\/div>\n","protected":false},"featured_media":10831,"template":"","meta":[],"product_brand":[],"product_cat":[617,593],"product_tag":[],"class_list":{"0":"post-11401","1":"product","2":"type-product","3":"status-publish","4":"has-post-thumbnail","6":"product_cat-paroi-operable","7":"product_cat-portes-specialisees","9":"first","10":"instock","11":"taxable","12":"shipping-taxable","13":"product-type-simple"},"yoast_head":"<!-- This site is optimized with the Yoast SEO plugin v27.5 - https:\/\/yoast.com\/product\/yoast-seo-wordpress\/ -->\n<title>Paroi op\u00e9rable - Colico<\/title>\n<meta name=\"robots\" content=\"index, follow, max-snippet:-1, max-image-preview:large, max-video-preview:-1\" \/>\n<link rel=\"canonical\" href=\"https:\/\/colico.ca\/fr\/produit\/paroi-operable\/\" \/>\n<meta property=\"og:locale\" content=\"fr_FR\" \/>\n<meta property=\"og:type\" content=\"article\" \/>\n<meta property=\"og:title\" content=\"Paroi op\u00e9rable - Colico\" \/>\n<meta property=\"og:description\" content=\"Syst\u00e8me de mur mobile suspendu par le haut avec des panneaux individuels ou par paires, actionn\u00e9s par des charni\u00e8res et s&#039;embo\u00eetant les uns dans les autres, avec un joint r\u00e9tractable en haut et en bas qui bloque le panneau en position, pr\u00e9fini avec du MDF, du vinyle, du tissu ou toute autre finition sp\u00e9cifi\u00e9e.  4 mod\u00e8les sont disponibles en fonction de la hauteur et de l&#039;exigence d&#039;insonorisation sur le site.  NW821----65mm d&#039;\u00e9paisseur de mur pour une hauteur inf\u00e9rieure \u00e0 3m, 35dB-38dB de taux d&#039;isolation sonore.  NW835----88mm d&#039;\u00e9paisseur de paroi pour une hauteur inf\u00e9rieure \u00e04,5m,43dB-48dB de taux d&#039;isolation acoustique.  NW840----100mm d&#039;\u00e9paisseur de mur pour une hauteur inf\u00e9rieure \u00e0 6m, 48dB-55dB de taux d&#039;isolation sonore.  NW-125--- Mod\u00e8le ultra-haut pour une hauteur de 6m \u00e0 18m, taux d&#039;isolation sonore de 48dB-53dB.\" \/>\n<meta property=\"og:url\" content=\"https:\/\/colico.ca\/fr\/produit\/paroi-operable\/\" \/>\n<meta property=\"og:site_name\" content=\"Colico\" \/>\n<meta property=\"article:modified_time\" content=\"2023-02-09T08:25:35+00:00\" \/>\n<meta property=\"og:image\" content=\"https:\/\/colico.ca\/wp-content\/uploads\/2022\/11\/Movable-Wall-3.jpeg\" \/>\n\t<meta property=\"og:image:width\" content=\"686\" \/>\n\t<meta property=\"og:image:height\" content=\"685\" \/>\n\t<meta property=\"og:image:type\" content=\"image\/jpeg\" \/>\n<meta name=\"twitter:card\" content=\"summary_large_image\" \/>\n<meta name=\"twitter:label1\" content=\"Dur\u00e9e de lecture estim\u00e9e\" \/>\n\t<meta name=\"twitter:data1\" content=\"3 minutes\" \/>\n<script type=\"application\/ld+json\" class=\"yoast-schema-graph\">{\"@context\":\"https:\\\/\\\/schema.org\",\"@graph\":[{\"@type\":\"WebPage\",\"@id\":\"https:\\\/\\\/colico.ca\\\/fr\\\/produit\\\/paroi-operable\\\/\",\"url\":\"https:\\\/\\\/colico.ca\\\/fr\\\/produit\\\/paroi-operable\\\/\",\"name\":\"Paroi op\u00e9rable - Colico\",\"isPartOf\":{\"@id\":\"https:\\\/\\\/colico.ca\\\/#website\"},\"primaryImageOfPage\":{\"@id\":\"https:\\\/\\\/colico.ca\\\/fr\\\/produit\\\/paroi-operable\\\/#primaryimage\"},\"image\":{\"@id\":\"https:\\\/\\\/colico.ca\\\/fr\\\/produit\\\/paroi-operable\\\/#primaryimage\"},\"thumbnailUrl\":\"https:\\\/\\\/colico.ca\\\/wp-content\\\/uploads\\\/2022\\\/11\\\/Movable-Wall-3.jpeg\",\"datePublished\":\"2022-11-28T19:24:22+00:00\",\"dateModified\":\"2023-02-09T08:25:35+00:00\",\"breadcrumb\":{\"@id\":\"https:\\\/\\\/colico.ca\\\/fr\\\/produit\\\/paroi-operable\\\/#breadcrumb\"},\"inLanguage\":\"fr-FR\",\"potentialAction\":[{\"@type\":\"ReadAction\",\"target\":[\"https:\\\/\\\/colico.ca\\\/fr\\\/produit\\\/paroi-operable\\\/\"]}]},{\"@type\":\"ImageObject\",\"inLanguage\":\"fr-FR\",\"@id\":\"https:\\\/\\\/colico.ca\\\/fr\\\/produit\\\/paroi-operable\\\/#primaryimage\",\"url\":\"https:\\\/\\\/colico.ca\\\/wp-content\\\/uploads\\\/2022\\\/11\\\/Movable-Wall-3.jpeg\",\"contentUrl\":\"https:\\\/\\\/colico.ca\\\/wp-content\\\/uploads\\\/2022\\\/11\\\/Movable-Wall-3.jpeg\",\"width\":686,\"height\":685,\"caption\":\"Movable Wall 3\"},{\"@type\":\"BreadcrumbList\",\"@id\":\"https:\\\/\\\/colico.ca\\\/fr\\\/produit\\\/paroi-operable\\\/#breadcrumb\",\"itemListElement\":[{\"@type\":\"ListItem\",\"position\":1,\"name\":\"Home\",\"item\":\"https:\\\/\\\/colico.ca\\\/fr\\\/accueil-principal\\\/\"},{\"@type\":\"ListItem\",\"position\":2,\"name\":\"Boutique\",\"item\":\"https:\\\/\\\/colico.ca\\\/fr\\\/boutique\\\/\"},{\"@type\":\"ListItem\",\"position\":3,\"name\":\"Paroi op\u00e9rable\"}]},{\"@type\":\"WebSite\",\"@id\":\"https:\\\/\\\/colico.ca\\\/#website\",\"url\":\"https:\\\/\\\/colico.ca\\\/\",\"name\":\"Colico\",\"description\":\"Produits architecturaux\",\"potentialAction\":[{\"@type\":\"SearchAction\",\"target\":{\"@type\":\"EntryPoint\",\"urlTemplate\":\"https:\\\/\\\/colico.ca\\\/?s={search_term_string}\"},\"query-input\":{\"@type\":\"PropertyValueSpecification\",\"valueRequired\":true,\"valueName\":\"search_term_string\"}}],\"inLanguage\":\"fr-FR\"}]}<\/script>\n<!-- \/ Yoast SEO plugin. -->","yoast_head_json":{"title":"Paroi op\u00e9rable - Colico","robots":{"index":"index","follow":"follow","max-snippet":"max-snippet:-1","max-image-preview":"max-image-preview:large","max-video-preview":"max-video-preview:-1"},"canonical":"https:\/\/colico.ca\/fr\/produit\/paroi-operable\/","og_locale":"fr_FR","og_type":"article","og_title":"Paroi op\u00e9rable - Colico","og_description":"Syst\u00e8me de mur mobile suspendu par le haut avec des panneaux individuels ou par paires, actionn\u00e9s par des charni\u00e8res et s'embo\u00eetant les uns dans les autres, avec un joint r\u00e9tractable en haut et en bas qui bloque le panneau en position, pr\u00e9fini avec du MDF, du vinyle, du tissu ou toute autre finition sp\u00e9cifi\u00e9e.  4 mod\u00e8les sont disponibles en fonction de la hauteur et de l'exigence d'insonorisation sur le site.  NW821----65mm d'\u00e9paisseur de mur pour une hauteur inf\u00e9rieure \u00e0 3m, 35dB-38dB de taux d'isolation sonore.  NW835----88mm d'\u00e9paisseur de paroi pour une hauteur inf\u00e9rieure \u00e04,5m,43dB-48dB de taux d'isolation acoustique.  NW840----100mm d'\u00e9paisseur de mur pour une hauteur inf\u00e9rieure \u00e0 6m, 48dB-55dB de taux d'isolation sonore.  NW-125--- Mod\u00e8le ultra-haut pour une hauteur de 6m \u00e0 18m, taux d'isolation sonore de 48dB-53dB.","og_url":"https:\/\/colico.ca\/fr\/produit\/paroi-operable\/","og_site_name":"Colico","article_modified_time":"2023-02-09T08:25:35+00:00","og_image":[{"width":686,"height":685,"url":"https:\/\/colico.ca\/wp-content\/uploads\/2022\/11\/Movable-Wall-3.jpeg","type":"image\/jpeg"}],"twitter_card":"summary_large_image","twitter_misc":{"Dur\u00e9e de lecture estim\u00e9e":"3 minutes"},"schema":{"@context":"https:\/\/schema.org","@graph":[{"@type":"WebPage","@id":"https:\/\/colico.ca\/fr\/produit\/paroi-operable\/","url":"https:\/\/colico.ca\/fr\/produit\/paroi-operable\/","name":"Paroi op\u00e9rable - Colico","isPartOf":{"@id":"https:\/\/colico.ca\/#website"},"primaryImageOfPage":{"@id":"https:\/\/colico.ca\/fr\/produit\/paroi-operable\/#primaryimage"},"image":{"@id":"https:\/\/colico.ca\/fr\/produit\/paroi-operable\/#primaryimage"},"thumbnailUrl":"https:\/\/colico.ca\/wp-content\/uploads\/2022\/11\/Movable-Wall-3.jpeg","datePublished":"2022-11-28T19:24:22+00:00","dateModified":"2023-02-09T08:25:35+00:00","breadcrumb":{"@id":"https:\/\/colico.ca\/fr\/produit\/paroi-operable\/#breadcrumb"},"inLanguage":"fr-FR","potentialAction":[{"@type":"ReadAction","target":["https:\/\/colico.ca\/fr\/produit\/paroi-operable\/"]}]},{"@type":"ImageObject","inLanguage":"fr-FR","@id":"https:\/\/colico.ca\/fr\/produit\/paroi-operable\/#primaryimage","url":"https:\/\/colico.ca\/wp-content\/uploads\/2022\/11\/Movable-Wall-3.jpeg","contentUrl":"https:\/\/colico.ca\/wp-content\/uploads\/2022\/11\/Movable-Wall-3.jpeg","width":686,"height":685,"caption":"Movable Wall 3"},{"@type":"BreadcrumbList","@id":"https:\/\/colico.ca\/fr\/produit\/paroi-operable\/#breadcrumb","itemListElement":[{"@type":"ListItem","position":1,"name":"Home","item":"https:\/\/colico.ca\/fr\/accueil-principal\/"},{"@type":"ListItem","position":2,"name":"Boutique","item":"https:\/\/colico.ca\/fr\/boutique\/"},{"@type":"ListItem","position":3,"name":"Paroi op\u00e9rable"}]},{"@type":"WebSite","@id":"https:\/\/colico.ca\/#website","url":"https:\/\/colico.ca\/","name":"Colico","description":"Produits architecturaux","potentialAction":[{"@type":"SearchAction","target":{"@type":"EntryPoint","urlTemplate":"https:\/\/colico.ca\/?s={search_term_string}"},"query-input":{"@type":"PropertyValueSpecification","valueRequired":true,"valueName":"search_term_string"}}],"inLanguage":"fr-FR"}]}},"_links":{"self":[{"href":"https:\/\/colico.ca\/fr\/wp-json\/wp\/v2\/product\/11401","targetHints":{"allow":["GET"]}}],"collection":[{"href":"https:\/\/colico.ca\/fr\/wp-json\/wp\/v2\/product"}],"about":[{"href":"https:\/\/colico.ca\/fr\/wp-json\/wp\/v2\/types\/product"}],"wp:featuredmedia":[{"embeddable":true,"href":"https:\/\/colico.ca\/fr\/wp-json\/wp\/v2\/media\/10831"}],"wp:attachment":[{"href":"https:\/\/colico.ca\/fr\/wp-json\/wp\/v2\/media?parent=11401"}],"wp:term":[{"taxonomy":"product_brand","embeddable":true,"href":"https:\/\/colico.ca\/fr\/wp-json\/wp\/v2\/product_brand?post=11401"},{"taxonomy":"product_cat","embeddable":true,"href":"https:\/\/colico.ca\/fr\/wp-json\/wp\/v2\/product_cat?post=11401"},{"taxonomy":"product_tag","embeddable":true,"href":"https:\/\/colico.ca\/fr\/wp-json\/wp\/v2\/product_tag?post=11401"}],"curies":[{"name":"wp","href":"https:\/\/api.w.org\/{rel}","templated":true}]}}