{"id":11399,"date":"2022-11-28T19:00:27","date_gmt":"2022-11-28T19:00:27","guid":{"rendered":"https:\/\/colico.ca\/product\/mur-operable-ultra-haut\/"},"modified":"2023-02-09T08:25:26","modified_gmt":"2023-02-09T08:25:26","slug":"mur-operable-ultra-haut","status":"publish","type":"product","link":"https:\/\/colico.ca\/fr\/produit\/mur-operable-ultra-haut\/","title":{"rendered":"Mur op\u00e9rable ultra-haut"},"content":{"rendered":"<div class=\"g-hd\">\n<div><span style=\"color: #ffffff;\">&#8211;<\/span><\/div>\n<div><span style=\"color: #ffffff;\">&#8211;<\/span><\/div>\n<div><\/div>\n<div><img loading=\"lazy\" decoding=\"async\" title=\"Cloisons de s\u00e9paration mobiles de tr\u00e8s haute qualit\u00e9\" src=\"https:\/\/www.neuwall.com\/data\/upload\/ueditor\/20210325\/605c42c77bde9.jpg\" alt=\"Cloisons de s\u00e9paration mobiles de tr\u00e8s haute qualit\u00e9\" width=\"1135\" height=\"359\"><\/div>\n<div>\n<div><span style=\"color: #ffffff;\">&#8211;<\/span><\/div>\n<div><span style=\"color: #ffffff;\">&#8211;<\/span><\/div>\n<\/div>\n<\/div>\n<div class=\"g-bd g-bd2 c-bg2\">\n<div class=\"g-wp g-wp1 f-box\">\n<div class=\"m-prob2 hei\">\n<div class=\"box-item1\">\n<h4 class=\"bitem-title1 m-prott\"><strong>Comment fonctionne notre produit<\/strong><\/h4>\n<p>Le panneau est con\u00e7u en mode languette et rainure et sa finition de surface peut \u00eatre faite de panneaux stratifi\u00e9s pr\u00e9cis, de placage de bois pr\u00e9fini, de tissu ou d&rsquo;autres mat\u00e9riaux sp\u00e9cifi\u00e9s par les clients. La cloison mobile est \u00e9galement \u00e9quip\u00e9e d&rsquo;un cadre ext\u00e9rieur vertical et horizontal fabriqu\u00e9 \u00e0 partir de profils en aluminium extrud\u00e9. Les joints d&rsquo;\u00e9tanch\u00e9it\u00e9 r\u00e9tractables en vinyle install\u00e9s en haut et en bas du panneau peuvent sceller herm\u00e9tiquement les espaces entre le panneau et les rails sup\u00e9rieurs et inf\u00e9rieurs, contribuant ainsi \u00e0 former un mur \u00e9tanche et \u00e9quilibr\u00e9 qui bloque la propagation des ondes sonores. L&rsquo;effet d&rsquo;isolation acoustique peut atteindre 35 \u00e0 58 dB.<\/p>\n<p><img loading=\"lazy\" decoding=\"async\" title=\"Cloisons de s\u00e9paration mobiles de tr\u00e8s haute qualit\u00e9\" src=\"https:\/\/www.neuwall.com\/data\/upload\/ueditor\/20210325\/605c4340b879e.jpg\" alt=\"Cloisons de s\u00e9paration mobiles de tr\u00e8s haute qualit\u00e9\" width=\"1104\" height=\"617\"><\/p>\n<h4><strong>Joints \u00e0 pression r\u00e9tractables<\/strong><\/h4>\n<p>1Le panneau, une fois positionn\u00e9, r\u00e9alise un effet d&rsquo;\u00e9tanch\u00e9it\u00e9 gr\u00e2ce \u00e0 des joints de pression r\u00e9tractables. Les joints peuvent \u00eatre facilement contr\u00f4l\u00e9s ou verrouill\u00e9s par une simple op\u00e9ration sur place, ce qui signifie que les utilisateurs peuvent tourner la poign\u00e9e de commande \u00e0 hauteur de la taille pour extraire les joints \u00e0 pression. La poign\u00e9e de notre cloison est une barre de verrouillage ins\u00e9r\u00e9e \u00e0 1m du bord du panneau et les joints sup\u00e9rieurs et inf\u00e9rieurs peuvent \u00eatre contr\u00f4l\u00e9s simultan\u00e9ment. Il est important que les joints de pression insonorisants puissent \u00eatre correctement \u00e9tendus pour obtenir un excellent effet d&rsquo;isolation sonore.<\/p>\n<p><img loading=\"lazy\" decoding=\"async\" title=\"Cloisons de s\u00e9paration mobiles de tr\u00e8s haute qualit\u00e9\" src=\"https:\/\/www.neuwall.com\/data\/upload\/ueditor\/20211231\/61ce80316fd29.jpg\" alt=\"Cloisons de s\u00e9paration mobiles de tr\u00e8s haute qualit\u00e9\" width=\"1119\" height=\"262\"><\/p>\n<h4><\/h4>\n<h4><strong>Op\u00e9ration<\/strong><\/h4>\n<p>Il y aura un espace de 20-25mm entre le haut des panneaux et le bas du rail de t\u00eate lorsque les panneaux muraux sont d\u00e9plac\u00e9s.De m\u00eame, l&rsquo;espace existe \u00e9galement entre le bas des panneaux et le sol.En installant les joints de pression r\u00e9tractables sur le haut et le bas des panneaux, un excellent effet d&rsquo;isolation sonore est obtenu lorsque les panneaux sont positionn\u00e9s.Les joints de pression sont actionn\u00e9s par une poign\u00e9e d\u00e9montable permettant une rotation de 180\u00b0 pour r\u00e9aliser l&rsquo;extrusion et la r\u00e9traction. L&rsquo;effet global d&rsquo;isolation acoustique peut \u00eatre obtenu gr\u00e2ce au manchon d&rsquo;extension du dernier panneau et \u00e0 l&rsquo;\u00e9tanch\u00e9it\u00e9 des joints sup\u00e9rieurs et inf\u00e9rieurs.<\/p>\n<h4><\/h4>\n<h4><strong>Panneau t\u00e9lescopique<\/strong><\/h4>\n<p>Gr\u00e2ce au manchon d&rsquo;extension du dernier panneau, la fermeture d\u00e9finitive de la cloison est r\u00e9alis\u00e9e. Pendant ce temps, les bandes d&rsquo;\u00e9tanch\u00e9it\u00e9 en caoutchouc sur le haut et le bas du panneau t\u00e9lescopique peuvent s&rsquo;\u00e9tendre simultan\u00e9ment aux espaces sup\u00e9rieurs et inf\u00e9rieurs, et la bande d&rsquo;\u00e9tanch\u00e9it\u00e9 en caoutchouc lat\u00e9rale sera \u00e9troitement ferm\u00e9e au mur, atteignant ainsi l&rsquo;effet global d&rsquo;isolation sonore.<\/p>\n<p><img loading=\"lazy\" decoding=\"async\" title=\"Cloisons de s\u00e9paration mobiles de tr\u00e8s haute qualit\u00e9\" src=\"https:\/\/www.neuwall.com\/data\/upload\/ueditor\/20210325\/605c4552b9b72.jpg\" alt=\"Cloisons de s\u00e9paration mobiles de tr\u00e8s haute qualit\u00e9\" width=\"1128\" height=\"412\"><\/p>\n<h4><\/h4>\n<h4><strong>Bande d&rsquo;\u00e9tanch\u00e9it\u00e9 en caoutchouc.<\/strong><\/h4>\n<p>La bande d&rsquo;\u00e9tanch\u00e9it\u00e9 en caoutchouc est utilis\u00e9e pour sceller l&rsquo;espace entre le haut du produit et le rail ainsi que l&rsquo;espace entre le bas du produit et le sol. Il s&rsquo;agit d&rsquo;une barri\u00e8re acoustique r\u00e9pandue et efficace.<\/p>\n<p><img loading=\"lazy\" decoding=\"async\" title=\"Cloisons de s\u00e9paration mobiles de tr\u00e8s haute qualit\u00e9\" src=\"https:\/\/www.neuwall.com\/data\/upload\/ueditor\/20210325\/605c45a94c85c.jpg\" alt=\"Cloisons de s\u00e9paration mobiles de tr\u00e8s haute qualit\u00e9\" width=\"1121\" height=\"260\"><\/p>\n<h4><\/h4>\n<h4><strong>Scellement de panneaux<\/strong><\/h4>\n<p>L&rsquo;\u00e9tanch\u00e9it\u00e9 des panneaux adjacents est assur\u00e9e par les profil\u00e9s de jonction m\u00e2le et femelle incrust\u00e9s, dans lesquels nous \u00e9quipons une bande magn\u00e9tique pour assurer l&#8217;embo\u00eetement \u00e9tanche entre les panneaux de la cloison.<\/p>\n<p><img loading=\"lazy\" decoding=\"async\" title=\"Cloisons de s\u00e9paration mobiles de tr\u00e8s haute qualit\u00e9\" src=\"https:\/\/www.neuwall.com\/data\/upload\/ueditor\/20211231\/61ce81e12a21f.jpg\" alt=\"Cloisons de s\u00e9paration mobiles de tr\u00e8s haute qualit\u00e9\" width=\"1119\" height=\"322\"><\/p>\n<h4><\/h4>\n<h4><strong>Finition<\/strong><\/h4>\n<p>Les finitions d\u00e9coratives pr\u00e9sent\u00e9es sont des mod\u00e8les standard. Nous proposons \u00e9galement d&rsquo;autres types de finition, comme le placage en bois naturel, le rev\u00eatement mural, etc. Veuillez nous contacter pour obtenir des informations plus d\u00e9taill\u00e9es.<\/p>\n<p><img loading=\"lazy\" decoding=\"async\" title=\"Cloisons de s\u00e9paration mobiles de tr\u00e8s haute qualit\u00e9\" src=\"https:\/\/www.neuwall.com\/data\/upload\/ueditor\/20210325\/605c50753b808.jpg\" alt=\"Cloisons de s\u00e9paration mobiles de tr\u00e8s haute qualit\u00e9\" width=\"1129\" height=\"350\"><\/p>\n<h4><\/h4>\n<h4><strong>Construction<\/strong><\/h4>\n<p>Le panneau mural est de construction double peau avec un cadre ext\u00e9rieur solide en aluminium.<\/p>\n<p><img loading=\"lazy\" decoding=\"async\" title=\"Cloisons de s\u00e9paration mobiles de tr\u00e8s haute qualit\u00e9\" src=\"https:\/\/www.neuwall.com\/data\/upload\/ueditor\/20210325\/605c51bac4757.jpg\" alt=\"Cloisons de s\u00e9paration mobiles de tr\u00e8s haute qualit\u00e9\" width=\"1122\" height=\"263\"><\/p>\n<h4><\/h4>\n<h4><strong>Empilage de panneaux<\/strong><\/h4>\n<p>Les panneaux \u00e0 double rouleau peuvent \u00eatre empil\u00e9s dans diverses positions. Pour les panneaux avec un seul rouleau, le stationnement sur un ou plusieurs c\u00f4t\u00e9s de l&rsquo;ouverture est possible.<\/p>\n<p><img loading=\"lazy\" decoding=\"async\" title=\"Cloisons de s\u00e9paration mobiles de tr\u00e8s haute qualit\u00e9\" src=\"https:\/\/www.neuwall.com\/data\/upload\/ueditor\/20210325\/605c52144b28b.jpg\" alt=\"Cloisons de s\u00e9paration mobiles de tr\u00e8s haute qualit\u00e9\" width=\"1103\" height=\"389\"><\/p>\n<\/div>\n<div class=\"box-item1\">\n<h4><\/h4>\n<h4 class=\"bitem-title1 m-prott\"><strong>Option de panneau<\/strong><\/h4>\n<p><img loading=\"lazy\" decoding=\"async\" class=\"alignnone wp-image-9447 size-large\" src=\"https:\/\/colico.ca\/wp-content\/uploads\/2022\/11\/Info-A-836x1024.jpeg\" alt=\"\" width=\"836\" height=\"1024\" srcset=\"https:\/\/colico.ca\/wp-content\/uploads\/2022\/11\/Info-A-836x1024.jpeg 836w, https:\/\/colico.ca\/wp-content\/uploads\/2022\/11\/Info-A-245x300.jpeg 245w, https:\/\/colico.ca\/wp-content\/uploads\/2022\/11\/Info-A-768x941.jpeg 768w, https:\/\/colico.ca\/wp-content\/uploads\/2022\/11\/Info-A-1254x1536.jpeg 1254w, https:\/\/colico.ca\/wp-content\/uploads\/2022\/11\/Info-A-600x735.jpeg 600w, https:\/\/colico.ca\/wp-content\/uploads\/2022\/11\/Info-A.jpeg 1420w\" sizes=\"auto, (max-width: 836px) 100vw, 836px\" \/><\/p>\n<\/div>\n<\/div>\n<\/div>\n<\/div>\n","protected":false},"excerpt":{"rendered":"<p>Con\u00e7u pour les cloisons mobiles d&rsquo;une hauteur de 7 \u00e0 16 m avec un taux d&rsquo;insonorisation maximal de 53 dB. La charge support\u00e9e par chaque m\u00e8tre est sup\u00e9rieure \u00e0 2000 kilogrammes, la charge support\u00e9e par la poulie est sup\u00e9rieure \u00e0 1600 KGS. Elle est utilis\u00e9e dans les grands espaces, tels que les salles de banquet, les salles multifonctions, les centres d&rsquo;exposition, les gymnases et les salles de conf\u00e9rence. La cloison de type ultra-haut est un syst\u00e8me d&rsquo;accrochage par le haut, la roue d&rsquo;accrochage glisse dans le rail de mani\u00e8re fluide et stable sans vibration, la cloison de 16 m\u00e8tres de haut peut \u00eatre facilement d\u00e9plac\u00e9e m\u00eame si elle est pouss\u00e9e \u00e0 hauteur de la taille. Avec un dispositif oriental int\u00e9gr\u00e9, le panneau peut faire un tour automatiquement en glissant dans le rail droit.<\/p>\n<p>&nbsp;<\/p>\n<p>&nbsp;<\/p>\n","protected":false},"featured_media":10820,"template":"","meta":[],"product_brand":[],"product_cat":[617,593],"product_tag":[],"class_list":{"0":"post-11399","1":"product","2":"type-product","3":"status-publish","4":"has-post-thumbnail","6":"product_cat-paroi-operable","7":"product_cat-portes-specialisees","9":"first","10":"instock","11":"taxable","12":"shipping-taxable","13":"product-type-simple"},"yoast_head":"<!-- This site is optimized with the Yoast SEO plugin v27.5 - https:\/\/yoast.com\/product\/yoast-seo-wordpress\/ -->\n<title>Mur op\u00e9rable ultra-haut - Colico<\/title>\n<meta name=\"robots\" content=\"index, follow, max-snippet:-1, max-image-preview:large, max-video-preview:-1\" \/>\n<link rel=\"canonical\" href=\"https:\/\/colico.ca\/fr\/produit\/mur-operable-ultra-haut\/\" \/>\n<meta property=\"og:locale\" content=\"fr_FR\" \/>\n<meta property=\"og:type\" content=\"article\" \/>\n<meta property=\"og:title\" content=\"Mur op\u00e9rable ultra-haut - Colico\" \/>\n<meta property=\"og:description\" content=\"Con\u00e7u pour les cloisons mobiles d&#039;une hauteur de 7 \u00e0 16 m avec un taux d&#039;insonorisation maximal de 53 dB. La charge support\u00e9e par chaque m\u00e8tre est sup\u00e9rieure \u00e0 2000 kilogrammes, la charge support\u00e9e par la poulie est sup\u00e9rieure \u00e0 1600 KGS. Elle est utilis\u00e9e dans les grands espaces, tels que les salles de banquet, les salles multifonctions, les centres d&#039;exposition, les gymnases et les salles de conf\u00e9rence. La cloison de type ultra-haut est un syst\u00e8me d&#039;accrochage par le haut, la roue d&#039;accrochage glisse dans le rail de mani\u00e8re fluide et stable sans vibration, la cloison de 16 m\u00e8tres de haut peut \u00eatre facilement d\u00e9plac\u00e9e m\u00eame si elle est pouss\u00e9e \u00e0 hauteur de la taille. Avec un dispositif oriental int\u00e9gr\u00e9, le panneau peut faire un tour automatiquement en glissant dans le rail droit. &nbsp; &nbsp;\" \/>\n<meta property=\"og:url\" content=\"https:\/\/colico.ca\/fr\/produit\/mur-operable-ultra-haut\/\" \/>\n<meta property=\"og:site_name\" content=\"Colico\" \/>\n<meta property=\"article:modified_time\" content=\"2023-02-09T08:25:26+00:00\" \/>\n<meta property=\"og:image\" content=\"https:\/\/colico.ca\/wp-content\/uploads\/2022\/11\/A_Ultra-High-b.jpeg\" \/>\n\t<meta property=\"og:image:width\" content=\"534\" \/>\n\t<meta property=\"og:image:height\" content=\"534\" \/>\n\t<meta property=\"og:image:type\" content=\"image\/jpeg\" \/>\n<meta name=\"twitter:card\" content=\"summary_large_image\" \/>\n<meta name=\"twitter:label1\" content=\"Dur\u00e9e de lecture estim\u00e9e\" \/>\n\t<meta name=\"twitter:data1\" content=\"3 minutes\" \/>\n<script type=\"application\/ld+json\" class=\"yoast-schema-graph\">{\"@context\":\"https:\\\/\\\/schema.org\",\"@graph\":[{\"@type\":\"WebPage\",\"@id\":\"https:\\\/\\\/colico.ca\\\/fr\\\/produit\\\/mur-operable-ultra-haut\\\/\",\"url\":\"https:\\\/\\\/colico.ca\\\/fr\\\/produit\\\/mur-operable-ultra-haut\\\/\",\"name\":\"Mur op\u00e9rable ultra-haut - Colico\",\"isPartOf\":{\"@id\":\"https:\\\/\\\/colico.ca\\\/#website\"},\"primaryImageOfPage\":{\"@id\":\"https:\\\/\\\/colico.ca\\\/fr\\\/produit\\\/mur-operable-ultra-haut\\\/#primaryimage\"},\"image\":{\"@id\":\"https:\\\/\\\/colico.ca\\\/fr\\\/produit\\\/mur-operable-ultra-haut\\\/#primaryimage\"},\"thumbnailUrl\":\"https:\\\/\\\/colico.ca\\\/wp-content\\\/uploads\\\/2022\\\/11\\\/A_Ultra-High-b.jpeg\",\"datePublished\":\"2022-11-28T19:00:27+00:00\",\"dateModified\":\"2023-02-09T08:25:26+00:00\",\"breadcrumb\":{\"@id\":\"https:\\\/\\\/colico.ca\\\/fr\\\/produit\\\/mur-operable-ultra-haut\\\/#breadcrumb\"},\"inLanguage\":\"fr-FR\",\"potentialAction\":[{\"@type\":\"ReadAction\",\"target\":[\"https:\\\/\\\/colico.ca\\\/fr\\\/produit\\\/mur-operable-ultra-haut\\\/\"]}]},{\"@type\":\"ImageObject\",\"inLanguage\":\"fr-FR\",\"@id\":\"https:\\\/\\\/colico.ca\\\/fr\\\/produit\\\/mur-operable-ultra-haut\\\/#primaryimage\",\"url\":\"https:\\\/\\\/colico.ca\\\/wp-content\\\/uploads\\\/2022\\\/11\\\/A_Ultra-High-b.jpeg\",\"contentUrl\":\"https:\\\/\\\/colico.ca\\\/wp-content\\\/uploads\\\/2022\\\/11\\\/A_Ultra-High-b.jpeg\",\"width\":534,\"height\":534,\"caption\":\"A_Ultra High b\"},{\"@type\":\"BreadcrumbList\",\"@id\":\"https:\\\/\\\/colico.ca\\\/fr\\\/produit\\\/mur-operable-ultra-haut\\\/#breadcrumb\",\"itemListElement\":[{\"@type\":\"ListItem\",\"position\":1,\"name\":\"Home\",\"item\":\"https:\\\/\\\/colico.ca\\\/fr\\\/accueil-principal\\\/\"},{\"@type\":\"ListItem\",\"position\":2,\"name\":\"Boutique\",\"item\":\"https:\\\/\\\/colico.ca\\\/fr\\\/boutique\\\/\"},{\"@type\":\"ListItem\",\"position\":3,\"name\":\"Mur op\u00e9rable ultra-haut\"}]},{\"@type\":\"WebSite\",\"@id\":\"https:\\\/\\\/colico.ca\\\/#website\",\"url\":\"https:\\\/\\\/colico.ca\\\/\",\"name\":\"Colico\",\"description\":\"Produits architecturaux\",\"potentialAction\":[{\"@type\":\"SearchAction\",\"target\":{\"@type\":\"EntryPoint\",\"urlTemplate\":\"https:\\\/\\\/colico.ca\\\/?s={search_term_string}\"},\"query-input\":{\"@type\":\"PropertyValueSpecification\",\"valueRequired\":true,\"valueName\":\"search_term_string\"}}],\"inLanguage\":\"fr-FR\"}]}<\/script>\n<!-- \/ Yoast SEO plugin. -->","yoast_head_json":{"title":"Mur op\u00e9rable ultra-haut - Colico","robots":{"index":"index","follow":"follow","max-snippet":"max-snippet:-1","max-image-preview":"max-image-preview:large","max-video-preview":"max-video-preview:-1"},"canonical":"https:\/\/colico.ca\/fr\/produit\/mur-operable-ultra-haut\/","og_locale":"fr_FR","og_type":"article","og_title":"Mur op\u00e9rable ultra-haut - Colico","og_description":"Con\u00e7u pour les cloisons mobiles d'une hauteur de 7 \u00e0 16 m avec un taux d'insonorisation maximal de 53 dB. La charge support\u00e9e par chaque m\u00e8tre est sup\u00e9rieure \u00e0 2000 kilogrammes, la charge support\u00e9e par la poulie est sup\u00e9rieure \u00e0 1600 KGS. Elle est utilis\u00e9e dans les grands espaces, tels que les salles de banquet, les salles multifonctions, les centres d'exposition, les gymnases et les salles de conf\u00e9rence. La cloison de type ultra-haut est un syst\u00e8me d'accrochage par le haut, la roue d'accrochage glisse dans le rail de mani\u00e8re fluide et stable sans vibration, la cloison de 16 m\u00e8tres de haut peut \u00eatre facilement d\u00e9plac\u00e9e m\u00eame si elle est pouss\u00e9e \u00e0 hauteur de la taille. Avec un dispositif oriental int\u00e9gr\u00e9, le panneau peut faire un tour automatiquement en glissant dans le rail droit. &nbsp; &nbsp;","og_url":"https:\/\/colico.ca\/fr\/produit\/mur-operable-ultra-haut\/","og_site_name":"Colico","article_modified_time":"2023-02-09T08:25:26+00:00","og_image":[{"width":534,"height":534,"url":"https:\/\/colico.ca\/wp-content\/uploads\/2022\/11\/A_Ultra-High-b.jpeg","type":"image\/jpeg"}],"twitter_card":"summary_large_image","twitter_misc":{"Dur\u00e9e de lecture estim\u00e9e":"3 minutes"},"schema":{"@context":"https:\/\/schema.org","@graph":[{"@type":"WebPage","@id":"https:\/\/colico.ca\/fr\/produit\/mur-operable-ultra-haut\/","url":"https:\/\/colico.ca\/fr\/produit\/mur-operable-ultra-haut\/","name":"Mur op\u00e9rable ultra-haut - Colico","isPartOf":{"@id":"https:\/\/colico.ca\/#website"},"primaryImageOfPage":{"@id":"https:\/\/colico.ca\/fr\/produit\/mur-operable-ultra-haut\/#primaryimage"},"image":{"@id":"https:\/\/colico.ca\/fr\/produit\/mur-operable-ultra-haut\/#primaryimage"},"thumbnailUrl":"https:\/\/colico.ca\/wp-content\/uploads\/2022\/11\/A_Ultra-High-b.jpeg","datePublished":"2022-11-28T19:00:27+00:00","dateModified":"2023-02-09T08:25:26+00:00","breadcrumb":{"@id":"https:\/\/colico.ca\/fr\/produit\/mur-operable-ultra-haut\/#breadcrumb"},"inLanguage":"fr-FR","potentialAction":[{"@type":"ReadAction","target":["https:\/\/colico.ca\/fr\/produit\/mur-operable-ultra-haut\/"]}]},{"@type":"ImageObject","inLanguage":"fr-FR","@id":"https:\/\/colico.ca\/fr\/produit\/mur-operable-ultra-haut\/#primaryimage","url":"https:\/\/colico.ca\/wp-content\/uploads\/2022\/11\/A_Ultra-High-b.jpeg","contentUrl":"https:\/\/colico.ca\/wp-content\/uploads\/2022\/11\/A_Ultra-High-b.jpeg","width":534,"height":534,"caption":"A_Ultra High b"},{"@type":"BreadcrumbList","@id":"https:\/\/colico.ca\/fr\/produit\/mur-operable-ultra-haut\/#breadcrumb","itemListElement":[{"@type":"ListItem","position":1,"name":"Home","item":"https:\/\/colico.ca\/fr\/accueil-principal\/"},{"@type":"ListItem","position":2,"name":"Boutique","item":"https:\/\/colico.ca\/fr\/boutique\/"},{"@type":"ListItem","position":3,"name":"Mur op\u00e9rable ultra-haut"}]},{"@type":"WebSite","@id":"https:\/\/colico.ca\/#website","url":"https:\/\/colico.ca\/","name":"Colico","description":"Produits architecturaux","potentialAction":[{"@type":"SearchAction","target":{"@type":"EntryPoint","urlTemplate":"https:\/\/colico.ca\/?s={search_term_string}"},"query-input":{"@type":"PropertyValueSpecification","valueRequired":true,"valueName":"search_term_string"}}],"inLanguage":"fr-FR"}]}},"_links":{"self":[{"href":"https:\/\/colico.ca\/fr\/wp-json\/wp\/v2\/product\/11399","targetHints":{"allow":["GET"]}}],"collection":[{"href":"https:\/\/colico.ca\/fr\/wp-json\/wp\/v2\/product"}],"about":[{"href":"https:\/\/colico.ca\/fr\/wp-json\/wp\/v2\/types\/product"}],"wp:featuredmedia":[{"embeddable":true,"href":"https:\/\/colico.ca\/fr\/wp-json\/wp\/v2\/media\/10820"}],"wp:attachment":[{"href":"https:\/\/colico.ca\/fr\/wp-json\/wp\/v2\/media?parent=11399"}],"wp:term":[{"taxonomy":"product_brand","embeddable":true,"href":"https:\/\/colico.ca\/fr\/wp-json\/wp\/v2\/product_brand?post=11399"},{"taxonomy":"product_cat","embeddable":true,"href":"https:\/\/colico.ca\/fr\/wp-json\/wp\/v2\/product_cat?post=11399"},{"taxonomy":"product_tag","embeddable":true,"href":"https:\/\/colico.ca\/fr\/wp-json\/wp\/v2\/product_tag?post=11399"}],"curies":[{"name":"wp","href":"https:\/\/api.w.org\/{rel}","templated":true}]}}