{"id":11397,"date":"2022-07-12T21:06:50","date_gmt":"2022-07-12T21:06:50","guid":{"rendered":"https:\/\/colico.ca\/product\/volets-roulants\/"},"modified":"2023-02-09T08:25:23","modified_gmt":"2023-02-09T08:25:23","slug":"volets-roulants","status":"publish","type":"product","link":"https:\/\/colico.ca\/fr\/produit\/volets-roulants\/","title":{"rendered":"Volets roulants"},"content":{"rendered":"<div class=\"wp-container-4 wp-block-group\">\n<div class=\"wp-block-group__inner-container\">\n<div class=\"wp-container-3 wp-block-columns are-vertically-aligned-center\">\n<div><span style=\"color: #ffffff;\">&#8211;<\/span><\/div>\n<div class=\"wp-container-1 wp-block-column is-vertically-aligned-center\"><span style=\"color: #000000; font-size: 22px;\">Pourquoi choisir Xpanda pour des volets roulants de s\u00e9curit\u00e9 ?<\/span><\/div>\n<\/div>\n<\/div>\n<\/div>\n<div class=\"wp-container-12 wp-block-columns\">\n<div class=\"wp-container-9 wp-block-column\">\n<div class=\"wp-container-8 wp-block-columns\">\n<div class=\"wp-container-5 wp-block-column\">\n<div class=\"wp-block-image\">Les volets roulants de s\u00e9curit\u00e9 sont solides, fiables, durables et faciles \u00e0 utiliser. En outre, ils assurent une s\u00e9curit\u00e9 physique visible et peuvent dissuader les criminels de tenter de p\u00e9n\u00e9trer dans votre magasin ou votre site.<\/div>\n<\/div>\n<\/div>\n<p>Malheureusement, obtenir des volets de s\u00e9curit\u00e9 aupr\u00e8s de certaines entreprises peut signifier payer beaucoup d&rsquo;argent et attendre longtemps. Lorsque vous passez commande aupr\u00e8s d&rsquo;Xpanda, vous n&rsquo;obtenez pas seulement ce qu&rsquo;il y a de mieux en mati\u00e8re de construction et de protection &#8211; vous b\u00e9n\u00e9ficiez \u00e9galement d&rsquo;un service rapide et d&rsquo;une assistance client\u00e8le de classe mondiale.<\/p>\n<p>Non seulement vous recevrez vos nouveaux volets roulants de s\u00e9curit\u00e9 en 7 \u00e0 9 jours ouvrables, mais notre r\u00e9seau national de techniciens peut vous aider \u00e0 concevoir le syst\u00e8me dont vous avez besoin, puis l&rsquo;installer et l&rsquo;entretenir avec le meilleur service apr\u00e8s-vente du secteur.<\/p>\n<h4>Caract\u00e9ristiques de nos volets roulants de s\u00e9curit\u00e9<\/h4>\n<p>Les entreprises de toute l&rsquo;Am\u00e9rique du Nord appr\u00e9cient nos volets de s\u00e9curit\u00e9 car ils sont solides, durables et fiables. En plus d&rsquo;\u00eatre soign\u00e9s et propres pour s&rsquo;int\u00e9grer \u00e0 un look professionnel, ils pr\u00e9sentent les caract\u00e9ristiques suivantes :<\/p>\n<ul>\n<li>Fonctionnement manuel ou \u00e9lectrique pour faciliter l&rsquo;utilisation<\/li>\n<li>Faible entretien<\/li>\n<li>Une gamme de couleurs attrayantes pour donner un aspect ordonn\u00e9 et uniforme \u00e0 votre b\u00e2timent.<\/li>\n<li>Construction en aluminium solidement isol\u00e9e qui bloque la chaleur solaire, le froid hivernal et les bruits ind\u00e9sirables.<\/li>\n<li>L&rsquo;option d&rsquo;installer des serrures \u00e0 cl\u00e9 r\u00e9sistantes<\/li>\n<li>Une grande vari\u00e9t\u00e9 de choix de t\u00e9l\u00e9commandes.<\/li>\n<\/ul>\n<p>Gr\u00e2ce \u00e0 ces caract\u00e9ristiques, les volets roulants et les grilles de s\u00e9curit\u00e9 sont id\u00e9aux pour des dizaines d&rsquo;environnements diff\u00e9rents, notamment les comptoirs, les stands de concession, les \u00e9tablissements de restauration rapide, les pharmacies, les kiosques, les magasins de spiritueux, les clubs, les \u00e9coles, les centres communautaires, les cabinets m\u00e9dicaux et m\u00eame les stades ou les ar\u00e8nes.<\/p>\n<p>Les <a href=\"https:\/\/xpandasecuritygates.com\/retail\/\">barri\u00e8res de s\u00e9curit\u00e9 \u00e0 ciseaux<\/a> d&rsquo;Xpanda constituent une excellente alternative aux volets de s\u00e9curit\u00e9 d\u00e9roulants. Ils sont fabriqu\u00e9s en acier tubulaire lamin\u00e9 \u00e0 froid et sont recouverts d&rsquo;un rev\u00eatement en poudre en 4 couleurs diff\u00e9rentes, avec une garantie de deux ans. Ils se montent directement sur les meneaux de vos fen\u00eatres et se d\u00e9ploient et se r\u00e9tractent horizontalement.<\/p>\n<p>Si vous avez des questions sur nos volets roulants de s\u00e9curit\u00e9 ou sur tout autre produit de s\u00e9curit\u00e9 pour la vente au d\u00e9tail, n&rsquo;h\u00e9sitez pas \u00e0 <a title=\"Nous contacter\" href=\"https:\/\/xpandasecuritygates.com\/contact-us\/\">nous contacter d\u00e8s aujourd&rsquo;hui<\/a> pour parler \u00e0 un membre de notre \u00e9quipe. Nous serons ravis de vous aider \u00e0 trouver la solution adapt\u00e9e \u00e0 votre situation, \u00e0 votre calendrier et \u00e0 votre budget.<\/p>\n<\/div>\n<\/div>\n","protected":false},"excerpt":{"rendered":"<p>Les volets roulants de s\u00e9curit\u00e9 peuvent constituer une excellente option de s\u00e9curit\u00e9 et de pr\u00e9vention de la criminalit\u00e9 pour toute une s\u00e9rie d&rsquo;entreprises. C&rsquo;est pourquoi Xpanda travaille avec ses clients pour concevoir et cr\u00e9er des volets de s\u00e9curit\u00e9 sur mesure pour des applications individuelles.<\/p>\n<p>Si vous voulez un moyen facile et abordable de fournir une protection visible \u00e0 votre magasin de d\u00e9tail, kiosque, centre communautaire, centre de sant\u00e9, bureau ou autre propri\u00e9t\u00e9 commerciale, nous pouvons d\u00e9velopper exactement ce dont vous avez besoin &#8211; rapidement et commod\u00e9ment.<\/p>\n","protected":false},"featured_media":10659,"template":"","meta":[],"product_brand":[],"product_cat":[605,604,593],"product_tag":[],"class_list":{"0":"post-11397","1":"product","2":"type-product","3":"status-publish","4":"has-post-thumbnail","6":"product_cat-commercial-roll-up-fr","7":"product_cat-grilles-de-securite-et-volets-roulants","8":"product_cat-portes-specialisees","10":"first","11":"instock","12":"taxable","13":"shipping-taxable","14":"product-type-simple"},"yoast_head":"<!-- This site is optimized with the Yoast SEO plugin v27.4 - https:\/\/yoast.com\/product\/yoast-seo-wordpress\/ -->\n<title>Volets roulants - Colico<\/title>\n<meta name=\"robots\" content=\"index, follow, max-snippet:-1, max-image-preview:large, max-video-preview:-1\" \/>\n<link rel=\"canonical\" href=\"https:\/\/colico.ca\/produit\/roll-down-shutters\/\" \/>\n<meta property=\"og:locale\" content=\"fr_FR\" \/>\n<meta property=\"og:type\" content=\"article\" \/>\n<meta property=\"og:title\" content=\"Volets roulants - Colico\" \/>\n<meta property=\"og:description\" content=\"Les volets roulants de s\u00e9curit\u00e9 peuvent constituer une excellente option de s\u00e9curit\u00e9 et de pr\u00e9vention de la criminalit\u00e9 pour toute une s\u00e9rie d&#039;entreprises. C&#039;est pourquoi Xpanda travaille avec ses clients pour concevoir et cr\u00e9er des volets de s\u00e9curit\u00e9 sur mesure pour des applications individuelles. Si vous voulez un moyen facile et abordable de fournir une protection visible \u00e0 votre magasin de d\u00e9tail, kiosque, centre communautaire, centre de sant\u00e9, bureau ou autre propri\u00e9t\u00e9 commerciale, nous pouvons d\u00e9velopper exactement ce dont vous avez besoin - rapidement et commod\u00e9ment.\" \/>\n<meta property=\"og:url\" content=\"https:\/\/colico.ca\/produit\/roll-down-shutters\/\" \/>\n<meta property=\"og:site_name\" content=\"Colico\" \/>\n<meta property=\"article:modified_time\" content=\"2023-02-09T08:25:23+00:00\" \/>\n<meta property=\"og:image\" content=\"https:\/\/colico.ca\/wp-content\/uploads\/2022\/07\/Roll-Down-Shutters.jpeg\" \/>\n\t<meta property=\"og:image:width\" content=\"449\" \/>\n\t<meta property=\"og:image:height\" content=\"449\" \/>\n\t<meta property=\"og:image:type\" content=\"image\/jpeg\" \/>\n<meta name=\"twitter:card\" content=\"summary_large_image\" \/>\n<meta name=\"twitter:label1\" content=\"Dur\u00e9e de lecture estim\u00e9e\" \/>\n\t<meta name=\"twitter:data1\" content=\"2 minutes\" \/>\n<script type=\"application\/ld+json\" class=\"yoast-schema-graph\">{\"@context\":\"https:\\\/\\\/schema.org\",\"@graph\":[{\"@type\":\"WebPage\",\"@id\":\"https:\\\/\\\/colico.ca\\\/produit\\\/roll-down-shutters\\\/\",\"url\":\"https:\\\/\\\/colico.ca\\\/produit\\\/roll-down-shutters\\\/\",\"name\":\"Volets roulants - Colico\",\"isPartOf\":{\"@id\":\"https:\\\/\\\/colico.ca\\\/#website\"},\"primaryImageOfPage\":{\"@id\":\"https:\\\/\\\/colico.ca\\\/produit\\\/roll-down-shutters\\\/#primaryimage\"},\"image\":{\"@id\":\"https:\\\/\\\/colico.ca\\\/produit\\\/roll-down-shutters\\\/#primaryimage\"},\"thumbnailUrl\":\"https:\\\/\\\/colico.ca\\\/wp-content\\\/uploads\\\/2022\\\/07\\\/Roll-Down-Shutters.jpeg\",\"datePublished\":\"2022-07-12T21:06:50+00:00\",\"dateModified\":\"2023-02-09T08:25:23+00:00\",\"breadcrumb\":{\"@id\":\"https:\\\/\\\/colico.ca\\\/produit\\\/roll-down-shutters\\\/#breadcrumb\"},\"inLanguage\":\"fr-FR\",\"potentialAction\":[{\"@type\":\"ReadAction\",\"target\":[\"https:\\\/\\\/colico.ca\\\/produit\\\/roll-down-shutters\\\/\"]}]},{\"@type\":\"ImageObject\",\"inLanguage\":\"fr-FR\",\"@id\":\"https:\\\/\\\/colico.ca\\\/produit\\\/roll-down-shutters\\\/#primaryimage\",\"url\":\"https:\\\/\\\/colico.ca\\\/wp-content\\\/uploads\\\/2022\\\/07\\\/Roll-Down-Shutters.jpeg\",\"contentUrl\":\"https:\\\/\\\/colico.ca\\\/wp-content\\\/uploads\\\/2022\\\/07\\\/Roll-Down-Shutters.jpeg\",\"width\":449,\"height\":449,\"caption\":\"Roll Down Shutters\"},{\"@type\":\"BreadcrumbList\",\"@id\":\"https:\\\/\\\/colico.ca\\\/produit\\\/roll-down-shutters\\\/#breadcrumb\",\"itemListElement\":[{\"@type\":\"ListItem\",\"position\":1,\"name\":\"Home\",\"item\":\"https:\\\/\\\/colico.ca\\\/fr\\\/accueil-principal\\\/\"},{\"@type\":\"ListItem\",\"position\":2,\"name\":\"Boutique\",\"item\":\"https:\\\/\\\/colico.ca\\\/fr\\\/boutique\\\/\"},{\"@type\":\"ListItem\",\"position\":3,\"name\":\"Volets roulants\"}]},{\"@type\":\"WebSite\",\"@id\":\"https:\\\/\\\/colico.ca\\\/#website\",\"url\":\"https:\\\/\\\/colico.ca\\\/\",\"name\":\"Colico\",\"description\":\"Produits architecturaux\",\"potentialAction\":[{\"@type\":\"SearchAction\",\"target\":{\"@type\":\"EntryPoint\",\"urlTemplate\":\"https:\\\/\\\/colico.ca\\\/?s={search_term_string}\"},\"query-input\":{\"@type\":\"PropertyValueSpecification\",\"valueRequired\":true,\"valueName\":\"search_term_string\"}}],\"inLanguage\":\"fr-FR\"}]}<\/script>\n<!-- \/ Yoast SEO plugin. -->","yoast_head_json":{"title":"Volets roulants - Colico","robots":{"index":"index","follow":"follow","max-snippet":"max-snippet:-1","max-image-preview":"max-image-preview:large","max-video-preview":"max-video-preview:-1"},"canonical":"https:\/\/colico.ca\/produit\/roll-down-shutters\/","og_locale":"fr_FR","og_type":"article","og_title":"Volets roulants - Colico","og_description":"Les volets roulants de s\u00e9curit\u00e9 peuvent constituer une excellente option de s\u00e9curit\u00e9 et de pr\u00e9vention de la criminalit\u00e9 pour toute une s\u00e9rie d'entreprises. C'est pourquoi Xpanda travaille avec ses clients pour concevoir et cr\u00e9er des volets de s\u00e9curit\u00e9 sur mesure pour des applications individuelles. Si vous voulez un moyen facile et abordable de fournir une protection visible \u00e0 votre magasin de d\u00e9tail, kiosque, centre communautaire, centre de sant\u00e9, bureau ou autre propri\u00e9t\u00e9 commerciale, nous pouvons d\u00e9velopper exactement ce dont vous avez besoin - rapidement et commod\u00e9ment.","og_url":"https:\/\/colico.ca\/produit\/roll-down-shutters\/","og_site_name":"Colico","article_modified_time":"2023-02-09T08:25:23+00:00","og_image":[{"width":449,"height":449,"url":"https:\/\/colico.ca\/wp-content\/uploads\/2022\/07\/Roll-Down-Shutters.jpeg","type":"image\/jpeg"}],"twitter_card":"summary_large_image","twitter_misc":{"Dur\u00e9e de lecture estim\u00e9e":"2 minutes"},"schema":{"@context":"https:\/\/schema.org","@graph":[{"@type":"WebPage","@id":"https:\/\/colico.ca\/produit\/roll-down-shutters\/","url":"https:\/\/colico.ca\/produit\/roll-down-shutters\/","name":"Volets roulants - Colico","isPartOf":{"@id":"https:\/\/colico.ca\/#website"},"primaryImageOfPage":{"@id":"https:\/\/colico.ca\/produit\/roll-down-shutters\/#primaryimage"},"image":{"@id":"https:\/\/colico.ca\/produit\/roll-down-shutters\/#primaryimage"},"thumbnailUrl":"https:\/\/colico.ca\/wp-content\/uploads\/2022\/07\/Roll-Down-Shutters.jpeg","datePublished":"2022-07-12T21:06:50+00:00","dateModified":"2023-02-09T08:25:23+00:00","breadcrumb":{"@id":"https:\/\/colico.ca\/produit\/roll-down-shutters\/#breadcrumb"},"inLanguage":"fr-FR","potentialAction":[{"@type":"ReadAction","target":["https:\/\/colico.ca\/produit\/roll-down-shutters\/"]}]},{"@type":"ImageObject","inLanguage":"fr-FR","@id":"https:\/\/colico.ca\/produit\/roll-down-shutters\/#primaryimage","url":"https:\/\/colico.ca\/wp-content\/uploads\/2022\/07\/Roll-Down-Shutters.jpeg","contentUrl":"https:\/\/colico.ca\/wp-content\/uploads\/2022\/07\/Roll-Down-Shutters.jpeg","width":449,"height":449,"caption":"Roll Down Shutters"},{"@type":"BreadcrumbList","@id":"https:\/\/colico.ca\/produit\/roll-down-shutters\/#breadcrumb","itemListElement":[{"@type":"ListItem","position":1,"name":"Home","item":"https:\/\/colico.ca\/fr\/accueil-principal\/"},{"@type":"ListItem","position":2,"name":"Boutique","item":"https:\/\/colico.ca\/fr\/boutique\/"},{"@type":"ListItem","position":3,"name":"Volets roulants"}]},{"@type":"WebSite","@id":"https:\/\/colico.ca\/#website","url":"https:\/\/colico.ca\/","name":"Colico","description":"Produits architecturaux","potentialAction":[{"@type":"SearchAction","target":{"@type":"EntryPoint","urlTemplate":"https:\/\/colico.ca\/?s={search_term_string}"},"query-input":{"@type":"PropertyValueSpecification","valueRequired":true,"valueName":"search_term_string"}}],"inLanguage":"fr-FR"}]}},"_links":{"self":[{"href":"https:\/\/colico.ca\/fr\/wp-json\/wp\/v2\/product\/11397","targetHints":{"allow":["GET"]}}],"collection":[{"href":"https:\/\/colico.ca\/fr\/wp-json\/wp\/v2\/product"}],"about":[{"href":"https:\/\/colico.ca\/fr\/wp-json\/wp\/v2\/types\/product"}],"wp:featuredmedia":[{"embeddable":true,"href":"https:\/\/colico.ca\/fr\/wp-json\/wp\/v2\/media\/10659"}],"wp:attachment":[{"href":"https:\/\/colico.ca\/fr\/wp-json\/wp\/v2\/media?parent=11397"}],"wp:term":[{"taxonomy":"product_brand","embeddable":true,"href":"https:\/\/colico.ca\/fr\/wp-json\/wp\/v2\/product_brand?post=11397"},{"taxonomy":"product_cat","embeddable":true,"href":"https:\/\/colico.ca\/fr\/wp-json\/wp\/v2\/product_cat?post=11397"},{"taxonomy":"product_tag","embeddable":true,"href":"https:\/\/colico.ca\/fr\/wp-json\/wp\/v2\/product_tag?post=11397"}],"curies":[{"name":"wp","href":"https:\/\/api.w.org\/{rel}","templated":true}]}}