{"id":11396,"date":"2022-11-22T16:11:12","date_gmt":"2022-11-22T16:11:12","guid":{"rendered":"https:\/\/colico.ca\/product\/serie-2100\/"},"modified":"2023-02-09T08:25:22","modified_gmt":"2023-02-09T08:25:22","slug":"serie-2100","status":"publish","type":"product","link":"https:\/\/colico.ca\/fr\/produit\/serie-2100\/","title":{"rendered":"S\u00e9rie 2100"},"content":{"rendered":"","protected":false},"excerpt":{"rendered":"<div class=\"qodef-section-title-holder qodef-st-standard qodef-st-title-left qodef-st-normal-space \">\n<div class=\"qodef-st-inner\">\n<h3 class=\"qodef-st-title\">Insonorisation \u00e9conomique<\/h3>\n<p>&nbsp;<\/p>\n<\/div>\n<\/div>\n<p class=\"x_MsoNormal\"><span lang=\"EN-US\">Les cloisons acoustiques \u00e0 simple paroi de la s\u00e9rie 2100 de Woodfold conviennent parfaitement aux cuisines, aux \u00e9tablissements d&rsquo;aide \u00e0 la vie autonome ou aux garderies &#8211; partout o\u00f9 vous souhaitez cr\u00e9er une pi\u00e8ce silencieuse s\u00e9par\u00e9e ou isoler une pi\u00e8ce bruyante. Son syst\u00e8me d&rsquo;\u00e9tanch\u00e9it\u00e9 sur tout le p\u00e9rim\u00e8tre limite les pertes de chaleur et r\u00e9duit le bruit entre les pi\u00e8ces.<\/span><\/p>\n<h4><\/h4>\n","protected":false},"featured_media":10803,"template":"","meta":[],"product_brand":[],"product_cat":[612,593],"product_tag":[],"class_list":{"0":"post-11396","1":"product","2":"type-product","3":"status-publish","4":"has-post-thumbnail","6":"product_cat-murs-accordeon-et-murs-mobiles","7":"product_cat-portes-specialisees","9":"first","10":"instock","11":"taxable","12":"shipping-taxable","13":"product-type-simple"},"yoast_head":"<!-- This site is optimized with the Yoast SEO plugin v27.4 - https:\/\/yoast.com\/product\/yoast-seo-wordpress\/ -->\n<title>S\u00e9rie 2100 - Colico<\/title>\n<meta name=\"robots\" content=\"index, follow, max-snippet:-1, max-image-preview:large, max-video-preview:-1\" \/>\n<link rel=\"canonical\" href=\"https:\/\/colico.ca\/produit\/series-2100\/\" \/>\n<meta property=\"og:locale\" content=\"fr_FR\" \/>\n<meta property=\"og:type\" content=\"article\" \/>\n<meta property=\"og:title\" content=\"S\u00e9rie 2100 - Colico\" \/>\n<meta property=\"og:description\" content=\"Insonorisation \u00e9conomique &nbsp;  Les cloisons acoustiques \u00e0 simple paroi de la s\u00e9rie 2100 de Woodfold conviennent parfaitement aux cuisines, aux \u00e9tablissements d&#039;aide \u00e0 la vie autonome ou aux garderies - partout o\u00f9 vous souhaitez cr\u00e9er une pi\u00e8ce silencieuse s\u00e9par\u00e9e ou isoler une pi\u00e8ce bruyante. Son syst\u00e8me d&#039;\u00e9tanch\u00e9it\u00e9 sur tout le p\u00e9rim\u00e8tre limite les pertes de chaleur et r\u00e9duit le bruit entre les pi\u00e8ces.\" \/>\n<meta property=\"og:url\" content=\"https:\/\/colico.ca\/produit\/series-2100\/\" \/>\n<meta property=\"og:site_name\" content=\"Colico\" \/>\n<meta property=\"article:modified_time\" content=\"2023-02-09T08:25:22+00:00\" \/>\n<meta property=\"og:image\" content=\"https:\/\/colico.ca\/wp-content\/uploads\/2022\/11\/Series-2100.png\" \/>\n\t<meta property=\"og:image:width\" content=\"720\" \/>\n\t<meta property=\"og:image:height\" content=\"720\" \/>\n\t<meta property=\"og:image:type\" content=\"image\/png\" \/>\n<meta name=\"twitter:card\" content=\"summary_large_image\" \/>\n<script type=\"application\/ld+json\" class=\"yoast-schema-graph\">{\"@context\":\"https:\\\/\\\/schema.org\",\"@graph\":[{\"@type\":\"WebPage\",\"@id\":\"https:\\\/\\\/colico.ca\\\/produit\\\/series-2100\\\/\",\"url\":\"https:\\\/\\\/colico.ca\\\/produit\\\/series-2100\\\/\",\"name\":\"S\u00e9rie 2100 - Colico\",\"isPartOf\":{\"@id\":\"https:\\\/\\\/colico.ca\\\/#website\"},\"primaryImageOfPage\":{\"@id\":\"https:\\\/\\\/colico.ca\\\/produit\\\/series-2100\\\/#primaryimage\"},\"image\":{\"@id\":\"https:\\\/\\\/colico.ca\\\/produit\\\/series-2100\\\/#primaryimage\"},\"thumbnailUrl\":\"https:\\\/\\\/colico.ca\\\/wp-content\\\/uploads\\\/2022\\\/11\\\/Series-2100.png\",\"datePublished\":\"2022-11-22T16:11:12+00:00\",\"dateModified\":\"2023-02-09T08:25:22+00:00\",\"breadcrumb\":{\"@id\":\"https:\\\/\\\/colico.ca\\\/produit\\\/series-2100\\\/#breadcrumb\"},\"inLanguage\":\"fr-FR\",\"potentialAction\":[{\"@type\":\"ReadAction\",\"target\":[\"https:\\\/\\\/colico.ca\\\/produit\\\/series-2100\\\/\"]}]},{\"@type\":\"ImageObject\",\"inLanguage\":\"fr-FR\",\"@id\":\"https:\\\/\\\/colico.ca\\\/produit\\\/series-2100\\\/#primaryimage\",\"url\":\"https:\\\/\\\/colico.ca\\\/wp-content\\\/uploads\\\/2022\\\/11\\\/Series-2100.png\",\"contentUrl\":\"https:\\\/\\\/colico.ca\\\/wp-content\\\/uploads\\\/2022\\\/11\\\/Series-2100.png\",\"width\":720,\"height\":720,\"caption\":\"Series 2100\"},{\"@type\":\"BreadcrumbList\",\"@id\":\"https:\\\/\\\/colico.ca\\\/produit\\\/series-2100\\\/#breadcrumb\",\"itemListElement\":[{\"@type\":\"ListItem\",\"position\":1,\"name\":\"Home\",\"item\":\"https:\\\/\\\/colico.ca\\\/fr\\\/accueil-principal\\\/\"},{\"@type\":\"ListItem\",\"position\":2,\"name\":\"Boutique\",\"item\":\"https:\\\/\\\/colico.ca\\\/fr\\\/boutique\\\/\"},{\"@type\":\"ListItem\",\"position\":3,\"name\":\"S\u00e9rie 2100\"}]},{\"@type\":\"WebSite\",\"@id\":\"https:\\\/\\\/colico.ca\\\/#website\",\"url\":\"https:\\\/\\\/colico.ca\\\/\",\"name\":\"Colico\",\"description\":\"Produits architecturaux\",\"potentialAction\":[{\"@type\":\"SearchAction\",\"target\":{\"@type\":\"EntryPoint\",\"urlTemplate\":\"https:\\\/\\\/colico.ca\\\/?s={search_term_string}\"},\"query-input\":{\"@type\":\"PropertyValueSpecification\",\"valueRequired\":true,\"valueName\":\"search_term_string\"}}],\"inLanguage\":\"fr-FR\"}]}<\/script>\n<!-- \/ Yoast SEO plugin. -->","yoast_head_json":{"title":"S\u00e9rie 2100 - Colico","robots":{"index":"index","follow":"follow","max-snippet":"max-snippet:-1","max-image-preview":"max-image-preview:large","max-video-preview":"max-video-preview:-1"},"canonical":"https:\/\/colico.ca\/produit\/series-2100\/","og_locale":"fr_FR","og_type":"article","og_title":"S\u00e9rie 2100 - Colico","og_description":"Insonorisation \u00e9conomique &nbsp;  Les cloisons acoustiques \u00e0 simple paroi de la s\u00e9rie 2100 de Woodfold conviennent parfaitement aux cuisines, aux \u00e9tablissements d'aide \u00e0 la vie autonome ou aux garderies - partout o\u00f9 vous souhaitez cr\u00e9er une pi\u00e8ce silencieuse s\u00e9par\u00e9e ou isoler une pi\u00e8ce bruyante. Son syst\u00e8me d'\u00e9tanch\u00e9it\u00e9 sur tout le p\u00e9rim\u00e8tre limite les pertes de chaleur et r\u00e9duit le bruit entre les pi\u00e8ces.","og_url":"https:\/\/colico.ca\/produit\/series-2100\/","og_site_name":"Colico","article_modified_time":"2023-02-09T08:25:22+00:00","og_image":[{"width":720,"height":720,"url":"https:\/\/colico.ca\/wp-content\/uploads\/2022\/11\/Series-2100.png","type":"image\/png"}],"twitter_card":"summary_large_image","schema":{"@context":"https:\/\/schema.org","@graph":[{"@type":"WebPage","@id":"https:\/\/colico.ca\/produit\/series-2100\/","url":"https:\/\/colico.ca\/produit\/series-2100\/","name":"S\u00e9rie 2100 - Colico","isPartOf":{"@id":"https:\/\/colico.ca\/#website"},"primaryImageOfPage":{"@id":"https:\/\/colico.ca\/produit\/series-2100\/#primaryimage"},"image":{"@id":"https:\/\/colico.ca\/produit\/series-2100\/#primaryimage"},"thumbnailUrl":"https:\/\/colico.ca\/wp-content\/uploads\/2022\/11\/Series-2100.png","datePublished":"2022-11-22T16:11:12+00:00","dateModified":"2023-02-09T08:25:22+00:00","breadcrumb":{"@id":"https:\/\/colico.ca\/produit\/series-2100\/#breadcrumb"},"inLanguage":"fr-FR","potentialAction":[{"@type":"ReadAction","target":["https:\/\/colico.ca\/produit\/series-2100\/"]}]},{"@type":"ImageObject","inLanguage":"fr-FR","@id":"https:\/\/colico.ca\/produit\/series-2100\/#primaryimage","url":"https:\/\/colico.ca\/wp-content\/uploads\/2022\/11\/Series-2100.png","contentUrl":"https:\/\/colico.ca\/wp-content\/uploads\/2022\/11\/Series-2100.png","width":720,"height":720,"caption":"Series 2100"},{"@type":"BreadcrumbList","@id":"https:\/\/colico.ca\/produit\/series-2100\/#breadcrumb","itemListElement":[{"@type":"ListItem","position":1,"name":"Home","item":"https:\/\/colico.ca\/fr\/accueil-principal\/"},{"@type":"ListItem","position":2,"name":"Boutique","item":"https:\/\/colico.ca\/fr\/boutique\/"},{"@type":"ListItem","position":3,"name":"S\u00e9rie 2100"}]},{"@type":"WebSite","@id":"https:\/\/colico.ca\/#website","url":"https:\/\/colico.ca\/","name":"Colico","description":"Produits architecturaux","potentialAction":[{"@type":"SearchAction","target":{"@type":"EntryPoint","urlTemplate":"https:\/\/colico.ca\/?s={search_term_string}"},"query-input":{"@type":"PropertyValueSpecification","valueRequired":true,"valueName":"search_term_string"}}],"inLanguage":"fr-FR"}]}},"_links":{"self":[{"href":"https:\/\/colico.ca\/fr\/wp-json\/wp\/v2\/product\/11396","targetHints":{"allow":["GET"]}}],"collection":[{"href":"https:\/\/colico.ca\/fr\/wp-json\/wp\/v2\/product"}],"about":[{"href":"https:\/\/colico.ca\/fr\/wp-json\/wp\/v2\/types\/product"}],"wp:featuredmedia":[{"embeddable":true,"href":"https:\/\/colico.ca\/fr\/wp-json\/wp\/v2\/media\/10803"}],"wp:attachment":[{"href":"https:\/\/colico.ca\/fr\/wp-json\/wp\/v2\/media?parent=11396"}],"wp:term":[{"taxonomy":"product_brand","embeddable":true,"href":"https:\/\/colico.ca\/fr\/wp-json\/wp\/v2\/product_brand?post=11396"},{"taxonomy":"product_cat","embeddable":true,"href":"https:\/\/colico.ca\/fr\/wp-json\/wp\/v2\/product_cat?post=11396"},{"taxonomy":"product_tag","embeddable":true,"href":"https:\/\/colico.ca\/fr\/wp-json\/wp\/v2\/product_tag?post=11396"}],"curies":[{"name":"wp","href":"https:\/\/api.w.org\/{rel}","templated":true}]}}