{"id":11392,"date":"2022-05-18T02:51:37","date_gmt":"2022-05-18T02:51:37","guid":{"rendered":"https:\/\/colico.ca\/product\/sl-525-cs\/"},"modified":"2023-02-09T08:24:43","modified_gmt":"2023-02-09T08:24:43","slug":"sl-525-cs","status":"publish","type":"product","link":"https:\/\/colico.ca\/fr\/produit\/sl-525-cs\/","title":{"rendered":"SL 525 CS"},"content":{"rendered":"","protected":false},"excerpt":{"rendered":"<article id=\"post-1630\" class=\"elementor-post elementor-grid-item ecs-post-loop post-1630 product-model type-product-model status-publish has-post-thumbnail hentry product_series-slim-line\">\n<div class=\"elementor elementor-1792 elementor-location-single post-1630 product-model type-product-model status-publish has-post-thumbnail hentry product_series-slim-line\" data-elementor-type=\"loop\" data-elementor-id=\"1792\">\n<div class=\"elementor-section-wrap\">\n<section class=\"elementor-section elementor-top-section elementor-element elementor-element-d7167c3 elementor-section-boxed elementor-section-height-default elementor-section-height-default\" data-id=\"d7167c3\" data-element_type=\"section\">\n<div class=\"elementor-container elementor-column-gap-default\">\n<div class=\"elementor-row\">\n<div class=\"elementor-column elementor-col-100 elementor-top-column elementor-element elementor-element-116bb83\" data-id=\"116bb83\" data-element_type=\"column\">\n<div class=\"elementor-column-wrap elementor-element-populated\">\n<div class=\"elementor-widget-wrap\">\n<div class=\"elementor-element elementor-element-d46b356 product-series-grid-ul elementor-widget elementor-widget-text-editor\" data-id=\"d46b356\" data-element_type=\"widget\" data-widget_type=\"text-editor.default\">\n<div class=\"elementor-widget-container\">\n<div class=\"elementor-text-editor elementor-clearfix\">\n<ul class=\"UL-list\">\n<li>Mat\u00e9riau : Panneau de 4&Prime; de large avec des panneaux de polycarbonate de 12&Prime; embo\u00eet\u00e9s et des panneaux d&rsquo;aluminium solide de 2&Prime; dans un design de briques.<\/li>\n<li>Poids\/charge : 11,5 lb par pi\u00b2 (empil\u00e9) et 1,80 lb par pi\u00b2 (\u00e9tendu).<\/li>\n<li>Empilage : 10% de la largeur du rideau plus 3\u2033 par poteau (calcul estim\u00e9).<\/li>\n<\/ul>\n<\/div>\n<\/div>\n<\/div>\n<\/div>\n<\/div>\n<\/div>\n<\/div>\n<\/div>\n<\/section>\n<\/div>\n<\/div>\n<\/article>\n<article id=\"post-1629\" class=\"elementor-post elementor-grid-item ecs-post-loop post-1629 product-model type-product-model status-publish has-post-thumbnail hentry product_series-slim-line\">\n<div class=\"elementor elementor-1792 elementor-location-single post-1629 product-model type-product-model status-publish has-post-thumbnail hentry product_series-slim-line\" data-elementor-type=\"loop\" data-elementor-id=\"1792\">\n<div class=\"elementor-section-wrap\">\n<section class=\"elementor-section elementor-top-section elementor-element elementor-element-d7167c3 elementor-section-boxed elementor-section-height-default elementor-section-height-default\" data-id=\"d7167c3\" data-element_type=\"section\">\n<div class=\"elementor-container elementor-column-gap-default\">\n<div class=\"elementor-row\">\n<div class=\"elementor-column elementor-col-100 elementor-top-column elementor-element elementor-element-116bb83\" data-id=\"116bb83\" data-element_type=\"column\">\n<div class=\"elementor-column-wrap elementor-element-populated\">\n<div class=\"elementor-widget-wrap\">\n<div class=\"elementor-element elementor-element-0f34ca6 elementor-widget elementor-widget-image\" data-id=\"0f34ca6\" data-element_type=\"widget\" data-widget_type=\"image.default\">\n<div class=\"elementor-widget-container\"><\/div>\n<\/div>\n<\/div>\n<\/div>\n<\/div>\n<\/div>\n<\/div>\n<\/section>\n<\/div>\n<\/div>\n<\/article>\n","protected":false},"featured_media":10549,"template":"","meta":[],"product_brand":[],"product_cat":[595,593,602],"product_tag":[],"class_list":{"0":"post-11392","1":"product","2":"type-product","3":"status-publish","4":"has-post-thumbnail","6":"product_cat-pliage-lateral","7":"product_cat-portes-specialisees","8":"product_cat-serie-slim-line","10":"first","11":"instock","12":"taxable","13":"shipping-taxable","14":"product-type-simple"},"yoast_head":"<!-- This site is optimized with the Yoast SEO plugin v27.5 - https:\/\/yoast.com\/product\/yoast-seo-wordpress\/ -->\n<title>SL 525 CS - Colico<\/title>\n<meta name=\"robots\" content=\"index, follow, max-snippet:-1, max-image-preview:large, max-video-preview:-1\" \/>\n<link rel=\"canonical\" href=\"https:\/\/colico.ca\/produit\/sl-525-cs\/\" \/>\n<meta property=\"og:locale\" content=\"fr_FR\" \/>\n<meta property=\"og:type\" content=\"article\" \/>\n<meta property=\"og:title\" content=\"SL 525 CS - Colico\" \/>\n<meta property=\"og:description\" content=\"Mat\u00e9riau : Panneau de 4&quot; de large avec des panneaux de polycarbonate de 12&quot; embo\u00eet\u00e9s et des panneaux d&#039;aluminium solide de 2&quot; dans un design de briques.  Poids\/charge : 11,5 lb par pi\u00b2 (empil\u00e9) et 1,80 lb par pi\u00b2 (\u00e9tendu).  Empilage : 10% de la largeur du rideau plus 3\u2033 par poteau (calcul estim\u00e9).\" \/>\n<meta property=\"og:url\" content=\"https:\/\/colico.ca\/produit\/sl-525-cs\/\" \/>\n<meta property=\"og:site_name\" content=\"Colico\" \/>\n<meta property=\"article:modified_time\" content=\"2023-02-09T08:24:43+00:00\" \/>\n<meta property=\"og:image\" content=\"https:\/\/colico.ca\/wp-content\/uploads\/2022\/05\/SL-525-CS.jpg\" \/>\n\t<meta property=\"og:image:width\" content=\"998\" \/>\n\t<meta property=\"og:image:height\" content=\"1000\" \/>\n\t<meta property=\"og:image:type\" content=\"image\/jpeg\" \/>\n<meta name=\"twitter:card\" content=\"summary_large_image\" \/>\n<script type=\"application\/ld+json\" class=\"yoast-schema-graph\">{\"@context\":\"https:\\\/\\\/schema.org\",\"@graph\":[{\"@type\":\"WebPage\",\"@id\":\"https:\\\/\\\/colico.ca\\\/produit\\\/sl-525-cs\\\/\",\"url\":\"https:\\\/\\\/colico.ca\\\/produit\\\/sl-525-cs\\\/\",\"name\":\"SL 525 CS - Colico\",\"isPartOf\":{\"@id\":\"https:\\\/\\\/colico.ca\\\/#website\"},\"primaryImageOfPage\":{\"@id\":\"https:\\\/\\\/colico.ca\\\/produit\\\/sl-525-cs\\\/#primaryimage\"},\"image\":{\"@id\":\"https:\\\/\\\/colico.ca\\\/produit\\\/sl-525-cs\\\/#primaryimage\"},\"thumbnailUrl\":\"https:\\\/\\\/colico.ca\\\/wp-content\\\/uploads\\\/2022\\\/05\\\/SL-525-CS.jpg\",\"datePublished\":\"2022-05-18T02:51:37+00:00\",\"dateModified\":\"2023-02-09T08:24:43+00:00\",\"breadcrumb\":{\"@id\":\"https:\\\/\\\/colico.ca\\\/produit\\\/sl-525-cs\\\/#breadcrumb\"},\"inLanguage\":\"fr-FR\",\"potentialAction\":[{\"@type\":\"ReadAction\",\"target\":[\"https:\\\/\\\/colico.ca\\\/produit\\\/sl-525-cs\\\/\"]}]},{\"@type\":\"ImageObject\",\"inLanguage\":\"fr-FR\",\"@id\":\"https:\\\/\\\/colico.ca\\\/produit\\\/sl-525-cs\\\/#primaryimage\",\"url\":\"https:\\\/\\\/colico.ca\\\/wp-content\\\/uploads\\\/2022\\\/05\\\/SL-525-CS.jpg\",\"contentUrl\":\"https:\\\/\\\/colico.ca\\\/wp-content\\\/uploads\\\/2022\\\/05\\\/SL-525-CS.jpg\",\"width\":998,\"height\":1000,\"caption\":\"SL 525 CS\"},{\"@type\":\"BreadcrumbList\",\"@id\":\"https:\\\/\\\/colico.ca\\\/produit\\\/sl-525-cs\\\/#breadcrumb\",\"itemListElement\":[{\"@type\":\"ListItem\",\"position\":1,\"name\":\"Home\",\"item\":\"https:\\\/\\\/colico.ca\\\/fr\\\/accueil-principal\\\/\"},{\"@type\":\"ListItem\",\"position\":2,\"name\":\"Boutique\",\"item\":\"https:\\\/\\\/colico.ca\\\/fr\\\/boutique\\\/\"},{\"@type\":\"ListItem\",\"position\":3,\"name\":\"SL 525 CS\"}]},{\"@type\":\"WebSite\",\"@id\":\"https:\\\/\\\/colico.ca\\\/#website\",\"url\":\"https:\\\/\\\/colico.ca\\\/\",\"name\":\"Colico\",\"description\":\"Produits architecturaux\",\"potentialAction\":[{\"@type\":\"SearchAction\",\"target\":{\"@type\":\"EntryPoint\",\"urlTemplate\":\"https:\\\/\\\/colico.ca\\\/?s={search_term_string}\"},\"query-input\":{\"@type\":\"PropertyValueSpecification\",\"valueRequired\":true,\"valueName\":\"search_term_string\"}}],\"inLanguage\":\"fr-FR\"}]}<\/script>\n<!-- \/ Yoast SEO plugin. -->","yoast_head_json":{"title":"SL 525 CS - Colico","robots":{"index":"index","follow":"follow","max-snippet":"max-snippet:-1","max-image-preview":"max-image-preview:large","max-video-preview":"max-video-preview:-1"},"canonical":"https:\/\/colico.ca\/produit\/sl-525-cs\/","og_locale":"fr_FR","og_type":"article","og_title":"SL 525 CS - Colico","og_description":"Mat\u00e9riau : Panneau de 4\" de large avec des panneaux de polycarbonate de 12\" embo\u00eet\u00e9s et des panneaux d'aluminium solide de 2\" dans un design de briques.  Poids\/charge : 11,5 lb par pi\u00b2 (empil\u00e9) et 1,80 lb par pi\u00b2 (\u00e9tendu).  Empilage : 10% de la largeur du rideau plus 3\u2033 par poteau (calcul estim\u00e9).","og_url":"https:\/\/colico.ca\/produit\/sl-525-cs\/","og_site_name":"Colico","article_modified_time":"2023-02-09T08:24:43+00:00","og_image":[{"width":998,"height":1000,"url":"https:\/\/colico.ca\/wp-content\/uploads\/2022\/05\/SL-525-CS.jpg","type":"image\/jpeg"}],"twitter_card":"summary_large_image","schema":{"@context":"https:\/\/schema.org","@graph":[{"@type":"WebPage","@id":"https:\/\/colico.ca\/produit\/sl-525-cs\/","url":"https:\/\/colico.ca\/produit\/sl-525-cs\/","name":"SL 525 CS - Colico","isPartOf":{"@id":"https:\/\/colico.ca\/#website"},"primaryImageOfPage":{"@id":"https:\/\/colico.ca\/produit\/sl-525-cs\/#primaryimage"},"image":{"@id":"https:\/\/colico.ca\/produit\/sl-525-cs\/#primaryimage"},"thumbnailUrl":"https:\/\/colico.ca\/wp-content\/uploads\/2022\/05\/SL-525-CS.jpg","datePublished":"2022-05-18T02:51:37+00:00","dateModified":"2023-02-09T08:24:43+00:00","breadcrumb":{"@id":"https:\/\/colico.ca\/produit\/sl-525-cs\/#breadcrumb"},"inLanguage":"fr-FR","potentialAction":[{"@type":"ReadAction","target":["https:\/\/colico.ca\/produit\/sl-525-cs\/"]}]},{"@type":"ImageObject","inLanguage":"fr-FR","@id":"https:\/\/colico.ca\/produit\/sl-525-cs\/#primaryimage","url":"https:\/\/colico.ca\/wp-content\/uploads\/2022\/05\/SL-525-CS.jpg","contentUrl":"https:\/\/colico.ca\/wp-content\/uploads\/2022\/05\/SL-525-CS.jpg","width":998,"height":1000,"caption":"SL 525 CS"},{"@type":"BreadcrumbList","@id":"https:\/\/colico.ca\/produit\/sl-525-cs\/#breadcrumb","itemListElement":[{"@type":"ListItem","position":1,"name":"Home","item":"https:\/\/colico.ca\/fr\/accueil-principal\/"},{"@type":"ListItem","position":2,"name":"Boutique","item":"https:\/\/colico.ca\/fr\/boutique\/"},{"@type":"ListItem","position":3,"name":"SL 525 CS"}]},{"@type":"WebSite","@id":"https:\/\/colico.ca\/#website","url":"https:\/\/colico.ca\/","name":"Colico","description":"Produits architecturaux","potentialAction":[{"@type":"SearchAction","target":{"@type":"EntryPoint","urlTemplate":"https:\/\/colico.ca\/?s={search_term_string}"},"query-input":{"@type":"PropertyValueSpecification","valueRequired":true,"valueName":"search_term_string"}}],"inLanguage":"fr-FR"}]}},"_links":{"self":[{"href":"https:\/\/colico.ca\/fr\/wp-json\/wp\/v2\/product\/11392","targetHints":{"allow":["GET"]}}],"collection":[{"href":"https:\/\/colico.ca\/fr\/wp-json\/wp\/v2\/product"}],"about":[{"href":"https:\/\/colico.ca\/fr\/wp-json\/wp\/v2\/types\/product"}],"wp:featuredmedia":[{"embeddable":true,"href":"https:\/\/colico.ca\/fr\/wp-json\/wp\/v2\/media\/10549"}],"wp:attachment":[{"href":"https:\/\/colico.ca\/fr\/wp-json\/wp\/v2\/media?parent=11392"}],"wp:term":[{"taxonomy":"product_brand","embeddable":true,"href":"https:\/\/colico.ca\/fr\/wp-json\/wp\/v2\/product_brand?post=11392"},{"taxonomy":"product_cat","embeddable":true,"href":"https:\/\/colico.ca\/fr\/wp-json\/wp\/v2\/product_cat?post=11392"},{"taxonomy":"product_tag","embeddable":true,"href":"https:\/\/colico.ca\/fr\/wp-json\/wp\/v2\/product_tag?post=11392"}],"curies":[{"name":"wp","href":"https:\/\/api.w.org\/{rel}","templated":true}]}}