{"id":11386,"date":"2022-05-18T02:41:43","date_gmt":"2022-05-18T02:41:43","guid":{"rendered":"https:\/\/colico.ca\/product\/ez-ag-cs\/"},"modified":"2023-02-09T08:24:27","modified_gmt":"2023-02-09T08:24:27","slug":"ez-ag-cs","status":"publish","type":"product","link":"https:\/\/colico.ca\/fr\/produit\/ez-ag-cs\/","title":{"rendered":"EZ AG CS"},"content":{"rendered":"","protected":false},"excerpt":{"rendered":"<ul class=\"UL-list\">\n<li>Mat\u00e9riau : Panneau de 4&Prime; de large avec des panneaux altern\u00e9s de polycarbonate et d&rsquo;aluminium solide embo\u00eet\u00e9s dans un design en damier. Mod\u00e8les disponibles : 6&Prime;, 9&Prime;, 12&Prime;, 18&Prime;.<\/li>\n<li>Poids\/charge : 13.5 lbs par pi\u00b2 (empil\u00e9) et 2.00 lbs par pi\u00b2 (\u00e9tendu)<\/li>\n<li>Empilage : 10% de la largeur du rideau plus 3\u2033 par poteau (calcul estim\u00e9).<\/li>\n<\/ul>\n","protected":false},"featured_media":10542,"template":"","meta":[],"product_brand":[],"product_cat":[595,593,601],"product_tag":[],"class_list":{"0":"post-11386","1":"product","2":"type-product","3":"status-publish","4":"has-post-thumbnail","6":"product_cat-pliage-lateral","7":"product_cat-portes-specialisees","8":"product_cat-serie-ez-avec-pochette","10":"first","11":"instock","12":"taxable","13":"shipping-taxable","14":"product-type-simple"},"yoast_head":"<!-- This site is optimized with the Yoast SEO plugin v27.4 - https:\/\/yoast.com\/product\/yoast-seo-wordpress\/ -->\n<title>EZ AG CS - Colico<\/title>\n<meta name=\"robots\" content=\"index, follow, max-snippet:-1, max-image-preview:large, max-video-preview:-1\" \/>\n<link rel=\"canonical\" href=\"https:\/\/colico.ca\/produit\/ez-ag-cs\/\" \/>\n<meta property=\"og:locale\" content=\"fr_FR\" \/>\n<meta property=\"og:type\" content=\"article\" \/>\n<meta property=\"og:title\" content=\"EZ AG CS - Colico\" \/>\n<meta property=\"og:description\" content=\"Mat\u00e9riau : Panneau de 4&quot; de large avec des panneaux altern\u00e9s de polycarbonate et d&#039;aluminium solide embo\u00eet\u00e9s dans un design en damier. Mod\u00e8les disponibles : 6&quot;, 9&quot;, 12&quot;, 18&quot;.  Poids\/charge : 13.5 lbs par pi\u00b2 (empil\u00e9) et 2.00 lbs par pi\u00b2 (\u00e9tendu)  Empilage : 10% de la largeur du rideau plus 3\u2033 par poteau (calcul estim\u00e9).\" \/>\n<meta property=\"og:url\" content=\"https:\/\/colico.ca\/produit\/ez-ag-cs\/\" \/>\n<meta property=\"og:site_name\" content=\"Colico\" \/>\n<meta property=\"article:modified_time\" content=\"2023-02-09T08:24:27+00:00\" \/>\n<meta property=\"og:image\" content=\"https:\/\/colico.ca\/wp-content\/uploads\/2022\/05\/EZ-AG-CS.png\" \/>\n\t<meta property=\"og:image:width\" content=\"998\" \/>\n\t<meta property=\"og:image:height\" content=\"1000\" \/>\n\t<meta property=\"og:image:type\" content=\"image\/png\" \/>\n<meta name=\"twitter:card\" content=\"summary_large_image\" \/>\n<script type=\"application\/ld+json\" class=\"yoast-schema-graph\">{\"@context\":\"https:\\\/\\\/schema.org\",\"@graph\":[{\"@type\":\"WebPage\",\"@id\":\"https:\\\/\\\/colico.ca\\\/produit\\\/ez-ag-cs\\\/\",\"url\":\"https:\\\/\\\/colico.ca\\\/produit\\\/ez-ag-cs\\\/\",\"name\":\"EZ AG CS - Colico\",\"isPartOf\":{\"@id\":\"https:\\\/\\\/colico.ca\\\/#website\"},\"primaryImageOfPage\":{\"@id\":\"https:\\\/\\\/colico.ca\\\/produit\\\/ez-ag-cs\\\/#primaryimage\"},\"image\":{\"@id\":\"https:\\\/\\\/colico.ca\\\/produit\\\/ez-ag-cs\\\/#primaryimage\"},\"thumbnailUrl\":\"https:\\\/\\\/colico.ca\\\/wp-content\\\/uploads\\\/2022\\\/05\\\/EZ-AG-CS.png\",\"datePublished\":\"2022-05-18T02:41:43+00:00\",\"dateModified\":\"2023-02-09T08:24:27+00:00\",\"breadcrumb\":{\"@id\":\"https:\\\/\\\/colico.ca\\\/produit\\\/ez-ag-cs\\\/#breadcrumb\"},\"inLanguage\":\"fr-FR\",\"potentialAction\":[{\"@type\":\"ReadAction\",\"target\":[\"https:\\\/\\\/colico.ca\\\/produit\\\/ez-ag-cs\\\/\"]}]},{\"@type\":\"ImageObject\",\"inLanguage\":\"fr-FR\",\"@id\":\"https:\\\/\\\/colico.ca\\\/produit\\\/ez-ag-cs\\\/#primaryimage\",\"url\":\"https:\\\/\\\/colico.ca\\\/wp-content\\\/uploads\\\/2022\\\/05\\\/EZ-AG-CS.png\",\"contentUrl\":\"https:\\\/\\\/colico.ca\\\/wp-content\\\/uploads\\\/2022\\\/05\\\/EZ-AG-CS.png\",\"width\":998,\"height\":1000,\"caption\":\"EZ-AG-CS\"},{\"@type\":\"BreadcrumbList\",\"@id\":\"https:\\\/\\\/colico.ca\\\/produit\\\/ez-ag-cs\\\/#breadcrumb\",\"itemListElement\":[{\"@type\":\"ListItem\",\"position\":1,\"name\":\"Home\",\"item\":\"https:\\\/\\\/colico.ca\\\/fr\\\/accueil-principal\\\/\"},{\"@type\":\"ListItem\",\"position\":2,\"name\":\"Boutique\",\"item\":\"https:\\\/\\\/colico.ca\\\/fr\\\/boutique\\\/\"},{\"@type\":\"ListItem\",\"position\":3,\"name\":\"EZ AG CS\"}]},{\"@type\":\"WebSite\",\"@id\":\"https:\\\/\\\/colico.ca\\\/#website\",\"url\":\"https:\\\/\\\/colico.ca\\\/\",\"name\":\"Colico\",\"description\":\"Produits architecturaux\",\"potentialAction\":[{\"@type\":\"SearchAction\",\"target\":{\"@type\":\"EntryPoint\",\"urlTemplate\":\"https:\\\/\\\/colico.ca\\\/?s={search_term_string}\"},\"query-input\":{\"@type\":\"PropertyValueSpecification\",\"valueRequired\":true,\"valueName\":\"search_term_string\"}}],\"inLanguage\":\"fr-FR\"}]}<\/script>\n<!-- \/ Yoast SEO plugin. -->","yoast_head_json":{"title":"EZ AG CS - Colico","robots":{"index":"index","follow":"follow","max-snippet":"max-snippet:-1","max-image-preview":"max-image-preview:large","max-video-preview":"max-video-preview:-1"},"canonical":"https:\/\/colico.ca\/produit\/ez-ag-cs\/","og_locale":"fr_FR","og_type":"article","og_title":"EZ AG CS - Colico","og_description":"Mat\u00e9riau : Panneau de 4\" de large avec des panneaux altern\u00e9s de polycarbonate et d'aluminium solide embo\u00eet\u00e9s dans un design en damier. Mod\u00e8les disponibles : 6\", 9\", 12\", 18\".  Poids\/charge : 13.5 lbs par pi\u00b2 (empil\u00e9) et 2.00 lbs par pi\u00b2 (\u00e9tendu)  Empilage : 10% de la largeur du rideau plus 3\u2033 par poteau (calcul estim\u00e9).","og_url":"https:\/\/colico.ca\/produit\/ez-ag-cs\/","og_site_name":"Colico","article_modified_time":"2023-02-09T08:24:27+00:00","og_image":[{"width":998,"height":1000,"url":"https:\/\/colico.ca\/wp-content\/uploads\/2022\/05\/EZ-AG-CS.png","type":"image\/png"}],"twitter_card":"summary_large_image","schema":{"@context":"https:\/\/schema.org","@graph":[{"@type":"WebPage","@id":"https:\/\/colico.ca\/produit\/ez-ag-cs\/","url":"https:\/\/colico.ca\/produit\/ez-ag-cs\/","name":"EZ AG CS - Colico","isPartOf":{"@id":"https:\/\/colico.ca\/#website"},"primaryImageOfPage":{"@id":"https:\/\/colico.ca\/produit\/ez-ag-cs\/#primaryimage"},"image":{"@id":"https:\/\/colico.ca\/produit\/ez-ag-cs\/#primaryimage"},"thumbnailUrl":"https:\/\/colico.ca\/wp-content\/uploads\/2022\/05\/EZ-AG-CS.png","datePublished":"2022-05-18T02:41:43+00:00","dateModified":"2023-02-09T08:24:27+00:00","breadcrumb":{"@id":"https:\/\/colico.ca\/produit\/ez-ag-cs\/#breadcrumb"},"inLanguage":"fr-FR","potentialAction":[{"@type":"ReadAction","target":["https:\/\/colico.ca\/produit\/ez-ag-cs\/"]}]},{"@type":"ImageObject","inLanguage":"fr-FR","@id":"https:\/\/colico.ca\/produit\/ez-ag-cs\/#primaryimage","url":"https:\/\/colico.ca\/wp-content\/uploads\/2022\/05\/EZ-AG-CS.png","contentUrl":"https:\/\/colico.ca\/wp-content\/uploads\/2022\/05\/EZ-AG-CS.png","width":998,"height":1000,"caption":"EZ-AG-CS"},{"@type":"BreadcrumbList","@id":"https:\/\/colico.ca\/produit\/ez-ag-cs\/#breadcrumb","itemListElement":[{"@type":"ListItem","position":1,"name":"Home","item":"https:\/\/colico.ca\/fr\/accueil-principal\/"},{"@type":"ListItem","position":2,"name":"Boutique","item":"https:\/\/colico.ca\/fr\/boutique\/"},{"@type":"ListItem","position":3,"name":"EZ AG CS"}]},{"@type":"WebSite","@id":"https:\/\/colico.ca\/#website","url":"https:\/\/colico.ca\/","name":"Colico","description":"Produits architecturaux","potentialAction":[{"@type":"SearchAction","target":{"@type":"EntryPoint","urlTemplate":"https:\/\/colico.ca\/?s={search_term_string}"},"query-input":{"@type":"PropertyValueSpecification","valueRequired":true,"valueName":"search_term_string"}}],"inLanguage":"fr-FR"}]}},"_links":{"self":[{"href":"https:\/\/colico.ca\/fr\/wp-json\/wp\/v2\/product\/11386","targetHints":{"allow":["GET"]}}],"collection":[{"href":"https:\/\/colico.ca\/fr\/wp-json\/wp\/v2\/product"}],"about":[{"href":"https:\/\/colico.ca\/fr\/wp-json\/wp\/v2\/types\/product"}],"wp:featuredmedia":[{"embeddable":true,"href":"https:\/\/colico.ca\/fr\/wp-json\/wp\/v2\/media\/10542"}],"wp:attachment":[{"href":"https:\/\/colico.ca\/fr\/wp-json\/wp\/v2\/media?parent=11386"}],"wp:term":[{"taxonomy":"product_brand","embeddable":true,"href":"https:\/\/colico.ca\/fr\/wp-json\/wp\/v2\/product_brand?post=11386"},{"taxonomy":"product_cat","embeddable":true,"href":"https:\/\/colico.ca\/fr\/wp-json\/wp\/v2\/product_cat?post=11386"},{"taxonomy":"product_tag","embeddable":true,"href":"https:\/\/colico.ca\/fr\/wp-json\/wp\/v2\/product_tag?post=11386"}],"curies":[{"name":"wp","href":"https:\/\/api.w.org\/{rel}","templated":true}]}}