{"id":11380,"date":"2022-05-18T02:02:53","date_gmt":"2022-05-18T02:02:53","guid":{"rendered":"https:\/\/colico.ca\/product\/sans-ressort\/"},"modified":"2023-02-09T08:24:09","modified_gmt":"2023-02-09T08:24:09","slug":"sans-ressort","status":"publish","type":"product","link":"https:\/\/colico.ca\/fr\/produit\/sans-ressort\/","title":{"rendered":"Sans ressort"},"content":{"rendered":"","protected":false},"excerpt":{"rendered":"<ul>\n<li class=\"p1\"><span style=\"color: #000000;\">Fabriqu\u00e9, configur\u00e9, stock\u00e9 et assembl\u00e9 au Canada<span class=\"Apple-converted-space\"> <\/span><\/span><\/li>\n<li class=\"p2\"><span style=\"color: #000000;\">Haute performance et haute vitesse pour des ann\u00e9es de service sans probl\u00e8me et des \u00e9conomies d&rsquo;\u00e9nergie.<span class=\"Apple-converted-space\"> <\/span><\/span><\/li>\n<li class=\"p2\"><span style=\"color: #000000;\">Utilisant des composants de haute qualit\u00e9, le syst\u00e8me peut d\u00e9placer les portes jusqu&rsquo;\u00e0 24&Prime; par seconde.<span class=\"Apple-converted-space\"> <\/span><\/span><\/li>\n<li class=\"p3\"><span style=\"color: #000000;\">Associ\u00e9 \u00e0 l&rsquo;op\u00e9rateur SDI Safedrive <span class=\"s1\">\u00ae <\/span>pour une s\u00e9curit\u00e9 et des performances accrues.<\/span><\/li>\n<\/ul>\n<p><a href=\"https:\/\/colico.ca\/wp-content\/uploads\/2022\/05\/SDI-Springless-Sectional.pdf\">T\u00e9l\u00e9charger la brochure SDI Sectional sans ressort<\/a><\/p>\n","protected":false},"featured_media":10527,"template":"","meta":[],"product_brand":[],"product_cat":[597,593,598],"product_tag":[],"class_list":{"0":"post-11380","1":"product","2":"type-product","3":"status-publish","4":"has-post-thumbnail","6":"product_cat-portes-roulantes-de-service-et-portes-coupe-feu","7":"product_cat-portes-specialisees","8":"product_cat-sectional-fr","10":"first","11":"instock","12":"taxable","13":"shipping-taxable","14":"product-type-simple"},"yoast_head":"<!-- This site is optimized with the Yoast SEO plugin v27.6 - https:\/\/yoast.com\/product\/yoast-seo-wordpress\/ -->\n<title>Sans ressort - Colico<\/title>\n<meta name=\"robots\" content=\"index, follow, max-snippet:-1, max-image-preview:large, max-video-preview:-1\" \/>\n<link rel=\"canonical\" href=\"https:\/\/colico.ca\/fr\/produit\/sans-ressort\/\" \/>\n<meta property=\"og:locale\" content=\"fr_FR\" \/>\n<meta property=\"og:type\" content=\"article\" \/>\n<meta property=\"og:title\" content=\"Sans ressort - Colico\" \/>\n<meta property=\"og:description\" content=\"Fabriqu\u00e9, configur\u00e9, stock\u00e9 et assembl\u00e9 au Canada  Haute performance et haute vitesse pour des ann\u00e9es de service sans probl\u00e8me et des \u00e9conomies d&#039;\u00e9nergie.  Utilisant des composants de haute qualit\u00e9, le syst\u00e8me peut d\u00e9placer les portes jusqu&#039;\u00e0 24&quot; par seconde.  Associ\u00e9 \u00e0 l&#039;op\u00e9rateur SDI Safedrive \u00ae pour une s\u00e9curit\u00e9 et des performances accrues. T\u00e9l\u00e9charger la brochure SDI Sectional sans ressort\" \/>\n<meta property=\"og:url\" content=\"https:\/\/colico.ca\/fr\/produit\/sans-ressort\/\" \/>\n<meta property=\"og:site_name\" content=\"Colico\" \/>\n<meta property=\"article:modified_time\" content=\"2023-02-09T08:24:09+00:00\" \/>\n<meta property=\"og:image\" content=\"https:\/\/colico.ca\/wp-content\/uploads\/2022\/05\/SPRINGLESS-SECTIONAL.jpg\" \/>\n\t<meta property=\"og:image:width\" content=\"432\" \/>\n\t<meta property=\"og:image:height\" content=\"432\" \/>\n\t<meta property=\"og:image:type\" content=\"image\/jpeg\" \/>\n<meta name=\"twitter:card\" content=\"summary_large_image\" \/>\n<script type=\"application\/ld+json\" class=\"yoast-schema-graph\">{\"@context\":\"https:\\\/\\\/schema.org\",\"@graph\":[{\"@type\":\"WebPage\",\"@id\":\"https:\\\/\\\/colico.ca\\\/fr\\\/produit\\\/sans-ressort\\\/\",\"url\":\"https:\\\/\\\/colico.ca\\\/fr\\\/produit\\\/sans-ressort\\\/\",\"name\":\"Sans ressort - Colico\",\"isPartOf\":{\"@id\":\"https:\\\/\\\/colico.ca\\\/#website\"},\"primaryImageOfPage\":{\"@id\":\"https:\\\/\\\/colico.ca\\\/fr\\\/produit\\\/sans-ressort\\\/#primaryimage\"},\"image\":{\"@id\":\"https:\\\/\\\/colico.ca\\\/fr\\\/produit\\\/sans-ressort\\\/#primaryimage\"},\"thumbnailUrl\":\"https:\\\/\\\/colico.ca\\\/wp-content\\\/uploads\\\/2022\\\/05\\\/SPRINGLESS-SECTIONAL.jpg\",\"datePublished\":\"2022-05-18T02:02:53+00:00\",\"dateModified\":\"2023-02-09T08:24:09+00:00\",\"breadcrumb\":{\"@id\":\"https:\\\/\\\/colico.ca\\\/fr\\\/produit\\\/sans-ressort\\\/#breadcrumb\"},\"inLanguage\":\"fr-FR\",\"potentialAction\":[{\"@type\":\"ReadAction\",\"target\":[\"https:\\\/\\\/colico.ca\\\/fr\\\/produit\\\/sans-ressort\\\/\"]}]},{\"@type\":\"ImageObject\",\"inLanguage\":\"fr-FR\",\"@id\":\"https:\\\/\\\/colico.ca\\\/fr\\\/produit\\\/sans-ressort\\\/#primaryimage\",\"url\":\"https:\\\/\\\/colico.ca\\\/wp-content\\\/uploads\\\/2022\\\/05\\\/SPRINGLESS-SECTIONAL.jpg\",\"contentUrl\":\"https:\\\/\\\/colico.ca\\\/wp-content\\\/uploads\\\/2022\\\/05\\\/SPRINGLESS-SECTIONAL.jpg\",\"width\":432,\"height\":432,\"caption\":\"SPRINGLESS SECTIONAL\"},{\"@type\":\"BreadcrumbList\",\"@id\":\"https:\\\/\\\/colico.ca\\\/fr\\\/produit\\\/sans-ressort\\\/#breadcrumb\",\"itemListElement\":[{\"@type\":\"ListItem\",\"position\":1,\"name\":\"Home\",\"item\":\"https:\\\/\\\/colico.ca\\\/fr\\\/accueil-principal\\\/\"},{\"@type\":\"ListItem\",\"position\":2,\"name\":\"Boutique\",\"item\":\"https:\\\/\\\/colico.ca\\\/fr\\\/boutique\\\/\"},{\"@type\":\"ListItem\",\"position\":3,\"name\":\"Sans ressort\"}]},{\"@type\":\"WebSite\",\"@id\":\"https:\\\/\\\/colico.ca\\\/#website\",\"url\":\"https:\\\/\\\/colico.ca\\\/\",\"name\":\"Colico\",\"description\":\"Produits architecturaux\",\"potentialAction\":[{\"@type\":\"SearchAction\",\"target\":{\"@type\":\"EntryPoint\",\"urlTemplate\":\"https:\\\/\\\/colico.ca\\\/?s={search_term_string}\"},\"query-input\":{\"@type\":\"PropertyValueSpecification\",\"valueRequired\":true,\"valueName\":\"search_term_string\"}}],\"inLanguage\":\"fr-FR\"}]}<\/script>\n<!-- \/ Yoast SEO plugin. -->","yoast_head_json":{"title":"Sans ressort - Colico","robots":{"index":"index","follow":"follow","max-snippet":"max-snippet:-1","max-image-preview":"max-image-preview:large","max-video-preview":"max-video-preview:-1"},"canonical":"https:\/\/colico.ca\/fr\/produit\/sans-ressort\/","og_locale":"fr_FR","og_type":"article","og_title":"Sans ressort - Colico","og_description":"Fabriqu\u00e9, configur\u00e9, stock\u00e9 et assembl\u00e9 au Canada  Haute performance et haute vitesse pour des ann\u00e9es de service sans probl\u00e8me et des \u00e9conomies d'\u00e9nergie.  Utilisant des composants de haute qualit\u00e9, le syst\u00e8me peut d\u00e9placer les portes jusqu'\u00e0 24\" par seconde.  Associ\u00e9 \u00e0 l'op\u00e9rateur SDI Safedrive \u00ae pour une s\u00e9curit\u00e9 et des performances accrues. T\u00e9l\u00e9charger la brochure SDI Sectional sans ressort","og_url":"https:\/\/colico.ca\/fr\/produit\/sans-ressort\/","og_site_name":"Colico","article_modified_time":"2023-02-09T08:24:09+00:00","og_image":[{"width":432,"height":432,"url":"https:\/\/colico.ca\/wp-content\/uploads\/2022\/05\/SPRINGLESS-SECTIONAL.jpg","type":"image\/jpeg"}],"twitter_card":"summary_large_image","schema":{"@context":"https:\/\/schema.org","@graph":[{"@type":"WebPage","@id":"https:\/\/colico.ca\/fr\/produit\/sans-ressort\/","url":"https:\/\/colico.ca\/fr\/produit\/sans-ressort\/","name":"Sans ressort - Colico","isPartOf":{"@id":"https:\/\/colico.ca\/#website"},"primaryImageOfPage":{"@id":"https:\/\/colico.ca\/fr\/produit\/sans-ressort\/#primaryimage"},"image":{"@id":"https:\/\/colico.ca\/fr\/produit\/sans-ressort\/#primaryimage"},"thumbnailUrl":"https:\/\/colico.ca\/wp-content\/uploads\/2022\/05\/SPRINGLESS-SECTIONAL.jpg","datePublished":"2022-05-18T02:02:53+00:00","dateModified":"2023-02-09T08:24:09+00:00","breadcrumb":{"@id":"https:\/\/colico.ca\/fr\/produit\/sans-ressort\/#breadcrumb"},"inLanguage":"fr-FR","potentialAction":[{"@type":"ReadAction","target":["https:\/\/colico.ca\/fr\/produit\/sans-ressort\/"]}]},{"@type":"ImageObject","inLanguage":"fr-FR","@id":"https:\/\/colico.ca\/fr\/produit\/sans-ressort\/#primaryimage","url":"https:\/\/colico.ca\/wp-content\/uploads\/2022\/05\/SPRINGLESS-SECTIONAL.jpg","contentUrl":"https:\/\/colico.ca\/wp-content\/uploads\/2022\/05\/SPRINGLESS-SECTIONAL.jpg","width":432,"height":432,"caption":"SPRINGLESS SECTIONAL"},{"@type":"BreadcrumbList","@id":"https:\/\/colico.ca\/fr\/produit\/sans-ressort\/#breadcrumb","itemListElement":[{"@type":"ListItem","position":1,"name":"Home","item":"https:\/\/colico.ca\/fr\/accueil-principal\/"},{"@type":"ListItem","position":2,"name":"Boutique","item":"https:\/\/colico.ca\/fr\/boutique\/"},{"@type":"ListItem","position":3,"name":"Sans ressort"}]},{"@type":"WebSite","@id":"https:\/\/colico.ca\/#website","url":"https:\/\/colico.ca\/","name":"Colico","description":"Produits architecturaux","potentialAction":[{"@type":"SearchAction","target":{"@type":"EntryPoint","urlTemplate":"https:\/\/colico.ca\/?s={search_term_string}"},"query-input":{"@type":"PropertyValueSpecification","valueRequired":true,"valueName":"search_term_string"}}],"inLanguage":"fr-FR"}]}},"_links":{"self":[{"href":"https:\/\/colico.ca\/fr\/wp-json\/wp\/v2\/product\/11380","targetHints":{"allow":["GET"]}}],"collection":[{"href":"https:\/\/colico.ca\/fr\/wp-json\/wp\/v2\/product"}],"about":[{"href":"https:\/\/colico.ca\/fr\/wp-json\/wp\/v2\/types\/product"}],"wp:featuredmedia":[{"embeddable":true,"href":"https:\/\/colico.ca\/fr\/wp-json\/wp\/v2\/media\/10527"}],"wp:attachment":[{"href":"https:\/\/colico.ca\/fr\/wp-json\/wp\/v2\/media?parent=11380"}],"wp:term":[{"taxonomy":"product_brand","embeddable":true,"href":"https:\/\/colico.ca\/fr\/wp-json\/wp\/v2\/product_brand?post=11380"},{"taxonomy":"product_cat","embeddable":true,"href":"https:\/\/colico.ca\/fr\/wp-json\/wp\/v2\/product_cat?post=11380"},{"taxonomy":"product_tag","embeddable":true,"href":"https:\/\/colico.ca\/fr\/wp-json\/wp\/v2\/product_tag?post=11380"}],"curies":[{"name":"wp","href":"https:\/\/api.w.org\/{rel}","templated":true}]}}