{"id":11377,"date":"2022-05-18T01:26:16","date_gmt":"2022-05-18T01:26:16","guid":{"rendered":"https:\/\/colico.ca\/product\/e100\/"},"modified":"2023-02-09T08:24:01","modified_gmt":"2023-02-09T08:24:01","slug":"e100","status":"publish","type":"product","link":"https:\/\/colico.ca\/fr\/produit\/e100\/","title":{"rendered":"E100"},"content":{"rendered":"","protected":false},"excerpt":{"rendered":"<ul id=\"yui_3_17_2_1_1666893579569_246\" data-rte-list=\"default\">\n<li>\n<p class=\"\">Solution robuste mais \u00e9conomique pour les s\u00e9parations environnementales o\u00f9 la haute vitesse n&rsquo;est pas une exigence.<\/p>\n<\/li>\n<li id=\"yui_3_17_2_1_1666893579569_245\">\n<p id=\"yui_3_17_2_1_1666893579569_244\" class=\"\">Il est pratiquement indestructible. La barre inf\u00e9rieure d\u00e9tachable en option se d\u00e9tache, ce qui permet une r\u00e9paration rapide et facile sans l&rsquo;utilisation d&rsquo;outils sp\u00e9ciaux.<\/p>\n<\/li>\n<li id=\"yui_3_17_2_1_1666893579569_250\">\n<p id=\"yui_3_17_2_1_1666893579569_249\" class=\"\">Tissu r\u00e9sistant aux intemp\u00e9ries et aux perforations avec une couche de PVC monofilament polyester tiss\u00e9, disponible dans une large gamme de couleurs<strong>.<\/strong><\/p>\n<\/li>\n<\/ul>\n<p class=\"\"><a href=\"https:\/\/servicedoor.com\/s\/SDI-E100.pdf\" target=\"_blank\" rel=\"noopener\">T\u00e9l\u00e9charger la brochure<\/a><\/p>\n<p class=\"\"><a href=\"https:\/\/servicedoor.com\/s\/E100_features.png\" target=\"_blank\" rel=\"noopener\">Caract\u00e9ristiques<\/a><\/p>\n<p class=\"\"><a href=\"https:\/\/servicedoor.com\/s\/E100_typical_details.jpg\" target=\"_blank\" rel=\"noopener\">D\u00e9tails typiques<\/a><\/p>\n","protected":false},"featured_media":10511,"template":"","meta":[],"product_brand":[],"product_cat":[597,593,615],"product_tag":[],"class_list":{"0":"post-11377","1":"product","2":"type-product","3":"status-publish","4":"has-post-thumbnail","6":"product_cat-portes-roulantes-de-service-et-portes-coupe-feu","7":"product_cat-portes-specialisees","8":"product_cat-tissu","10":"first","11":"instock","12":"taxable","13":"shipping-taxable","14":"product-type-simple"},"yoast_head":"<!-- This site is optimized with the Yoast SEO plugin v27.5 - https:\/\/yoast.com\/product\/yoast-seo-wordpress\/ -->\n<title>E100 - Colico<\/title>\n<meta name=\"robots\" content=\"index, follow, max-snippet:-1, max-image-preview:large, max-video-preview:-1\" \/>\n<link rel=\"canonical\" href=\"https:\/\/colico.ca\/produit\/e100\/\" \/>\n<meta property=\"og:locale\" content=\"fr_FR\" \/>\n<meta property=\"og:type\" content=\"article\" \/>\n<meta property=\"og:title\" content=\"E100 - Colico\" \/>\n<meta property=\"og:description\" content=\"Solution robuste mais \u00e9conomique pour les s\u00e9parations environnementales o\u00f9 la haute vitesse n&#039;est pas une exigence.   Il est pratiquement indestructible. La barre inf\u00e9rieure d\u00e9tachable en option se d\u00e9tache, ce qui permet une r\u00e9paration rapide et facile sans l&#039;utilisation d&#039;outils sp\u00e9ciaux.   Tissu r\u00e9sistant aux intemp\u00e9ries et aux perforations avec une couche de PVC monofilament polyester tiss\u00e9, disponible dans une large gamme de couleurs.  T\u00e9l\u00e9charger la brochure Caract\u00e9ristiques D\u00e9tails typiques\" \/>\n<meta property=\"og:url\" content=\"https:\/\/colico.ca\/produit\/e100\/\" \/>\n<meta property=\"og:site_name\" content=\"Colico\" \/>\n<meta property=\"article:modified_time\" content=\"2023-02-09T08:24:01+00:00\" \/>\n<meta property=\"og:image\" content=\"https:\/\/colico.ca\/wp-content\/uploads\/2022\/05\/E100.jpg\" \/>\n\t<meta property=\"og:image:width\" content=\"361\" \/>\n\t<meta property=\"og:image:height\" content=\"361\" \/>\n\t<meta property=\"og:image:type\" content=\"image\/jpeg\" \/>\n<meta name=\"twitter:card\" content=\"summary_large_image\" \/>\n<script type=\"application\/ld+json\" class=\"yoast-schema-graph\">{\"@context\":\"https:\\\/\\\/schema.org\",\"@graph\":[{\"@type\":\"WebPage\",\"@id\":\"https:\\\/\\\/colico.ca\\\/produit\\\/e100\\\/\",\"url\":\"https:\\\/\\\/colico.ca\\\/produit\\\/e100\\\/\",\"name\":\"E100 - Colico\",\"isPartOf\":{\"@id\":\"https:\\\/\\\/colico.ca\\\/#website\"},\"primaryImageOfPage\":{\"@id\":\"https:\\\/\\\/colico.ca\\\/produit\\\/e100\\\/#primaryimage\"},\"image\":{\"@id\":\"https:\\\/\\\/colico.ca\\\/produit\\\/e100\\\/#primaryimage\"},\"thumbnailUrl\":\"https:\\\/\\\/colico.ca\\\/wp-content\\\/uploads\\\/2022\\\/05\\\/E100.jpg\",\"datePublished\":\"2022-05-18T01:26:16+00:00\",\"dateModified\":\"2023-02-09T08:24:01+00:00\",\"breadcrumb\":{\"@id\":\"https:\\\/\\\/colico.ca\\\/produit\\\/e100\\\/#breadcrumb\"},\"inLanguage\":\"fr-FR\",\"potentialAction\":[{\"@type\":\"ReadAction\",\"target\":[\"https:\\\/\\\/colico.ca\\\/produit\\\/e100\\\/\"]}]},{\"@type\":\"ImageObject\",\"inLanguage\":\"fr-FR\",\"@id\":\"https:\\\/\\\/colico.ca\\\/produit\\\/e100\\\/#primaryimage\",\"url\":\"https:\\\/\\\/colico.ca\\\/wp-content\\\/uploads\\\/2022\\\/05\\\/E100.jpg\",\"contentUrl\":\"https:\\\/\\\/colico.ca\\\/wp-content\\\/uploads\\\/2022\\\/05\\\/E100.jpg\",\"width\":361,\"height\":361,\"caption\":\"E100\"},{\"@type\":\"BreadcrumbList\",\"@id\":\"https:\\\/\\\/colico.ca\\\/produit\\\/e100\\\/#breadcrumb\",\"itemListElement\":[{\"@type\":\"ListItem\",\"position\":1,\"name\":\"Home\",\"item\":\"https:\\\/\\\/colico.ca\\\/fr\\\/accueil-principal\\\/\"},{\"@type\":\"ListItem\",\"position\":2,\"name\":\"Boutique\",\"item\":\"https:\\\/\\\/colico.ca\\\/fr\\\/boutique\\\/\"},{\"@type\":\"ListItem\",\"position\":3,\"name\":\"E100\"}]},{\"@type\":\"WebSite\",\"@id\":\"https:\\\/\\\/colico.ca\\\/#website\",\"url\":\"https:\\\/\\\/colico.ca\\\/\",\"name\":\"Colico\",\"description\":\"Produits architecturaux\",\"potentialAction\":[{\"@type\":\"SearchAction\",\"target\":{\"@type\":\"EntryPoint\",\"urlTemplate\":\"https:\\\/\\\/colico.ca\\\/?s={search_term_string}\"},\"query-input\":{\"@type\":\"PropertyValueSpecification\",\"valueRequired\":true,\"valueName\":\"search_term_string\"}}],\"inLanguage\":\"fr-FR\"}]}<\/script>\n<!-- \/ Yoast SEO plugin. -->","yoast_head_json":{"title":"E100 - Colico","robots":{"index":"index","follow":"follow","max-snippet":"max-snippet:-1","max-image-preview":"max-image-preview:large","max-video-preview":"max-video-preview:-1"},"canonical":"https:\/\/colico.ca\/produit\/e100\/","og_locale":"fr_FR","og_type":"article","og_title":"E100 - Colico","og_description":"Solution robuste mais \u00e9conomique pour les s\u00e9parations environnementales o\u00f9 la haute vitesse n'est pas une exigence.   Il est pratiquement indestructible. La barre inf\u00e9rieure d\u00e9tachable en option se d\u00e9tache, ce qui permet une r\u00e9paration rapide et facile sans l'utilisation d'outils sp\u00e9ciaux.   Tissu r\u00e9sistant aux intemp\u00e9ries et aux perforations avec une couche de PVC monofilament polyester tiss\u00e9, disponible dans une large gamme de couleurs.  T\u00e9l\u00e9charger la brochure Caract\u00e9ristiques D\u00e9tails typiques","og_url":"https:\/\/colico.ca\/produit\/e100\/","og_site_name":"Colico","article_modified_time":"2023-02-09T08:24:01+00:00","og_image":[{"width":361,"height":361,"url":"https:\/\/colico.ca\/wp-content\/uploads\/2022\/05\/E100.jpg","type":"image\/jpeg"}],"twitter_card":"summary_large_image","schema":{"@context":"https:\/\/schema.org","@graph":[{"@type":"WebPage","@id":"https:\/\/colico.ca\/produit\/e100\/","url":"https:\/\/colico.ca\/produit\/e100\/","name":"E100 - Colico","isPartOf":{"@id":"https:\/\/colico.ca\/#website"},"primaryImageOfPage":{"@id":"https:\/\/colico.ca\/produit\/e100\/#primaryimage"},"image":{"@id":"https:\/\/colico.ca\/produit\/e100\/#primaryimage"},"thumbnailUrl":"https:\/\/colico.ca\/wp-content\/uploads\/2022\/05\/E100.jpg","datePublished":"2022-05-18T01:26:16+00:00","dateModified":"2023-02-09T08:24:01+00:00","breadcrumb":{"@id":"https:\/\/colico.ca\/produit\/e100\/#breadcrumb"},"inLanguage":"fr-FR","potentialAction":[{"@type":"ReadAction","target":["https:\/\/colico.ca\/produit\/e100\/"]}]},{"@type":"ImageObject","inLanguage":"fr-FR","@id":"https:\/\/colico.ca\/produit\/e100\/#primaryimage","url":"https:\/\/colico.ca\/wp-content\/uploads\/2022\/05\/E100.jpg","contentUrl":"https:\/\/colico.ca\/wp-content\/uploads\/2022\/05\/E100.jpg","width":361,"height":361,"caption":"E100"},{"@type":"BreadcrumbList","@id":"https:\/\/colico.ca\/produit\/e100\/#breadcrumb","itemListElement":[{"@type":"ListItem","position":1,"name":"Home","item":"https:\/\/colico.ca\/fr\/accueil-principal\/"},{"@type":"ListItem","position":2,"name":"Boutique","item":"https:\/\/colico.ca\/fr\/boutique\/"},{"@type":"ListItem","position":3,"name":"E100"}]},{"@type":"WebSite","@id":"https:\/\/colico.ca\/#website","url":"https:\/\/colico.ca\/","name":"Colico","description":"Produits architecturaux","potentialAction":[{"@type":"SearchAction","target":{"@type":"EntryPoint","urlTemplate":"https:\/\/colico.ca\/?s={search_term_string}"},"query-input":{"@type":"PropertyValueSpecification","valueRequired":true,"valueName":"search_term_string"}}],"inLanguage":"fr-FR"}]}},"_links":{"self":[{"href":"https:\/\/colico.ca\/fr\/wp-json\/wp\/v2\/product\/11377","targetHints":{"allow":["GET"]}}],"collection":[{"href":"https:\/\/colico.ca\/fr\/wp-json\/wp\/v2\/product"}],"about":[{"href":"https:\/\/colico.ca\/fr\/wp-json\/wp\/v2\/types\/product"}],"wp:featuredmedia":[{"embeddable":true,"href":"https:\/\/colico.ca\/fr\/wp-json\/wp\/v2\/media\/10511"}],"wp:attachment":[{"href":"https:\/\/colico.ca\/fr\/wp-json\/wp\/v2\/media?parent=11377"}],"wp:term":[{"taxonomy":"product_brand","embeddable":true,"href":"https:\/\/colico.ca\/fr\/wp-json\/wp\/v2\/product_brand?post=11377"},{"taxonomy":"product_cat","embeddable":true,"href":"https:\/\/colico.ca\/fr\/wp-json\/wp\/v2\/product_cat?post=11377"},{"taxonomy":"product_tag","embeddable":true,"href":"https:\/\/colico.ca\/fr\/wp-json\/wp\/v2\/product_tag?post=11377"}],"curies":[{"name":"wp","href":"https:\/\/api.w.org\/{rel}","templated":true}]}}