{"id":11371,"date":"2022-10-18T19:43:07","date_gmt":"2022-10-18T19:43:07","guid":{"rendered":"https:\/\/colico.ca\/product\/panneaux-muraux-en-prfv\/"},"modified":"2023-02-09T08:21:39","modified_gmt":"2023-02-09T08:21:39","slug":"panneaux-muraux-en-prfv","status":"publish","type":"product","link":"https:\/\/colico.ca\/fr\/produit\/panneaux-muraux-en-prfv\/","title":{"rendered":"Panneaux muraux en PRFV"},"content":{"rendered":"","protected":false},"excerpt":{"rendered":"<p><span style=\"color: #000000;\">Nous avons en stock des feuilles blanches textur\u00e9es de classe \u00ab\u00a0C\u00a0\u00bb de 4&prime; X 8&prime; et 4&prime; X 10&prime; et tous les accessoires n\u00e9cessaires.<\/span><\/p>\n<p><span style=\"color: #000000;\">Cash and carry \u00e0 notre entrep\u00f4t de Montr\u00e9al ou appelez-nous pour conna\u00eetre les tarifs de livraison.<\/span><\/p>\n<p><span style=\"color: #000000;\">**Autres couleurs \/ Classe \u00a0\u00bbA\u00a0\u00bb \/ dalles de plafond \/ et finition lisse disponibles sur demande**.<\/span><\/p>\n<p><span style=\"color: #000000;\">Prix par feuille<\/span><\/p>\n","protected":false},"featured_media":10691,"template":"","meta":[],"product_brand":[],"product_cat":[607,614],"product_tag":[609],"class_list":{"0":"post-11371","1":"product","2":"type-product","3":"status-publish","4":"has-post-thumbnail","6":"product_cat-panneaux-architecturaux","7":"product_cat-panneaux-en-fibre-de-verre","8":"product_tag-acheter-en-ligne","10":"first","11":"instock","12":"taxable","13":"shipping-taxable","14":"purchasable","15":"product-type-variable"},"yoast_head":"<!-- This site is optimized with the Yoast SEO plugin v27.4 - https:\/\/yoast.com\/product\/yoast-seo-wordpress\/ -->\n<title>Panneaux muraux en PRFV - Colico<\/title>\n<meta name=\"robots\" content=\"index, follow, max-snippet:-1, max-image-preview:large, max-video-preview:-1\" \/>\n<link rel=\"canonical\" href=\"https:\/\/colico.ca\/produit\/frp-wall-panels\/\" \/>\n<meta property=\"og:locale\" content=\"fr_FR\" \/>\n<meta property=\"og:type\" content=\"article\" \/>\n<meta property=\"og:title\" content=\"Panneaux muraux en PRFV - Colico\" \/>\n<meta property=\"og:description\" content=\"Nous avons en stock des feuilles blanches textur\u00e9es de classe &quot;C&quot; de 4&#039; X 8&#039; et 4&#039; X 10&#039; et tous les accessoires n\u00e9cessaires. Cash and carry \u00e0 notre entrep\u00f4t de Montr\u00e9al ou appelez-nous pour conna\u00eetre les tarifs de livraison. **Autres couleurs \/ Classe &#039;&#039;A&#039;&#039; \/ dalles de plafond \/ et finition lisse disponibles sur demande**. Prix par feuille\" \/>\n<meta property=\"og:url\" content=\"https:\/\/colico.ca\/produit\/frp-wall-panels\/\" \/>\n<meta property=\"og:site_name\" content=\"Colico\" \/>\n<meta property=\"article:modified_time\" content=\"2023-02-09T08:21:39+00:00\" \/>\n<meta property=\"og:image\" content=\"https:\/\/colico.ca\/wp-content\/uploads\/2022\/09\/Capture-de\u0301cran-le-2022-09-08-a\u0300-16.29.47.png\" \/>\n\t<meta property=\"og:image:width\" content=\"355\" \/>\n\t<meta property=\"og:image:height\" content=\"356\" \/>\n\t<meta property=\"og:image:type\" content=\"image\/png\" \/>\n<meta name=\"twitter:card\" content=\"summary_large_image\" \/>\n<script type=\"application\/ld+json\" class=\"yoast-schema-graph\">{\"@context\":\"https:\\\/\\\/schema.org\",\"@graph\":[{\"@type\":\"WebPage\",\"@id\":\"https:\\\/\\\/colico.ca\\\/produit\\\/frp-wall-panels\\\/\",\"url\":\"https:\\\/\\\/colico.ca\\\/produit\\\/frp-wall-panels\\\/\",\"name\":\"Panneaux muraux en PRFV - Colico\",\"isPartOf\":{\"@id\":\"https:\\\/\\\/colico.ca\\\/#website\"},\"primaryImageOfPage\":{\"@id\":\"https:\\\/\\\/colico.ca\\\/produit\\\/frp-wall-panels\\\/#primaryimage\"},\"image\":{\"@id\":\"https:\\\/\\\/colico.ca\\\/produit\\\/frp-wall-panels\\\/#primaryimage\"},\"thumbnailUrl\":\"https:\\\/\\\/colico.ca\\\/wp-content\\\/uploads\\\/2022\\\/09\\\/Capture-de\u0301cran-le-2022-09-08-a\u0300-16.29.47.png\",\"datePublished\":\"2022-10-18T19:43:07+00:00\",\"dateModified\":\"2023-02-09T08:21:39+00:00\",\"breadcrumb\":{\"@id\":\"https:\\\/\\\/colico.ca\\\/produit\\\/frp-wall-panels\\\/#breadcrumb\"},\"inLanguage\":\"fr-FR\",\"potentialAction\":[{\"@type\":\"ReadAction\",\"target\":[\"https:\\\/\\\/colico.ca\\\/produit\\\/frp-wall-panels\\\/\"]}]},{\"@type\":\"ImageObject\",\"inLanguage\":\"fr-FR\",\"@id\":\"https:\\\/\\\/colico.ca\\\/produit\\\/frp-wall-panels\\\/#primaryimage\",\"url\":\"https:\\\/\\\/colico.ca\\\/wp-content\\\/uploads\\\/2022\\\/09\\\/Capture-de\u0301cran-le-2022-09-08-a\u0300-16.29.47.png\",\"contentUrl\":\"https:\\\/\\\/colico.ca\\\/wp-content\\\/uploads\\\/2022\\\/09\\\/Capture-de\u0301cran-le-2022-09-08-a\u0300-16.29.47.png\",\"width\":355,\"height\":356,\"caption\":\"Capture d\u2019e\u0301cran, le\"},{\"@type\":\"BreadcrumbList\",\"@id\":\"https:\\\/\\\/colico.ca\\\/produit\\\/frp-wall-panels\\\/#breadcrumb\",\"itemListElement\":[{\"@type\":\"ListItem\",\"position\":1,\"name\":\"Home\",\"item\":\"https:\\\/\\\/colico.ca\\\/fr\\\/accueil-principal\\\/\"},{\"@type\":\"ListItem\",\"position\":2,\"name\":\"Boutique\",\"item\":\"https:\\\/\\\/colico.ca\\\/fr\\\/boutique\\\/\"},{\"@type\":\"ListItem\",\"position\":3,\"name\":\"Panneaux muraux en PRFV\"}]},{\"@type\":\"WebSite\",\"@id\":\"https:\\\/\\\/colico.ca\\\/#website\",\"url\":\"https:\\\/\\\/colico.ca\\\/\",\"name\":\"Colico\",\"description\":\"Produits architecturaux\",\"potentialAction\":[{\"@type\":\"SearchAction\",\"target\":{\"@type\":\"EntryPoint\",\"urlTemplate\":\"https:\\\/\\\/colico.ca\\\/?s={search_term_string}\"},\"query-input\":{\"@type\":\"PropertyValueSpecification\",\"valueRequired\":true,\"valueName\":\"search_term_string\"}}],\"inLanguage\":\"fr-FR\"}]}<\/script>\n<!-- \/ Yoast SEO plugin. -->","yoast_head_json":{"title":"Panneaux muraux en PRFV - Colico","robots":{"index":"index","follow":"follow","max-snippet":"max-snippet:-1","max-image-preview":"max-image-preview:large","max-video-preview":"max-video-preview:-1"},"canonical":"https:\/\/colico.ca\/produit\/frp-wall-panels\/","og_locale":"fr_FR","og_type":"article","og_title":"Panneaux muraux en PRFV - Colico","og_description":"Nous avons en stock des feuilles blanches textur\u00e9es de classe \"C\" de 4' X 8' et 4' X 10' et tous les accessoires n\u00e9cessaires. Cash and carry \u00e0 notre entrep\u00f4t de Montr\u00e9al ou appelez-nous pour conna\u00eetre les tarifs de livraison. **Autres couleurs \/ Classe ''A'' \/ dalles de plafond \/ et finition lisse disponibles sur demande**. Prix par feuille","og_url":"https:\/\/colico.ca\/produit\/frp-wall-panels\/","og_site_name":"Colico","article_modified_time":"2023-02-09T08:21:39+00:00","og_image":[{"width":355,"height":356,"url":"https:\/\/colico.ca\/wp-content\/uploads\/2022\/09\/Capture-de\u0301cran-le-2022-09-08-a\u0300-16.29.47.png","type":"image\/png"}],"twitter_card":"summary_large_image","schema":{"@context":"https:\/\/schema.org","@graph":[{"@type":"WebPage","@id":"https:\/\/colico.ca\/produit\/frp-wall-panels\/","url":"https:\/\/colico.ca\/produit\/frp-wall-panels\/","name":"Panneaux muraux en PRFV - Colico","isPartOf":{"@id":"https:\/\/colico.ca\/#website"},"primaryImageOfPage":{"@id":"https:\/\/colico.ca\/produit\/frp-wall-panels\/#primaryimage"},"image":{"@id":"https:\/\/colico.ca\/produit\/frp-wall-panels\/#primaryimage"},"thumbnailUrl":"https:\/\/colico.ca\/wp-content\/uploads\/2022\/09\/Capture-de\u0301cran-le-2022-09-08-a\u0300-16.29.47.png","datePublished":"2022-10-18T19:43:07+00:00","dateModified":"2023-02-09T08:21:39+00:00","breadcrumb":{"@id":"https:\/\/colico.ca\/produit\/frp-wall-panels\/#breadcrumb"},"inLanguage":"fr-FR","potentialAction":[{"@type":"ReadAction","target":["https:\/\/colico.ca\/produit\/frp-wall-panels\/"]}]},{"@type":"ImageObject","inLanguage":"fr-FR","@id":"https:\/\/colico.ca\/produit\/frp-wall-panels\/#primaryimage","url":"https:\/\/colico.ca\/wp-content\/uploads\/2022\/09\/Capture-de\u0301cran-le-2022-09-08-a\u0300-16.29.47.png","contentUrl":"https:\/\/colico.ca\/wp-content\/uploads\/2022\/09\/Capture-de\u0301cran-le-2022-09-08-a\u0300-16.29.47.png","width":355,"height":356,"caption":"Capture d\u2019e\u0301cran, le"},{"@type":"BreadcrumbList","@id":"https:\/\/colico.ca\/produit\/frp-wall-panels\/#breadcrumb","itemListElement":[{"@type":"ListItem","position":1,"name":"Home","item":"https:\/\/colico.ca\/fr\/accueil-principal\/"},{"@type":"ListItem","position":2,"name":"Boutique","item":"https:\/\/colico.ca\/fr\/boutique\/"},{"@type":"ListItem","position":3,"name":"Panneaux muraux en PRFV"}]},{"@type":"WebSite","@id":"https:\/\/colico.ca\/#website","url":"https:\/\/colico.ca\/","name":"Colico","description":"Produits architecturaux","potentialAction":[{"@type":"SearchAction","target":{"@type":"EntryPoint","urlTemplate":"https:\/\/colico.ca\/?s={search_term_string}"},"query-input":{"@type":"PropertyValueSpecification","valueRequired":true,"valueName":"search_term_string"}}],"inLanguage":"fr-FR"}]}},"_links":{"self":[{"href":"https:\/\/colico.ca\/fr\/wp-json\/wp\/v2\/product\/11371","targetHints":{"allow":["GET"]}}],"collection":[{"href":"https:\/\/colico.ca\/fr\/wp-json\/wp\/v2\/product"}],"about":[{"href":"https:\/\/colico.ca\/fr\/wp-json\/wp\/v2\/types\/product"}],"wp:featuredmedia":[{"embeddable":true,"href":"https:\/\/colico.ca\/fr\/wp-json\/wp\/v2\/media\/10691"}],"wp:attachment":[{"href":"https:\/\/colico.ca\/fr\/wp-json\/wp\/v2\/media?parent=11371"}],"wp:term":[{"taxonomy":"product_brand","embeddable":true,"href":"https:\/\/colico.ca\/fr\/wp-json\/wp\/v2\/product_brand?post=11371"},{"taxonomy":"product_cat","embeddable":true,"href":"https:\/\/colico.ca\/fr\/wp-json\/wp\/v2\/product_cat?post=11371"},{"taxonomy":"product_tag","embeddable":true,"href":"https:\/\/colico.ca\/fr\/wp-json\/wp\/v2\/product_tag?post=11371"}],"curies":[{"name":"wp","href":"https:\/\/api.w.org\/{rel}","templated":true}]}}