{"id":11370,"date":"2022-10-26T13:58:26","date_gmt":"2022-10-26T13:58:26","guid":{"rendered":"https:\/\/colico.ca\/product\/cts-m\/"},"modified":"2023-02-09T08:21:38","modified_gmt":"2023-02-09T08:21:38","slug":"cts-m","status":"publish","type":"product","link":"https:\/\/colico.ca\/fr\/produit\/cts-m\/","title":{"rendered":"CTS-M"},"content":{"rendered":"","protected":false},"excerpt":{"rendered":"<div class=\"qodef-section-title-holder qodef-st-standard qodef-st-title-left qodef-st-normal-space \">\n<div class=\"qodef-st-inner\">\n<h3 class=\"qodef-st-title\">Excellente s\u00e9curit\u00e9 pour les armoires<\/h3>\n<\/div>\n<\/div>\n<div class=\"vc_empty_space\" style=\"height: 20px;\"><\/div>\n<p><span style=\"color: #000000;\">Les volets \u00e0 rideau offrent une excellente s\u00e9curit\u00e9 pour les armoires, les comptoirs et les kiosques. Ils sont parfaits pour les pharmacies, les kiosques de centres commerciaux, les AV et autres moyens de transport et vitrines. La Tambour est \u00e9quip\u00e9e d&rsquo;une serrure cylindrique \u00e0 mortaise de taille normale, facile \u00e0 remplacer par votre syst\u00e8me de cl\u00e9s. Le changement de cl\u00e9 est si facile que le changement annuel de cl\u00e9 peut devenir un \u00e9l\u00e9ment r\u00e9gulier de votre protocole de s\u00e9curit\u00e9. Il existe diff\u00e9rentes options de mat\u00e9riaux et de nombreuses options de finition, de sorte que vous pouvez choisir la s\u00e9curit\u00e9 des armoires en fonction de l&rsquo;aspect et de la convivialit\u00e9 de votre magasin. Le volet en polycarbonate vous permet de pr\u00e9senter des produits tout en les gardant en s\u00e9curit\u00e9. L&rsquo;aluminium massif Mini et l&rsquo;aluminium massif V-Slat sont opaques, ce qui donne un aspect plus \u00e9pur\u00e9 tout en assurant la s\u00e9curit\u00e9. Une gamme compl\u00e8te de couleurs de peinture en poudre est disponible sur demande.<\/span><\/p>\n<div class=\"qodef-section-title-holder qodef-st-standard qodef-st-title-left qodef-st-normal-space \">\n<div class=\"qodef-st-inner\"><\/div>\n<\/div>\n<h4><\/h4>\n","protected":false},"featured_media":10770,"template":"","meta":[],"product_brand":[],"product_cat":[604,593],"product_tag":[],"class_list":{"0":"post-11370","1":"product","2":"type-product","3":"status-publish","4":"has-post-thumbnail","6":"product_cat-grilles-de-securite-et-volets-roulants","7":"product_cat-portes-specialisees","9":"first","10":"instock","11":"taxable","12":"shipping-taxable","13":"product-type-simple"},"yoast_head":"<!-- This site is optimized with the Yoast SEO plugin v27.4 - https:\/\/yoast.com\/product\/yoast-seo-wordpress\/ -->\n<title>CTS-M - Colico<\/title>\n<meta name=\"robots\" content=\"index, follow, max-snippet:-1, max-image-preview:large, max-video-preview:-1\" \/>\n<link rel=\"canonical\" href=\"https:\/\/colico.ca\/fr\/produit\/cts-m\/\" \/>\n<meta property=\"og:locale\" content=\"fr_FR\" \/>\n<meta property=\"og:type\" content=\"article\" \/>\n<meta property=\"og:title\" content=\"CTS-M - Colico\" \/>\n<meta property=\"og:description\" content=\"Excellente s\u00e9curit\u00e9 pour les armoires  Les volets \u00e0 rideau offrent une excellente s\u00e9curit\u00e9 pour les armoires, les comptoirs et les kiosques. Ils sont parfaits pour les pharmacies, les kiosques de centres commerciaux, les AV et autres moyens de transport et vitrines. La Tambour est \u00e9quip\u00e9e d&#039;une serrure cylindrique \u00e0 mortaise de taille normale, facile \u00e0 remplacer par votre syst\u00e8me de cl\u00e9s. Le changement de cl\u00e9 est si facile que le changement annuel de cl\u00e9 peut devenir un \u00e9l\u00e9ment r\u00e9gulier de votre protocole de s\u00e9curit\u00e9. Il existe diff\u00e9rentes options de mat\u00e9riaux et de nombreuses options de finition, de sorte que vous pouvez choisir la s\u00e9curit\u00e9 des armoires en fonction de l&#039;aspect et de la convivialit\u00e9 de votre magasin. Le volet en polycarbonate vous permet de pr\u00e9senter des produits tout en les gardant en s\u00e9curit\u00e9. L&#039;aluminium massif Mini et l&#039;aluminium massif V-Slat sont opaques, ce qui donne un aspect plus \u00e9pur\u00e9 tout en assurant la s\u00e9curit\u00e9. Une gamme compl\u00e8te de couleurs de peinture en poudre est disponible sur demande.\" \/>\n<meta property=\"og:url\" content=\"https:\/\/colico.ca\/fr\/produit\/cts-m\/\" \/>\n<meta property=\"og:site_name\" content=\"Colico\" \/>\n<meta property=\"article:modified_time\" content=\"2023-02-09T08:21:38+00:00\" \/>\n<meta property=\"og:image\" content=\"https:\/\/colico.ca\/wp-content\/uploads\/2022\/10\/CTS-M-min.jpeg\" \/>\n\t<meta property=\"og:image:width\" content=\"1000\" \/>\n\t<meta property=\"og:image:height\" content=\"1000\" \/>\n\t<meta property=\"og:image:type\" content=\"image\/jpeg\" \/>\n<meta name=\"twitter:card\" content=\"summary_large_image\" \/>\n<script type=\"application\/ld+json\" class=\"yoast-schema-graph\">{\"@context\":\"https:\\\/\\\/schema.org\",\"@graph\":[{\"@type\":\"WebPage\",\"@id\":\"https:\\\/\\\/colico.ca\\\/fr\\\/produit\\\/cts-m\\\/\",\"url\":\"https:\\\/\\\/colico.ca\\\/fr\\\/produit\\\/cts-m\\\/\",\"name\":\"CTS-M - Colico\",\"isPartOf\":{\"@id\":\"https:\\\/\\\/colico.ca\\\/#website\"},\"primaryImageOfPage\":{\"@id\":\"https:\\\/\\\/colico.ca\\\/fr\\\/produit\\\/cts-m\\\/#primaryimage\"},\"image\":{\"@id\":\"https:\\\/\\\/colico.ca\\\/fr\\\/produit\\\/cts-m\\\/#primaryimage\"},\"thumbnailUrl\":\"https:\\\/\\\/colico.ca\\\/wp-content\\\/uploads\\\/2022\\\/10\\\/CTS-M-min.jpeg\",\"datePublished\":\"2022-10-26T13:58:26+00:00\",\"dateModified\":\"2023-02-09T08:21:38+00:00\",\"breadcrumb\":{\"@id\":\"https:\\\/\\\/colico.ca\\\/fr\\\/produit\\\/cts-m\\\/#breadcrumb\"},\"inLanguage\":\"fr-FR\",\"potentialAction\":[{\"@type\":\"ReadAction\",\"target\":[\"https:\\\/\\\/colico.ca\\\/fr\\\/produit\\\/cts-m\\\/\"]}]},{\"@type\":\"ImageObject\",\"inLanguage\":\"fr-FR\",\"@id\":\"https:\\\/\\\/colico.ca\\\/fr\\\/produit\\\/cts-m\\\/#primaryimage\",\"url\":\"https:\\\/\\\/colico.ca\\\/wp-content\\\/uploads\\\/2022\\\/10\\\/CTS-M-min.jpeg\",\"contentUrl\":\"https:\\\/\\\/colico.ca\\\/wp-content\\\/uploads\\\/2022\\\/10\\\/CTS-M-min.jpeg\",\"width\":1000,\"height\":1000,\"caption\":\"CTS-M-min\"},{\"@type\":\"BreadcrumbList\",\"@id\":\"https:\\\/\\\/colico.ca\\\/fr\\\/produit\\\/cts-m\\\/#breadcrumb\",\"itemListElement\":[{\"@type\":\"ListItem\",\"position\":1,\"name\":\"Home\",\"item\":\"https:\\\/\\\/colico.ca\\\/fr\\\/accueil-principal\\\/\"},{\"@type\":\"ListItem\",\"position\":2,\"name\":\"Boutique\",\"item\":\"https:\\\/\\\/colico.ca\\\/fr\\\/boutique\\\/\"},{\"@type\":\"ListItem\",\"position\":3,\"name\":\"CTS-M\"}]},{\"@type\":\"WebSite\",\"@id\":\"https:\\\/\\\/colico.ca\\\/#website\",\"url\":\"https:\\\/\\\/colico.ca\\\/\",\"name\":\"Colico\",\"description\":\"Produits architecturaux\",\"potentialAction\":[{\"@type\":\"SearchAction\",\"target\":{\"@type\":\"EntryPoint\",\"urlTemplate\":\"https:\\\/\\\/colico.ca\\\/?s={search_term_string}\"},\"query-input\":{\"@type\":\"PropertyValueSpecification\",\"valueRequired\":true,\"valueName\":\"search_term_string\"}}],\"inLanguage\":\"fr-FR\"}]}<\/script>\n<!-- \/ Yoast SEO plugin. -->","yoast_head_json":{"title":"CTS-M - Colico","robots":{"index":"index","follow":"follow","max-snippet":"max-snippet:-1","max-image-preview":"max-image-preview:large","max-video-preview":"max-video-preview:-1"},"canonical":"https:\/\/colico.ca\/fr\/produit\/cts-m\/","og_locale":"fr_FR","og_type":"article","og_title":"CTS-M - Colico","og_description":"Excellente s\u00e9curit\u00e9 pour les armoires  Les volets \u00e0 rideau offrent une excellente s\u00e9curit\u00e9 pour les armoires, les comptoirs et les kiosques. Ils sont parfaits pour les pharmacies, les kiosques de centres commerciaux, les AV et autres moyens de transport et vitrines. La Tambour est \u00e9quip\u00e9e d'une serrure cylindrique \u00e0 mortaise de taille normale, facile \u00e0 remplacer par votre syst\u00e8me de cl\u00e9s. Le changement de cl\u00e9 est si facile que le changement annuel de cl\u00e9 peut devenir un \u00e9l\u00e9ment r\u00e9gulier de votre protocole de s\u00e9curit\u00e9. Il existe diff\u00e9rentes options de mat\u00e9riaux et de nombreuses options de finition, de sorte que vous pouvez choisir la s\u00e9curit\u00e9 des armoires en fonction de l'aspect et de la convivialit\u00e9 de votre magasin. Le volet en polycarbonate vous permet de pr\u00e9senter des produits tout en les gardant en s\u00e9curit\u00e9. L'aluminium massif Mini et l'aluminium massif V-Slat sont opaques, ce qui donne un aspect plus \u00e9pur\u00e9 tout en assurant la s\u00e9curit\u00e9. Une gamme compl\u00e8te de couleurs de peinture en poudre est disponible sur demande.","og_url":"https:\/\/colico.ca\/fr\/produit\/cts-m\/","og_site_name":"Colico","article_modified_time":"2023-02-09T08:21:38+00:00","og_image":[{"width":1000,"height":1000,"url":"https:\/\/colico.ca\/wp-content\/uploads\/2022\/10\/CTS-M-min.jpeg","type":"image\/jpeg"}],"twitter_card":"summary_large_image","schema":{"@context":"https:\/\/schema.org","@graph":[{"@type":"WebPage","@id":"https:\/\/colico.ca\/fr\/produit\/cts-m\/","url":"https:\/\/colico.ca\/fr\/produit\/cts-m\/","name":"CTS-M - Colico","isPartOf":{"@id":"https:\/\/colico.ca\/#website"},"primaryImageOfPage":{"@id":"https:\/\/colico.ca\/fr\/produit\/cts-m\/#primaryimage"},"image":{"@id":"https:\/\/colico.ca\/fr\/produit\/cts-m\/#primaryimage"},"thumbnailUrl":"https:\/\/colico.ca\/wp-content\/uploads\/2022\/10\/CTS-M-min.jpeg","datePublished":"2022-10-26T13:58:26+00:00","dateModified":"2023-02-09T08:21:38+00:00","breadcrumb":{"@id":"https:\/\/colico.ca\/fr\/produit\/cts-m\/#breadcrumb"},"inLanguage":"fr-FR","potentialAction":[{"@type":"ReadAction","target":["https:\/\/colico.ca\/fr\/produit\/cts-m\/"]}]},{"@type":"ImageObject","inLanguage":"fr-FR","@id":"https:\/\/colico.ca\/fr\/produit\/cts-m\/#primaryimage","url":"https:\/\/colico.ca\/wp-content\/uploads\/2022\/10\/CTS-M-min.jpeg","contentUrl":"https:\/\/colico.ca\/wp-content\/uploads\/2022\/10\/CTS-M-min.jpeg","width":1000,"height":1000,"caption":"CTS-M-min"},{"@type":"BreadcrumbList","@id":"https:\/\/colico.ca\/fr\/produit\/cts-m\/#breadcrumb","itemListElement":[{"@type":"ListItem","position":1,"name":"Home","item":"https:\/\/colico.ca\/fr\/accueil-principal\/"},{"@type":"ListItem","position":2,"name":"Boutique","item":"https:\/\/colico.ca\/fr\/boutique\/"},{"@type":"ListItem","position":3,"name":"CTS-M"}]},{"@type":"WebSite","@id":"https:\/\/colico.ca\/#website","url":"https:\/\/colico.ca\/","name":"Colico","description":"Produits architecturaux","potentialAction":[{"@type":"SearchAction","target":{"@type":"EntryPoint","urlTemplate":"https:\/\/colico.ca\/?s={search_term_string}"},"query-input":{"@type":"PropertyValueSpecification","valueRequired":true,"valueName":"search_term_string"}}],"inLanguage":"fr-FR"}]}},"_links":{"self":[{"href":"https:\/\/colico.ca\/fr\/wp-json\/wp\/v2\/product\/11370","targetHints":{"allow":["GET"]}}],"collection":[{"href":"https:\/\/colico.ca\/fr\/wp-json\/wp\/v2\/product"}],"about":[{"href":"https:\/\/colico.ca\/fr\/wp-json\/wp\/v2\/types\/product"}],"wp:featuredmedia":[{"embeddable":true,"href":"https:\/\/colico.ca\/fr\/wp-json\/wp\/v2\/media\/10770"}],"wp:attachment":[{"href":"https:\/\/colico.ca\/fr\/wp-json\/wp\/v2\/media?parent=11370"}],"wp:term":[{"taxonomy":"product_brand","embeddable":true,"href":"https:\/\/colico.ca\/fr\/wp-json\/wp\/v2\/product_brand?post=11370"},{"taxonomy":"product_cat","embeddable":true,"href":"https:\/\/colico.ca\/fr\/wp-json\/wp\/v2\/product_cat?post=11370"},{"taxonomy":"product_tag","embeddable":true,"href":"https:\/\/colico.ca\/fr\/wp-json\/wp\/v2\/product_tag?post=11370"}],"curies":[{"name":"wp","href":"https:\/\/api.w.org\/{rel}","templated":true}]}}