{"id":11367,"date":"2022-10-18T19:49:48","date_gmt":"2022-10-18T19:49:48","guid":{"rendered":"https:\/\/colico.ca\/product\/dalles-de-plafond-en-prfv\/"},"modified":"2023-02-09T08:21:35","modified_gmt":"2023-02-09T08:21:35","slug":"dalles-de-plafond-en-prfv","status":"publish","type":"product","link":"https:\/\/colico.ca\/fr\/produit\/dalles-de-plafond-en-prfv\/","title":{"rendered":"Dalles de plafond en PRFV"},"content":{"rendered":"","protected":false},"excerpt":{"rendered":"<p class=\"x_MsoNormal\"><span lang=\"EN-CA\" style=\"color: #000000;\">Nous avons en stock des feuilles blanches textur\u00e9es de classe \u00ab\u00a0C\u00a0\u00bb de 23 3\/4\u00a0\u00bb X 47 3\/4\u00a0\u00bb et tous les accessoires n\u00e9cessaires.<\/span><\/p>\n<p class=\"x_MsoNormal\"><span lang=\"EN-CA\" style=\"color: #000000;\"><span style=\"color: #000000;\">**Autres couleurs \/ Classe \u00a0\u00bbA\u00a0\u00bb \/ dalles de plafond \/ et finition lisse disponibles sur demande**.<\/span><\/span><\/p>\n<p class=\"x_MsoNormal\"><span lang=\"EN-CA\" style=\"color: #000000;\"><span style=\"color: #000000;\">Cash and carry \u00e0 notre entrep\u00f4t de Montr\u00e9al ou appelez-nous pour conna\u00eetre les tarifs de livraison.<\/span><\/span><\/p>\n<p>&nbsp;<\/p>\n<p><span style=\"color: #000000;\">Prix par carreau<\/span><\/p>\n","protected":false},"featured_media":10724,"template":"","meta":[],"product_brand":[],"product_cat":[607,614],"product_tag":[609],"class_list":{"0":"post-11367","1":"product","2":"type-product","3":"status-publish","4":"has-post-thumbnail","6":"product_cat-panneaux-architecturaux","7":"product_cat-panneaux-en-fibre-de-verre","8":"product_tag-acheter-en-ligne","10":"first","11":"instock","12":"taxable","13":"shipping-taxable","14":"purchasable","15":"product-type-simple"},"yoast_head":"<!-- This site is optimized with the Yoast SEO plugin v27.5 - https:\/\/yoast.com\/product\/yoast-seo-wordpress\/ -->\n<title>Dalles de plafond en PRFV - Colico<\/title>\n<meta name=\"robots\" content=\"index, follow, max-snippet:-1, max-image-preview:large, max-video-preview:-1\" \/>\n<link rel=\"canonical\" href=\"https:\/\/colico.ca\/produit\/frp-ceiling-tiles\/\" \/>\n<meta property=\"og:locale\" content=\"fr_FR\" \/>\n<meta property=\"og:type\" content=\"article\" \/>\n<meta property=\"og:title\" content=\"Dalles de plafond en PRFV - Colico\" \/>\n<meta property=\"og:description\" content=\"Nous avons en stock des feuilles blanches textur\u00e9es de classe &quot;C&quot; de 23 3\/4&#039;&#039; X 47 3\/4&#039;&#039; et tous les accessoires n\u00e9cessaires. **Autres couleurs \/ Classe &#039;&#039;A&#039;&#039; \/ dalles de plafond \/ et finition lisse disponibles sur demande**. Cash and carry \u00e0 notre entrep\u00f4t de Montr\u00e9al ou appelez-nous pour conna\u00eetre les tarifs de livraison. &nbsp; Prix par carreau\" \/>\n<meta property=\"og:url\" content=\"https:\/\/colico.ca\/produit\/frp-ceiling-tiles\/\" \/>\n<meta property=\"og:site_name\" content=\"Colico\" \/>\n<meta property=\"article:modified_time\" content=\"2023-02-09T08:21:35+00:00\" \/>\n<meta property=\"og:image\" content=\"https:\/\/colico.ca\/wp-content\/uploads\/2022\/10\/Glasliner-plafond.jpeg\" \/>\n\t<meta property=\"og:image:width\" content=\"659\" \/>\n\t<meta property=\"og:image:height\" content=\"659\" \/>\n\t<meta property=\"og:image:type\" content=\"image\/jpeg\" \/>\n<meta name=\"twitter:card\" content=\"summary_large_image\" \/>\n<script type=\"application\/ld+json\" class=\"yoast-schema-graph\">{\"@context\":\"https:\\\/\\\/schema.org\",\"@graph\":[{\"@type\":\"WebPage\",\"@id\":\"https:\\\/\\\/colico.ca\\\/produit\\\/frp-ceiling-tiles\\\/\",\"url\":\"https:\\\/\\\/colico.ca\\\/produit\\\/frp-ceiling-tiles\\\/\",\"name\":\"Dalles de plafond en PRFV - Colico\",\"isPartOf\":{\"@id\":\"https:\\\/\\\/colico.ca\\\/#website\"},\"primaryImageOfPage\":{\"@id\":\"https:\\\/\\\/colico.ca\\\/produit\\\/frp-ceiling-tiles\\\/#primaryimage\"},\"image\":{\"@id\":\"https:\\\/\\\/colico.ca\\\/produit\\\/frp-ceiling-tiles\\\/#primaryimage\"},\"thumbnailUrl\":\"https:\\\/\\\/colico.ca\\\/wp-content\\\/uploads\\\/2022\\\/10\\\/Glasliner-plafond.jpeg\",\"datePublished\":\"2022-10-18T19:49:48+00:00\",\"dateModified\":\"2023-02-09T08:21:35+00:00\",\"breadcrumb\":{\"@id\":\"https:\\\/\\\/colico.ca\\\/produit\\\/frp-ceiling-tiles\\\/#breadcrumb\"},\"inLanguage\":\"fr-FR\",\"potentialAction\":[{\"@type\":\"ReadAction\",\"target\":[\"https:\\\/\\\/colico.ca\\\/produit\\\/frp-ceiling-tiles\\\/\"]}]},{\"@type\":\"ImageObject\",\"inLanguage\":\"fr-FR\",\"@id\":\"https:\\\/\\\/colico.ca\\\/produit\\\/frp-ceiling-tiles\\\/#primaryimage\",\"url\":\"https:\\\/\\\/colico.ca\\\/wp-content\\\/uploads\\\/2022\\\/10\\\/Glasliner-plafond.jpeg\",\"contentUrl\":\"https:\\\/\\\/colico.ca\\\/wp-content\\\/uploads\\\/2022\\\/10\\\/Glasliner-plafond.jpeg\",\"width\":659,\"height\":659,\"caption\":\"Glasliner plafond\"},{\"@type\":\"BreadcrumbList\",\"@id\":\"https:\\\/\\\/colico.ca\\\/produit\\\/frp-ceiling-tiles\\\/#breadcrumb\",\"itemListElement\":[{\"@type\":\"ListItem\",\"position\":1,\"name\":\"Home\",\"item\":\"https:\\\/\\\/colico.ca\\\/fr\\\/accueil-principal\\\/\"},{\"@type\":\"ListItem\",\"position\":2,\"name\":\"Boutique\",\"item\":\"https:\\\/\\\/colico.ca\\\/fr\\\/boutique\\\/\"},{\"@type\":\"ListItem\",\"position\":3,\"name\":\"Dalles de plafond en PRFV\"}]},{\"@type\":\"WebSite\",\"@id\":\"https:\\\/\\\/colico.ca\\\/#website\",\"url\":\"https:\\\/\\\/colico.ca\\\/\",\"name\":\"Colico\",\"description\":\"Produits architecturaux\",\"potentialAction\":[{\"@type\":\"SearchAction\",\"target\":{\"@type\":\"EntryPoint\",\"urlTemplate\":\"https:\\\/\\\/colico.ca\\\/?s={search_term_string}\"},\"query-input\":{\"@type\":\"PropertyValueSpecification\",\"valueRequired\":true,\"valueName\":\"search_term_string\"}}],\"inLanguage\":\"fr-FR\"}]}<\/script>\n<!-- \/ Yoast SEO plugin. -->","yoast_head_json":{"title":"Dalles de plafond en PRFV - Colico","robots":{"index":"index","follow":"follow","max-snippet":"max-snippet:-1","max-image-preview":"max-image-preview:large","max-video-preview":"max-video-preview:-1"},"canonical":"https:\/\/colico.ca\/produit\/frp-ceiling-tiles\/","og_locale":"fr_FR","og_type":"article","og_title":"Dalles de plafond en PRFV - Colico","og_description":"Nous avons en stock des feuilles blanches textur\u00e9es de classe \"C\" de 23 3\/4'' X 47 3\/4'' et tous les accessoires n\u00e9cessaires. **Autres couleurs \/ Classe ''A'' \/ dalles de plafond \/ et finition lisse disponibles sur demande**. Cash and carry \u00e0 notre entrep\u00f4t de Montr\u00e9al ou appelez-nous pour conna\u00eetre les tarifs de livraison. &nbsp; Prix par carreau","og_url":"https:\/\/colico.ca\/produit\/frp-ceiling-tiles\/","og_site_name":"Colico","article_modified_time":"2023-02-09T08:21:35+00:00","og_image":[{"width":659,"height":659,"url":"https:\/\/colico.ca\/wp-content\/uploads\/2022\/10\/Glasliner-plafond.jpeg","type":"image\/jpeg"}],"twitter_card":"summary_large_image","schema":{"@context":"https:\/\/schema.org","@graph":[{"@type":"WebPage","@id":"https:\/\/colico.ca\/produit\/frp-ceiling-tiles\/","url":"https:\/\/colico.ca\/produit\/frp-ceiling-tiles\/","name":"Dalles de plafond en PRFV - Colico","isPartOf":{"@id":"https:\/\/colico.ca\/#website"},"primaryImageOfPage":{"@id":"https:\/\/colico.ca\/produit\/frp-ceiling-tiles\/#primaryimage"},"image":{"@id":"https:\/\/colico.ca\/produit\/frp-ceiling-tiles\/#primaryimage"},"thumbnailUrl":"https:\/\/colico.ca\/wp-content\/uploads\/2022\/10\/Glasliner-plafond.jpeg","datePublished":"2022-10-18T19:49:48+00:00","dateModified":"2023-02-09T08:21:35+00:00","breadcrumb":{"@id":"https:\/\/colico.ca\/produit\/frp-ceiling-tiles\/#breadcrumb"},"inLanguage":"fr-FR","potentialAction":[{"@type":"ReadAction","target":["https:\/\/colico.ca\/produit\/frp-ceiling-tiles\/"]}]},{"@type":"ImageObject","inLanguage":"fr-FR","@id":"https:\/\/colico.ca\/produit\/frp-ceiling-tiles\/#primaryimage","url":"https:\/\/colico.ca\/wp-content\/uploads\/2022\/10\/Glasliner-plafond.jpeg","contentUrl":"https:\/\/colico.ca\/wp-content\/uploads\/2022\/10\/Glasliner-plafond.jpeg","width":659,"height":659,"caption":"Glasliner plafond"},{"@type":"BreadcrumbList","@id":"https:\/\/colico.ca\/produit\/frp-ceiling-tiles\/#breadcrumb","itemListElement":[{"@type":"ListItem","position":1,"name":"Home","item":"https:\/\/colico.ca\/fr\/accueil-principal\/"},{"@type":"ListItem","position":2,"name":"Boutique","item":"https:\/\/colico.ca\/fr\/boutique\/"},{"@type":"ListItem","position":3,"name":"Dalles de plafond en PRFV"}]},{"@type":"WebSite","@id":"https:\/\/colico.ca\/#website","url":"https:\/\/colico.ca\/","name":"Colico","description":"Produits architecturaux","potentialAction":[{"@type":"SearchAction","target":{"@type":"EntryPoint","urlTemplate":"https:\/\/colico.ca\/?s={search_term_string}"},"query-input":{"@type":"PropertyValueSpecification","valueRequired":true,"valueName":"search_term_string"}}],"inLanguage":"fr-FR"}]}},"_links":{"self":[{"href":"https:\/\/colico.ca\/fr\/wp-json\/wp\/v2\/product\/11367","targetHints":{"allow":["GET"]}}],"collection":[{"href":"https:\/\/colico.ca\/fr\/wp-json\/wp\/v2\/product"}],"about":[{"href":"https:\/\/colico.ca\/fr\/wp-json\/wp\/v2\/types\/product"}],"wp:featuredmedia":[{"embeddable":true,"href":"https:\/\/colico.ca\/fr\/wp-json\/wp\/v2\/media\/10724"}],"wp:attachment":[{"href":"https:\/\/colico.ca\/fr\/wp-json\/wp\/v2\/media?parent=11367"}],"wp:term":[{"taxonomy":"product_brand","embeddable":true,"href":"https:\/\/colico.ca\/fr\/wp-json\/wp\/v2\/product_brand?post=11367"},{"taxonomy":"product_cat","embeddable":true,"href":"https:\/\/colico.ca\/fr\/wp-json\/wp\/v2\/product_cat?post=11367"},{"taxonomy":"product_tag","embeddable":true,"href":"https:\/\/colico.ca\/fr\/wp-json\/wp\/v2\/product_tag?post=11367"}],"curies":[{"name":"wp","href":"https:\/\/api.w.org\/{rel}","templated":true}]}}