{"id":11366,"date":"2022-09-19T17:55:04","date_gmt":"2022-09-19T17:55:04","guid":{"rendered":"https:\/\/colico.ca\/product\/dowsil-cws-scellant-detancheite-pour-entrepreneurs\/"},"modified":"2023-02-09T08:21:35","modified_gmt":"2023-02-09T08:21:35","slug":"dowsil-cws-scellant-detancheite-pour-entrepreneurs","status":"publish","type":"product","link":"https:\/\/colico.ca\/fr\/produit\/dowsil-cws-scellant-detancheite-pour-entrepreneurs\/","title":{"rendered":"Dowsil\u2122 CWS Scellant d&rsquo;\u00e9tanch\u00e9it\u00e9 pour entrepreneurs"},"content":{"rendered":"","protected":false},"excerpt":{"rendered":"<ul>\n<li class=\"x_MsoNormal\"><span lang=\"EN-CA\" style=\"color: #000000;\">Disponible en cartouches de 305 ml ou en saucisses de 591 ml.<\/span><\/li>\n<li class=\"x_MsoNormal\"><span lang=\"EN-CA\" style=\"color: #000000;\">La couleur sera exp\u00e9di\u00e9e en fonction de la couleur du panneau s\u00e9lectionn\u00e9.  <\/span><\/li>\n<li class=\"x_MsoNormal\"><span lang=\"EN-CA\" style=\"color: #000000;\">Si vous souhaitez une autre couleur, veuillez nous contacter avant de passer votre commande.<\/span><\/li>\n<\/ul>\n[qodef_button size=\"\" type=\"\" text=\"T\u00e9l\u00e9charger la fiche technique\" custom_class=\"\" icon_pack=\"font_elegant\" fe_icon=\"\" link=\"https:\/\/colico.ca\/wp-content\/uploads\/2022\/09\/62-718-dowsil-contractors-weatherproofing-sealant.pdf\" target=\"_self\" color=\"#fff\" hover_color=\"#fff\" background_color=\"#000\" hover_background_color=\"#d11317\" font_size=\"16px\" font_weight=\"400\" margin=\"0px 0px 10px 0px\"]\n","protected":false},"featured_media":10698,"template":"","meta":[],"product_brand":[],"product_cat":[607,608,613],"product_tag":[609],"class_list":{"0":"post-11366","1":"product","2":"type-product","3":"status-publish","4":"has-post-thumbnail","6":"product_cat-panneaux-architecturaux","7":"product_cat-panneaux-de-facade","8":"product_cat-steni-accessoires","9":"product_tag-acheter-en-ligne","11":"first","12":"instock","13":"taxable","14":"shipping-taxable","15":"purchasable","16":"product-type-variable"},"yoast_head":"<!-- This site is optimized with the Yoast SEO plugin v27.5 - https:\/\/yoast.com\/product\/yoast-seo-wordpress\/ -->\n<title>Dowsil\u2122 CWS Scellant d&#039;\u00e9tanch\u00e9it\u00e9 pour entrepreneurs - Colico<\/title>\n<meta name=\"robots\" content=\"index, follow, max-snippet:-1, max-image-preview:large, max-video-preview:-1\" \/>\n<link rel=\"canonical\" href=\"https:\/\/colico.ca\/fr\/produit\/dowsil-cws-scellant-detancheite-pour-entrepreneurs\/\" \/>\n<meta property=\"og:locale\" content=\"fr_FR\" \/>\n<meta property=\"og:type\" content=\"article\" \/>\n<meta property=\"og:title\" content=\"Dowsil\u2122 CWS Scellant d&#039;\u00e9tanch\u00e9it\u00e9 pour entrepreneurs - Colico\" \/>\n<meta property=\"og:description\" content=\"Disponible en cartouches de 305 ml ou en saucisses de 591 ml.  La couleur sera exp\u00e9di\u00e9e en fonction de la couleur du panneau s\u00e9lectionn\u00e9.   Si vous souhaitez une autre couleur, veuillez nous contacter avant de passer votre commande.\" \/>\n<meta property=\"og:url\" content=\"https:\/\/colico.ca\/fr\/produit\/dowsil-cws-scellant-detancheite-pour-entrepreneurs\/\" \/>\n<meta property=\"og:site_name\" content=\"Colico\" \/>\n<meta property=\"article:modified_time\" content=\"2023-02-09T08:21:35+00:00\" \/>\n<meta property=\"og:image\" content=\"https:\/\/colico.ca\/wp-content\/uploads\/2022\/09\/Weatherproofing-Sealant.jpeg\" \/>\n\t<meta property=\"og:image:width\" content=\"800\" \/>\n\t<meta property=\"og:image:height\" content=\"800\" \/>\n\t<meta property=\"og:image:type\" content=\"image\/jpeg\" \/>\n<meta name=\"twitter:card\" content=\"summary_large_image\" \/>\n<script type=\"application\/ld+json\" class=\"yoast-schema-graph\">{\"@context\":\"https:\\\/\\\/schema.org\",\"@graph\":[{\"@type\":\"WebPage\",\"@id\":\"https:\\\/\\\/colico.ca\\\/fr\\\/produit\\\/dowsil-cws-scellant-detancheite-pour-entrepreneurs\\\/\",\"url\":\"https:\\\/\\\/colico.ca\\\/fr\\\/produit\\\/dowsil-cws-scellant-detancheite-pour-entrepreneurs\\\/\",\"name\":\"Dowsil\u2122 CWS Scellant d'\u00e9tanch\u00e9it\u00e9 pour entrepreneurs - Colico\",\"isPartOf\":{\"@id\":\"https:\\\/\\\/colico.ca\\\/#website\"},\"primaryImageOfPage\":{\"@id\":\"https:\\\/\\\/colico.ca\\\/fr\\\/produit\\\/dowsil-cws-scellant-detancheite-pour-entrepreneurs\\\/#primaryimage\"},\"image\":{\"@id\":\"https:\\\/\\\/colico.ca\\\/fr\\\/produit\\\/dowsil-cws-scellant-detancheite-pour-entrepreneurs\\\/#primaryimage\"},\"thumbnailUrl\":\"https:\\\/\\\/colico.ca\\\/wp-content\\\/uploads\\\/2022\\\/09\\\/Weatherproofing-Sealant.jpeg\",\"datePublished\":\"2022-09-19T17:55:04+00:00\",\"dateModified\":\"2023-02-09T08:21:35+00:00\",\"breadcrumb\":{\"@id\":\"https:\\\/\\\/colico.ca\\\/fr\\\/produit\\\/dowsil-cws-scellant-detancheite-pour-entrepreneurs\\\/#breadcrumb\"},\"inLanguage\":\"fr-FR\",\"potentialAction\":[{\"@type\":\"ReadAction\",\"target\":[\"https:\\\/\\\/colico.ca\\\/fr\\\/produit\\\/dowsil-cws-scellant-detancheite-pour-entrepreneurs\\\/\"]}]},{\"@type\":\"ImageObject\",\"inLanguage\":\"fr-FR\",\"@id\":\"https:\\\/\\\/colico.ca\\\/fr\\\/produit\\\/dowsil-cws-scellant-detancheite-pour-entrepreneurs\\\/#primaryimage\",\"url\":\"https:\\\/\\\/colico.ca\\\/wp-content\\\/uploads\\\/2022\\\/09\\\/Weatherproofing-Sealant.jpeg\",\"contentUrl\":\"https:\\\/\\\/colico.ca\\\/wp-content\\\/uploads\\\/2022\\\/09\\\/Weatherproofing-Sealant.jpeg\",\"width\":800,\"height\":800,\"caption\":\"Weatherproofing Sealant\"},{\"@type\":\"BreadcrumbList\",\"@id\":\"https:\\\/\\\/colico.ca\\\/fr\\\/produit\\\/dowsil-cws-scellant-detancheite-pour-entrepreneurs\\\/#breadcrumb\",\"itemListElement\":[{\"@type\":\"ListItem\",\"position\":1,\"name\":\"Home\",\"item\":\"https:\\\/\\\/colico.ca\\\/fr\\\/accueil-principal\\\/\"},{\"@type\":\"ListItem\",\"position\":2,\"name\":\"Boutique\",\"item\":\"https:\\\/\\\/colico.ca\\\/fr\\\/boutique\\\/\"},{\"@type\":\"ListItem\",\"position\":3,\"name\":\"Dowsil\u2122 CWS Scellant d&rsquo;\u00e9tanch\u00e9it\u00e9 pour entrepreneurs\"}]},{\"@type\":\"WebSite\",\"@id\":\"https:\\\/\\\/colico.ca\\\/#website\",\"url\":\"https:\\\/\\\/colico.ca\\\/\",\"name\":\"Colico\",\"description\":\"Produits architecturaux\",\"potentialAction\":[{\"@type\":\"SearchAction\",\"target\":{\"@type\":\"EntryPoint\",\"urlTemplate\":\"https:\\\/\\\/colico.ca\\\/?s={search_term_string}\"},\"query-input\":{\"@type\":\"PropertyValueSpecification\",\"valueRequired\":true,\"valueName\":\"search_term_string\"}}],\"inLanguage\":\"fr-FR\"}]}<\/script>\n<!-- \/ Yoast SEO plugin. -->","yoast_head_json":{"title":"Dowsil\u2122 CWS Scellant d'\u00e9tanch\u00e9it\u00e9 pour entrepreneurs - Colico","robots":{"index":"index","follow":"follow","max-snippet":"max-snippet:-1","max-image-preview":"max-image-preview:large","max-video-preview":"max-video-preview:-1"},"canonical":"https:\/\/colico.ca\/fr\/produit\/dowsil-cws-scellant-detancheite-pour-entrepreneurs\/","og_locale":"fr_FR","og_type":"article","og_title":"Dowsil\u2122 CWS Scellant d'\u00e9tanch\u00e9it\u00e9 pour entrepreneurs - Colico","og_description":"Disponible en cartouches de 305 ml ou en saucisses de 591 ml.  La couleur sera exp\u00e9di\u00e9e en fonction de la couleur du panneau s\u00e9lectionn\u00e9.   Si vous souhaitez une autre couleur, veuillez nous contacter avant de passer votre commande.","og_url":"https:\/\/colico.ca\/fr\/produit\/dowsil-cws-scellant-detancheite-pour-entrepreneurs\/","og_site_name":"Colico","article_modified_time":"2023-02-09T08:21:35+00:00","og_image":[{"width":800,"height":800,"url":"https:\/\/colico.ca\/wp-content\/uploads\/2022\/09\/Weatherproofing-Sealant.jpeg","type":"image\/jpeg"}],"twitter_card":"summary_large_image","schema":{"@context":"https:\/\/schema.org","@graph":[{"@type":"WebPage","@id":"https:\/\/colico.ca\/fr\/produit\/dowsil-cws-scellant-detancheite-pour-entrepreneurs\/","url":"https:\/\/colico.ca\/fr\/produit\/dowsil-cws-scellant-detancheite-pour-entrepreneurs\/","name":"Dowsil\u2122 CWS Scellant d'\u00e9tanch\u00e9it\u00e9 pour entrepreneurs - Colico","isPartOf":{"@id":"https:\/\/colico.ca\/#website"},"primaryImageOfPage":{"@id":"https:\/\/colico.ca\/fr\/produit\/dowsil-cws-scellant-detancheite-pour-entrepreneurs\/#primaryimage"},"image":{"@id":"https:\/\/colico.ca\/fr\/produit\/dowsil-cws-scellant-detancheite-pour-entrepreneurs\/#primaryimage"},"thumbnailUrl":"https:\/\/colico.ca\/wp-content\/uploads\/2022\/09\/Weatherproofing-Sealant.jpeg","datePublished":"2022-09-19T17:55:04+00:00","dateModified":"2023-02-09T08:21:35+00:00","breadcrumb":{"@id":"https:\/\/colico.ca\/fr\/produit\/dowsil-cws-scellant-detancheite-pour-entrepreneurs\/#breadcrumb"},"inLanguage":"fr-FR","potentialAction":[{"@type":"ReadAction","target":["https:\/\/colico.ca\/fr\/produit\/dowsil-cws-scellant-detancheite-pour-entrepreneurs\/"]}]},{"@type":"ImageObject","inLanguage":"fr-FR","@id":"https:\/\/colico.ca\/fr\/produit\/dowsil-cws-scellant-detancheite-pour-entrepreneurs\/#primaryimage","url":"https:\/\/colico.ca\/wp-content\/uploads\/2022\/09\/Weatherproofing-Sealant.jpeg","contentUrl":"https:\/\/colico.ca\/wp-content\/uploads\/2022\/09\/Weatherproofing-Sealant.jpeg","width":800,"height":800,"caption":"Weatherproofing Sealant"},{"@type":"BreadcrumbList","@id":"https:\/\/colico.ca\/fr\/produit\/dowsil-cws-scellant-detancheite-pour-entrepreneurs\/#breadcrumb","itemListElement":[{"@type":"ListItem","position":1,"name":"Home","item":"https:\/\/colico.ca\/fr\/accueil-principal\/"},{"@type":"ListItem","position":2,"name":"Boutique","item":"https:\/\/colico.ca\/fr\/boutique\/"},{"@type":"ListItem","position":3,"name":"Dowsil\u2122 CWS Scellant d&rsquo;\u00e9tanch\u00e9it\u00e9 pour entrepreneurs"}]},{"@type":"WebSite","@id":"https:\/\/colico.ca\/#website","url":"https:\/\/colico.ca\/","name":"Colico","description":"Produits architecturaux","potentialAction":[{"@type":"SearchAction","target":{"@type":"EntryPoint","urlTemplate":"https:\/\/colico.ca\/?s={search_term_string}"},"query-input":{"@type":"PropertyValueSpecification","valueRequired":true,"valueName":"search_term_string"}}],"inLanguage":"fr-FR"}]}},"_links":{"self":[{"href":"https:\/\/colico.ca\/fr\/wp-json\/wp\/v2\/product\/11366","targetHints":{"allow":["GET"]}}],"collection":[{"href":"https:\/\/colico.ca\/fr\/wp-json\/wp\/v2\/product"}],"about":[{"href":"https:\/\/colico.ca\/fr\/wp-json\/wp\/v2\/types\/product"}],"wp:featuredmedia":[{"embeddable":true,"href":"https:\/\/colico.ca\/fr\/wp-json\/wp\/v2\/media\/10698"}],"wp:attachment":[{"href":"https:\/\/colico.ca\/fr\/wp-json\/wp\/v2\/media?parent=11366"}],"wp:term":[{"taxonomy":"product_brand","embeddable":true,"href":"https:\/\/colico.ca\/fr\/wp-json\/wp\/v2\/product_brand?post=11366"},{"taxonomy":"product_cat","embeddable":true,"href":"https:\/\/colico.ca\/fr\/wp-json\/wp\/v2\/product_cat?post=11366"},{"taxonomy":"product_tag","embeddable":true,"href":"https:\/\/colico.ca\/fr\/wp-json\/wp\/v2\/product_tag?post=11366"}],"curies":[{"name":"wp","href":"https:\/\/api.w.org\/{rel}","templated":true}]}}