{"id":11365,"date":"2022-07-12T21:05:33","date_gmt":"2022-07-12T21:05:33","guid":{"rendered":"https:\/\/colico.ca\/product\/barriere-de-securite-portable\/"},"modified":"2023-02-09T08:21:32","modified_gmt":"2023-02-09T08:21:32","slug":"barriere-de-securite-portable","status":"publish","type":"product","link":"https:\/\/colico.ca\/fr\/produit\/barriere-de-securite-portable\/","title":{"rendered":"Barri\u00e8re de s\u00e9curit\u00e9 portable"},"content":{"rendered":"","protected":false},"excerpt":{"rendered":"<p><span style=\"color: #000000;\"><span lang=\"EN-US\">Xpanda <\/span><a style=\"color: #000000;\" href=\"https:\/\/xpandasecuritygates.com\/sports-venue-security\/\" target=\"_blank\" rel=\"noopener noreferrer\" data-auth=\"NotApplicable\" data-safelink=\"true\" data-linkindex=\"2\"><br \/>\n  <span lang=\"EN-US\">portails de s\u00e9curit\u00e9 portables<\/span><br \/>\n<\/a><span lang=\"EN-US\">  ont des utilisations pratiquement illimit\u00e9es. Que vous ayez besoin de bloquer une grande zone ou de restreindre l&rsquo;acc\u00e8s \u00e0 un petit coin d&rsquo;un lieu, nos portails portables extensibles sont capables de se conformer et de s&rsquo;adapter \u00e0 vos besoins &#8211; le tout avec la qualit\u00e9 que vous attendez d&rsquo;Xpanda et la commodit\u00e9 d&rsquo;une installation et d&rsquo;un stockage rapides.<\/span><\/span><\/p>\n<h4><\/h4>\n","protected":false},"featured_media":10658,"template":"","meta":[],"product_brand":[],"product_cat":[611,593],"product_tag":[],"class_list":{"0":"post-11365","1":"product","2":"type-product","3":"status-publish","4":"has-post-thumbnail","6":"product_cat-portes-a-ciseaux","7":"product_cat-portes-specialisees","9":"first","10":"instock","11":"taxable","12":"shipping-taxable","13":"product-type-simple"},"yoast_head":"<!-- This site is optimized with the Yoast SEO plugin v27.5 - https:\/\/yoast.com\/product\/yoast-seo-wordpress\/ -->\n<title>Barri\u00e8re de s\u00e9curit\u00e9 portable - Colico<\/title>\n<meta name=\"robots\" content=\"index, follow, max-snippet:-1, max-image-preview:large, max-video-preview:-1\" \/>\n<link rel=\"canonical\" href=\"https:\/\/colico.ca\/fr\/produit\/barriere-de-securite-portable\/\" \/>\n<meta property=\"og:locale\" content=\"fr_FR\" \/>\n<meta property=\"og:type\" content=\"article\" \/>\n<meta property=\"og:title\" content=\"Barri\u00e8re de s\u00e9curit\u00e9 portable - Colico\" \/>\n<meta property=\"og:description\" content=\"Xpanda  portails de s\u00e9curit\u00e9 portables  ont des utilisations pratiquement illimit\u00e9es. Que vous ayez besoin de bloquer une grande zone ou de restreindre l&#039;acc\u00e8s \u00e0 un petit coin d&#039;un lieu, nos portails portables extensibles sont capables de se conformer et de s&#039;adapter \u00e0 vos besoins - le tout avec la qualit\u00e9 que vous attendez d&#039;Xpanda et la commodit\u00e9 d&#039;une installation et d&#039;un stockage rapides.\" \/>\n<meta property=\"og:url\" content=\"https:\/\/colico.ca\/fr\/produit\/barriere-de-securite-portable\/\" \/>\n<meta property=\"og:site_name\" content=\"Colico\" \/>\n<meta property=\"article:modified_time\" content=\"2023-02-09T08:21:32+00:00\" \/>\n<meta property=\"og:image\" content=\"https:\/\/colico.ca\/wp-content\/uploads\/2022\/07\/Portable-Security-Gates.jpeg\" \/>\n\t<meta property=\"og:image:width\" content=\"480\" \/>\n\t<meta property=\"og:image:height\" content=\"480\" \/>\n\t<meta property=\"og:image:type\" content=\"image\/jpeg\" \/>\n<meta name=\"twitter:card\" content=\"summary_large_image\" \/>\n<script type=\"application\/ld+json\" class=\"yoast-schema-graph\">{\"@context\":\"https:\\\/\\\/schema.org\",\"@graph\":[{\"@type\":\"WebPage\",\"@id\":\"https:\\\/\\\/colico.ca\\\/fr\\\/produit\\\/barriere-de-securite-portable\\\/\",\"url\":\"https:\\\/\\\/colico.ca\\\/fr\\\/produit\\\/barriere-de-securite-portable\\\/\",\"name\":\"Barri\u00e8re de s\u00e9curit\u00e9 portable - Colico\",\"isPartOf\":{\"@id\":\"https:\\\/\\\/colico.ca\\\/#website\"},\"primaryImageOfPage\":{\"@id\":\"https:\\\/\\\/colico.ca\\\/fr\\\/produit\\\/barriere-de-securite-portable\\\/#primaryimage\"},\"image\":{\"@id\":\"https:\\\/\\\/colico.ca\\\/fr\\\/produit\\\/barriere-de-securite-portable\\\/#primaryimage\"},\"thumbnailUrl\":\"https:\\\/\\\/colico.ca\\\/wp-content\\\/uploads\\\/2022\\\/07\\\/Portable-Security-Gates.jpeg\",\"datePublished\":\"2022-07-12T21:05:33+00:00\",\"dateModified\":\"2023-02-09T08:21:32+00:00\",\"breadcrumb\":{\"@id\":\"https:\\\/\\\/colico.ca\\\/fr\\\/produit\\\/barriere-de-securite-portable\\\/#breadcrumb\"},\"inLanguage\":\"fr-FR\",\"potentialAction\":[{\"@type\":\"ReadAction\",\"target\":[\"https:\\\/\\\/colico.ca\\\/fr\\\/produit\\\/barriere-de-securite-portable\\\/\"]}]},{\"@type\":\"ImageObject\",\"inLanguage\":\"fr-FR\",\"@id\":\"https:\\\/\\\/colico.ca\\\/fr\\\/produit\\\/barriere-de-securite-portable\\\/#primaryimage\",\"url\":\"https:\\\/\\\/colico.ca\\\/wp-content\\\/uploads\\\/2022\\\/07\\\/Portable-Security-Gates.jpeg\",\"contentUrl\":\"https:\\\/\\\/colico.ca\\\/wp-content\\\/uploads\\\/2022\\\/07\\\/Portable-Security-Gates.jpeg\",\"width\":480,\"height\":480,\"caption\":\"Portable Security Gates\"},{\"@type\":\"BreadcrumbList\",\"@id\":\"https:\\\/\\\/colico.ca\\\/fr\\\/produit\\\/barriere-de-securite-portable\\\/#breadcrumb\",\"itemListElement\":[{\"@type\":\"ListItem\",\"position\":1,\"name\":\"Home\",\"item\":\"https:\\\/\\\/colico.ca\\\/fr\\\/accueil-principal\\\/\"},{\"@type\":\"ListItem\",\"position\":2,\"name\":\"Boutique\",\"item\":\"https:\\\/\\\/colico.ca\\\/fr\\\/boutique\\\/\"},{\"@type\":\"ListItem\",\"position\":3,\"name\":\"Barri\u00e8re de s\u00e9curit\u00e9 portable\"}]},{\"@type\":\"WebSite\",\"@id\":\"https:\\\/\\\/colico.ca\\\/#website\",\"url\":\"https:\\\/\\\/colico.ca\\\/\",\"name\":\"Colico\",\"description\":\"Produits architecturaux\",\"potentialAction\":[{\"@type\":\"SearchAction\",\"target\":{\"@type\":\"EntryPoint\",\"urlTemplate\":\"https:\\\/\\\/colico.ca\\\/?s={search_term_string}\"},\"query-input\":{\"@type\":\"PropertyValueSpecification\",\"valueRequired\":true,\"valueName\":\"search_term_string\"}}],\"inLanguage\":\"fr-FR\"}]}<\/script>\n<!-- \/ Yoast SEO plugin. -->","yoast_head_json":{"title":"Barri\u00e8re de s\u00e9curit\u00e9 portable - Colico","robots":{"index":"index","follow":"follow","max-snippet":"max-snippet:-1","max-image-preview":"max-image-preview:large","max-video-preview":"max-video-preview:-1"},"canonical":"https:\/\/colico.ca\/fr\/produit\/barriere-de-securite-portable\/","og_locale":"fr_FR","og_type":"article","og_title":"Barri\u00e8re de s\u00e9curit\u00e9 portable - Colico","og_description":"Xpanda  portails de s\u00e9curit\u00e9 portables  ont des utilisations pratiquement illimit\u00e9es. Que vous ayez besoin de bloquer une grande zone ou de restreindre l'acc\u00e8s \u00e0 un petit coin d'un lieu, nos portails portables extensibles sont capables de se conformer et de s'adapter \u00e0 vos besoins - le tout avec la qualit\u00e9 que vous attendez d'Xpanda et la commodit\u00e9 d'une installation et d'un stockage rapides.","og_url":"https:\/\/colico.ca\/fr\/produit\/barriere-de-securite-portable\/","og_site_name":"Colico","article_modified_time":"2023-02-09T08:21:32+00:00","og_image":[{"width":480,"height":480,"url":"https:\/\/colico.ca\/wp-content\/uploads\/2022\/07\/Portable-Security-Gates.jpeg","type":"image\/jpeg"}],"twitter_card":"summary_large_image","schema":{"@context":"https:\/\/schema.org","@graph":[{"@type":"WebPage","@id":"https:\/\/colico.ca\/fr\/produit\/barriere-de-securite-portable\/","url":"https:\/\/colico.ca\/fr\/produit\/barriere-de-securite-portable\/","name":"Barri\u00e8re de s\u00e9curit\u00e9 portable - Colico","isPartOf":{"@id":"https:\/\/colico.ca\/#website"},"primaryImageOfPage":{"@id":"https:\/\/colico.ca\/fr\/produit\/barriere-de-securite-portable\/#primaryimage"},"image":{"@id":"https:\/\/colico.ca\/fr\/produit\/barriere-de-securite-portable\/#primaryimage"},"thumbnailUrl":"https:\/\/colico.ca\/wp-content\/uploads\/2022\/07\/Portable-Security-Gates.jpeg","datePublished":"2022-07-12T21:05:33+00:00","dateModified":"2023-02-09T08:21:32+00:00","breadcrumb":{"@id":"https:\/\/colico.ca\/fr\/produit\/barriere-de-securite-portable\/#breadcrumb"},"inLanguage":"fr-FR","potentialAction":[{"@type":"ReadAction","target":["https:\/\/colico.ca\/fr\/produit\/barriere-de-securite-portable\/"]}]},{"@type":"ImageObject","inLanguage":"fr-FR","@id":"https:\/\/colico.ca\/fr\/produit\/barriere-de-securite-portable\/#primaryimage","url":"https:\/\/colico.ca\/wp-content\/uploads\/2022\/07\/Portable-Security-Gates.jpeg","contentUrl":"https:\/\/colico.ca\/wp-content\/uploads\/2022\/07\/Portable-Security-Gates.jpeg","width":480,"height":480,"caption":"Portable Security Gates"},{"@type":"BreadcrumbList","@id":"https:\/\/colico.ca\/fr\/produit\/barriere-de-securite-portable\/#breadcrumb","itemListElement":[{"@type":"ListItem","position":1,"name":"Home","item":"https:\/\/colico.ca\/fr\/accueil-principal\/"},{"@type":"ListItem","position":2,"name":"Boutique","item":"https:\/\/colico.ca\/fr\/boutique\/"},{"@type":"ListItem","position":3,"name":"Barri\u00e8re de s\u00e9curit\u00e9 portable"}]},{"@type":"WebSite","@id":"https:\/\/colico.ca\/#website","url":"https:\/\/colico.ca\/","name":"Colico","description":"Produits architecturaux","potentialAction":[{"@type":"SearchAction","target":{"@type":"EntryPoint","urlTemplate":"https:\/\/colico.ca\/?s={search_term_string}"},"query-input":{"@type":"PropertyValueSpecification","valueRequired":true,"valueName":"search_term_string"}}],"inLanguage":"fr-FR"}]}},"_links":{"self":[{"href":"https:\/\/colico.ca\/fr\/wp-json\/wp\/v2\/product\/11365","targetHints":{"allow":["GET"]}}],"collection":[{"href":"https:\/\/colico.ca\/fr\/wp-json\/wp\/v2\/product"}],"about":[{"href":"https:\/\/colico.ca\/fr\/wp-json\/wp\/v2\/types\/product"}],"wp:featuredmedia":[{"embeddable":true,"href":"https:\/\/colico.ca\/fr\/wp-json\/wp\/v2\/media\/10658"}],"wp:attachment":[{"href":"https:\/\/colico.ca\/fr\/wp-json\/wp\/v2\/media?parent=11365"}],"wp:term":[{"taxonomy":"product_brand","embeddable":true,"href":"https:\/\/colico.ca\/fr\/wp-json\/wp\/v2\/product_brand?post=11365"},{"taxonomy":"product_cat","embeddable":true,"href":"https:\/\/colico.ca\/fr\/wp-json\/wp\/v2\/product_cat?post=11365"},{"taxonomy":"product_tag","embeddable":true,"href":"https:\/\/colico.ca\/fr\/wp-json\/wp\/v2\/product_tag?post=11365"}],"curies":[{"name":"wp","href":"https:\/\/api.w.org\/{rel}","templated":true}]}}