{"id":11364,"date":"2022-07-12T21:08:54","date_gmt":"2022-07-12T21:08:54","guid":{"rendered":"https:\/\/colico.ca\/product\/serie-220\/"},"modified":"2023-02-09T08:21:31","modified_gmt":"2023-02-09T08:21:31","slug":"serie-220","status":"publish","type":"product","link":"https:\/\/colico.ca\/fr\/produit\/serie-220\/","title":{"rendered":"S\u00e9rie 220"},"content":{"rendered":"","protected":false},"excerpt":{"rendered":"<div class=\"qodef-section-title-holder qodef-st-standard qodef-st-title-left qodef-st-normal-space \">\n<div class=\"qodef-st-inner\">\n<h3 class=\"qodef-st-title\">Un excellent choix pour la maison, le bureau et les autres espaces r\u00e9sidentiels ou commerciaux l\u00e9gers.<\/h3>\n<\/div>\n<\/div>\n<p>&nbsp;<\/p>\n<p class=\"x_MsoNormal\"><span lang=\"EN-US\">La cloison double de la s\u00e9rie 220 est durable et belle, quelle que soit la fa\u00e7on dont vous la regardez. Cette s\u00e9rie peut \u00e9galement aider \u00e0 conserver la chaleur dans les petites applications. Notre syst\u00e8me de quincaillerie exclusif pour cette s\u00e9rie est solide et r\u00e9sistera \u00e0 un usage fr\u00e9quent, sans \u00eatre aussi robuste que notre syst\u00e8me de quincaillerie plus commercial. Compatible ADA sur demande et disponible en finition Vinyl-Lam ou bois dur.<\/span><\/p>\n<div class=\"qodef-section-title-holder qodef-st-standard qodef-st-title-left qodef-st-normal-space \">\n<div class=\"qodef-st-inner\"><\/div>\n<\/div>\n<h4><\/h4>\n","protected":false},"featured_media":10801,"template":"","meta":[],"product_brand":[],"product_cat":[612,593],"product_tag":[],"class_list":{"0":"post-11364","1":"product","2":"type-product","3":"status-publish","4":"has-post-thumbnail","6":"product_cat-murs-accordeon-et-murs-mobiles","7":"product_cat-portes-specialisees","9":"first","10":"instock","11":"taxable","12":"shipping-taxable","13":"product-type-simple"},"yoast_head":"<!-- This site is optimized with the Yoast SEO plugin v27.6 - https:\/\/yoast.com\/product\/yoast-seo-wordpress\/ -->\n<title>S\u00e9rie 220 - Colico<\/title>\n<meta name=\"robots\" content=\"index, follow, max-snippet:-1, max-image-preview:large, max-video-preview:-1\" \/>\n<link rel=\"canonical\" href=\"https:\/\/colico.ca\/fr\/produit\/serie-220\/\" \/>\n<meta property=\"og:locale\" content=\"fr_FR\" \/>\n<meta property=\"og:type\" content=\"article\" \/>\n<meta property=\"og:title\" content=\"S\u00e9rie 220 - Colico\" \/>\n<meta property=\"og:description\" content=\"Un excellent choix pour la maison, le bureau et les autres espaces r\u00e9sidentiels ou commerciaux l\u00e9gers.  &nbsp; La cloison double de la s\u00e9rie 220 est durable et belle, quelle que soit la fa\u00e7on dont vous la regardez. Cette s\u00e9rie peut \u00e9galement aider \u00e0 conserver la chaleur dans les petites applications. Notre syst\u00e8me de quincaillerie exclusif pour cette s\u00e9rie est solide et r\u00e9sistera \u00e0 un usage fr\u00e9quent, sans \u00eatre aussi robuste que notre syst\u00e8me de quincaillerie plus commercial. Compatible ADA sur demande et disponible en finition Vinyl-Lam ou bois dur.\" \/>\n<meta property=\"og:url\" content=\"https:\/\/colico.ca\/fr\/produit\/serie-220\/\" \/>\n<meta property=\"og:site_name\" content=\"Colico\" \/>\n<meta property=\"article:modified_time\" content=\"2023-02-09T08:21:31+00:00\" \/>\n<meta property=\"og:image\" content=\"https:\/\/colico.ca\/wp-content\/uploads\/2022\/11\/Series-220.jpeg\" \/>\n\t<meta property=\"og:image:width\" content=\"821\" \/>\n\t<meta property=\"og:image:height\" content=\"821\" \/>\n\t<meta property=\"og:image:type\" content=\"image\/jpeg\" \/>\n<meta name=\"twitter:card\" content=\"summary_large_image\" \/>\n<script type=\"application\/ld+json\" class=\"yoast-schema-graph\">{\"@context\":\"https:\\\/\\\/schema.org\",\"@graph\":[{\"@type\":\"WebPage\",\"@id\":\"https:\\\/\\\/colico.ca\\\/fr\\\/produit\\\/serie-220\\\/\",\"url\":\"https:\\\/\\\/colico.ca\\\/fr\\\/produit\\\/serie-220\\\/\",\"name\":\"S\u00e9rie 220 - Colico\",\"isPartOf\":{\"@id\":\"https:\\\/\\\/colico.ca\\\/#website\"},\"primaryImageOfPage\":{\"@id\":\"https:\\\/\\\/colico.ca\\\/fr\\\/produit\\\/serie-220\\\/#primaryimage\"},\"image\":{\"@id\":\"https:\\\/\\\/colico.ca\\\/fr\\\/produit\\\/serie-220\\\/#primaryimage\"},\"thumbnailUrl\":\"https:\\\/\\\/colico.ca\\\/wp-content\\\/uploads\\\/2022\\\/11\\\/Series-220.jpeg\",\"datePublished\":\"2022-07-12T21:08:54+00:00\",\"dateModified\":\"2023-02-09T08:21:31+00:00\",\"breadcrumb\":{\"@id\":\"https:\\\/\\\/colico.ca\\\/fr\\\/produit\\\/serie-220\\\/#breadcrumb\"},\"inLanguage\":\"fr-FR\",\"potentialAction\":[{\"@type\":\"ReadAction\",\"target\":[\"https:\\\/\\\/colico.ca\\\/fr\\\/produit\\\/serie-220\\\/\"]}]},{\"@type\":\"ImageObject\",\"inLanguage\":\"fr-FR\",\"@id\":\"https:\\\/\\\/colico.ca\\\/fr\\\/produit\\\/serie-220\\\/#primaryimage\",\"url\":\"https:\\\/\\\/colico.ca\\\/wp-content\\\/uploads\\\/2022\\\/11\\\/Series-220.jpeg\",\"contentUrl\":\"https:\\\/\\\/colico.ca\\\/wp-content\\\/uploads\\\/2022\\\/11\\\/Series-220.jpeg\",\"width\":821,\"height\":821,\"caption\":\"Series 220\"},{\"@type\":\"BreadcrumbList\",\"@id\":\"https:\\\/\\\/colico.ca\\\/fr\\\/produit\\\/serie-220\\\/#breadcrumb\",\"itemListElement\":[{\"@type\":\"ListItem\",\"position\":1,\"name\":\"Home\",\"item\":\"https:\\\/\\\/colico.ca\\\/fr\\\/accueil-principal\\\/\"},{\"@type\":\"ListItem\",\"position\":2,\"name\":\"Boutique\",\"item\":\"https:\\\/\\\/colico.ca\\\/fr\\\/boutique\\\/\"},{\"@type\":\"ListItem\",\"position\":3,\"name\":\"S\u00e9rie 220\"}]},{\"@type\":\"WebSite\",\"@id\":\"https:\\\/\\\/colico.ca\\\/#website\",\"url\":\"https:\\\/\\\/colico.ca\\\/\",\"name\":\"Colico\",\"description\":\"Produits architecturaux\",\"potentialAction\":[{\"@type\":\"SearchAction\",\"target\":{\"@type\":\"EntryPoint\",\"urlTemplate\":\"https:\\\/\\\/colico.ca\\\/?s={search_term_string}\"},\"query-input\":{\"@type\":\"PropertyValueSpecification\",\"valueRequired\":true,\"valueName\":\"search_term_string\"}}],\"inLanguage\":\"fr-FR\"}]}<\/script>\n<!-- \/ Yoast SEO plugin. -->","yoast_head_json":{"title":"S\u00e9rie 220 - Colico","robots":{"index":"index","follow":"follow","max-snippet":"max-snippet:-1","max-image-preview":"max-image-preview:large","max-video-preview":"max-video-preview:-1"},"canonical":"https:\/\/colico.ca\/fr\/produit\/serie-220\/","og_locale":"fr_FR","og_type":"article","og_title":"S\u00e9rie 220 - Colico","og_description":"Un excellent choix pour la maison, le bureau et les autres espaces r\u00e9sidentiels ou commerciaux l\u00e9gers.  &nbsp; La cloison double de la s\u00e9rie 220 est durable et belle, quelle que soit la fa\u00e7on dont vous la regardez. Cette s\u00e9rie peut \u00e9galement aider \u00e0 conserver la chaleur dans les petites applications. Notre syst\u00e8me de quincaillerie exclusif pour cette s\u00e9rie est solide et r\u00e9sistera \u00e0 un usage fr\u00e9quent, sans \u00eatre aussi robuste que notre syst\u00e8me de quincaillerie plus commercial. Compatible ADA sur demande et disponible en finition Vinyl-Lam ou bois dur.","og_url":"https:\/\/colico.ca\/fr\/produit\/serie-220\/","og_site_name":"Colico","article_modified_time":"2023-02-09T08:21:31+00:00","og_image":[{"width":821,"height":821,"url":"https:\/\/colico.ca\/wp-content\/uploads\/2022\/11\/Series-220.jpeg","type":"image\/jpeg"}],"twitter_card":"summary_large_image","schema":{"@context":"https:\/\/schema.org","@graph":[{"@type":"WebPage","@id":"https:\/\/colico.ca\/fr\/produit\/serie-220\/","url":"https:\/\/colico.ca\/fr\/produit\/serie-220\/","name":"S\u00e9rie 220 - Colico","isPartOf":{"@id":"https:\/\/colico.ca\/#website"},"primaryImageOfPage":{"@id":"https:\/\/colico.ca\/fr\/produit\/serie-220\/#primaryimage"},"image":{"@id":"https:\/\/colico.ca\/fr\/produit\/serie-220\/#primaryimage"},"thumbnailUrl":"https:\/\/colico.ca\/wp-content\/uploads\/2022\/11\/Series-220.jpeg","datePublished":"2022-07-12T21:08:54+00:00","dateModified":"2023-02-09T08:21:31+00:00","breadcrumb":{"@id":"https:\/\/colico.ca\/fr\/produit\/serie-220\/#breadcrumb"},"inLanguage":"fr-FR","potentialAction":[{"@type":"ReadAction","target":["https:\/\/colico.ca\/fr\/produit\/serie-220\/"]}]},{"@type":"ImageObject","inLanguage":"fr-FR","@id":"https:\/\/colico.ca\/fr\/produit\/serie-220\/#primaryimage","url":"https:\/\/colico.ca\/wp-content\/uploads\/2022\/11\/Series-220.jpeg","contentUrl":"https:\/\/colico.ca\/wp-content\/uploads\/2022\/11\/Series-220.jpeg","width":821,"height":821,"caption":"Series 220"},{"@type":"BreadcrumbList","@id":"https:\/\/colico.ca\/fr\/produit\/serie-220\/#breadcrumb","itemListElement":[{"@type":"ListItem","position":1,"name":"Home","item":"https:\/\/colico.ca\/fr\/accueil-principal\/"},{"@type":"ListItem","position":2,"name":"Boutique","item":"https:\/\/colico.ca\/fr\/boutique\/"},{"@type":"ListItem","position":3,"name":"S\u00e9rie 220"}]},{"@type":"WebSite","@id":"https:\/\/colico.ca\/#website","url":"https:\/\/colico.ca\/","name":"Colico","description":"Produits architecturaux","potentialAction":[{"@type":"SearchAction","target":{"@type":"EntryPoint","urlTemplate":"https:\/\/colico.ca\/?s={search_term_string}"},"query-input":{"@type":"PropertyValueSpecification","valueRequired":true,"valueName":"search_term_string"}}],"inLanguage":"fr-FR"}]}},"_links":{"self":[{"href":"https:\/\/colico.ca\/fr\/wp-json\/wp\/v2\/product\/11364","targetHints":{"allow":["GET"]}}],"collection":[{"href":"https:\/\/colico.ca\/fr\/wp-json\/wp\/v2\/product"}],"about":[{"href":"https:\/\/colico.ca\/fr\/wp-json\/wp\/v2\/types\/product"}],"wp:featuredmedia":[{"embeddable":true,"href":"https:\/\/colico.ca\/fr\/wp-json\/wp\/v2\/media\/10801"}],"wp:attachment":[{"href":"https:\/\/colico.ca\/fr\/wp-json\/wp\/v2\/media?parent=11364"}],"wp:term":[{"taxonomy":"product_brand","embeddable":true,"href":"https:\/\/colico.ca\/fr\/wp-json\/wp\/v2\/product_brand?post=11364"},{"taxonomy":"product_cat","embeddable":true,"href":"https:\/\/colico.ca\/fr\/wp-json\/wp\/v2\/product_cat?post=11364"},{"taxonomy":"product_tag","embeddable":true,"href":"https:\/\/colico.ca\/fr\/wp-json\/wp\/v2\/product_tag?post=11364"}],"curies":[{"name":"wp","href":"https:\/\/api.w.org\/{rel}","templated":true}]}}