{"id":11338,"date":"2022-05-18T01:57:45","date_gmt":"2022-05-18T01:57:45","guid":{"rendered":"https:\/\/colico.ca\/product\/a175\/"},"modified":"2023-02-09T08:20:48","modified_gmt":"2023-02-09T08:20:48","slug":"a175","status":"publish","type":"product","link":"https:\/\/colico.ca\/fr\/produit\/a175\/","title":{"rendered":"A175"},"content":{"rendered":"","protected":false},"excerpt":{"rendered":"<ul data-rte-list=\"default\">\n<li>\n<p class=\"\">Les portes sectionnelles en aluminium de Service Door Industries constituent une solution attrayante lorsqu&rsquo;une visibilit\u00e9 sans entrave est requise. Ces portes sont con\u00e7ues pour r\u00e9sister aux rigueurs des centres de service tr\u00e8s fr\u00e9quent\u00e9s.<\/p>\n<\/li>\n<li>\n<p class=\"\">Les fermes de renfort horizontales int\u00e9gr\u00e9es et les joints \u00e0 double ailette entre les sections ne sont que deux des caract\u00e9ristiques standard qui les distinguent des autres portes disponibles sur le march\u00e9 actuel.<\/p>\n<\/li>\n<li>\n<p class=\"\">Toutes les portes en aluminium sont fabriqu\u00e9es \u00e0 partir d&rsquo;extrusions d&rsquo;alliage d&rsquo;aluminium de haute qualit\u00e9 6063-T6 avec une finition standard d&rsquo;anodisation claire ou d&rsquo;\u00e9mail blanc duracron. La fabrication locale garantit des d\u00e9lais de livraison rapides.<\/p>\n<\/li>\n<li>\n<p class=\"\">La r\u00e9putation de SDI en mati\u00e8re de portes sectionnelles de qualit\u00e9 se refl\u00e8te clairement dans l&rsquo;aspect distinctif et les performances de nos produits en aluminium.<\/p>\n<\/li>\n<\/ul>\n<p id=\"yui_3_17_2_1_1666894351409_258\" class=\"\"><a id=\"yui_3_17_2_1_1666894351409_257\" href=\"https:\/\/servicedoor.com\/s\/SDI-Sectional-A175-28ze.pdf\" target=\"_blank\" rel=\"noopener\">T\u00e9l\u00e9charger la brochure<\/a><\/p>\n<p class=\"\"><a href=\"https:\/\/servicedoor.com\/s\/SDI-Sectional-Door-Hardware-eej3.pdf\" target=\"_blank\" rel=\"noopener\">Brochure sur le mat\u00e9riel<\/a><\/p>\n<p class=\"\"><a href=\"https:\/\/servicedoor.com\/s\/SDI-Springless-SectionalRevision.pdf\" target=\"_blank\" rel=\"noopener\">Porte sectionnelle haute performance<\/a><\/p>\n<p class=\"\"><a href=\"https:\/\/servicedoor.com\/s\/aluminum_sectional_door_feature.jpg\" target=\"_blank\" rel=\"noopener\">Caract\u00e9ristiques<\/a><\/p>\n","protected":false},"featured_media":10528,"template":"","meta":[],"product_brand":[],"product_cat":[597,593,598],"product_tag":[],"class_list":{"0":"post-11338","1":"product","2":"type-product","3":"status-publish","4":"has-post-thumbnail","6":"product_cat-portes-roulantes-de-service-et-portes-coupe-feu","7":"product_cat-portes-specialisees","8":"product_cat-sectional-fr","10":"first","11":"instock","12":"taxable","13":"shipping-taxable","14":"product-type-simple"},"yoast_head":"<!-- This site is optimized with the Yoast SEO plugin v27.6 - https:\/\/yoast.com\/product\/yoast-seo-wordpress\/ -->\n<title>A175 - Colico<\/title>\n<meta name=\"robots\" content=\"index, follow, max-snippet:-1, max-image-preview:large, max-video-preview:-1\" \/>\n<link rel=\"canonical\" href=\"https:\/\/colico.ca\/fr\/produit\/a175\/\" \/>\n<meta property=\"og:locale\" content=\"fr_FR\" \/>\n<meta property=\"og:type\" content=\"article\" \/>\n<meta property=\"og:title\" content=\"A175 - Colico\" \/>\n<meta property=\"og:description\" content=\"Les portes sectionnelles en aluminium de Service Door Industries constituent une solution attrayante lorsqu&#039;une visibilit\u00e9 sans entrave est requise. Ces portes sont con\u00e7ues pour r\u00e9sister aux rigueurs des centres de service tr\u00e8s fr\u00e9quent\u00e9s.   Les fermes de renfort horizontales int\u00e9gr\u00e9es et les joints \u00e0 double ailette entre les sections ne sont que deux des caract\u00e9ristiques standard qui les distinguent des autres portes disponibles sur le march\u00e9 actuel.   Toutes les portes en aluminium sont fabriqu\u00e9es \u00e0 partir d&#039;extrusions d&#039;alliage d&#039;aluminium de haute qualit\u00e9 6063-T6 avec une finition standard d&#039;anodisation claire ou d&#039;\u00e9mail blanc duracron. La fabrication locale garantit des d\u00e9lais de livraison rapides.   La r\u00e9putation de SDI en mati\u00e8re de portes sectionnelles de qualit\u00e9 se refl\u00e8te clairement dans l&#039;aspect distinctif et les performances de nos produits en aluminium.  T\u00e9l\u00e9charger la brochure Brochure sur le mat\u00e9riel Porte sectionnelle haute performance Caract\u00e9ristiques\" \/>\n<meta property=\"og:url\" content=\"https:\/\/colico.ca\/fr\/produit\/a175\/\" \/>\n<meta property=\"og:site_name\" content=\"Colico\" \/>\n<meta property=\"article:modified_time\" content=\"2023-02-09T08:20:48+00:00\" \/>\n<meta property=\"og:image\" content=\"https:\/\/colico.ca\/wp-content\/uploads\/2022\/05\/A175-1.jpg\" \/>\n\t<meta property=\"og:image:width\" content=\"486\" \/>\n\t<meta property=\"og:image:height\" content=\"486\" \/>\n\t<meta property=\"og:image:type\" content=\"image\/jpeg\" \/>\n<meta name=\"twitter:card\" content=\"summary_large_image\" \/>\n<script type=\"application\/ld+json\" class=\"yoast-schema-graph\">{\"@context\":\"https:\\\/\\\/schema.org\",\"@graph\":[{\"@type\":\"WebPage\",\"@id\":\"https:\\\/\\\/colico.ca\\\/fr\\\/produit\\\/a175\\\/\",\"url\":\"https:\\\/\\\/colico.ca\\\/fr\\\/produit\\\/a175\\\/\",\"name\":\"A175 - Colico\",\"isPartOf\":{\"@id\":\"https:\\\/\\\/colico.ca\\\/#website\"},\"primaryImageOfPage\":{\"@id\":\"https:\\\/\\\/colico.ca\\\/fr\\\/produit\\\/a175\\\/#primaryimage\"},\"image\":{\"@id\":\"https:\\\/\\\/colico.ca\\\/fr\\\/produit\\\/a175\\\/#primaryimage\"},\"thumbnailUrl\":\"https:\\\/\\\/colico.ca\\\/wp-content\\\/uploads\\\/2022\\\/05\\\/A175-1.jpg\",\"datePublished\":\"2022-05-18T01:57:45+00:00\",\"dateModified\":\"2023-02-09T08:20:48+00:00\",\"breadcrumb\":{\"@id\":\"https:\\\/\\\/colico.ca\\\/fr\\\/produit\\\/a175\\\/#breadcrumb\"},\"inLanguage\":\"fr-FR\",\"potentialAction\":[{\"@type\":\"ReadAction\",\"target\":[\"https:\\\/\\\/colico.ca\\\/fr\\\/produit\\\/a175\\\/\"]}]},{\"@type\":\"ImageObject\",\"inLanguage\":\"fr-FR\",\"@id\":\"https:\\\/\\\/colico.ca\\\/fr\\\/produit\\\/a175\\\/#primaryimage\",\"url\":\"https:\\\/\\\/colico.ca\\\/wp-content\\\/uploads\\\/2022\\\/05\\\/A175-1.jpg\",\"contentUrl\":\"https:\\\/\\\/colico.ca\\\/wp-content\\\/uploads\\\/2022\\\/05\\\/A175-1.jpg\",\"width\":486,\"height\":486,\"caption\":\"A175\"},{\"@type\":\"BreadcrumbList\",\"@id\":\"https:\\\/\\\/colico.ca\\\/fr\\\/produit\\\/a175\\\/#breadcrumb\",\"itemListElement\":[{\"@type\":\"ListItem\",\"position\":1,\"name\":\"Home\",\"item\":\"https:\\\/\\\/colico.ca\\\/fr\\\/accueil-principal\\\/\"},{\"@type\":\"ListItem\",\"position\":2,\"name\":\"Boutique\",\"item\":\"https:\\\/\\\/colico.ca\\\/fr\\\/boutique\\\/\"},{\"@type\":\"ListItem\",\"position\":3,\"name\":\"A175\"}]},{\"@type\":\"WebSite\",\"@id\":\"https:\\\/\\\/colico.ca\\\/#website\",\"url\":\"https:\\\/\\\/colico.ca\\\/\",\"name\":\"Colico\",\"description\":\"Produits architecturaux\",\"potentialAction\":[{\"@type\":\"SearchAction\",\"target\":{\"@type\":\"EntryPoint\",\"urlTemplate\":\"https:\\\/\\\/colico.ca\\\/?s={search_term_string}\"},\"query-input\":{\"@type\":\"PropertyValueSpecification\",\"valueRequired\":true,\"valueName\":\"search_term_string\"}}],\"inLanguage\":\"fr-FR\"}]}<\/script>\n<!-- \/ Yoast SEO plugin. -->","yoast_head_json":{"title":"A175 - Colico","robots":{"index":"index","follow":"follow","max-snippet":"max-snippet:-1","max-image-preview":"max-image-preview:large","max-video-preview":"max-video-preview:-1"},"canonical":"https:\/\/colico.ca\/fr\/produit\/a175\/","og_locale":"fr_FR","og_type":"article","og_title":"A175 - Colico","og_description":"Les portes sectionnelles en aluminium de Service Door Industries constituent une solution attrayante lorsqu'une visibilit\u00e9 sans entrave est requise. Ces portes sont con\u00e7ues pour r\u00e9sister aux rigueurs des centres de service tr\u00e8s fr\u00e9quent\u00e9s.   Les fermes de renfort horizontales int\u00e9gr\u00e9es et les joints \u00e0 double ailette entre les sections ne sont que deux des caract\u00e9ristiques standard qui les distinguent des autres portes disponibles sur le march\u00e9 actuel.   Toutes les portes en aluminium sont fabriqu\u00e9es \u00e0 partir d'extrusions d'alliage d'aluminium de haute qualit\u00e9 6063-T6 avec une finition standard d'anodisation claire ou d'\u00e9mail blanc duracron. La fabrication locale garantit des d\u00e9lais de livraison rapides.   La r\u00e9putation de SDI en mati\u00e8re de portes sectionnelles de qualit\u00e9 se refl\u00e8te clairement dans l'aspect distinctif et les performances de nos produits en aluminium.  T\u00e9l\u00e9charger la brochure Brochure sur le mat\u00e9riel Porte sectionnelle haute performance Caract\u00e9ristiques","og_url":"https:\/\/colico.ca\/fr\/produit\/a175\/","og_site_name":"Colico","article_modified_time":"2023-02-09T08:20:48+00:00","og_image":[{"width":486,"height":486,"url":"https:\/\/colico.ca\/wp-content\/uploads\/2022\/05\/A175-1.jpg","type":"image\/jpeg"}],"twitter_card":"summary_large_image","schema":{"@context":"https:\/\/schema.org","@graph":[{"@type":"WebPage","@id":"https:\/\/colico.ca\/fr\/produit\/a175\/","url":"https:\/\/colico.ca\/fr\/produit\/a175\/","name":"A175 - Colico","isPartOf":{"@id":"https:\/\/colico.ca\/#website"},"primaryImageOfPage":{"@id":"https:\/\/colico.ca\/fr\/produit\/a175\/#primaryimage"},"image":{"@id":"https:\/\/colico.ca\/fr\/produit\/a175\/#primaryimage"},"thumbnailUrl":"https:\/\/colico.ca\/wp-content\/uploads\/2022\/05\/A175-1.jpg","datePublished":"2022-05-18T01:57:45+00:00","dateModified":"2023-02-09T08:20:48+00:00","breadcrumb":{"@id":"https:\/\/colico.ca\/fr\/produit\/a175\/#breadcrumb"},"inLanguage":"fr-FR","potentialAction":[{"@type":"ReadAction","target":["https:\/\/colico.ca\/fr\/produit\/a175\/"]}]},{"@type":"ImageObject","inLanguage":"fr-FR","@id":"https:\/\/colico.ca\/fr\/produit\/a175\/#primaryimage","url":"https:\/\/colico.ca\/wp-content\/uploads\/2022\/05\/A175-1.jpg","contentUrl":"https:\/\/colico.ca\/wp-content\/uploads\/2022\/05\/A175-1.jpg","width":486,"height":486,"caption":"A175"},{"@type":"BreadcrumbList","@id":"https:\/\/colico.ca\/fr\/produit\/a175\/#breadcrumb","itemListElement":[{"@type":"ListItem","position":1,"name":"Home","item":"https:\/\/colico.ca\/fr\/accueil-principal\/"},{"@type":"ListItem","position":2,"name":"Boutique","item":"https:\/\/colico.ca\/fr\/boutique\/"},{"@type":"ListItem","position":3,"name":"A175"}]},{"@type":"WebSite","@id":"https:\/\/colico.ca\/#website","url":"https:\/\/colico.ca\/","name":"Colico","description":"Produits architecturaux","potentialAction":[{"@type":"SearchAction","target":{"@type":"EntryPoint","urlTemplate":"https:\/\/colico.ca\/?s={search_term_string}"},"query-input":{"@type":"PropertyValueSpecification","valueRequired":true,"valueName":"search_term_string"}}],"inLanguage":"fr-FR"}]}},"_links":{"self":[{"href":"https:\/\/colico.ca\/fr\/wp-json\/wp\/v2\/product\/11338","targetHints":{"allow":["GET"]}}],"collection":[{"href":"https:\/\/colico.ca\/fr\/wp-json\/wp\/v2\/product"}],"about":[{"href":"https:\/\/colico.ca\/fr\/wp-json\/wp\/v2\/types\/product"}],"wp:featuredmedia":[{"embeddable":true,"href":"https:\/\/colico.ca\/fr\/wp-json\/wp\/v2\/media\/10528"}],"wp:attachment":[{"href":"https:\/\/colico.ca\/fr\/wp-json\/wp\/v2\/media?parent=11338"}],"wp:term":[{"taxonomy":"product_brand","embeddable":true,"href":"https:\/\/colico.ca\/fr\/wp-json\/wp\/v2\/product_brand?post=11338"},{"taxonomy":"product_cat","embeddable":true,"href":"https:\/\/colico.ca\/fr\/wp-json\/wp\/v2\/product_cat?post=11338"},{"taxonomy":"product_tag","embeddable":true,"href":"https:\/\/colico.ca\/fr\/wp-json\/wp\/v2\/product_tag?post=11338"}],"curies":[{"name":"wp","href":"https:\/\/api.w.org\/{rel}","templated":true}]}}