{"id":11337,"date":"2022-05-18T01:46:23","date_gmt":"2022-05-18T01:46:23","guid":{"rendered":"https:\/\/colico.ca\/product\/contre-porte-coupe-feu\/"},"modified":"2023-02-09T08:20:47","modified_gmt":"2023-02-09T08:20:47","slug":"contre-porte-coupe-feu","status":"publish","type":"product","link":"https:\/\/colico.ca\/fr\/produit\/contre-porte-coupe-feu\/","title":{"rendered":"Contre-porte coupe-feu"},"content":{"rendered":"","protected":false},"excerpt":{"rendered":"<ul data-rte-list=\"default\">\n<li>\n<p class=\"\">Lattes plates robustes de 2&Prime;.<\/p>\n<\/li>\n<li>\n<p class=\"\">Le r\u00e9gulateur m\u00e9canique compact contr\u00f4le la vitesse de fermeture automatique dans une plage de 6&Prime; \u00e0 2&prime; par seconde.<\/p>\n<\/li>\n<li>\n<p class=\"\">Le ressort de d\u00e9clenchement Sure-Close augmente la fiabilit\u00e9 des fermetures automatiques.<\/p>\n<\/li>\n<li>\n<p class=\"\">Finition primaire grise r\u00e9sistante \u00e0 la corrosion.<\/p>\n<\/li>\n<li>\n<p class=\"\">Etiquette de feu 3\/4, 1 1\/2 ou 3 heures.<\/p>\n<\/li>\n<\/ul>\n<p class=\"\"><a href=\"https:\/\/servicedoor.com\/s\/SDI-Counter-Fire-Door-8slc.pdf\" target=\"_blank\" rel=\"noopener\">T\u00e9l\u00e9charger la brochure<\/a><\/p>\n<p class=\"\"><a href=\"https:\/\/servicedoor.com\/s\/counter_fire_doors_guide_details.jpg\" target=\"_blank\" rel=\"noopener\">D\u00e9tails du guide<\/a><\/p>\n<p class=\"\"><a href=\"https:\/\/servicedoor.com\/s\/counter_fire_doors_typical_details.jpg\" target=\"_blank\" rel=\"noopener\">D\u00e9tails typiques<\/a><\/p>\n<p class=\"\"><a href=\"https:\/\/servicedoor.com\/counter-fire-door-spec\">Sp\u00e9cifications<\/a><\/p>\n","protected":false},"featured_media":10519,"template":"","meta":[],"product_brand":[],"product_cat":[596,597,593],"product_tag":[],"class_list":{"0":"post-11337","1":"product","2":"type-product","3":"status-publish","4":"has-post-thumbnail","6":"product_cat-portes-coupe-feu-roulantes-en-acier","7":"product_cat-portes-roulantes-de-service-et-portes-coupe-feu","8":"product_cat-portes-specialisees","10":"first","11":"instock","12":"taxable","13":"shipping-taxable","14":"product-type-simple"},"yoast_head":"<!-- This site is optimized with the Yoast SEO plugin v27.4 - https:\/\/yoast.com\/product\/yoast-seo-wordpress\/ -->\n<title>Contre-porte coupe-feu - Colico<\/title>\n<meta name=\"robots\" content=\"index, follow, max-snippet:-1, max-image-preview:large, max-video-preview:-1\" \/>\n<link rel=\"canonical\" href=\"https:\/\/colico.ca\/produit\/rolling-steel-counter-fire-door\/\" \/>\n<meta property=\"og:locale\" content=\"fr_FR\" \/>\n<meta property=\"og:type\" content=\"article\" \/>\n<meta property=\"og:title\" content=\"Contre-porte coupe-feu - Colico\" \/>\n<meta property=\"og:description\" content=\"Lattes plates robustes de 2&quot;.   Le r\u00e9gulateur m\u00e9canique compact contr\u00f4le la vitesse de fermeture automatique dans une plage de 6&quot; \u00e0 2&#039; par seconde.   Le ressort de d\u00e9clenchement Sure-Close augmente la fiabilit\u00e9 des fermetures automatiques.   Finition primaire grise r\u00e9sistante \u00e0 la corrosion.   Etiquette de feu 3\/4, 1 1\/2 ou 3 heures.  T\u00e9l\u00e9charger la brochure D\u00e9tails du guide D\u00e9tails typiques Sp\u00e9cifications\" \/>\n<meta property=\"og:url\" content=\"https:\/\/colico.ca\/produit\/rolling-steel-counter-fire-door\/\" \/>\n<meta property=\"og:site_name\" content=\"Colico\" \/>\n<meta property=\"article:modified_time\" content=\"2023-02-09T08:20:47+00:00\" \/>\n<meta property=\"og:image\" content=\"https:\/\/colico.ca\/wp-content\/uploads\/2022\/05\/RS-Counter-Fire-Door-1.jpg\" \/>\n\t<meta property=\"og:image:width\" content=\"800\" \/>\n\t<meta property=\"og:image:height\" content=\"800\" \/>\n\t<meta property=\"og:image:type\" content=\"image\/jpeg\" \/>\n<meta name=\"twitter:card\" content=\"summary_large_image\" \/>\n<script type=\"application\/ld+json\" class=\"yoast-schema-graph\">{\"@context\":\"https:\\\/\\\/schema.org\",\"@graph\":[{\"@type\":\"WebPage\",\"@id\":\"https:\\\/\\\/colico.ca\\\/produit\\\/rolling-steel-counter-fire-door\\\/\",\"url\":\"https:\\\/\\\/colico.ca\\\/produit\\\/rolling-steel-counter-fire-door\\\/\",\"name\":\"Contre-porte coupe-feu - Colico\",\"isPartOf\":{\"@id\":\"https:\\\/\\\/colico.ca\\\/#website\"},\"primaryImageOfPage\":{\"@id\":\"https:\\\/\\\/colico.ca\\\/produit\\\/rolling-steel-counter-fire-door\\\/#primaryimage\"},\"image\":{\"@id\":\"https:\\\/\\\/colico.ca\\\/produit\\\/rolling-steel-counter-fire-door\\\/#primaryimage\"},\"thumbnailUrl\":\"https:\\\/\\\/colico.ca\\\/wp-content\\\/uploads\\\/2022\\\/05\\\/RS-Counter-Fire-Door-1.jpg\",\"datePublished\":\"2022-05-18T01:46:23+00:00\",\"dateModified\":\"2023-02-09T08:20:47+00:00\",\"breadcrumb\":{\"@id\":\"https:\\\/\\\/colico.ca\\\/produit\\\/rolling-steel-counter-fire-door\\\/#breadcrumb\"},\"inLanguage\":\"fr-FR\",\"potentialAction\":[{\"@type\":\"ReadAction\",\"target\":[\"https:\\\/\\\/colico.ca\\\/produit\\\/rolling-steel-counter-fire-door\\\/\"]}]},{\"@type\":\"ImageObject\",\"inLanguage\":\"fr-FR\",\"@id\":\"https:\\\/\\\/colico.ca\\\/produit\\\/rolling-steel-counter-fire-door\\\/#primaryimage\",\"url\":\"https:\\\/\\\/colico.ca\\\/wp-content\\\/uploads\\\/2022\\\/05\\\/RS-Counter-Fire-Door-1.jpg\",\"contentUrl\":\"https:\\\/\\\/colico.ca\\\/wp-content\\\/uploads\\\/2022\\\/05\\\/RS-Counter-Fire-Door-1.jpg\",\"width\":800,\"height\":800,\"caption\":\"RS Counter Fire Door\"},{\"@type\":\"BreadcrumbList\",\"@id\":\"https:\\\/\\\/colico.ca\\\/produit\\\/rolling-steel-counter-fire-door\\\/#breadcrumb\",\"itemListElement\":[{\"@type\":\"ListItem\",\"position\":1,\"name\":\"Home\",\"item\":\"https:\\\/\\\/colico.ca\\\/fr\\\/accueil-principal\\\/\"},{\"@type\":\"ListItem\",\"position\":2,\"name\":\"Boutique\",\"item\":\"https:\\\/\\\/colico.ca\\\/fr\\\/boutique\\\/\"},{\"@type\":\"ListItem\",\"position\":3,\"name\":\"Contre-porte coupe-feu\"}]},{\"@type\":\"WebSite\",\"@id\":\"https:\\\/\\\/colico.ca\\\/#website\",\"url\":\"https:\\\/\\\/colico.ca\\\/\",\"name\":\"Colico\",\"description\":\"Produits architecturaux\",\"potentialAction\":[{\"@type\":\"SearchAction\",\"target\":{\"@type\":\"EntryPoint\",\"urlTemplate\":\"https:\\\/\\\/colico.ca\\\/?s={search_term_string}\"},\"query-input\":{\"@type\":\"PropertyValueSpecification\",\"valueRequired\":true,\"valueName\":\"search_term_string\"}}],\"inLanguage\":\"fr-FR\"}]}<\/script>\n<!-- \/ Yoast SEO plugin. -->","yoast_head_json":{"title":"Contre-porte coupe-feu - Colico","robots":{"index":"index","follow":"follow","max-snippet":"max-snippet:-1","max-image-preview":"max-image-preview:large","max-video-preview":"max-video-preview:-1"},"canonical":"https:\/\/colico.ca\/produit\/rolling-steel-counter-fire-door\/","og_locale":"fr_FR","og_type":"article","og_title":"Contre-porte coupe-feu - Colico","og_description":"Lattes plates robustes de 2\".   Le r\u00e9gulateur m\u00e9canique compact contr\u00f4le la vitesse de fermeture automatique dans une plage de 6\" \u00e0 2' par seconde.   Le ressort de d\u00e9clenchement Sure-Close augmente la fiabilit\u00e9 des fermetures automatiques.   Finition primaire grise r\u00e9sistante \u00e0 la corrosion.   Etiquette de feu 3\/4, 1 1\/2 ou 3 heures.  T\u00e9l\u00e9charger la brochure D\u00e9tails du guide D\u00e9tails typiques Sp\u00e9cifications","og_url":"https:\/\/colico.ca\/produit\/rolling-steel-counter-fire-door\/","og_site_name":"Colico","article_modified_time":"2023-02-09T08:20:47+00:00","og_image":[{"width":800,"height":800,"url":"https:\/\/colico.ca\/wp-content\/uploads\/2022\/05\/RS-Counter-Fire-Door-1.jpg","type":"image\/jpeg"}],"twitter_card":"summary_large_image","schema":{"@context":"https:\/\/schema.org","@graph":[{"@type":"WebPage","@id":"https:\/\/colico.ca\/produit\/rolling-steel-counter-fire-door\/","url":"https:\/\/colico.ca\/produit\/rolling-steel-counter-fire-door\/","name":"Contre-porte coupe-feu - Colico","isPartOf":{"@id":"https:\/\/colico.ca\/#website"},"primaryImageOfPage":{"@id":"https:\/\/colico.ca\/produit\/rolling-steel-counter-fire-door\/#primaryimage"},"image":{"@id":"https:\/\/colico.ca\/produit\/rolling-steel-counter-fire-door\/#primaryimage"},"thumbnailUrl":"https:\/\/colico.ca\/wp-content\/uploads\/2022\/05\/RS-Counter-Fire-Door-1.jpg","datePublished":"2022-05-18T01:46:23+00:00","dateModified":"2023-02-09T08:20:47+00:00","breadcrumb":{"@id":"https:\/\/colico.ca\/produit\/rolling-steel-counter-fire-door\/#breadcrumb"},"inLanguage":"fr-FR","potentialAction":[{"@type":"ReadAction","target":["https:\/\/colico.ca\/produit\/rolling-steel-counter-fire-door\/"]}]},{"@type":"ImageObject","inLanguage":"fr-FR","@id":"https:\/\/colico.ca\/produit\/rolling-steel-counter-fire-door\/#primaryimage","url":"https:\/\/colico.ca\/wp-content\/uploads\/2022\/05\/RS-Counter-Fire-Door-1.jpg","contentUrl":"https:\/\/colico.ca\/wp-content\/uploads\/2022\/05\/RS-Counter-Fire-Door-1.jpg","width":800,"height":800,"caption":"RS Counter Fire Door"},{"@type":"BreadcrumbList","@id":"https:\/\/colico.ca\/produit\/rolling-steel-counter-fire-door\/#breadcrumb","itemListElement":[{"@type":"ListItem","position":1,"name":"Home","item":"https:\/\/colico.ca\/fr\/accueil-principal\/"},{"@type":"ListItem","position":2,"name":"Boutique","item":"https:\/\/colico.ca\/fr\/boutique\/"},{"@type":"ListItem","position":3,"name":"Contre-porte coupe-feu"}]},{"@type":"WebSite","@id":"https:\/\/colico.ca\/#website","url":"https:\/\/colico.ca\/","name":"Colico","description":"Produits architecturaux","potentialAction":[{"@type":"SearchAction","target":{"@type":"EntryPoint","urlTemplate":"https:\/\/colico.ca\/?s={search_term_string}"},"query-input":{"@type":"PropertyValueSpecification","valueRequired":true,"valueName":"search_term_string"}}],"inLanguage":"fr-FR"}]}},"_links":{"self":[{"href":"https:\/\/colico.ca\/fr\/wp-json\/wp\/v2\/product\/11337","targetHints":{"allow":["GET"]}}],"collection":[{"href":"https:\/\/colico.ca\/fr\/wp-json\/wp\/v2\/product"}],"about":[{"href":"https:\/\/colico.ca\/fr\/wp-json\/wp\/v2\/types\/product"}],"wp:featuredmedia":[{"embeddable":true,"href":"https:\/\/colico.ca\/fr\/wp-json\/wp\/v2\/media\/10519"}],"wp:attachment":[{"href":"https:\/\/colico.ca\/fr\/wp-json\/wp\/v2\/media?parent=11337"}],"wp:term":[{"taxonomy":"product_brand","embeddable":true,"href":"https:\/\/colico.ca\/fr\/wp-json\/wp\/v2\/product_brand?post=11337"},{"taxonomy":"product_cat","embeddable":true,"href":"https:\/\/colico.ca\/fr\/wp-json\/wp\/v2\/product_cat?post=11337"},{"taxonomy":"product_tag","embeddable":true,"href":"https:\/\/colico.ca\/fr\/wp-json\/wp\/v2\/product_tag?post=11337"}],"curies":[{"name":"wp","href":"https:\/\/api.w.org\/{rel}","templated":true}]}}