{"id":11335,"date":"2022-05-18T01:41:14","date_gmt":"2022-05-18T01:41:14","guid":{"rendered":"https:\/\/colico.ca\/product\/acier-de-roulement-2\/"},"modified":"2023-02-09T08:20:43","modified_gmt":"2023-02-09T08:20:43","slug":"acier-de-roulement-2","status":"publish","type":"product","link":"https:\/\/colico.ca\/fr\/produit\/acier-de-roulement-2\/","title":{"rendered":"Acier de roulement 2&Prime;"},"content":{"rendered":"","protected":false},"excerpt":{"rendered":"<div id=\"yui_3_17_2_1_1666886014088_247\" class=\"sqs-block-content\">\n<ul>\n<li>\n<p class=\"\" style=\"white-space: pre-wrap;\"><span style=\"color: #000000;\">Lamelles robustes de 2&Prime; courb\u00e9es ou plates<\/span><\/p>\n<\/li>\n<li>\n<p class=\"\" style=\"white-space: pre-wrap;\"><span style=\"color: #000000;\">Finition galvanis\u00e9e G90 qui ne n\u00e9cessite aucune autre peinture.<\/span><\/p>\n<\/li>\n<li>\n<p class=\"\" style=\"white-space: pre-wrap;\"><span style=\"color: #000000;\">Choix du mode de fonctionnement (push-up, cha\u00eene, manivelle ou moteur)<\/span><\/p>\n<\/li>\n<li>\n<p class=\"\" style=\"white-space: pre-wrap;\"><span style=\"color: #000000;\">Ressorts de torsion tremp\u00e9s \u00e0 l&rsquo;huile con\u00e7us pour 50 000 cycles.<\/span><\/p>\n<\/li>\n<\/ul>\n<p><a href=\"https:\/\/static1.squarespace.com\/static\/571f7d5e20c647eafdc66a17\/t\/62ab3fff98dec56871f8e68b\/1655390208445\/SDI+RS+SERVICE+Door.pdf\" target=\"_blank\" rel=\"noopener\">T\u00e9l\u00e9charger la brochure<\/a><\/p>\n<p><a href=\"https:\/\/static1.squarespace.com\/static\/571f7d5e20c647eafdc66a17\/t\/578f801b414fb579e9fc93a2\/1469022236072\/SDI+2+INCH+SERVICE+DOOR+%28FRENCH%29.pdf\" target=\"_blank\" rel=\"noopener\">T\u00e9l\u00e9charger la brochure<\/a> <a href=\"\/s\/SDI_FRENCH_FC-1_CMYK_e.pdf\" target=\"_blank\" rel=\"noopener\">(Fran\u00e7ais)<\/a><\/p>\n<p><a href=\"https:\/\/static1.squarespace.com\/static\/571f7d5e20c647eafdc66a17\/t\/5720b18f22482e2e25b150e1\/1461760399077\/rolling_steel_2_in._typical_details.jpg\" target=\"_blank\" rel=\"noopener\">D\u00e9tails typiques<\/a><\/p>\n<p><a href=\"https:\/\/static1.squarespace.com\/static\/571f7d5e20c647eafdc66a17\/t\/5720b20c86db43476f614778\/1461760524968\/rolling_steel_2_in._guide_details.jpg\" target=\"_blank\" rel=\"noopener\">D\u00e9tails du guide<\/a><\/p>\n<p><a href=\"https:\/\/servicedoor.com\/2inch-rolling-steel-spec\">Sp\u00e9cifications<\/a><\/p>\n<\/div>\n","protected":false},"featured_media":10514,"template":"","meta":[],"product_brand":[],"product_cat":[600,593],"product_tag":[],"class_list":{"0":"post-11335","1":"product","2":"type-product","3":"status-publish","4":"has-post-thumbnail","6":"product_cat-acier-lamine","7":"product_cat-portes-specialisees","9":"first","10":"instock","11":"taxable","12":"shipping-taxable","13":"product-type-simple"},"yoast_head":"<!-- This site is optimized with the Yoast SEO plugin v27.6 - https:\/\/yoast.com\/product\/yoast-seo-wordpress\/ -->\n<title>Acier de roulement 2&quot; - Colico<\/title>\n<meta name=\"robots\" content=\"index, follow, max-snippet:-1, max-image-preview:large, max-video-preview:-1\" \/>\n<link rel=\"canonical\" href=\"https:\/\/colico.ca\/produit\/rolling-steel-2\/\" \/>\n<meta property=\"og:locale\" content=\"fr_FR\" \/>\n<meta property=\"og:type\" content=\"article\" \/>\n<meta property=\"og:title\" content=\"Acier de roulement 2&quot; - Colico\" \/>\n<meta property=\"og:description\" content=\"Lamelles robustes de 2&quot; courb\u00e9es ou plates   Finition galvanis\u00e9e G90 qui ne n\u00e9cessite aucune autre peinture.   Choix du mode de fonctionnement (push-up, cha\u00eene, manivelle ou moteur)   Ressorts de torsion tremp\u00e9s \u00e0 l&#039;huile con\u00e7us pour 50 000 cycles.  T\u00e9l\u00e9charger la brochure T\u00e9l\u00e9charger la brochure (Fran\u00e7ais) D\u00e9tails typiques D\u00e9tails du guide Sp\u00e9cifications\" \/>\n<meta property=\"og:url\" content=\"https:\/\/colico.ca\/produit\/rolling-steel-2\/\" \/>\n<meta property=\"og:site_name\" content=\"Colico\" \/>\n<meta property=\"article:modified_time\" content=\"2023-02-09T08:20:43+00:00\" \/>\n<meta property=\"og:image\" content=\"https:\/\/colico.ca\/wp-content\/uploads\/2022\/05\/Rolling-Steel-2po.png\" \/>\n\t<meta property=\"og:image:width\" content=\"292\" \/>\n\t<meta property=\"og:image:height\" content=\"292\" \/>\n\t<meta property=\"og:image:type\" content=\"image\/png\" \/>\n<meta name=\"twitter:card\" content=\"summary_large_image\" \/>\n<script type=\"application\/ld+json\" class=\"yoast-schema-graph\">{\"@context\":\"https:\\\/\\\/schema.org\",\"@graph\":[{\"@type\":\"WebPage\",\"@id\":\"https:\\\/\\\/colico.ca\\\/produit\\\/rolling-steel-2\\\/\",\"url\":\"https:\\\/\\\/colico.ca\\\/produit\\\/rolling-steel-2\\\/\",\"name\":\"Acier de roulement 2\\\" - Colico\",\"isPartOf\":{\"@id\":\"https:\\\/\\\/colico.ca\\\/#website\"},\"primaryImageOfPage\":{\"@id\":\"https:\\\/\\\/colico.ca\\\/produit\\\/rolling-steel-2\\\/#primaryimage\"},\"image\":{\"@id\":\"https:\\\/\\\/colico.ca\\\/produit\\\/rolling-steel-2\\\/#primaryimage\"},\"thumbnailUrl\":\"https:\\\/\\\/colico.ca\\\/wp-content\\\/uploads\\\/2022\\\/05\\\/Rolling-Steel-2po.png\",\"datePublished\":\"2022-05-18T01:41:14+00:00\",\"dateModified\":\"2023-02-09T08:20:43+00:00\",\"breadcrumb\":{\"@id\":\"https:\\\/\\\/colico.ca\\\/produit\\\/rolling-steel-2\\\/#breadcrumb\"},\"inLanguage\":\"fr-FR\",\"potentialAction\":[{\"@type\":\"ReadAction\",\"target\":[\"https:\\\/\\\/colico.ca\\\/produit\\\/rolling-steel-2\\\/\"]}]},{\"@type\":\"ImageObject\",\"inLanguage\":\"fr-FR\",\"@id\":\"https:\\\/\\\/colico.ca\\\/produit\\\/rolling-steel-2\\\/#primaryimage\",\"url\":\"https:\\\/\\\/colico.ca\\\/wp-content\\\/uploads\\\/2022\\\/05\\\/Rolling-Steel-2po.png\",\"contentUrl\":\"https:\\\/\\\/colico.ca\\\/wp-content\\\/uploads\\\/2022\\\/05\\\/Rolling-Steel-2po.png\",\"width\":292,\"height\":292,\"caption\":\"Rolling Steel 2po\"},{\"@type\":\"BreadcrumbList\",\"@id\":\"https:\\\/\\\/colico.ca\\\/produit\\\/rolling-steel-2\\\/#breadcrumb\",\"itemListElement\":[{\"@type\":\"ListItem\",\"position\":1,\"name\":\"Home\",\"item\":\"https:\\\/\\\/colico.ca\\\/fr\\\/accueil-principal\\\/\"},{\"@type\":\"ListItem\",\"position\":2,\"name\":\"Boutique\",\"item\":\"https:\\\/\\\/colico.ca\\\/fr\\\/boutique\\\/\"},{\"@type\":\"ListItem\",\"position\":3,\"name\":\"Acier de roulement 2&#8243;\"}]},{\"@type\":\"WebSite\",\"@id\":\"https:\\\/\\\/colico.ca\\\/#website\",\"url\":\"https:\\\/\\\/colico.ca\\\/\",\"name\":\"Colico\",\"description\":\"Produits architecturaux\",\"potentialAction\":[{\"@type\":\"SearchAction\",\"target\":{\"@type\":\"EntryPoint\",\"urlTemplate\":\"https:\\\/\\\/colico.ca\\\/?s={search_term_string}\"},\"query-input\":{\"@type\":\"PropertyValueSpecification\",\"valueRequired\":true,\"valueName\":\"search_term_string\"}}],\"inLanguage\":\"fr-FR\"}]}<\/script>\n<!-- \/ Yoast SEO plugin. -->","yoast_head_json":{"title":"Acier de roulement 2\" - Colico","robots":{"index":"index","follow":"follow","max-snippet":"max-snippet:-1","max-image-preview":"max-image-preview:large","max-video-preview":"max-video-preview:-1"},"canonical":"https:\/\/colico.ca\/produit\/rolling-steel-2\/","og_locale":"fr_FR","og_type":"article","og_title":"Acier de roulement 2\" - Colico","og_description":"Lamelles robustes de 2\" courb\u00e9es ou plates   Finition galvanis\u00e9e G90 qui ne n\u00e9cessite aucune autre peinture.   Choix du mode de fonctionnement (push-up, cha\u00eene, manivelle ou moteur)   Ressorts de torsion tremp\u00e9s \u00e0 l'huile con\u00e7us pour 50 000 cycles.  T\u00e9l\u00e9charger la brochure T\u00e9l\u00e9charger la brochure (Fran\u00e7ais) D\u00e9tails typiques D\u00e9tails du guide Sp\u00e9cifications","og_url":"https:\/\/colico.ca\/produit\/rolling-steel-2\/","og_site_name":"Colico","article_modified_time":"2023-02-09T08:20:43+00:00","og_image":[{"width":292,"height":292,"url":"https:\/\/colico.ca\/wp-content\/uploads\/2022\/05\/Rolling-Steel-2po.png","type":"image\/png"}],"twitter_card":"summary_large_image","schema":{"@context":"https:\/\/schema.org","@graph":[{"@type":"WebPage","@id":"https:\/\/colico.ca\/produit\/rolling-steel-2\/","url":"https:\/\/colico.ca\/produit\/rolling-steel-2\/","name":"Acier de roulement 2\" - Colico","isPartOf":{"@id":"https:\/\/colico.ca\/#website"},"primaryImageOfPage":{"@id":"https:\/\/colico.ca\/produit\/rolling-steel-2\/#primaryimage"},"image":{"@id":"https:\/\/colico.ca\/produit\/rolling-steel-2\/#primaryimage"},"thumbnailUrl":"https:\/\/colico.ca\/wp-content\/uploads\/2022\/05\/Rolling-Steel-2po.png","datePublished":"2022-05-18T01:41:14+00:00","dateModified":"2023-02-09T08:20:43+00:00","breadcrumb":{"@id":"https:\/\/colico.ca\/produit\/rolling-steel-2\/#breadcrumb"},"inLanguage":"fr-FR","potentialAction":[{"@type":"ReadAction","target":["https:\/\/colico.ca\/produit\/rolling-steel-2\/"]}]},{"@type":"ImageObject","inLanguage":"fr-FR","@id":"https:\/\/colico.ca\/produit\/rolling-steel-2\/#primaryimage","url":"https:\/\/colico.ca\/wp-content\/uploads\/2022\/05\/Rolling-Steel-2po.png","contentUrl":"https:\/\/colico.ca\/wp-content\/uploads\/2022\/05\/Rolling-Steel-2po.png","width":292,"height":292,"caption":"Rolling Steel 2po"},{"@type":"BreadcrumbList","@id":"https:\/\/colico.ca\/produit\/rolling-steel-2\/#breadcrumb","itemListElement":[{"@type":"ListItem","position":1,"name":"Home","item":"https:\/\/colico.ca\/fr\/accueil-principal\/"},{"@type":"ListItem","position":2,"name":"Boutique","item":"https:\/\/colico.ca\/fr\/boutique\/"},{"@type":"ListItem","position":3,"name":"Acier de roulement 2&#8243;"}]},{"@type":"WebSite","@id":"https:\/\/colico.ca\/#website","url":"https:\/\/colico.ca\/","name":"Colico","description":"Produits architecturaux","potentialAction":[{"@type":"SearchAction","target":{"@type":"EntryPoint","urlTemplate":"https:\/\/colico.ca\/?s={search_term_string}"},"query-input":{"@type":"PropertyValueSpecification","valueRequired":true,"valueName":"search_term_string"}}],"inLanguage":"fr-FR"}]}},"_links":{"self":[{"href":"https:\/\/colico.ca\/fr\/wp-json\/wp\/v2\/product\/11335","targetHints":{"allow":["GET"]}}],"collection":[{"href":"https:\/\/colico.ca\/fr\/wp-json\/wp\/v2\/product"}],"about":[{"href":"https:\/\/colico.ca\/fr\/wp-json\/wp\/v2\/types\/product"}],"wp:featuredmedia":[{"embeddable":true,"href":"https:\/\/colico.ca\/fr\/wp-json\/wp\/v2\/media\/10514"}],"wp:attachment":[{"href":"https:\/\/colico.ca\/fr\/wp-json\/wp\/v2\/media?parent=11335"}],"wp:term":[{"taxonomy":"product_brand","embeddable":true,"href":"https:\/\/colico.ca\/fr\/wp-json\/wp\/v2\/product_brand?post=11335"},{"taxonomy":"product_cat","embeddable":true,"href":"https:\/\/colico.ca\/fr\/wp-json\/wp\/v2\/product_cat?post=11335"},{"taxonomy":"product_tag","embeddable":true,"href":"https:\/\/colico.ca\/fr\/wp-json\/wp\/v2\/product_tag?post=11335"}],"curies":[{"name":"wp","href":"https:\/\/api.w.org\/{rel}","templated":true}]}}