{"id":11334,"date":"2022-05-18T01:37:33","date_gmt":"2022-05-18T01:37:33","guid":{"rendered":"https:\/\/colico.ca\/product\/barriere-merik-mkb\/"},"modified":"2023-02-09T08:20:41","modified_gmt":"2023-02-09T08:20:41","slug":"barriere-merik-mkb","status":"publish","type":"product","link":"https:\/\/colico.ca\/fr\/produit\/barriere-merik-mkb\/","title":{"rendered":"Barri\u00e8re MERIK MKB"},"content":{"rendered":"","protected":false},"excerpt":{"rendered":"<h5>Barri\u00e8re \u00e9lectrom\u00e9canique con\u00e7ue pour les acc\u00e8s v\u00e9hiculaires r\u00e9sidentiels, commerciaux et industriels.<\/h5>\n<p>&#8211; Mat\u00e9riaux de haute qualit\u00e9 pour des performances durables<br \/>\n&#8211; Compatible avec la batterie de secours<br \/>\n&#8211; Changement facile de main de gauche \u00e0 droite<br \/>\n&#8211; Syst\u00e8me de diagnostic par affichage<br \/>\n&#8211; Bras r\u00e9glable de 3 \u00e0 5 m\u00e8tres<\/p>\n","protected":false},"featured_media":10513,"template":"","meta":[],"product_brand":[],"product_cat":[599,593],"product_tag":[],"class_list":{"0":"post-11334","1":"product","2":"type-product","3":"status-publish","4":"has-post-thumbnail","6":"product_cat-portails","7":"product_cat-portes-specialisees","9":"first","10":"instock","11":"taxable","12":"shipping-taxable","13":"product-type-simple"},"yoast_head":"<!-- This site is optimized with the Yoast SEO plugin v27.6 - https:\/\/yoast.com\/product\/yoast-seo-wordpress\/ -->\n<title>Barri\u00e8re MERIK MKB - Colico<\/title>\n<meta name=\"robots\" content=\"index, follow, max-snippet:-1, max-image-preview:large, max-video-preview:-1\" \/>\n<link rel=\"canonical\" href=\"https:\/\/colico.ca\/fr\/produit\/barriere-merik-mkb\/\" \/>\n<meta property=\"og:locale\" content=\"fr_FR\" \/>\n<meta property=\"og:type\" content=\"article\" \/>\n<meta property=\"og:title\" content=\"Barri\u00e8re MERIK MKB - Colico\" \/>\n<meta property=\"og:description\" content=\"Barri\u00e8re \u00e9lectrom\u00e9canique con\u00e7ue pour les acc\u00e8s v\u00e9hiculaires r\u00e9sidentiels, commerciaux et industriels. - Mat\u00e9riaux de haute qualit\u00e9 pour des performances durables - Compatible avec la batterie de secours - Changement facile de main de gauche \u00e0 droite - Syst\u00e8me de diagnostic par affichage - Bras r\u00e9glable de 3 \u00e0 5 m\u00e8tres\" \/>\n<meta property=\"og:url\" content=\"https:\/\/colico.ca\/fr\/produit\/barriere-merik-mkb\/\" \/>\n<meta property=\"og:site_name\" content=\"Colico\" \/>\n<meta property=\"article:modified_time\" content=\"2023-02-09T08:20:41+00:00\" \/>\n<meta property=\"og:image\" content=\"https:\/\/colico.ca\/wp-content\/uploads\/2022\/05\/MERIK-MKB-Barrier.jpeg\" \/>\n\t<meta property=\"og:image:width\" content=\"600\" \/>\n\t<meta property=\"og:image:height\" content=\"600\" \/>\n\t<meta property=\"og:image:type\" content=\"image\/jpeg\" \/>\n<meta name=\"twitter:card\" content=\"summary_large_image\" \/>\n<script type=\"application\/ld+json\" class=\"yoast-schema-graph\">{\"@context\":\"https:\\\/\\\/schema.org\",\"@graph\":[{\"@type\":\"WebPage\",\"@id\":\"https:\\\/\\\/colico.ca\\\/fr\\\/produit\\\/barriere-merik-mkb\\\/\",\"url\":\"https:\\\/\\\/colico.ca\\\/fr\\\/produit\\\/barriere-merik-mkb\\\/\",\"name\":\"Barri\u00e8re MERIK MKB - Colico\",\"isPartOf\":{\"@id\":\"https:\\\/\\\/colico.ca\\\/#website\"},\"primaryImageOfPage\":{\"@id\":\"https:\\\/\\\/colico.ca\\\/fr\\\/produit\\\/barriere-merik-mkb\\\/#primaryimage\"},\"image\":{\"@id\":\"https:\\\/\\\/colico.ca\\\/fr\\\/produit\\\/barriere-merik-mkb\\\/#primaryimage\"},\"thumbnailUrl\":\"https:\\\/\\\/colico.ca\\\/wp-content\\\/uploads\\\/2022\\\/05\\\/MERIK-MKB-Barrier.jpeg\",\"datePublished\":\"2022-05-18T01:37:33+00:00\",\"dateModified\":\"2023-02-09T08:20:41+00:00\",\"breadcrumb\":{\"@id\":\"https:\\\/\\\/colico.ca\\\/fr\\\/produit\\\/barriere-merik-mkb\\\/#breadcrumb\"},\"inLanguage\":\"fr-FR\",\"potentialAction\":[{\"@type\":\"ReadAction\",\"target\":[\"https:\\\/\\\/colico.ca\\\/fr\\\/produit\\\/barriere-merik-mkb\\\/\"]}]},{\"@type\":\"ImageObject\",\"inLanguage\":\"fr-FR\",\"@id\":\"https:\\\/\\\/colico.ca\\\/fr\\\/produit\\\/barriere-merik-mkb\\\/#primaryimage\",\"url\":\"https:\\\/\\\/colico.ca\\\/wp-content\\\/uploads\\\/2022\\\/05\\\/MERIK-MKB-Barrier.jpeg\",\"contentUrl\":\"https:\\\/\\\/colico.ca\\\/wp-content\\\/uploads\\\/2022\\\/05\\\/MERIK-MKB-Barrier.jpeg\",\"width\":600,\"height\":600,\"caption\":\"MERIK MKB Barrier\"},{\"@type\":\"BreadcrumbList\",\"@id\":\"https:\\\/\\\/colico.ca\\\/fr\\\/produit\\\/barriere-merik-mkb\\\/#breadcrumb\",\"itemListElement\":[{\"@type\":\"ListItem\",\"position\":1,\"name\":\"Home\",\"item\":\"https:\\\/\\\/colico.ca\\\/fr\\\/accueil-principal\\\/\"},{\"@type\":\"ListItem\",\"position\":2,\"name\":\"Boutique\",\"item\":\"https:\\\/\\\/colico.ca\\\/fr\\\/boutique\\\/\"},{\"@type\":\"ListItem\",\"position\":3,\"name\":\"Barri\u00e8re MERIK MKB\"}]},{\"@type\":\"WebSite\",\"@id\":\"https:\\\/\\\/colico.ca\\\/#website\",\"url\":\"https:\\\/\\\/colico.ca\\\/\",\"name\":\"Colico\",\"description\":\"Produits architecturaux\",\"potentialAction\":[{\"@type\":\"SearchAction\",\"target\":{\"@type\":\"EntryPoint\",\"urlTemplate\":\"https:\\\/\\\/colico.ca\\\/?s={search_term_string}\"},\"query-input\":{\"@type\":\"PropertyValueSpecification\",\"valueRequired\":true,\"valueName\":\"search_term_string\"}}],\"inLanguage\":\"fr-FR\"}]}<\/script>\n<!-- \/ Yoast SEO plugin. -->","yoast_head_json":{"title":"Barri\u00e8re MERIK MKB - Colico","robots":{"index":"index","follow":"follow","max-snippet":"max-snippet:-1","max-image-preview":"max-image-preview:large","max-video-preview":"max-video-preview:-1"},"canonical":"https:\/\/colico.ca\/fr\/produit\/barriere-merik-mkb\/","og_locale":"fr_FR","og_type":"article","og_title":"Barri\u00e8re MERIK MKB - Colico","og_description":"Barri\u00e8re \u00e9lectrom\u00e9canique con\u00e7ue pour les acc\u00e8s v\u00e9hiculaires r\u00e9sidentiels, commerciaux et industriels. - Mat\u00e9riaux de haute qualit\u00e9 pour des performances durables - Compatible avec la batterie de secours - Changement facile de main de gauche \u00e0 droite - Syst\u00e8me de diagnostic par affichage - Bras r\u00e9glable de 3 \u00e0 5 m\u00e8tres","og_url":"https:\/\/colico.ca\/fr\/produit\/barriere-merik-mkb\/","og_site_name":"Colico","article_modified_time":"2023-02-09T08:20:41+00:00","og_image":[{"width":600,"height":600,"url":"https:\/\/colico.ca\/wp-content\/uploads\/2022\/05\/MERIK-MKB-Barrier.jpeg","type":"image\/jpeg"}],"twitter_card":"summary_large_image","schema":{"@context":"https:\/\/schema.org","@graph":[{"@type":"WebPage","@id":"https:\/\/colico.ca\/fr\/produit\/barriere-merik-mkb\/","url":"https:\/\/colico.ca\/fr\/produit\/barriere-merik-mkb\/","name":"Barri\u00e8re MERIK MKB - Colico","isPartOf":{"@id":"https:\/\/colico.ca\/#website"},"primaryImageOfPage":{"@id":"https:\/\/colico.ca\/fr\/produit\/barriere-merik-mkb\/#primaryimage"},"image":{"@id":"https:\/\/colico.ca\/fr\/produit\/barriere-merik-mkb\/#primaryimage"},"thumbnailUrl":"https:\/\/colico.ca\/wp-content\/uploads\/2022\/05\/MERIK-MKB-Barrier.jpeg","datePublished":"2022-05-18T01:37:33+00:00","dateModified":"2023-02-09T08:20:41+00:00","breadcrumb":{"@id":"https:\/\/colico.ca\/fr\/produit\/barriere-merik-mkb\/#breadcrumb"},"inLanguage":"fr-FR","potentialAction":[{"@type":"ReadAction","target":["https:\/\/colico.ca\/fr\/produit\/barriere-merik-mkb\/"]}]},{"@type":"ImageObject","inLanguage":"fr-FR","@id":"https:\/\/colico.ca\/fr\/produit\/barriere-merik-mkb\/#primaryimage","url":"https:\/\/colico.ca\/wp-content\/uploads\/2022\/05\/MERIK-MKB-Barrier.jpeg","contentUrl":"https:\/\/colico.ca\/wp-content\/uploads\/2022\/05\/MERIK-MKB-Barrier.jpeg","width":600,"height":600,"caption":"MERIK MKB Barrier"},{"@type":"BreadcrumbList","@id":"https:\/\/colico.ca\/fr\/produit\/barriere-merik-mkb\/#breadcrumb","itemListElement":[{"@type":"ListItem","position":1,"name":"Home","item":"https:\/\/colico.ca\/fr\/accueil-principal\/"},{"@type":"ListItem","position":2,"name":"Boutique","item":"https:\/\/colico.ca\/fr\/boutique\/"},{"@type":"ListItem","position":3,"name":"Barri\u00e8re MERIK MKB"}]},{"@type":"WebSite","@id":"https:\/\/colico.ca\/#website","url":"https:\/\/colico.ca\/","name":"Colico","description":"Produits architecturaux","potentialAction":[{"@type":"SearchAction","target":{"@type":"EntryPoint","urlTemplate":"https:\/\/colico.ca\/?s={search_term_string}"},"query-input":{"@type":"PropertyValueSpecification","valueRequired":true,"valueName":"search_term_string"}}],"inLanguage":"fr-FR"}]}},"_links":{"self":[{"href":"https:\/\/colico.ca\/fr\/wp-json\/wp\/v2\/product\/11334","targetHints":{"allow":["GET"]}}],"collection":[{"href":"https:\/\/colico.ca\/fr\/wp-json\/wp\/v2\/product"}],"about":[{"href":"https:\/\/colico.ca\/fr\/wp-json\/wp\/v2\/types\/product"}],"wp:featuredmedia":[{"embeddable":true,"href":"https:\/\/colico.ca\/fr\/wp-json\/wp\/v2\/media\/10513"}],"wp:attachment":[{"href":"https:\/\/colico.ca\/fr\/wp-json\/wp\/v2\/media?parent=11334"}],"wp:term":[{"taxonomy":"product_brand","embeddable":true,"href":"https:\/\/colico.ca\/fr\/wp-json\/wp\/v2\/product_brand?post=11334"},{"taxonomy":"product_cat","embeddable":true,"href":"https:\/\/colico.ca\/fr\/wp-json\/wp\/v2\/product_cat?post=11334"},{"taxonomy":"product_tag","embeddable":true,"href":"https:\/\/colico.ca\/fr\/wp-json\/wp\/v2\/product_tag?post=11334"}],"curies":[{"name":"wp","href":"https:\/\/api.w.org\/{rel}","templated":true}]}}