{"id":11332,"date":"2022-05-18T02:01:09","date_gmt":"2022-05-18T02:01:09","guid":{"rendered":"https:\/\/colico.ca\/product\/c200c\/"},"modified":"2023-02-09T08:20:36","modified_gmt":"2023-02-09T08:20:36","slug":"c200c","status":"publish","type":"product","link":"https:\/\/colico.ca\/fr\/produit\/c200c\/","title":{"rendered":"C200C"},"content":{"rendered":"","protected":false},"excerpt":{"rendered":"<ul data-rte-list=\"default\">\n<li>\n<p class=\"\">Les portes sectionnelles en acier de SDI constituent une solution int\u00e9ressante lorsque la r\u00e9sistance et l&rsquo;isolation sont requises.<\/p>\n<\/li>\n<li>\n<p class=\"\">Les nervures de renforcement horizontales int\u00e9gr\u00e9es et les joints de section \u00e0 recouvrement de navire ne sont que deux des caract\u00e9ristiques standard qui les distinguent des autres portes disponibles sur le march\u00e9 actuel.<\/p>\n<\/li>\n<li>\n<p class=\"\">Syst\u00e8me de porte tr\u00e8s rigide, \u00e9conome en \u00e9nergie et durable, avec un rapport r\u00e9sistance\/poids \u00e9lev\u00e9.<\/p>\n<\/li>\n<li>\n<p class=\"\">Gr\u00e2ce \u00e0 la technologie la plus r\u00e9cente en mati\u00e8re de polyur\u00e9thane, nous avons obtenu la valeur \u00a0\u00bb R \u00a0\u00bb par pouce la plus \u00e9lev\u00e9e de tous les isolants concurrents, tout en offrant une adh\u00e9rence sup\u00e9rieure de la mousse \u00e0 l&rsquo;acier et une int\u00e9grit\u00e9 structurelle.<\/p>\n<\/li>\n<li>\n<p class=\"\">La construction robuste assure des ann\u00e9es de performance sans probl\u00e8me.<\/p>\n<\/li>\n<\/ul>\n<p class=\"\"><a href=\"https:\/\/servicedoor.com\/s\/SDI-Sectional-C200C-wgmx.pdf\" target=\"\" rel=\"noopener\">T\u00e9l\u00e9charger la brochure C200C<\/a><\/p>\n<p class=\"\"><a href=\"https:\/\/servicedoor.com\/s\/SDI-Sectional-Door-Hardware-2dgf.pdf\" target=\"_blank\" rel=\"noopener\">Brochure sur le mat\u00e9riel<\/a><\/p>\n<p class=\"\"><a href=\"https:\/\/servicedoor.com\/s\/insulated_sectional_door_features.jpg\" target=\"_blank\" rel=\"noopener\">Caract\u00e9ristiques<\/a><\/p>\n<p class=\"\"><a href=\"https:\/\/servicedoor.com\/s\/insulated_sectional_door_glazing.jpg\" target=\"_blank\" rel=\"noopener\">Vitrage<\/a><\/p>\n","protected":false},"featured_media":10525,"template":"","meta":[],"product_brand":[],"product_cat":[597,593,598],"product_tag":[],"class_list":{"0":"post-11332","1":"product","2":"type-product","3":"status-publish","4":"has-post-thumbnail","6":"product_cat-portes-roulantes-de-service-et-portes-coupe-feu","7":"product_cat-portes-specialisees","8":"product_cat-sectional-fr","10":"first","11":"instock","12":"taxable","13":"shipping-taxable","14":"product-type-simple"},"yoast_head":"<!-- This site is optimized with the Yoast SEO plugin v27.5 - https:\/\/yoast.com\/product\/yoast-seo-wordpress\/ -->\n<title>C200C - Colico<\/title>\n<meta name=\"robots\" content=\"index, follow, max-snippet:-1, max-image-preview:large, max-video-preview:-1\" \/>\n<link rel=\"canonical\" href=\"https:\/\/colico.ca\/fr\/produit\/c200c\/\" \/>\n<meta property=\"og:locale\" content=\"fr_FR\" \/>\n<meta property=\"og:type\" content=\"article\" \/>\n<meta property=\"og:title\" content=\"C200C - Colico\" \/>\n<meta property=\"og:description\" content=\"Les portes sectionnelles en acier de SDI constituent une solution int\u00e9ressante lorsque la r\u00e9sistance et l&#039;isolation sont requises.   Les nervures de renforcement horizontales int\u00e9gr\u00e9es et les joints de section \u00e0 recouvrement de navire ne sont que deux des caract\u00e9ristiques standard qui les distinguent des autres portes disponibles sur le march\u00e9 actuel.   Syst\u00e8me de porte tr\u00e8s rigide, \u00e9conome en \u00e9nergie et durable, avec un rapport r\u00e9sistance\/poids \u00e9lev\u00e9.   Gr\u00e2ce \u00e0 la technologie la plus r\u00e9cente en mati\u00e8re de polyur\u00e9thane, nous avons obtenu la valeur &quot; R &quot; par pouce la plus \u00e9lev\u00e9e de tous les isolants concurrents, tout en offrant une adh\u00e9rence sup\u00e9rieure de la mousse \u00e0 l&#039;acier et une int\u00e9grit\u00e9 structurelle.   La construction robuste assure des ann\u00e9es de performance sans probl\u00e8me.  T\u00e9l\u00e9charger la brochure C200C Brochure sur le mat\u00e9riel Caract\u00e9ristiques Vitrage\" \/>\n<meta property=\"og:url\" content=\"https:\/\/colico.ca\/fr\/produit\/c200c\/\" \/>\n<meta property=\"og:site_name\" content=\"Colico\" \/>\n<meta property=\"article:modified_time\" content=\"2023-02-09T08:20:36+00:00\" \/>\n<meta property=\"og:image\" content=\"https:\/\/colico.ca\/wp-content\/uploads\/2022\/05\/C200C-1024x1024.jpg\" \/>\n\t<meta property=\"og:image:width\" content=\"1024\" \/>\n\t<meta property=\"og:image:height\" content=\"1024\" \/>\n\t<meta property=\"og:image:type\" content=\"image\/jpeg\" \/>\n<meta name=\"twitter:card\" content=\"summary_large_image\" \/>\n<script type=\"application\/ld+json\" class=\"yoast-schema-graph\">{\"@context\":\"https:\\\/\\\/schema.org\",\"@graph\":[{\"@type\":\"WebPage\",\"@id\":\"https:\\\/\\\/colico.ca\\\/fr\\\/produit\\\/c200c\\\/\",\"url\":\"https:\\\/\\\/colico.ca\\\/fr\\\/produit\\\/c200c\\\/\",\"name\":\"C200C - Colico\",\"isPartOf\":{\"@id\":\"https:\\\/\\\/colico.ca\\\/#website\"},\"primaryImageOfPage\":{\"@id\":\"https:\\\/\\\/colico.ca\\\/fr\\\/produit\\\/c200c\\\/#primaryimage\"},\"image\":{\"@id\":\"https:\\\/\\\/colico.ca\\\/fr\\\/produit\\\/c200c\\\/#primaryimage\"},\"thumbnailUrl\":\"https:\\\/\\\/colico.ca\\\/wp-content\\\/uploads\\\/2022\\\/05\\\/C200C.jpg\",\"datePublished\":\"2022-05-18T02:01:09+00:00\",\"dateModified\":\"2023-02-09T08:20:36+00:00\",\"breadcrumb\":{\"@id\":\"https:\\\/\\\/colico.ca\\\/fr\\\/produit\\\/c200c\\\/#breadcrumb\"},\"inLanguage\":\"fr-FR\",\"potentialAction\":[{\"@type\":\"ReadAction\",\"target\":[\"https:\\\/\\\/colico.ca\\\/fr\\\/produit\\\/c200c\\\/\"]}]},{\"@type\":\"ImageObject\",\"inLanguage\":\"fr-FR\",\"@id\":\"https:\\\/\\\/colico.ca\\\/fr\\\/produit\\\/c200c\\\/#primaryimage\",\"url\":\"https:\\\/\\\/colico.ca\\\/wp-content\\\/uploads\\\/2022\\\/05\\\/C200C.jpg\",\"contentUrl\":\"https:\\\/\\\/colico.ca\\\/wp-content\\\/uploads\\\/2022\\\/05\\\/C200C.jpg\",\"width\":2392,\"height\":2392,\"caption\":\"C200C\"},{\"@type\":\"BreadcrumbList\",\"@id\":\"https:\\\/\\\/colico.ca\\\/fr\\\/produit\\\/c200c\\\/#breadcrumb\",\"itemListElement\":[{\"@type\":\"ListItem\",\"position\":1,\"name\":\"Home\",\"item\":\"https:\\\/\\\/colico.ca\\\/fr\\\/accueil-principal\\\/\"},{\"@type\":\"ListItem\",\"position\":2,\"name\":\"Boutique\",\"item\":\"https:\\\/\\\/colico.ca\\\/fr\\\/boutique\\\/\"},{\"@type\":\"ListItem\",\"position\":3,\"name\":\"C200C\"}]},{\"@type\":\"WebSite\",\"@id\":\"https:\\\/\\\/colico.ca\\\/#website\",\"url\":\"https:\\\/\\\/colico.ca\\\/\",\"name\":\"Colico\",\"description\":\"Produits architecturaux\",\"potentialAction\":[{\"@type\":\"SearchAction\",\"target\":{\"@type\":\"EntryPoint\",\"urlTemplate\":\"https:\\\/\\\/colico.ca\\\/?s={search_term_string}\"},\"query-input\":{\"@type\":\"PropertyValueSpecification\",\"valueRequired\":true,\"valueName\":\"search_term_string\"}}],\"inLanguage\":\"fr-FR\"}]}<\/script>\n<!-- \/ Yoast SEO plugin. -->","yoast_head_json":{"title":"C200C - Colico","robots":{"index":"index","follow":"follow","max-snippet":"max-snippet:-1","max-image-preview":"max-image-preview:large","max-video-preview":"max-video-preview:-1"},"canonical":"https:\/\/colico.ca\/fr\/produit\/c200c\/","og_locale":"fr_FR","og_type":"article","og_title":"C200C - Colico","og_description":"Les portes sectionnelles en acier de SDI constituent une solution int\u00e9ressante lorsque la r\u00e9sistance et l'isolation sont requises.   Les nervures de renforcement horizontales int\u00e9gr\u00e9es et les joints de section \u00e0 recouvrement de navire ne sont que deux des caract\u00e9ristiques standard qui les distinguent des autres portes disponibles sur le march\u00e9 actuel.   Syst\u00e8me de porte tr\u00e8s rigide, \u00e9conome en \u00e9nergie et durable, avec un rapport r\u00e9sistance\/poids \u00e9lev\u00e9.   Gr\u00e2ce \u00e0 la technologie la plus r\u00e9cente en mati\u00e8re de polyur\u00e9thane, nous avons obtenu la valeur \" R \" par pouce la plus \u00e9lev\u00e9e de tous les isolants concurrents, tout en offrant une adh\u00e9rence sup\u00e9rieure de la mousse \u00e0 l'acier et une int\u00e9grit\u00e9 structurelle.   La construction robuste assure des ann\u00e9es de performance sans probl\u00e8me.  T\u00e9l\u00e9charger la brochure C200C Brochure sur le mat\u00e9riel Caract\u00e9ristiques Vitrage","og_url":"https:\/\/colico.ca\/fr\/produit\/c200c\/","og_site_name":"Colico","article_modified_time":"2023-02-09T08:20:36+00:00","og_image":[{"width":1024,"height":1024,"url":"https:\/\/colico.ca\/wp-content\/uploads\/2022\/05\/C200C-1024x1024.jpg","type":"image\/jpeg"}],"twitter_card":"summary_large_image","schema":{"@context":"https:\/\/schema.org","@graph":[{"@type":"WebPage","@id":"https:\/\/colico.ca\/fr\/produit\/c200c\/","url":"https:\/\/colico.ca\/fr\/produit\/c200c\/","name":"C200C - Colico","isPartOf":{"@id":"https:\/\/colico.ca\/#website"},"primaryImageOfPage":{"@id":"https:\/\/colico.ca\/fr\/produit\/c200c\/#primaryimage"},"image":{"@id":"https:\/\/colico.ca\/fr\/produit\/c200c\/#primaryimage"},"thumbnailUrl":"https:\/\/colico.ca\/wp-content\/uploads\/2022\/05\/C200C.jpg","datePublished":"2022-05-18T02:01:09+00:00","dateModified":"2023-02-09T08:20:36+00:00","breadcrumb":{"@id":"https:\/\/colico.ca\/fr\/produit\/c200c\/#breadcrumb"},"inLanguage":"fr-FR","potentialAction":[{"@type":"ReadAction","target":["https:\/\/colico.ca\/fr\/produit\/c200c\/"]}]},{"@type":"ImageObject","inLanguage":"fr-FR","@id":"https:\/\/colico.ca\/fr\/produit\/c200c\/#primaryimage","url":"https:\/\/colico.ca\/wp-content\/uploads\/2022\/05\/C200C.jpg","contentUrl":"https:\/\/colico.ca\/wp-content\/uploads\/2022\/05\/C200C.jpg","width":2392,"height":2392,"caption":"C200C"},{"@type":"BreadcrumbList","@id":"https:\/\/colico.ca\/fr\/produit\/c200c\/#breadcrumb","itemListElement":[{"@type":"ListItem","position":1,"name":"Home","item":"https:\/\/colico.ca\/fr\/accueil-principal\/"},{"@type":"ListItem","position":2,"name":"Boutique","item":"https:\/\/colico.ca\/fr\/boutique\/"},{"@type":"ListItem","position":3,"name":"C200C"}]},{"@type":"WebSite","@id":"https:\/\/colico.ca\/#website","url":"https:\/\/colico.ca\/","name":"Colico","description":"Produits architecturaux","potentialAction":[{"@type":"SearchAction","target":{"@type":"EntryPoint","urlTemplate":"https:\/\/colico.ca\/?s={search_term_string}"},"query-input":{"@type":"PropertyValueSpecification","valueRequired":true,"valueName":"search_term_string"}}],"inLanguage":"fr-FR"}]}},"_links":{"self":[{"href":"https:\/\/colico.ca\/fr\/wp-json\/wp\/v2\/product\/11332","targetHints":{"allow":["GET"]}}],"collection":[{"href":"https:\/\/colico.ca\/fr\/wp-json\/wp\/v2\/product"}],"about":[{"href":"https:\/\/colico.ca\/fr\/wp-json\/wp\/v2\/types\/product"}],"wp:featuredmedia":[{"embeddable":true,"href":"https:\/\/colico.ca\/fr\/wp-json\/wp\/v2\/media\/10525"}],"wp:attachment":[{"href":"https:\/\/colico.ca\/fr\/wp-json\/wp\/v2\/media?parent=11332"}],"wp:term":[{"taxonomy":"product_brand","embeddable":true,"href":"https:\/\/colico.ca\/fr\/wp-json\/wp\/v2\/product_brand?post=11332"},{"taxonomy":"product_cat","embeddable":true,"href":"https:\/\/colico.ca\/fr\/wp-json\/wp\/v2\/product_cat?post=11332"},{"taxonomy":"product_tag","embeddable":true,"href":"https:\/\/colico.ca\/fr\/wp-json\/wp\/v2\/product_tag?post=11332"}],"curies":[{"name":"wp","href":"https:\/\/api.w.org\/{rel}","templated":true}]}}