{"id":11331,"date":"2022-05-18T01:50:58","date_gmt":"2022-05-18T01:50:58","guid":{"rendered":"https:\/\/colico.ca\/product\/la-porte-coupe-feu-reste-ouverte\/"},"modified":"2023-02-09T08:20:35","modified_gmt":"2023-02-09T08:20:35","slug":"la-porte-coupe-feu-reste-ouverte","status":"publish","type":"product","link":"https:\/\/colico.ca\/fr\/produit\/la-porte-coupe-feu-reste-ouverte\/","title":{"rendered":"La porte coupe-feu reste ouverte"},"content":{"rendered":"","protected":false},"excerpt":{"rendered":"<ul data-rte-list=\"default\">\n<li><span style=\"color: #000000;\">Lamelles robustes de 2&Prime; courb\u00e9es<\/span><\/li>\n<li><span style=\"color: #000000;\">Finition galvanis\u00e9e G90 qui ne n\u00e9cessite aucune autre peinture.<\/span><\/li>\n<li><span style=\"color: #000000;\">Une alternative \u00e9conomique lorsqu&rsquo;une porte coupe-feu doit se fermer uniquement pendant les essais ou en cas d&rsquo;incendie.<\/span><\/li>\n<li><span style=\"color: #000000;\">Etiquette feu 3\/4, 1 1\/2, 3 ou 4 heures.<\/span><\/li>\n<\/ul>\n<p class=\"\"><a href=\"https:\/\/servicedoor.com\/s\/STAY_OPEN_FIRE_DOORS.pdf\" target=\"_blank\" rel=\"noopener\">T\u00e9l\u00e9charger la brochure<\/a><\/p>\n<p class=\"\"><a href=\"https:\/\/servicedoor.com\/s\/stay_open_fire_door_guide_details.jpg\" target=\"_blank\" rel=\"noopener\">D\u00e9tails du guide<\/a><\/p>\n<p class=\"\"><a href=\"https:\/\/servicedoor.com\/s\/stay_open_fire_door_typical_details.jpg\" target=\"_blank\" rel=\"noopener\">D\u00e9tails typiques<\/a><\/p>\n<p class=\"\"><a href=\"https:\/\/servicedoor.com\/rolling-steel-fire-spec\">Sp\u00e9cifications<\/a><\/p>\n","protected":false},"featured_media":10518,"template":"","meta":[],"product_brand":[],"product_cat":[596,597,593],"product_tag":[],"class_list":{"0":"post-11331","1":"product","2":"type-product","3":"status-publish","4":"has-post-thumbnail","6":"product_cat-portes-coupe-feu-roulantes-en-acier","7":"product_cat-portes-roulantes-de-service-et-portes-coupe-feu","8":"product_cat-portes-specialisees","10":"first","11":"instock","12":"taxable","13":"shipping-taxable","14":"product-type-simple"},"yoast_head":"<!-- This site is optimized with the Yoast SEO plugin v27.6 - https:\/\/yoast.com\/product\/yoast-seo-wordpress\/ -->\n<title>La porte coupe-feu reste ouverte - Colico<\/title>\n<meta name=\"robots\" content=\"index, follow, max-snippet:-1, max-image-preview:large, max-video-preview:-1\" \/>\n<link rel=\"canonical\" href=\"https:\/\/colico.ca\/produit\/stay-open-fire-door\/\" \/>\n<meta property=\"og:locale\" content=\"fr_FR\" \/>\n<meta property=\"og:type\" content=\"article\" \/>\n<meta property=\"og:title\" content=\"La porte coupe-feu reste ouverte - Colico\" \/>\n<meta property=\"og:description\" content=\"Lamelles robustes de 2&quot; courb\u00e9es  Finition galvanis\u00e9e G90 qui ne n\u00e9cessite aucune autre peinture.  Une alternative \u00e9conomique lorsqu&#039;une porte coupe-feu doit se fermer uniquement pendant les essais ou en cas d&#039;incendie.  Etiquette feu 3\/4, 1 1\/2, 3 ou 4 heures. T\u00e9l\u00e9charger la brochure D\u00e9tails du guide D\u00e9tails typiques Sp\u00e9cifications\" \/>\n<meta property=\"og:url\" content=\"https:\/\/colico.ca\/produit\/stay-open-fire-door\/\" \/>\n<meta property=\"og:site_name\" content=\"Colico\" \/>\n<meta property=\"article:modified_time\" content=\"2023-02-09T08:20:35+00:00\" \/>\n<meta property=\"og:image\" content=\"https:\/\/colico.ca\/wp-content\/uploads\/2022\/05\/Stay-Open-Fire-Door.png\" \/>\n\t<meta property=\"og:image:width\" content=\"270\" \/>\n\t<meta property=\"og:image:height\" content=\"270\" \/>\n\t<meta property=\"og:image:type\" content=\"image\/png\" \/>\n<meta name=\"twitter:card\" content=\"summary_large_image\" \/>\n<script type=\"application\/ld+json\" class=\"yoast-schema-graph\">{\"@context\":\"https:\\\/\\\/schema.org\",\"@graph\":[{\"@type\":\"WebPage\",\"@id\":\"https:\\\/\\\/colico.ca\\\/produit\\\/stay-open-fire-door\\\/\",\"url\":\"https:\\\/\\\/colico.ca\\\/produit\\\/stay-open-fire-door\\\/\",\"name\":\"La porte coupe-feu reste ouverte - Colico\",\"isPartOf\":{\"@id\":\"https:\\\/\\\/colico.ca\\\/#website\"},\"primaryImageOfPage\":{\"@id\":\"https:\\\/\\\/colico.ca\\\/produit\\\/stay-open-fire-door\\\/#primaryimage\"},\"image\":{\"@id\":\"https:\\\/\\\/colico.ca\\\/produit\\\/stay-open-fire-door\\\/#primaryimage\"},\"thumbnailUrl\":\"https:\\\/\\\/colico.ca\\\/wp-content\\\/uploads\\\/2022\\\/05\\\/Stay-Open-Fire-Door.png\",\"datePublished\":\"2022-05-18T01:50:58+00:00\",\"dateModified\":\"2023-02-09T08:20:35+00:00\",\"breadcrumb\":{\"@id\":\"https:\\\/\\\/colico.ca\\\/produit\\\/stay-open-fire-door\\\/#breadcrumb\"},\"inLanguage\":\"fr-FR\",\"potentialAction\":[{\"@type\":\"ReadAction\",\"target\":[\"https:\\\/\\\/colico.ca\\\/produit\\\/stay-open-fire-door\\\/\"]}]},{\"@type\":\"ImageObject\",\"inLanguage\":\"fr-FR\",\"@id\":\"https:\\\/\\\/colico.ca\\\/produit\\\/stay-open-fire-door\\\/#primaryimage\",\"url\":\"https:\\\/\\\/colico.ca\\\/wp-content\\\/uploads\\\/2022\\\/05\\\/Stay-Open-Fire-Door.png\",\"contentUrl\":\"https:\\\/\\\/colico.ca\\\/wp-content\\\/uploads\\\/2022\\\/05\\\/Stay-Open-Fire-Door.png\",\"width\":270,\"height\":270,\"caption\":\"Stay Open Fire Door\"},{\"@type\":\"BreadcrumbList\",\"@id\":\"https:\\\/\\\/colico.ca\\\/produit\\\/stay-open-fire-door\\\/#breadcrumb\",\"itemListElement\":[{\"@type\":\"ListItem\",\"position\":1,\"name\":\"Home\",\"item\":\"https:\\\/\\\/colico.ca\\\/fr\\\/accueil-principal\\\/\"},{\"@type\":\"ListItem\",\"position\":2,\"name\":\"Boutique\",\"item\":\"https:\\\/\\\/colico.ca\\\/fr\\\/boutique\\\/\"},{\"@type\":\"ListItem\",\"position\":3,\"name\":\"La porte coupe-feu reste ouverte\"}]},{\"@type\":\"WebSite\",\"@id\":\"https:\\\/\\\/colico.ca\\\/#website\",\"url\":\"https:\\\/\\\/colico.ca\\\/\",\"name\":\"Colico\",\"description\":\"Produits architecturaux\",\"potentialAction\":[{\"@type\":\"SearchAction\",\"target\":{\"@type\":\"EntryPoint\",\"urlTemplate\":\"https:\\\/\\\/colico.ca\\\/?s={search_term_string}\"},\"query-input\":{\"@type\":\"PropertyValueSpecification\",\"valueRequired\":true,\"valueName\":\"search_term_string\"}}],\"inLanguage\":\"fr-FR\"}]}<\/script>\n<!-- \/ Yoast SEO plugin. -->","yoast_head_json":{"title":"La porte coupe-feu reste ouverte - Colico","robots":{"index":"index","follow":"follow","max-snippet":"max-snippet:-1","max-image-preview":"max-image-preview:large","max-video-preview":"max-video-preview:-1"},"canonical":"https:\/\/colico.ca\/produit\/stay-open-fire-door\/","og_locale":"fr_FR","og_type":"article","og_title":"La porte coupe-feu reste ouverte - Colico","og_description":"Lamelles robustes de 2\" courb\u00e9es  Finition galvanis\u00e9e G90 qui ne n\u00e9cessite aucune autre peinture.  Une alternative \u00e9conomique lorsqu'une porte coupe-feu doit se fermer uniquement pendant les essais ou en cas d'incendie.  Etiquette feu 3\/4, 1 1\/2, 3 ou 4 heures. T\u00e9l\u00e9charger la brochure D\u00e9tails du guide D\u00e9tails typiques Sp\u00e9cifications","og_url":"https:\/\/colico.ca\/produit\/stay-open-fire-door\/","og_site_name":"Colico","article_modified_time":"2023-02-09T08:20:35+00:00","og_image":[{"width":270,"height":270,"url":"https:\/\/colico.ca\/wp-content\/uploads\/2022\/05\/Stay-Open-Fire-Door.png","type":"image\/png"}],"twitter_card":"summary_large_image","schema":{"@context":"https:\/\/schema.org","@graph":[{"@type":"WebPage","@id":"https:\/\/colico.ca\/produit\/stay-open-fire-door\/","url":"https:\/\/colico.ca\/produit\/stay-open-fire-door\/","name":"La porte coupe-feu reste ouverte - Colico","isPartOf":{"@id":"https:\/\/colico.ca\/#website"},"primaryImageOfPage":{"@id":"https:\/\/colico.ca\/produit\/stay-open-fire-door\/#primaryimage"},"image":{"@id":"https:\/\/colico.ca\/produit\/stay-open-fire-door\/#primaryimage"},"thumbnailUrl":"https:\/\/colico.ca\/wp-content\/uploads\/2022\/05\/Stay-Open-Fire-Door.png","datePublished":"2022-05-18T01:50:58+00:00","dateModified":"2023-02-09T08:20:35+00:00","breadcrumb":{"@id":"https:\/\/colico.ca\/produit\/stay-open-fire-door\/#breadcrumb"},"inLanguage":"fr-FR","potentialAction":[{"@type":"ReadAction","target":["https:\/\/colico.ca\/produit\/stay-open-fire-door\/"]}]},{"@type":"ImageObject","inLanguage":"fr-FR","@id":"https:\/\/colico.ca\/produit\/stay-open-fire-door\/#primaryimage","url":"https:\/\/colico.ca\/wp-content\/uploads\/2022\/05\/Stay-Open-Fire-Door.png","contentUrl":"https:\/\/colico.ca\/wp-content\/uploads\/2022\/05\/Stay-Open-Fire-Door.png","width":270,"height":270,"caption":"Stay Open Fire Door"},{"@type":"BreadcrumbList","@id":"https:\/\/colico.ca\/produit\/stay-open-fire-door\/#breadcrumb","itemListElement":[{"@type":"ListItem","position":1,"name":"Home","item":"https:\/\/colico.ca\/fr\/accueil-principal\/"},{"@type":"ListItem","position":2,"name":"Boutique","item":"https:\/\/colico.ca\/fr\/boutique\/"},{"@type":"ListItem","position":3,"name":"La porte coupe-feu reste ouverte"}]},{"@type":"WebSite","@id":"https:\/\/colico.ca\/#website","url":"https:\/\/colico.ca\/","name":"Colico","description":"Produits architecturaux","potentialAction":[{"@type":"SearchAction","target":{"@type":"EntryPoint","urlTemplate":"https:\/\/colico.ca\/?s={search_term_string}"},"query-input":{"@type":"PropertyValueSpecification","valueRequired":true,"valueName":"search_term_string"}}],"inLanguage":"fr-FR"}]}},"_links":{"self":[{"href":"https:\/\/colico.ca\/fr\/wp-json\/wp\/v2\/product\/11331","targetHints":{"allow":["GET"]}}],"collection":[{"href":"https:\/\/colico.ca\/fr\/wp-json\/wp\/v2\/product"}],"about":[{"href":"https:\/\/colico.ca\/fr\/wp-json\/wp\/v2\/types\/product"}],"wp:featuredmedia":[{"embeddable":true,"href":"https:\/\/colico.ca\/fr\/wp-json\/wp\/v2\/media\/10518"}],"wp:attachment":[{"href":"https:\/\/colico.ca\/fr\/wp-json\/wp\/v2\/media?parent=11331"}],"wp:term":[{"taxonomy":"product_brand","embeddable":true,"href":"https:\/\/colico.ca\/fr\/wp-json\/wp\/v2\/product_brand?post=11331"},{"taxonomy":"product_cat","embeddable":true,"href":"https:\/\/colico.ca\/fr\/wp-json\/wp\/v2\/product_cat?post=11331"},{"taxonomy":"product_tag","embeddable":true,"href":"https:\/\/colico.ca\/fr\/wp-json\/wp\/v2\/product_tag?post=11331"}],"curies":[{"name":"wp","href":"https:\/\/api.w.org\/{rel}","templated":true}]}}