{"id":11330,"date":"2022-05-18T01:49:16","date_gmt":"2022-05-18T01:49:16","guid":{"rendered":"https:\/\/colico.ca\/product\/porte-coupe-feu-de-service\/"},"modified":"2023-02-09T08:17:23","modified_gmt":"2023-02-09T08:17:23","slug":"porte-coupe-feu-de-service","status":"publish","type":"product","link":"https:\/\/colico.ca\/fr\/produit\/porte-coupe-feu-de-service\/","title":{"rendered":"Porte coupe-feu de service"},"content":{"rendered":"","protected":false},"excerpt":{"rendered":"<ul data-rte-list=\"default\">\n<li>\n<p class=\"\">Lamelles robustes de 2&Prime; courb\u00e9es ou plates.<\/p>\n<\/li>\n<li>\n<p class=\"\">G90 Rideau et capot galvanis\u00e9s qui ne n\u00e9cessitent aucune autre peinture.<\/p>\n<\/li>\n<li>\n<p class=\"\">Le syst\u00e8me unique \u00e0 2 ressorts permet des tests fr\u00e9quents \u00e0 un co\u00fbt minimal.<\/p>\n<\/li>\n<li>\n<p class=\"\">Etiquette feu 3\/4, 1 1\/2, 3 ou 4 heures.<\/p>\n<\/li>\n<\/ul>\n<p class=\"\"><a href=\"https:\/\/servicedoor.com\/s\/SDI-RS-Fire-Door-jdln.pdf\" target=\"_blank\" rel=\"noopener\">T\u00e9l\u00e9charger la brochure<\/a><\/p>\n<p class=\"\"><a href=\"https:\/\/servicedoor.com\/s\/service_fire_door_guide_details.jpg\" target=\"_blank\" rel=\"noopener\">D\u00e9tails du guide<\/a><\/p>\n<p class=\"\"><a href=\"https:\/\/servicedoor.com\/s\/service_fire_door_typical_details.jpg\" target=\"_blank\" rel=\"noopener\">D\u00e9tails typiques<\/a><\/p>\n<p class=\"\"><a href=\"https:\/\/servicedoor.com\/rolling-steel-fire-spec\">Sp\u00e9cifications<\/a><\/p>\n","protected":false},"featured_media":10517,"template":"","meta":[],"product_brand":[],"product_cat":[596,597,593],"product_tag":[],"class_list":{"0":"post-11330","1":"product","2":"type-product","3":"status-publish","4":"has-post-thumbnail","6":"product_cat-portes-coupe-feu-roulantes-en-acier","7":"product_cat-portes-roulantes-de-service-et-portes-coupe-feu","8":"product_cat-portes-specialisees","10":"first","11":"instock","12":"taxable","13":"shipping-taxable","14":"product-type-simple"},"yoast_head":"<!-- This site is optimized with the Yoast SEO plugin v27.5 - https:\/\/yoast.com\/product\/yoast-seo-wordpress\/ -->\n<title>Porte coupe-feu de service - Colico<\/title>\n<meta name=\"robots\" content=\"index, follow, max-snippet:-1, max-image-preview:large, max-video-preview:-1\" \/>\n<link rel=\"canonical\" href=\"https:\/\/colico.ca\/fr\/produit\/porte-coupe-feu-de-service\/\" \/>\n<meta property=\"og:locale\" content=\"fr_FR\" \/>\n<meta property=\"og:type\" content=\"article\" \/>\n<meta property=\"og:title\" content=\"Porte coupe-feu de service - Colico\" \/>\n<meta property=\"og:description\" content=\"Lamelles robustes de 2&quot; courb\u00e9es ou plates.   G90 Rideau et capot galvanis\u00e9s qui ne n\u00e9cessitent aucune autre peinture.   Le syst\u00e8me unique \u00e0 2 ressorts permet des tests fr\u00e9quents \u00e0 un co\u00fbt minimal.   Etiquette feu 3\/4, 1 1\/2, 3 ou 4 heures.  T\u00e9l\u00e9charger la brochure D\u00e9tails du guide D\u00e9tails typiques Sp\u00e9cifications\" \/>\n<meta property=\"og:url\" content=\"https:\/\/colico.ca\/fr\/produit\/porte-coupe-feu-de-service\/\" \/>\n<meta property=\"og:site_name\" content=\"Colico\" \/>\n<meta property=\"article:modified_time\" content=\"2023-02-09T08:17:23+00:00\" \/>\n<meta property=\"og:image\" content=\"https:\/\/colico.ca\/wp-content\/uploads\/2022\/05\/RS-Service-Fire-Door.jpg\" \/>\n\t<meta property=\"og:image:width\" content=\"1111\" \/>\n\t<meta property=\"og:image:height\" content=\"1111\" \/>\n\t<meta property=\"og:image:type\" content=\"image\/jpeg\" \/>\n<meta name=\"twitter:card\" content=\"summary_large_image\" \/>\n<script type=\"application\/ld+json\" class=\"yoast-schema-graph\">{\"@context\":\"https:\\\/\\\/schema.org\",\"@graph\":[{\"@type\":\"WebPage\",\"@id\":\"https:\\\/\\\/colico.ca\\\/fr\\\/produit\\\/porte-coupe-feu-de-service\\\/\",\"url\":\"https:\\\/\\\/colico.ca\\\/fr\\\/produit\\\/porte-coupe-feu-de-service\\\/\",\"name\":\"Porte coupe-feu de service - Colico\",\"isPartOf\":{\"@id\":\"https:\\\/\\\/colico.ca\\\/#website\"},\"primaryImageOfPage\":{\"@id\":\"https:\\\/\\\/colico.ca\\\/fr\\\/produit\\\/porte-coupe-feu-de-service\\\/#primaryimage\"},\"image\":{\"@id\":\"https:\\\/\\\/colico.ca\\\/fr\\\/produit\\\/porte-coupe-feu-de-service\\\/#primaryimage\"},\"thumbnailUrl\":\"https:\\\/\\\/colico.ca\\\/wp-content\\\/uploads\\\/2022\\\/05\\\/RS-Service-Fire-Door.jpg\",\"datePublished\":\"2022-05-18T01:49:16+00:00\",\"dateModified\":\"2023-02-09T08:17:23+00:00\",\"breadcrumb\":{\"@id\":\"https:\\\/\\\/colico.ca\\\/fr\\\/produit\\\/porte-coupe-feu-de-service\\\/#breadcrumb\"},\"inLanguage\":\"fr-FR\",\"potentialAction\":[{\"@type\":\"ReadAction\",\"target\":[\"https:\\\/\\\/colico.ca\\\/fr\\\/produit\\\/porte-coupe-feu-de-service\\\/\"]}]},{\"@type\":\"ImageObject\",\"inLanguage\":\"fr-FR\",\"@id\":\"https:\\\/\\\/colico.ca\\\/fr\\\/produit\\\/porte-coupe-feu-de-service\\\/#primaryimage\",\"url\":\"https:\\\/\\\/colico.ca\\\/wp-content\\\/uploads\\\/2022\\\/05\\\/RS-Service-Fire-Door.jpg\",\"contentUrl\":\"https:\\\/\\\/colico.ca\\\/wp-content\\\/uploads\\\/2022\\\/05\\\/RS-Service-Fire-Door.jpg\",\"width\":1111,\"height\":1111,\"caption\":\"RS Service Fire Door\"},{\"@type\":\"BreadcrumbList\",\"@id\":\"https:\\\/\\\/colico.ca\\\/fr\\\/produit\\\/porte-coupe-feu-de-service\\\/#breadcrumb\",\"itemListElement\":[{\"@type\":\"ListItem\",\"position\":1,\"name\":\"Home\",\"item\":\"https:\\\/\\\/colico.ca\\\/fr\\\/accueil-principal\\\/\"},{\"@type\":\"ListItem\",\"position\":2,\"name\":\"Boutique\",\"item\":\"https:\\\/\\\/colico.ca\\\/fr\\\/boutique\\\/\"},{\"@type\":\"ListItem\",\"position\":3,\"name\":\"Porte coupe-feu de service\"}]},{\"@type\":\"WebSite\",\"@id\":\"https:\\\/\\\/colico.ca\\\/#website\",\"url\":\"https:\\\/\\\/colico.ca\\\/\",\"name\":\"Colico\",\"description\":\"Produits architecturaux\",\"potentialAction\":[{\"@type\":\"SearchAction\",\"target\":{\"@type\":\"EntryPoint\",\"urlTemplate\":\"https:\\\/\\\/colico.ca\\\/?s={search_term_string}\"},\"query-input\":{\"@type\":\"PropertyValueSpecification\",\"valueRequired\":true,\"valueName\":\"search_term_string\"}}],\"inLanguage\":\"fr-FR\"}]}<\/script>\n<!-- \/ Yoast SEO plugin. -->","yoast_head_json":{"title":"Porte coupe-feu de service - Colico","robots":{"index":"index","follow":"follow","max-snippet":"max-snippet:-1","max-image-preview":"max-image-preview:large","max-video-preview":"max-video-preview:-1"},"canonical":"https:\/\/colico.ca\/fr\/produit\/porte-coupe-feu-de-service\/","og_locale":"fr_FR","og_type":"article","og_title":"Porte coupe-feu de service - Colico","og_description":"Lamelles robustes de 2\" courb\u00e9es ou plates.   G90 Rideau et capot galvanis\u00e9s qui ne n\u00e9cessitent aucune autre peinture.   Le syst\u00e8me unique \u00e0 2 ressorts permet des tests fr\u00e9quents \u00e0 un co\u00fbt minimal.   Etiquette feu 3\/4, 1 1\/2, 3 ou 4 heures.  T\u00e9l\u00e9charger la brochure D\u00e9tails du guide D\u00e9tails typiques Sp\u00e9cifications","og_url":"https:\/\/colico.ca\/fr\/produit\/porte-coupe-feu-de-service\/","og_site_name":"Colico","article_modified_time":"2023-02-09T08:17:23+00:00","og_image":[{"width":1111,"height":1111,"url":"https:\/\/colico.ca\/wp-content\/uploads\/2022\/05\/RS-Service-Fire-Door.jpg","type":"image\/jpeg"}],"twitter_card":"summary_large_image","schema":{"@context":"https:\/\/schema.org","@graph":[{"@type":"WebPage","@id":"https:\/\/colico.ca\/fr\/produit\/porte-coupe-feu-de-service\/","url":"https:\/\/colico.ca\/fr\/produit\/porte-coupe-feu-de-service\/","name":"Porte coupe-feu de service - Colico","isPartOf":{"@id":"https:\/\/colico.ca\/#website"},"primaryImageOfPage":{"@id":"https:\/\/colico.ca\/fr\/produit\/porte-coupe-feu-de-service\/#primaryimage"},"image":{"@id":"https:\/\/colico.ca\/fr\/produit\/porte-coupe-feu-de-service\/#primaryimage"},"thumbnailUrl":"https:\/\/colico.ca\/wp-content\/uploads\/2022\/05\/RS-Service-Fire-Door.jpg","datePublished":"2022-05-18T01:49:16+00:00","dateModified":"2023-02-09T08:17:23+00:00","breadcrumb":{"@id":"https:\/\/colico.ca\/fr\/produit\/porte-coupe-feu-de-service\/#breadcrumb"},"inLanguage":"fr-FR","potentialAction":[{"@type":"ReadAction","target":["https:\/\/colico.ca\/fr\/produit\/porte-coupe-feu-de-service\/"]}]},{"@type":"ImageObject","inLanguage":"fr-FR","@id":"https:\/\/colico.ca\/fr\/produit\/porte-coupe-feu-de-service\/#primaryimage","url":"https:\/\/colico.ca\/wp-content\/uploads\/2022\/05\/RS-Service-Fire-Door.jpg","contentUrl":"https:\/\/colico.ca\/wp-content\/uploads\/2022\/05\/RS-Service-Fire-Door.jpg","width":1111,"height":1111,"caption":"RS Service Fire Door"},{"@type":"BreadcrumbList","@id":"https:\/\/colico.ca\/fr\/produit\/porte-coupe-feu-de-service\/#breadcrumb","itemListElement":[{"@type":"ListItem","position":1,"name":"Home","item":"https:\/\/colico.ca\/fr\/accueil-principal\/"},{"@type":"ListItem","position":2,"name":"Boutique","item":"https:\/\/colico.ca\/fr\/boutique\/"},{"@type":"ListItem","position":3,"name":"Porte coupe-feu de service"}]},{"@type":"WebSite","@id":"https:\/\/colico.ca\/#website","url":"https:\/\/colico.ca\/","name":"Colico","description":"Produits architecturaux","potentialAction":[{"@type":"SearchAction","target":{"@type":"EntryPoint","urlTemplate":"https:\/\/colico.ca\/?s={search_term_string}"},"query-input":{"@type":"PropertyValueSpecification","valueRequired":true,"valueName":"search_term_string"}}],"inLanguage":"fr-FR"}]}},"_links":{"self":[{"href":"https:\/\/colico.ca\/fr\/wp-json\/wp\/v2\/product\/11330","targetHints":{"allow":["GET"]}}],"collection":[{"href":"https:\/\/colico.ca\/fr\/wp-json\/wp\/v2\/product"}],"about":[{"href":"https:\/\/colico.ca\/fr\/wp-json\/wp\/v2\/types\/product"}],"wp:featuredmedia":[{"embeddable":true,"href":"https:\/\/colico.ca\/fr\/wp-json\/wp\/v2\/media\/10517"}],"wp:attachment":[{"href":"https:\/\/colico.ca\/fr\/wp-json\/wp\/v2\/media?parent=11330"}],"wp:term":[{"taxonomy":"product_brand","embeddable":true,"href":"https:\/\/colico.ca\/fr\/wp-json\/wp\/v2\/product_brand?post=11330"},{"taxonomy":"product_cat","embeddable":true,"href":"https:\/\/colico.ca\/fr\/wp-json\/wp\/v2\/product_cat?post=11330"},{"taxonomy":"product_tag","embeddable":true,"href":"https:\/\/colico.ca\/fr\/wp-json\/wp\/v2\/product_tag?post=11330"}],"curies":[{"name":"wp","href":"https:\/\/api.w.org\/{rel}","templated":true}]}}