{"id":11285,"date":"2022-11-13T19:34:59","date_gmt":"2022-11-13T19:34:59","guid":{"rendered":"https:\/\/colico.ca\/portes-a-ciseaux\/"},"modified":"2024-12-03T07:00:37","modified_gmt":"2024-12-03T07:00:37","slug":"portes-a-ciseaux","status":"publish","type":"page","link":"https:\/\/colico.ca\/fr\/portes-a-ciseaux\/","title":{"rendered":"Portes \u00e0 ciseaux"},"content":{"rendered":"<p>[vc_row full_width=\u00a0\u00bbstretch_row\u00a0\u00bb css=\u00a0\u00bb.vc_custom_1668376513671{background-image: url(https:\/\/colico.ca\/wp-content\/uploads\/2022\/11\/maxresdefault-1.jpeg?id=9348) !important;background-position: center !important;background-repeat: no-repeat !important;background-size: cover !important;}\u00a0\u00bb][vc_column css=\u00a0\u00bb.vc_custom_1661195278054{padding-top: 17% !important;padding-bottom: 17% !important;background-position: center !important;background-repeat: no-repeat !important;background-size: contain !important;}\u00a0\u00bb offset=\u00a0\u00bbvc_col-lg-12 vc_col-md-12 vc_col-xs-12&Prime;][vc_row_inner][vc_column_inner]<div class=\"qodef-section-title-holder  qodef-st-standard qodef-st-title-left qodef-st-normal-space \" >\n\t<div class=\"qodef-st-inner\">\n\t\t\t\t\t<h1 class=\"qodef-st-title\" style=\"font-size: 60px;color: #ffffff\">\n\t\t\t\tPortes \u00e0 ciseaux\t\t\t<\/h1>\n\t\t\t\t    \t<\/div>\n<\/div>[\/vc_column_inner][\/vc_row_inner][\/vc_column][\/vc_row][vc_row content_placement=\u00a0\u00bbmiddle\u00a0\u00bb row_content_width=\u00a0\u00bbgrid\u00a0\u00bb content_text_aligment=\u00a0\u00bbleft\u00a0\u00bb css=\u00a0\u00bb.vc_custom_1666718517262{margin-right: 50px !important;padding-right: 50px !important;}\u00a0\u00bb][vc_column offset=\u00a0\u00bbvc_col-xs-5&Prime;][vc_empty_space height=\u00a0\u00bb40&Prime;][\/vc_column][\/vc_row][vc_row content_placement=\u00a0\u00bbmiddle\u00a0\u00bb row_content_width=\u00a0\u00bbgrid\u00a0\u00bb content_text_aligment=\u00a0\u00bbleft\u00a0\u00bb css=\u00a0\u00bb.vc_custom_1666718517262{margin-right: 50px !important;padding-right: 50px !important;}\u00a0\u00bb][vc_column width=\u00a0\u00bb1\/6&Prime; offset=\u00a0\u00bbvc_col-lg-3 vc_col-md-3 vc_col-xs-12&Prime;][vc_single_image image=\u00a0\u00bb9308&Prime; img_size=\u00a0\u00bbfull\u00a0\u00bb onclick=\u00a0\u00bbcustom_link\u00a0\u00bb link=\u00a0\u00bbhttps:\/\/www.steni.com\/\u00a0\u00bb css=\u00a0\u00bb.vc_custom_1668368712397{background-position: center !important;background-repeat: no-repeat !important;background-size: contain !important;}\u00a0\u00bb][vc_empty_space height=\u00a0\u00bb20&Prime;][\/vc_column][vc_column width=\u00a0\u00bb1\/2&Prime; offset=\u00a0\u00bbvc_col-lg-6 vc_col-md-6 vc_col-xs-12&Prime;]<a itemprop=\"url\" href=\"https:\/\/xpandasecuritygates.com\/\" target=\"_self\" style=\"color: #ffffff;background-color: #000000;font-size: 14px\" class=\"qodef-btn qodef-btn-small qodef-btn-solid qodef-btn-custom-hover-bg qodef-btn-custom-hover-color\" data-hover-color=\"#ffffff\" data-hover-bg-color=\"#dd3333\" >\n    <span class=\"qodef-btn-line-holder\">\n        <span class=\"qodef-btn-line-top\"><\/span>\n        <span class=\"qodef-btn-line\"><\/span>\n        <span class=\"qodef-btn-line-bottom\"><\/span>\n    <\/span>\n        <span class=\"qodef-btn-text\">Visitez le site web de XPanda<\/span>\n<\/a>[vc_empty_space height=\u00a0\u00bb20&Prime;][\/vc_column][\/vc_row][vc_row content_placement=\u00a0\u00bbmiddle\u00a0\u00bb row_content_width=\u00a0\u00bbgrid\u00a0\u00bb content_text_aligment=\u00a0\u00bbleft\u00a0\u00bb css=\u00a0\u00bb.vc_custom_1666718517262{margin-right: 50px !important;padding-right: 50px !important;}\u00a0\u00bb][vc_column offset=\u00a0\u00bbvc_col-xs-5&Prime;][vc_empty_space height=\u00a0\u00bb20&Prime;][\/vc_column][\/vc_row][vc_row][vc_column][vc_column_text]<\/p>\n<h5>Notre mission est simple : vous offrir la meilleure protection possible pour votre magasin de d\u00e9tail, votre entrep\u00f4t, votre installation industrielle, votre chantier de construction ou votre institution. La meilleure protection de fa\u00e7ade est efficace, visible, abordable et facile \u00e0 utiliser. Chez Xpanda, nous veillons \u00e0 ce que tout ce que nous exp\u00e9dions soit conforme \u00e0 ces normes afin que vous puissiez fournir un moyen de dissuasion visuel aux voleurs tout en maintenant une esth\u00e9tique attrayante pour les clients. En fait, la plupart d&rsquo;entre elles peuvent \u00eatre repli\u00e9es en quelques secondes pour atteindre seulement 15 % de leur taille d&rsquo;ouverture.<\/h5>\n<p>[\/vc_column_text][\/vc_column][\/vc_row][vc_row full_width=\u00a0\u00bbstretch_row\u00a0\u00bb][vc_column][vc_empty_space height=\u00a0\u00bb40&Prime;][vc_separator color=\u00a0\u00bbblack\u00a0\u00bb][vc_empty_space height=\u00a0\u00bb40&Prime;][\/vc_column][vc_column]<div class=\"qodef-section-title-holder  qodef-st-standard qodef-st-title-left qodef-st-normal-space \" >\n\t<div class=\"qodef-st-inner\">\n\t\t\t\t\t<h3 class=\"qodef-st-title\" >\n\t\t\t\tShop Scissor Gates\t\t\t<\/h3>\n\t\t\t\t    \t<\/div>\n<\/div>[vc_empty_space height=\u00a0\u00bb20px\u00a0\u00bb][vc_row_inner content_placement=\u00a0\u00bbtop\u00a0\u00bb gap=\u00a0\u00bb20&Prime; css=\u00a0\u00bb.vc_custom_1666636784129{padding-right: 15px !important;padding-left: 15px !important;}\u00a0\u00bb][vc_column_inner width=\u00a0\u00bb1\/3&Prime; css=\u00a0\u00bb.vc_custom_1666791415475{padding-right: 0px !important;padding-left: 0px !important;}\u00a0\u00bb offset=\u00a0\u00bbvc_col-xs-12&Prime;]<div class=\"qodef-banner-holder overlay qodef-visible-on-default qodef-banner-info-bottom-left qodef-banner-shadow\">\n    <div class=\"qodef-banner-image\">\n        <img loading=\"lazy\" decoding=\"async\" width=\"403\" height=\"403\" src=\"https:\/\/colico.ca\/wp-content\/uploads\/2022\/07\/Storefront-Security-Gates.jpeg\" class=\"attachment-full size-full\" alt=\"Storefront Security Gates\" srcset=\"https:\/\/colico.ca\/wp-content\/uploads\/2022\/07\/Storefront-Security-Gates.jpeg 403w, https:\/\/colico.ca\/wp-content\/uploads\/2022\/07\/Storefront-Security-Gates-300x300.jpeg 300w, https:\/\/colico.ca\/wp-content\/uploads\/2022\/07\/Storefront-Security-Gates-150x150.jpeg 150w, https:\/\/colico.ca\/wp-content\/uploads\/2022\/07\/Storefront-Security-Gates-100x100.jpeg 100w\" sizes=\"auto, (max-width: 403px) 100vw, 403px\" \/>    <\/div>\n    <div class=\"qodef-banner-text-holder\">\n\t    <div class=\"qodef-banner-text-outer\">\n\t\t    <div class=\"qodef-banner-text-inner\">\n\t\t        \t\t        \t\t            <h3 class=\"qodef-banner-title\" >\n\t\t                Barri\u00e8res de s\u00e9curit\u00e9 pour vitrines\t                <\/h3>\n\t\t        \t\t\t\t                \t\t\t<\/div>\n\t\t<\/div>\n        <div class=\"qodef-banner-overlay\" style=\"background-color: rgba(0,0,0,0.25)\"><\/div>\n\t<\/div>\n\t        <a itemprop=\"url\" class=\"qodef-banner-link\" href=\"https:\/\/colico.ca\/fr\/produit\/serie-220\/\" target=\"_self\"><\/a>\n        <\/div>[\/vc_column_inner][vc_column_inner width=\u00a0\u00bb1\/3&Prime; css=\u00a0\u00bb.vc_custom_1666791764748{padding-right: 0px !important;padding-left: 0px !important;}\u00a0\u00bb offset=\u00a0\u00bbvc_col-xs-12&Prime;]<div class=\"qodef-banner-holder overlay qodef-visible-on-default qodef-banner-info-bottom-left qodef-banner-shadow\">\n    <div class=\"qodef-banner-image\">\n        <img loading=\"lazy\" decoding=\"async\" width=\"480\" height=\"480\" src=\"https:\/\/colico.ca\/wp-content\/uploads\/2022\/07\/Portable-Security-Gates.jpeg\" class=\"attachment-full size-full\" alt=\"Portable Security Gates\" srcset=\"https:\/\/colico.ca\/wp-content\/uploads\/2022\/07\/Portable-Security-Gates.jpeg 480w, https:\/\/colico.ca\/wp-content\/uploads\/2022\/07\/Portable-Security-Gates-300x300.jpeg 300w, https:\/\/colico.ca\/wp-content\/uploads\/2022\/07\/Portable-Security-Gates-150x150.jpeg 150w, https:\/\/colico.ca\/wp-content\/uploads\/2022\/07\/Portable-Security-Gates-100x100.jpeg 100w\" sizes=\"auto, (max-width: 480px) 100vw, 480px\" \/>    <\/div>\n    <div class=\"qodef-banner-text-holder\">\n\t    <div class=\"qodef-banner-text-outer\">\n\t\t    <div class=\"qodef-banner-text-inner\">\n\t\t        \t\t        \t\t            <h3 class=\"qodef-banner-title\" >\n\t\t                Barri\u00e8res de s\u00e9curit\u00e9 portables\t                <\/h3>\n\t\t        \t\t\t\t                \t\t\t<\/div>\n\t\t<\/div>\n        <div class=\"qodef-banner-overlay\" style=\"background-color: rgba(0,0,0,0.25)\"><\/div>\n\t<\/div>\n\t        <a itemprop=\"url\" class=\"qodef-banner-link\" href=\"https:\/\/colico.ca\/fr\/produit\/barriere-de-securite-portable\/\" target=\"_self\"><\/a>\n        <\/div>[\/vc_column_inner][vc_column_inner width=\u00a0\u00bb1\/3&Prime; css=\u00a0\u00bb.vc_custom_1666791770322{padding-right: 0px !important;padding-left: 0px !important;}\u00a0\u00bb offset=\u00a0\u00bbvc_col-xs-12&Prime;]<div class=\"qodef-banner-holder overlay qodef-visible-on-default qodef-banner-info-bottom-left qodef-banner-shadow\">\n    <div class=\"qodef-banner-image\">\n        <img loading=\"lazy\" decoding=\"async\" width=\"716\" height=\"716\" src=\"https:\/\/colico.ca\/wp-content\/uploads\/2022\/11\/Storefront-Security-Gates_B.png\" class=\"attachment-full size-full\" alt=\"Storefront Security Gates_B\" srcset=\"https:\/\/colico.ca\/wp-content\/uploads\/2022\/11\/Storefront-Security-Gates_B.png 716w, https:\/\/colico.ca\/wp-content\/uploads\/2022\/11\/Storefront-Security-Gates_B-300x300.png 300w, https:\/\/colico.ca\/wp-content\/uploads\/2022\/11\/Storefront-Security-Gates_B-150x150.png 150w, https:\/\/colico.ca\/wp-content\/uploads\/2022\/11\/Storefront-Security-Gates_B-650x650.png 650w, https:\/\/colico.ca\/wp-content\/uploads\/2022\/11\/Storefront-Security-Gates_B-600x600.png 600w, https:\/\/colico.ca\/wp-content\/uploads\/2022\/11\/Storefront-Security-Gates_B-100x100.png 100w\" sizes=\"auto, (max-width: 716px) 100vw, 716px\" \/>    <\/div>\n    <div class=\"qodef-banner-text-holder\">\n\t    <div class=\"qodef-banner-text-outer\">\n\t\t    <div class=\"qodef-banner-text-inner\">\n\t\t        \t\t        \t\t            <h3 class=\"qodef-banner-title\" >\n\t\t                Portes d'entr\u00e9e Portes de s\u00e9curit\u00e9\t                <\/h3>\n\t\t        \t\t\t\t                \t\t\t<\/div>\n\t\t<\/div>\n        <div class=\"qodef-banner-overlay\" style=\"background-color: rgba(0,0,0,0.25)\"><\/div>\n\t<\/div>\n\t        <a itemprop=\"url\" class=\"qodef-banner-link\" href=\"https:\/\/colico.ca\/fr\/produit\/portes-dentree-portes-de-securite\/\" target=\"_self\"><\/a>\n        <\/div>[\/vc_column_inner][\/vc_row_inner][vc_row_inner content_placement=\u00a0\u00bbtop\u00a0\u00bb gap=\u00a0\u00bb20&Prime; css=\u00a0\u00bb.vc_custom_1666636784129{padding-right: 15px !important;padding-left: 15px !important;}\u00a0\u00bb][vc_column_inner width=\u00a0\u00bb1\/3&Prime; css=\u00a0\u00bb.vc_custom_1666791415475{padding-right: 0px !important;padding-left: 0px !important;}\u00a0\u00bb offset=\u00a0\u00bbvc_col-xs-12&Prime;]<div class=\"qodef-banner-holder overlay qodef-visible-on-default qodef-banner-info-bottom-left qodef-banner-shadow\">\n    <div class=\"qodef-banner-image\">\n        <img loading=\"lazy\" decoding=\"async\" width=\"825\" height=\"825\" src=\"https:\/\/colico.ca\/wp-content\/uploads\/2022\/11\/Receiving-Door.png\" class=\"attachment-full size-full\" alt=\"Receiving Door\" srcset=\"https:\/\/colico.ca\/wp-content\/uploads\/2022\/11\/Receiving-Door.png 825w, https:\/\/colico.ca\/wp-content\/uploads\/2022\/11\/Receiving-Door-300x300.png 300w, https:\/\/colico.ca\/wp-content\/uploads\/2022\/11\/Receiving-Door-150x150.png 150w, https:\/\/colico.ca\/wp-content\/uploads\/2022\/11\/Receiving-Door-768x768.png 768w, https:\/\/colico.ca\/wp-content\/uploads\/2022\/11\/Receiving-Door-650x650.png 650w, https:\/\/colico.ca\/wp-content\/uploads\/2022\/11\/Receiving-Door-600x600.png 600w, https:\/\/colico.ca\/wp-content\/uploads\/2022\/11\/Receiving-Door-100x100.png 100w\" sizes=\"auto, (max-width: 825px) 100vw, 825px\" \/>    <\/div>\n    <div class=\"qodef-banner-text-holder\">\n\t    <div class=\"qodef-banner-text-outer\">\n\t\t    <div class=\"qodef-banner-text-inner\">\n\t\t        \t\t        \t\t            <h3 class=\"qodef-banner-title\" >\n\t\t                Portes d'exp\u00e9dition\/r\u00e9ception\t                <\/h3>\n\t\t        \t\t\t\t                \t\t\t<\/div>\n\t\t<\/div>\n        <div class=\"qodef-banner-overlay\" style=\"background-color: rgba(0,0,0,0.25)\"><\/div>\n\t<\/div>\n\t        <a itemprop=\"url\" class=\"qodef-banner-link\" href=\"https:\/\/colico.ca\/fr\/produit\/portes-dentree-portes-de-securite\/\" target=\"_self\"><\/a>\n        <\/div>[\/vc_column_inner][vc_column_inner width=\u00a0\u00bb1\/3&Prime; css=\u00a0\u00bb.vc_custom_1666791764748{padding-right: 0px !important;padding-left: 0px !important;}\u00a0\u00bb offset=\u00a0\u00bbvc_col-xs-12&Prime;]<div class=\"qodef-banner-holder overlay qodef-visible-on-default qodef-banner-info-bottom-left qodef-banner-shadow\">\n    <div class=\"qodef-banner-image\">\n        <img loading=\"lazy\" decoding=\"async\" width=\"1010\" height=\"1024\" src=\"https:\/\/colico.ca\/wp-content\/uploads\/2022\/07\/Safety-Yellow-Gates.jpeg\" class=\"attachment-full size-full\" alt=\"Safety Yellow Gates\" srcset=\"https:\/\/colico.ca\/wp-content\/uploads\/2022\/07\/Safety-Yellow-Gates.jpeg 1010w, https:\/\/colico.ca\/wp-content\/uploads\/2022\/07\/Safety-Yellow-Gates-296x300.jpeg 296w, https:\/\/colico.ca\/wp-content\/uploads\/2022\/07\/Safety-Yellow-Gates-768x779.jpeg 768w, https:\/\/colico.ca\/wp-content\/uploads\/2022\/07\/Safety-Yellow-Gates-600x608.jpeg 600w, https:\/\/colico.ca\/wp-content\/uploads\/2022\/07\/Safety-Yellow-Gates-100x100.jpeg 100w\" sizes=\"auto, (max-width: 1010px) 100vw, 1010px\" \/>    <\/div>\n    <div class=\"qodef-banner-text-holder\">\n\t    <div class=\"qodef-banner-text-outer\">\n\t\t    <div class=\"qodef-banner-text-inner\">\n\t\t        \t\t        \t\t            <h3 class=\"qodef-banner-title\" >\n\t\t                Portes jaunes de s\u00e9curit\u00e9\t                <\/h3>\n\t\t        \t\t\t\t                \t\t\t<\/div>\n\t\t<\/div>\n        <div class=\"qodef-banner-overlay\" style=\"background-color: rgba(0,0,0,0.25)\"><\/div>\n\t<\/div>\n\t        <a itemprop=\"url\" class=\"qodef-banner-link\" href=\"https:\/\/colico.ca\/product\/safety-yellow-gates\/\" target=\"_self\"><\/a>\n        <\/div>[\/vc_column_inner][vc_column_inner width=\u00a0\u00bb1\/3&Prime; css=\u00a0\u00bb.vc_custom_1666791770322{padding-right: 0px !important;padding-left: 0px !important;}\u00a0\u00bb offset=\u00a0\u00bbvc_col-xs-12&Prime;]<div class=\"qodef-banner-holder overlay qodef-visible-on-default qodef-banner-info-bottom-left qodef-banner-shadow\">\n    <div class=\"qodef-banner-image\">\n        <img loading=\"lazy\" decoding=\"async\" width=\"698\" height=\"698\" src=\"https:\/\/colico.ca\/wp-content\/uploads\/2022\/11\/man-doors.png\" class=\"attachment-full size-full\" alt=\"Scissor Gates\" srcset=\"https:\/\/colico.ca\/wp-content\/uploads\/2022\/11\/man-doors.png 698w, https:\/\/colico.ca\/wp-content\/uploads\/2022\/11\/man-doors-300x300.png 300w, https:\/\/colico.ca\/wp-content\/uploads\/2022\/11\/man-doors-150x150.png 150w, https:\/\/colico.ca\/wp-content\/uploads\/2022\/11\/man-doors-650x650.png 650w, https:\/\/colico.ca\/wp-content\/uploads\/2022\/11\/man-doors-600x600.png 600w, https:\/\/colico.ca\/wp-content\/uploads\/2022\/11\/man-doors-100x100.png 100w\" sizes=\"auto, (max-width: 698px) 100vw, 698px\" \/>    <\/div>\n    <div class=\"qodef-banner-text-holder\">\n\t    <div class=\"qodef-banner-text-outer\">\n\t\t    <div class=\"qodef-banner-text-inner\">\n\t\t        \t\t        \t\t            <h3 class=\"qodef-banner-title\" >\n\t\t                Portes d'homme simples et doubles\t                <\/h3>\n\t\t        \t\t\t\t                \t\t\t<\/div>\n\t\t<\/div>\n        <div class=\"qodef-banner-overlay\" style=\"background-color: rgba(0,0,0,0.25)\"><\/div>\n\t<\/div>\n\t        <a itemprop=\"url\" class=\"qodef-banner-link\" href=\"https:\/\/colico.ca\/product\/single-and-double-man-doors\/\" target=\"_self\"><\/a>\n        <\/div>[\/vc_column_inner][\/vc_row_inner][vc_empty_space height=\u00a0\u00bb20px\u00a0\u00bb]<div class=\"qodef-section-title-holder  qodef-st-standard qodef-st-title-left qodef-st-normal-space \" >\n\t<div class=\"qodef-st-inner\">\n\t\t\t\t\t<h3 class=\"qodef-st-title\" >\n\t\t\t\tContact us to order\t\t\t<\/h3>\n\t\t\t\t    \t<\/div>\n<\/div>[vc_column_text]<\/p>\n<div class=\"wpb_text_column wpb_content_element \">\n<div class=\"wpb_wrapper\">\n<h5><strong><span style=\"color: #000000;\">Montr\u00e9al : <\/span><span style=\"color: #dd3333;\"><a style=\"color: #dd3333;\" href=\"tel:+5146408926\">514 640-8926<\/a><br \/>\n<\/span><span style=\"color: #000000;\">Sans frais : <\/span><span style=\"color: #dd3333;\"><a style=\"color: #dd3333;\" href=\"tel:+1-877-640-8928\">1-877-640-8928<\/a><br \/>\n<\/span><span style=\"color: #000000;\">Courrier :<\/span><span style=\"color: #000000;\"> <\/span><span style=\"color: #000000;\"><span style=\"color: #dd3333;\"><a style=\"color: #dd3333;\" href=\"mailto:info@colico.ca\">info@colico.ca<\/a><\/span><\/span><\/strong><\/h5>\n<\/div>\n<\/div>\n<p>[\/vc_column_text][vc_empty_space height=\u00a0\u00bb40px\u00a0\u00bb][\/vc_column][\/vc_row]<\/p>\n","protected":false},"excerpt":{"rendered":"<p>[vc_row full_width=\u00a0\u00bbstretch_row\u00a0\u00bb css=\u00a0\u00bb.vc_custom_1668376513671{background-image: url(https:\/\/colico.ca\/wp-content\/uploads\/2022\/11\/maxresdefault-1.jpeg?id=9348) !important;background-position: center !important;background-repeat: no-repeat !important;background-size: cover !important;}\u00a0\u00bb][vc_column css=\u00a0\u00bb.vc_custom_1661195278054{padding-top: 17% !important;padding-bottom: 17% !important;background-position: center !important;background-repeat: no-repeat !important;background-size: contain !important;}\u00a0\u00bb offset=\u00a0\u00bbvc_col-lg-12 vc_col-md-12 vc_col-xs-12&Prime;][vc_row_inner][vc_column_inner][\/vc_column_inner][\/vc_row_inner][\/vc_column][\/vc_row][vc_row content_placement=\u00a0\u00bbmiddle\u00a0\u00bb row_content_width=\u00a0\u00bbgrid\u00a0\u00bb content_text_aligment=\u00a0\u00bbleft\u00a0\u00bb css=\u00a0\u00bb.vc_custom_1666718517262{margin-right: 50px !important;padding-right: 50px !important;}\u00a0\u00bb][vc_column offset=\u00a0\u00bbvc_col-xs-5&Prime;][vc_empty_space height=\u00a0\u00bb40&Prime;][\/vc_column][\/vc_row][vc_row content_placement=\u00a0\u00bbmiddle\u00a0\u00bb row_content_width=\u00a0\u00bbgrid\u00a0\u00bb content_text_aligment=\u00a0\u00bbleft\u00a0\u00bb css=\u00a0\u00bb.vc_custom_1666718517262{margin-right: 50px [&hellip;]<\/p>\n","protected":false},"author":2,"featured_media":0,"parent":0,"menu_order":0,"comment_status":"closed","ping_status":"closed","template":"","meta":{"footnotes":""},"class_list":["post-11285","page","type-page","status-publish","hentry"],"yoast_head":"<!-- This site is optimized with the Yoast SEO plugin v27.5 - https:\/\/yoast.com\/product\/yoast-seo-wordpress\/ -->\n<title>Portes \u00e0 ciseaux - Colico<\/title>\n<meta name=\"robots\" content=\"index, follow, max-snippet:-1, max-image-preview:large, max-video-preview:-1\" \/>\n<link rel=\"canonical\" href=\"https:\/\/colico.ca\/fr\/portes-a-ciseaux\/\" \/>\n<meta property=\"og:locale\" content=\"fr_FR\" \/>\n<meta property=\"og:type\" content=\"article\" \/>\n<meta property=\"og:title\" content=\"Portes \u00e0 ciseaux - Colico\" \/>\n<meta property=\"og:description\" content=\"[vc_row full_width=\u00a0\u00bbstretch_row\u00a0\u00bb css=\u00a0\u00bb.vc_custom_1668376513671{background-image: url(https:\/\/colico.ca\/wp-content\/uploads\/2022\/11\/maxresdefault-1.jpeg?id=9348) !important;background-position: center !important;background-repeat: no-repeat !important;background-size: cover !important;}\u00a0\u00bb][vc_column css=\u00a0\u00bb.vc_custom_1661195278054{padding-top: 17% !important;padding-bottom: 17% !important;background-position: center !important;background-repeat: no-repeat !important;background-size: contain !important;}\u00a0\u00bb offset=\u00a0\u00bbvc_col-lg-12 vc_col-md-12 vc_col-xs-12&Prime;][vc_row_inner][vc_column_inner][\/vc_column_inner][\/vc_row_inner][\/vc_column][\/vc_row][vc_row content_placement=\u00a0\u00bbmiddle\u00a0\u00bb row_content_width=\u00a0\u00bbgrid\u00a0\u00bb content_text_aligment=\u00a0\u00bbleft\u00a0\u00bb css=\u00a0\u00bb.vc_custom_1666718517262{margin-right: 50px !important;padding-right: 50px !important;}\u00a0\u00bb][vc_column offset=\u00a0\u00bbvc_col-xs-5&Prime;][vc_empty_space height=\u00a0\u00bb40&Prime;][\/vc_column][\/vc_row][vc_row content_placement=\u00a0\u00bbmiddle\u00a0\u00bb row_content_width=\u00a0\u00bbgrid\u00a0\u00bb content_text_aligment=\u00a0\u00bbleft\u00a0\u00bb css=\u00a0\u00bb.vc_custom_1666718517262{margin-right: 50px [&hellip;]\" \/>\n<meta property=\"og:url\" content=\"https:\/\/colico.ca\/fr\/portes-a-ciseaux\/\" \/>\n<meta property=\"og:site_name\" content=\"Colico\" \/>\n<meta property=\"article:modified_time\" content=\"2024-12-03T07:00:37+00:00\" \/>\n<meta name=\"twitter:card\" content=\"summary_large_image\" \/>\n<meta name=\"twitter:label1\" content=\"Dur\u00e9e de lecture estim\u00e9e\" \/>\n\t<meta name=\"twitter:data1\" content=\"5 minutes\" \/>\n<script type=\"application\/ld+json\" class=\"yoast-schema-graph\">{\"@context\":\"https:\\\/\\\/schema.org\",\"@graph\":[{\"@type\":\"WebPage\",\"@id\":\"https:\\\/\\\/colico.ca\\\/fr\\\/portes-a-ciseaux\\\/\",\"url\":\"https:\\\/\\\/colico.ca\\\/fr\\\/portes-a-ciseaux\\\/\",\"name\":\"Portes \u00e0 ciseaux - Colico\",\"isPartOf\":{\"@id\":\"https:\\\/\\\/colico.ca\\\/#website\"},\"datePublished\":\"2022-11-13T19:34:59+00:00\",\"dateModified\":\"2024-12-03T07:00:37+00:00\",\"breadcrumb\":{\"@id\":\"https:\\\/\\\/colico.ca\\\/fr\\\/portes-a-ciseaux\\\/#breadcrumb\"},\"inLanguage\":\"fr-FR\",\"potentialAction\":[{\"@type\":\"ReadAction\",\"target\":[\"https:\\\/\\\/colico.ca\\\/fr\\\/portes-a-ciseaux\\\/\"]}]},{\"@type\":\"BreadcrumbList\",\"@id\":\"https:\\\/\\\/colico.ca\\\/fr\\\/portes-a-ciseaux\\\/#breadcrumb\",\"itemListElement\":[{\"@type\":\"ListItem\",\"position\":1,\"name\":\"Home\",\"item\":\"https:\\\/\\\/colico.ca\\\/fr\\\/accueil-principal\\\/\"},{\"@type\":\"ListItem\",\"position\":2,\"name\":\"Portes \u00e0 ciseaux\"}]},{\"@type\":\"WebSite\",\"@id\":\"https:\\\/\\\/colico.ca\\\/#website\",\"url\":\"https:\\\/\\\/colico.ca\\\/\",\"name\":\"Colico\",\"description\":\"Produits architecturaux\",\"potentialAction\":[{\"@type\":\"SearchAction\",\"target\":{\"@type\":\"EntryPoint\",\"urlTemplate\":\"https:\\\/\\\/colico.ca\\\/?s={search_term_string}\"},\"query-input\":{\"@type\":\"PropertyValueSpecification\",\"valueRequired\":true,\"valueName\":\"search_term_string\"}}],\"inLanguage\":\"fr-FR\"}]}<\/script>\n<!-- \/ Yoast SEO plugin. -->","yoast_head_json":{"title":"Portes \u00e0 ciseaux - Colico","robots":{"index":"index","follow":"follow","max-snippet":"max-snippet:-1","max-image-preview":"max-image-preview:large","max-video-preview":"max-video-preview:-1"},"canonical":"https:\/\/colico.ca\/fr\/portes-a-ciseaux\/","og_locale":"fr_FR","og_type":"article","og_title":"Portes \u00e0 ciseaux - Colico","og_description":"[vc_row full_width=\u00a0\u00bbstretch_row\u00a0\u00bb css=\u00a0\u00bb.vc_custom_1668376513671{background-image: url(https:\/\/colico.ca\/wp-content\/uploads\/2022\/11\/maxresdefault-1.jpeg?id=9348) !important;background-position: center !important;background-repeat: no-repeat !important;background-size: cover !important;}\u00a0\u00bb][vc_column css=\u00a0\u00bb.vc_custom_1661195278054{padding-top: 17% !important;padding-bottom: 17% !important;background-position: center !important;background-repeat: no-repeat !important;background-size: contain !important;}\u00a0\u00bb offset=\u00a0\u00bbvc_col-lg-12 vc_col-md-12 vc_col-xs-12&Prime;][vc_row_inner][vc_column_inner][\/vc_column_inner][\/vc_row_inner][\/vc_column][\/vc_row][vc_row content_placement=\u00a0\u00bbmiddle\u00a0\u00bb row_content_width=\u00a0\u00bbgrid\u00a0\u00bb content_text_aligment=\u00a0\u00bbleft\u00a0\u00bb css=\u00a0\u00bb.vc_custom_1666718517262{margin-right: 50px !important;padding-right: 50px !important;}\u00a0\u00bb][vc_column offset=\u00a0\u00bbvc_col-xs-5&Prime;][vc_empty_space height=\u00a0\u00bb40&Prime;][\/vc_column][\/vc_row][vc_row content_placement=\u00a0\u00bbmiddle\u00a0\u00bb row_content_width=\u00a0\u00bbgrid\u00a0\u00bb content_text_aligment=\u00a0\u00bbleft\u00a0\u00bb css=\u00a0\u00bb.vc_custom_1666718517262{margin-right: 50px [&hellip;]","og_url":"https:\/\/colico.ca\/fr\/portes-a-ciseaux\/","og_site_name":"Colico","article_modified_time":"2024-12-03T07:00:37+00:00","twitter_card":"summary_large_image","twitter_misc":{"Dur\u00e9e de lecture estim\u00e9e":"5 minutes"},"schema":{"@context":"https:\/\/schema.org","@graph":[{"@type":"WebPage","@id":"https:\/\/colico.ca\/fr\/portes-a-ciseaux\/","url":"https:\/\/colico.ca\/fr\/portes-a-ciseaux\/","name":"Portes \u00e0 ciseaux - Colico","isPartOf":{"@id":"https:\/\/colico.ca\/#website"},"datePublished":"2022-11-13T19:34:59+00:00","dateModified":"2024-12-03T07:00:37+00:00","breadcrumb":{"@id":"https:\/\/colico.ca\/fr\/portes-a-ciseaux\/#breadcrumb"},"inLanguage":"fr-FR","potentialAction":[{"@type":"ReadAction","target":["https:\/\/colico.ca\/fr\/portes-a-ciseaux\/"]}]},{"@type":"BreadcrumbList","@id":"https:\/\/colico.ca\/fr\/portes-a-ciseaux\/#breadcrumb","itemListElement":[{"@type":"ListItem","position":1,"name":"Home","item":"https:\/\/colico.ca\/fr\/accueil-principal\/"},{"@type":"ListItem","position":2,"name":"Portes \u00e0 ciseaux"}]},{"@type":"WebSite","@id":"https:\/\/colico.ca\/#website","url":"https:\/\/colico.ca\/","name":"Colico","description":"Produits architecturaux","potentialAction":[{"@type":"SearchAction","target":{"@type":"EntryPoint","urlTemplate":"https:\/\/colico.ca\/?s={search_term_string}"},"query-input":{"@type":"PropertyValueSpecification","valueRequired":true,"valueName":"search_term_string"}}],"inLanguage":"fr-FR"}]}},"_links":{"self":[{"href":"https:\/\/colico.ca\/fr\/wp-json\/wp\/v2\/pages\/11285","targetHints":{"allow":["GET"]}}],"collection":[{"href":"https:\/\/colico.ca\/fr\/wp-json\/wp\/v2\/pages"}],"about":[{"href":"https:\/\/colico.ca\/fr\/wp-json\/wp\/v2\/types\/page"}],"author":[{"embeddable":true,"href":"https:\/\/colico.ca\/fr\/wp-json\/wp\/v2\/users\/2"}],"replies":[{"embeddable":true,"href":"https:\/\/colico.ca\/fr\/wp-json\/wp\/v2\/comments?post=11285"}],"version-history":[{"count":10,"href":"https:\/\/colico.ca\/fr\/wp-json\/wp\/v2\/pages\/11285\/revisions"}],"predecessor-version":[{"id":11660,"href":"https:\/\/colico.ca\/fr\/wp-json\/wp\/v2\/pages\/11285\/revisions\/11660"}],"wp:attachment":[{"href":"https:\/\/colico.ca\/fr\/wp-json\/wp\/v2\/media?parent=11285"}],"curies":[{"name":"wp","href":"https:\/\/api.w.org\/{rel}","templated":true}]}}