{"id":11139,"date":"2022-09-08T19:42:54","date_gmt":"2022-09-08T19:42:54","guid":{"rendered":"https:\/\/colico.ca\/stabilite-fibre-de-verre\/"},"modified":"2023-02-08T15:11:17","modified_gmt":"2023-02-08T15:11:17","slug":"stabilite-fibre-de-verre","status":"publish","type":"page","link":"https:\/\/colico.ca\/fr\/stabilite-fibre-de-verre\/","title":{"rendered":"Stabilit\u00e9 &#8211; Fibre de verre"},"content":{"rendered":"<p>[vc_row][vc_column][vc_empty_space height=\u00a0\u00bb40px\u00a0\u00bb][\/vc_column][\/vc_row][vc_row content_placement=\u00a0\u00bbmiddle\u00a0\u00bb content_text_aligment=\u00a0\u00bbleft\u00a0\u00bb][vc_column width=\u00a0\u00bb1\/2&Prime;][vc_single_image image=\u00a0\u00bb7379&Prime; img_size=\u00a0\u00bblarge\u00a0\u00bb add_caption=\u00a0\u00bbyes\u00a0\u00bb onclick=\u00a0\u00bbcustom_link\u00a0\u00bb css=\u00a0\u00bb.vc_custom_1662666513980{background-position: center !important;background-repeat: no-repeat !important;background-size: contain !important;}\u00a0\u00bb][vc_empty_space height=\u00a0\u00bb20px\u00a0\u00bb][\/vc_column][vc_column width=\u00a0\u00bb1\/2&Prime;]<a itemprop=\"url\" href=\"https:\/\/www.grahamfrp.com\/en\/products\/frp-liner-panel\/\" target=\"_self\" style=\"color: #ffffff;background-color: #000000;font-size: 14px;font-weight: 400\" class=\"qodef-btn qodef-btn-small qodef-btn-solid qodef-btn-custom-hover-bg qodef-btn-custom-hover-color\" data-hover-color=\"#ffffff\" data-hover-bg-color=\"#dd3333\" >\n    <span class=\"qodef-btn-line-holder\">\n        <span class=\"qodef-btn-line-top\"><\/span>\n        <span class=\"qodef-btn-line\"><\/span>\n        <span class=\"qodef-btn-line-bottom\"><\/span>\n    <\/span>\n        <span class=\"qodef-btn-text\">Visitez le site web de Glasliner\/Exceliner<\/span>\n<\/a>[vc_empty_space height=\u00a0\u00bb20px\u00a0\u00bb][\/vc_column][\/vc_row][vc_row][vc_column][vc_column_text]<\/p>\n<h5 class=\"x_MsoNormal\">Les panneaux muraux <strong>Glasliner \/ Exceliner<\/strong> pr\u00e9sentent une surface riche en r\u00e9sine qui est r\u00e9sistante, solide et facile \u00e0 nettoyer. Ils sont id\u00e9aux pour les zones \u00e0 fort trafic o\u00f9 l&rsquo;hygi\u00e8ne et la facilit\u00e9 d&rsquo;entretien sont requises. Les panneaux muraux <strong>Glasliner \/ Exceliner<\/strong> sont disponibles avec un composant antimicrobien actif infus\u00e9 qui inhibe la croissance des bact\u00e9ries, des champignons et d&rsquo;autres micro-organismes.<\/h5>\n<p>[\/vc_column_text][\/vc_column][\/vc_row][vc_row gap=\u00a0\u00bb20&Prime;][vc_column width=\u00a0\u00bb1\/2&Prime;][vc_empty_space height=\u00a0\u00bb20px\u00a0\u00bb][vc_single_image image=\u00a0\u00bb7804&Prime; img_size=\u00a0\u00bbfull\u00a0\u00bb][\/vc_column][vc_column width=\u00a0\u00bb1\/2&Prime;][vc_empty_space height=\u00a0\u00bb20px\u00a0\u00bb]<div class=\"qodef-section-title-holder  qodef-st-standard qodef-st-title-left qodef-st-normal-space \" >\n\t<div class=\"qodef-st-inner\">\n\t\t\t\t\t<h3 class=\"qodef-st-title\" >\n\t\t\t\tTypical applications\t\t\t<\/h3>\n\t\t\t\t    \t<\/div>\n<\/div>[vc_column_text]<\/p>\n<ul>\n<li><span style=\"color: #000000;\">Zones de transformation des aliments<\/span><\/li>\n<li><span style=\"color: #000000;\">Cuisines<\/span><\/li>\n<li><span style=\"color: #000000;\">Restaurants<\/span><\/li>\n<li><span style=\"color: #000000;\">Toilettes<\/span><\/li>\n<li><span style=\"color: #000000;\">H\u00f4pitaux<\/span><\/li>\n<li><span style=\"color: #000000;\">B\u00e2timents gouvernementaux<\/span><\/li>\n<li><span style=\"color: #000000;\">\u00c9coles<\/span><\/li>\n<li><span style=\"color: #000000;\">Zones de stockage<\/span><\/li>\n<li><span style=\"color: #000000;\">Glaci\u00e8res et cong\u00e9lateurs, etc.<\/span><\/li>\n<li><span style=\"color: #000000;\">Garage r\u00e9sidentiel<\/span><\/li>\n<\/ul>\n<p>[\/vc_column_text][vc_empty_space height=\u00a0\u00bb40px\u00a0\u00bb]<div class=\"qodef-section-title-holder  qodef-st-standard qodef-st-title-left qodef-st-normal-space \" >\n\t<div class=\"qodef-st-inner\">\n\t\t\t\t\t<h3 class=\"qodef-st-title\" >\n\t\t\t\tBenefits\t\t\t<\/h3>\n\t\t\t\t    \t<\/div>\n<\/div>[vc_column_text]<\/p>\n<ul>\n<li><span style=\"color: #000000;\">Facile \u00e0 installer et \u00e0 entretenir<\/span><\/li>\n<li><span style=\"color: #000000;\">Am\u00e9liore la sant\u00e9 et la qualit\u00e9 de l&rsquo;air int\u00e9rieur<\/span><\/li>\n<\/ul>\n<p>[\/vc_column_text][vc_empty_space height=\u00a0\u00bb40px\u00a0\u00bb]<div class=\"qodef-section-title-holder  qodef-st-standard qodef-st-title-left qodef-st-normal-space \" >\n\t<div class=\"qodef-st-inner\">\n\t\t\t\t\t<h3 class=\"qodef-st-title\" >\n\t\t\t\tCertifications\t\t\t<\/h3>\n\t\t\t\t    \t<\/div>\n<\/div>[vc_column_text]<\/p>\n<ul>\n<li><span style=\"color: #000000;\"><span style=\"color: #000000;\">Fabriqu\u00e9 dans une usine certifi\u00e9e ISO 9001 (T\u00dcV Rhineland of North America, lnc. ; certificat d&rsquo;enregistrement n\u00b0 74 300 3629).<\/span><\/span><\/li>\n<li><span style=\"color: #000000;\">Produit certifi\u00e9 selon les crit\u00e8res Greenguard et Greenguard Gold (num\u00e9ros de certificats : 23966-410 et 23966-420)<\/span><\/li>\n<li><span style=\"color: #000000;\">R\u00e9pond aux exigences de l&rsquo;USDA\/FSIS<\/span><\/li>\n<li><span style=\"color: #000000;\">Approuv\u00e9 par l&rsquo;Agence canadienne d&rsquo;inspection des aliments et par Agriculture Canada<\/span><\/li>\n<li><span style=\"color: #000000;\">R\u00e9pond aux exigences minimales des principaux codes de construction mod\u00e8les pour les \ufb01nitions de murs et de plafonds int\u00e9rieurs de classe C de \ufb02ame spread \u2264 150 et de classe A \u2264 25 (selon ULC-S102).<\/span><\/li>\n<li><span style=\"color: #000000;\">R\u00e9sistant aux moisissures selon les tests ASTM D3273 et D3274.<\/span><\/li>\n<\/ul>\n<p>[\/vc_column_text][\/vc_column][\/vc_row][vc_row][vc_column][vc_empty_space height=\u00a0\u00bb40px\u00a0\u00bb][vc_separator color=\u00a0\u00bbblack\u00a0\u00bb][vc_empty_space height=\u00a0\u00bb40px\u00a0\u00bb][\/vc_column][\/vc_row][vc_row][vc_column]<div class=\"qodef-section-title-holder  qodef-st-standard qodef-st-title-left qodef-st-normal-space \" >\n\t<div class=\"qodef-st-inner\">\n\t\t\t\t\t<h3 class=\"qodef-st-title\" >\n\t\t\t\tShop Fiberglass Panels\t\t\t<\/h3>\n\t\t\t\t    \t<\/div>\n<\/div>[vc_column_text]<\/p>\n<h4 class=\"x_MsoNormal\"><span style=\"color: #000000;\"><br \/>\n  <span lang=\"EN-CA\">Acheter en ligne pour <\/span><br \/>\n<\/span><span style=\"color: #000000;\"><br \/>\n  <b><br \/>\n    <span lang=\"EN-CA\"><br \/>\n      <span style=\"color: #dd3333;\">COMMANDES DE PICK-UP <\/span><br \/>\n    <\/span><br \/>\n  <\/b><br \/>\n<\/span><span style=\"color: #000000;\"><br \/>\n  <span lang=\"EN-CA\">\u00e0 notre entrep\u00f4t de Montr\u00e9al.<\/span><br \/>\n<\/span><\/h4>\n<p>[\/vc_column_text][vc_empty_space height=\u00a0\u00bb20px\u00a0\u00bb][vc_row_inner gap=\u00a0\u00bb20&Prime; el_id=\u00a0\u00bbGrille de cat\u00e9gories de produits\u00a0\u00bb css=\u00a0\u00bb.vc_custom_1666195104775{padding-right: 15px !important;padding-left: 15px !important;}\u00a0\u00bb][vc_column_inner width=\u00a0\u00bb1\/4&Prime; css=\u00a0\u00bb.vc_custom_1662659640994{margin-left: 0px !important;padding-right: 0px !important;padding-left: 0px !important;}\u00a0\u00bb]<div class=\"qodef-banner-holder overlay qodef-visible-on-hover qodef-banner-info-bottom-left \">\n    <div class=\"qodef-banner-image\">\n        <img loading=\"lazy\" decoding=\"async\" width=\"355\" height=\"356\" src=\"https:\/\/colico.ca\/wp-content\/uploads\/2022\/09\/Capture-de\u0301cran-le-2022-09-08-a\u0300-16.29.47-1.png\" class=\"attachment-full size-full\" alt=\"Capture d\u2019e\u0301cran,\" srcset=\"https:\/\/colico.ca\/wp-content\/uploads\/2022\/09\/Capture-de\u0301cran-le-2022-09-08-a\u0300-16.29.47-1.png 355w, https:\/\/colico.ca\/wp-content\/uploads\/2022\/09\/Capture-de\u0301cran-le-2022-09-08-a\u0300-16.29.47-1-300x300.png 300w, https:\/\/colico.ca\/wp-content\/uploads\/2022\/09\/Capture-de\u0301cran-le-2022-09-08-a\u0300-16.29.47-1-150x150.png 150w, https:\/\/colico.ca\/wp-content\/uploads\/2022\/09\/Capture-de\u0301cran-le-2022-09-08-a\u0300-16.29.47-1-100x100.png 100w\" sizes=\"auto, (max-width: 355px) 100vw, 355px\" \/>    <\/div>\n    <div class=\"qodef-banner-text-holder\">\n\t    <div class=\"qodef-banner-text-outer\">\n\t\t    <div class=\"qodef-banner-text-inner\">\n\t\t        \t\t        \t\t            <h3 class=\"qodef-banner-title\" style=\"color: #000000\">\n\t\t                Panneaux muraux en PRFV\t                <\/h3>\n\t\t        \t\t\t\t                \t\t\t<\/div>\n\t\t<\/div>\n        <div class=\"qodef-banner-overlay\" style=\"background-color: rgba(0,0,0,0.5)\"><\/div>\n\t<\/div>\n\t        <a itemprop=\"url\" class=\"qodef-banner-link\" href=\"https:\/\/colico.ca\/product\/frp-wall-panels\/\" target=\"_self\"><\/a>\n                <div class=\"qodef-banner-badge-holder\">\n\t\t\t                <span class=\"qodef-banner-badge-text\">\n                    BUY ONLINE                <\/span>\n\t\t\t                    <\/div>\n    <\/div>[\/vc_column_inner][vc_column_inner width=\u00a0\u00bb1\/4&Prime; css=\u00a0\u00bb.vc_custom_1662659463012{padding-right: 0px !important;padding-left: 0px !important;}\u00a0\u00bb]<div class=\"qodef-banner-holder overlay qodef-visible-on-hover qodef-banner-info-bottom-left \">\n    <div class=\"qodef-banner-image\">\n        <img loading=\"lazy\" decoding=\"async\" width=\"638\" height=\"638\" src=\"https:\/\/colico.ca\/wp-content\/uploads\/2022\/09\/glasliner-ceiling-tiles-1-1.jpeg\" class=\"attachment-full size-full\" alt=\"glasliner-ceiling-tiles-1\" srcset=\"https:\/\/colico.ca\/wp-content\/uploads\/2022\/09\/glasliner-ceiling-tiles-1-1.jpeg 638w, https:\/\/colico.ca\/wp-content\/uploads\/2022\/09\/glasliner-ceiling-tiles-1-1-300x300.jpeg 300w, https:\/\/colico.ca\/wp-content\/uploads\/2022\/09\/glasliner-ceiling-tiles-1-1-150x150.jpeg 150w, https:\/\/colico.ca\/wp-content\/uploads\/2022\/09\/glasliner-ceiling-tiles-1-1-600x600.jpeg 600w, https:\/\/colico.ca\/wp-content\/uploads\/2022\/09\/glasliner-ceiling-tiles-1-1-100x100.jpeg 100w\" sizes=\"auto, (max-width: 638px) 100vw, 638px\" \/>    <\/div>\n    <div class=\"qodef-banner-text-holder\">\n\t    <div class=\"qodef-banner-text-outer\">\n\t\t    <div class=\"qodef-banner-text-inner\">\n\t\t        \t\t        \t\t            <h3 class=\"qodef-banner-title\" style=\"color: #000000\">\n\t\t                Dalles de plafond en PRFV\t                <\/h3>\n\t\t        \t\t\t\t                \t\t\t<\/div>\n\t\t<\/div>\n        <div class=\"qodef-banner-overlay\" style=\"background-color: rgba(0,0,0,0.5)\"><\/div>\n\t<\/div>\n\t        <a itemprop=\"url\" class=\"qodef-banner-link\" href=\"https:\/\/colico.ca\/product\/FRP-Ceiling-Tiles\/\" target=\"_self\"><\/a>\n                <div class=\"qodef-banner-badge-holder\">\n\t\t\t                <span class=\"qodef-banner-badge-text\">\n                    BUY ONLINE                <\/span>\n\t\t\t                    <\/div>\n    <\/div>[\/vc_column_inner][vc_column_inner width=\u00a0\u00bb1\/4&Prime; css=\u00a0\u00bb.vc_custom_1662659470010{padding-right: 0px !important;padding-left: 0px !important;}\u00a0\u00bb]<div class=\"qodef-banner-holder overlay qodef-visible-on-hover qodef-banner-info-bottom-left \">\n    <div class=\"qodef-banner-image\">\n        <img loading=\"lazy\" decoding=\"async\" width=\"600\" height=\"600\" src=\"https:\/\/colico.ca\/wp-content\/uploads\/2022\/07\/Menu_Adhesive.jpg\" class=\"attachment-full size-full\" alt=\"Construction,Mason,Man,Hands,On,Tiles,Work\" srcset=\"https:\/\/colico.ca\/wp-content\/uploads\/2022\/07\/Menu_Adhesive.jpg 600w, https:\/\/colico.ca\/wp-content\/uploads\/2022\/07\/Menu_Adhesive-300x300.jpg 300w, https:\/\/colico.ca\/wp-content\/uploads\/2022\/07\/Menu_Adhesive-150x150.jpg 150w, https:\/\/colico.ca\/wp-content\/uploads\/2022\/07\/Menu_Adhesive-100x100.jpg 100w\" sizes=\"auto, (max-width: 600px) 100vw, 600px\" \/>    <\/div>\n    <div class=\"qodef-banner-text-holder\">\n\t    <div class=\"qodef-banner-text-outer\">\n\t\t    <div class=\"qodef-banner-text-inner\">\n\t\t        \t\t        \t\t            <h3 class=\"qodef-banner-title\" style=\"color: #000000\">\n\t\t                Accessoires\t                <\/h3>\n\t\t        \t\t\t\t                \t\t\t<\/div>\n\t\t<\/div>\n        <div class=\"qodef-banner-overlay\" style=\"background-color: rgba(0,0,0,0.5)\"><\/div>\n\t<\/div>\n\t        <a itemprop=\"url\" class=\"qodef-banner-link\" href=\"https:\/\/colico.ca\/product-category\/panels\/acrylic-fiberglass-polycarbonate-panels\/stabilit-accessories\/\" target=\"_self\"><\/a>\n                <div class=\"qodef-banner-badge-holder\">\n\t\t\t                <span class=\"qodef-banner-badge-text\">\n                    BUY ONLINE                <\/span>\n\t\t\t                    <\/div>\n    <\/div>[\/vc_column_inner][vc_column_inner width=\u00a0\u00bb1\/4&Prime; css=\u00a0\u00bb.vc_custom_1662659479111{padding-right: 0px !important;padding-left: 0px !important;}\u00a0\u00bb][vc_column_text]<span style=\"color: #000000;\">Nous avons en stock des feuilles blanches textur\u00e9es de classe \u00ab\u00a0C\u00a0\u00bb de 2&prime; X 4&prime;, 4&prime; X 8&prime; et 4&prime; X 10&prime; et tous les accessoires n\u00e9cessaires.<\/span><\/p>\n<p><span style=\"color: #000000;\">Cash and carry \u00e0 notre entrep\u00f4t de Montr\u00e9al ou appelez-nous pour conna\u00eetre les tarifs de livraison.<\/span><\/p>\n<p><span style=\"color: #000000;\">**Autres couleurs \/ Classe \u00a0\u00bbA\u00a0\u00bb \/ dalles de plafond \/ et finition lisse disponibles sur demande**.<\/span>[\/vc_column_text][\/vc_column_inner][\/vc_row_inner][vc_column_text]<\/p>\n<div class=\"wpb_text_column wpb_content_element \">\n<div class=\"wpb_wrapper\">\n<h4 class=\"x_MsoNormal\"><span style=\"color: #000000;\"><br \/>\n  <span lang=\"EN-CA\">Pour <\/span><br \/>\n<\/span><span style=\"color: #000000;\"><br \/>\n  <b><br \/>\n    <span lang=\"EN-CA\"><br \/>\n      <span style=\"color: #dd3333;\">COMMANDES DE LIVRAISON<\/span><br \/>\n    <\/span><br \/>\n  <\/b><br \/>\n<\/span><span style=\"color: #000000;\"><br \/>\n  <span lang=\"EN-CA\">veuillez nous contacter pour obtenir un devis de livraison par chargement partiel (LTL) dans tout le Canada et pour conna\u00eetre les frais de d\u00e9bardage applicables avant de payer en ligne. <\/span><br \/>\n<\/span><em><br \/>\n  <span style=\"color: #000000;\">Les prix unitaires excluent les taxes applicables.<\/span><br \/>\n<\/em><\/h4>\n<h4><strong><span style=\"color: #000000;\">Montr\u00e9al : <\/span><span style=\"color: #dd3333;\"><br \/>\n  <a style=\"color: #dd3333;\" href=\"tel:+5146408926\">514 640-8926<\/a><\/p>\n<p><\/span><span style=\"color: #000000;\">Sans frais : <\/span><span style=\"color: #dd3333;\"><br \/>\n  <a style=\"color: #dd3333;\" href=\"tel:+1-877-640-8928\">1-877-640-8928<\/a><\/p>\n<p><\/span><span style=\"color: #000000;\">Courrier :<\/span><span style=\"color: #000000;\"> <\/span><span style=\"color: #000000;\"><br \/>\n  <span style=\"color: #dd3333;\"><br \/>\n    <a style=\"color: #dd3333;\" href=\"mailto:info@colico.ca\">info@colico.ca<\/a><br \/>\n  <\/span><br \/>\n<\/span><\/strong><\/h4>\n<\/div>\n<\/div>\n<p>[\/vc_column_text][\/vc_column][\/vc_row][vc_row][vc_column][vc_empty_space height=\u00a0\u00bb40px\u00a0\u00bb][vc_separator color=\u00a0\u00bbblack\u00a0\u00bb][vc_empty_space height=\u00a0\u00bb40px\u00a0\u00bb][\/vc_column][\/vc_row][vc_row][vc_column]<div class=\"qodef-section-title-holder  qodef-st-standard qodef-st-title-left qodef-st-normal-space \" >\n\t<div class=\"qodef-st-inner\">\n\t\t\t\t\t<h3 class=\"qodef-st-title\" >\n\t\t\t\tDescription and Technical Information\t\t\t<\/h3>\n\t\t\t\t    \t<\/div>\n<\/div>[vc_empty_space height=\u00a0\u00bb20px\u00a0\u00bb][vc_row_inner][vc_column_inner width=\u00a0\u00bb1\/3&Prime;]<a itemprop=\"url\" href=\"https:\/\/colico.ca\/wp-content\/uploads\/2022\/10\/Exceliner-installation-instructions.pdf\" target=\"_self\" style=\"color: #ffffff;background-color: #000000;font-size: 14px;font-weight: 400\" class=\"qodef-btn qodef-btn-small qodef-btn-solid qodef-btn-custom-hover-bg qodef-btn-custom-hover-color\" data-hover-color=\"#ffffff\" data-hover-bg-color=\"#dd3333\" >\n    <span class=\"qodef-btn-line-holder\">\n        <span class=\"qodef-btn-line-top\"><\/span>\n        <span class=\"qodef-btn-line\"><\/span>\n        <span class=\"qodef-btn-line-bottom\"><\/span>\n    <\/span>\n        <span class=\"qodef-btn-text\">Exceliner-installation-instructions<\/span>\n<\/a>[vc_empty_space height=\u00a0\u00bb10px\u00a0\u00bb][\/vc_column_inner][vc_column_inner width=\u00a0\u00bb1\/3&Prime;]<a itemprop=\"url\" href=\"https:\/\/colico.ca\/wp-content\/uploads\/2022\/10\/2015-Exceliner-Glasliner-brochure.pdf\" target=\"_self\" style=\"color: #ffffff;background-color: #000000;font-size: 14px;font-weight: 400\" class=\"qodef-btn qodef-btn-small qodef-btn-solid qodef-btn-custom-hover-bg qodef-btn-custom-hover-color\" data-hover-color=\"#ffffff\" data-hover-bg-color=\"#dd3333\" >\n    <span class=\"qodef-btn-line-holder\">\n        <span class=\"qodef-btn-line-top\"><\/span>\n        <span class=\"qodef-btn-line\"><\/span>\n        <span class=\"qodef-btn-line-bottom\"><\/span>\n    <\/span>\n        <span class=\"qodef-btn-text\">Exceliner-Glasliner-brochure<\/span>\n<\/a>[vc_empty_space height=\u00a0\u00bb40px\u00a0\u00bb][\/vc_column_inner][vc_column_inner width=\u00a0\u00bb1\/3&Prime;][\/vc_column_inner][\/vc_row_inner][\/vc_column][\/vc_row][vc_row disable_element=\u00a0\u00bbyes\u00a0\u00bb][vc_column]<div class=\"qodef-section-title-holder  qodef-st-standard qodef-st-title-left qodef-st-normal-space \" >\n\t<div class=\"qodef-st-inner\">\n\t\t\t\t\t<h3 class=\"qodef-st-title\" >\n\t\t\t\tCONTACT US TO ORDER\t\t\t<\/h3>\n\t\t\t\t    \t<\/div>\n<\/div>[vc_column_text]<\/p>\n<div class=\"wpb_text_column wpb_content_element \">\n<div class=\"wpb_wrapper\">\n<h3 class=\"has-white-color has-text-color\"><span style=\"color: #dd3333;\"><br \/>\n  <a style=\"color: #dd3333;\" href=\"tel:+5146408926\">514 640-8926<\/a><\/p>\n<p><\/span><span style=\"color: #000000;\"><br \/>\n  <span style=\"color: #dd3333;\"><br \/>\n    <a style=\"color: #dd3333;\" href=\"mailto:info@colico.ca\">info@colico.ca<\/a><br \/>\n  <\/span><br \/>\n<\/span><\/h3>\n<\/div>\n<\/div>\n<p>[\/vc_column_text][vc_empty_space height=\u00a0\u00bb80px\u00a0\u00bb][\/vc_column][vc_column][vc_empty_space height=\u00a0\u00bb40px\u00a0\u00bb][\/vc_column][\/vc_row]<\/p>\n","protected":false},"excerpt":{"rendered":"<p>[vc_row][vc_column][vc_empty_space height=\u00a0\u00bb40px\u00a0\u00bb][\/vc_column][\/vc_row][vc_row content_placement=\u00a0\u00bbmiddle\u00a0\u00bb content_text_aligment=\u00a0\u00bbleft\u00a0\u00bb][vc_column width=\u00a0\u00bb1\/2&Prime;][vc_single_image image=\u00a0\u00bb7379&Prime; img_size=\u00a0\u00bblarge\u00a0\u00bb add_caption=\u00a0\u00bbyes\u00a0\u00bb onclick=\u00a0\u00bbcustom_link\u00a0\u00bb css=\u00a0\u00bb.vc_custom_1662666513980{background-position: center !important;background-repeat: no-repeat !important;background-size: contain !important;}\u00a0\u00bb][vc_empty_space height=\u00a0\u00bb20px\u00a0\u00bb][\/vc_column][vc_column width=\u00a0\u00bb1\/2&Prime;][vc_empty_space height=\u00a0\u00bb20px\u00a0\u00bb][\/vc_column][\/vc_row][vc_row][vc_column][vc_column_text] Les panneaux muraux Glasliner \/ Exceliner pr\u00e9sentent une surface riche en r\u00e9sine qui est r\u00e9sistante, solide et facile \u00e0 nettoyer. Ils [&hellip;]<\/p>\n","protected":false},"author":2,"featured_media":0,"parent":0,"menu_order":0,"comment_status":"closed","ping_status":"closed","template":"","meta":{"footnotes":""},"class_list":["post-11139","page","type-page","status-publish","hentry"],"yoast_head":"<!-- This site is optimized with the Yoast SEO plugin v27.4 - https:\/\/yoast.com\/product\/yoast-seo-wordpress\/ -->\n<title>Stabilit\u00e9 - Fibre de verre - Colico<\/title>\n<meta name=\"robots\" content=\"index, follow, max-snippet:-1, max-image-preview:large, max-video-preview:-1\" \/>\n<link rel=\"canonical\" href=\"https:\/\/colico.ca\/fr\/stabilite-fibre-de-verre\/\" \/>\n<meta property=\"og:locale\" content=\"fr_FR\" \/>\n<meta property=\"og:type\" content=\"article\" \/>\n<meta property=\"og:title\" content=\"Stabilit\u00e9 - Fibre de verre - Colico\" \/>\n<meta property=\"og:description\" content=\"[vc_row][vc_column][vc_empty_space height=\u00a0\u00bb40px\u00a0\u00bb][\/vc_column][\/vc_row][vc_row content_placement=\u00a0\u00bbmiddle\u00a0\u00bb content_text_aligment=\u00a0\u00bbleft\u00a0\u00bb][vc_column width=\u00a0\u00bb1\/2&Prime;][vc_single_image image=\u00a0\u00bb7379&Prime; img_size=\u00a0\u00bblarge\u00a0\u00bb add_caption=\u00a0\u00bbyes\u00a0\u00bb onclick=\u00a0\u00bbcustom_link\u00a0\u00bb css=\u00a0\u00bb.vc_custom_1662666513980{background-position: center !important;background-repeat: no-repeat !important;background-size: contain !important;}\u00a0\u00bb][vc_empty_space height=\u00a0\u00bb20px\u00a0\u00bb][\/vc_column][vc_column width=\u00a0\u00bb1\/2&Prime;][vc_empty_space height=\u00a0\u00bb20px\u00a0\u00bb][\/vc_column][\/vc_row][vc_row][vc_column][vc_column_text] Les panneaux muraux Glasliner \/ Exceliner pr\u00e9sentent une surface riche en r\u00e9sine qui est r\u00e9sistante, solide et facile \u00e0 nettoyer. Ils [&hellip;]\" \/>\n<meta property=\"og:url\" content=\"https:\/\/colico.ca\/fr\/stabilite-fibre-de-verre\/\" \/>\n<meta property=\"og:site_name\" content=\"Colico\" \/>\n<meta property=\"article:modified_time\" content=\"2023-02-08T15:11:17+00:00\" \/>\n<meta name=\"twitter:card\" content=\"summary_large_image\" \/>\n<meta name=\"twitter:label1\" content=\"Dur\u00e9e de lecture estim\u00e9e\" \/>\n\t<meta name=\"twitter:data1\" content=\"5 minutes\" \/>\n<script type=\"application\/ld+json\" class=\"yoast-schema-graph\">{\"@context\":\"https:\\\/\\\/schema.org\",\"@graph\":[{\"@type\":\"WebPage\",\"@id\":\"https:\\\/\\\/colico.ca\\\/fr\\\/stabilite-fibre-de-verre\\\/\",\"url\":\"https:\\\/\\\/colico.ca\\\/fr\\\/stabilite-fibre-de-verre\\\/\",\"name\":\"Stabilit\u00e9 - Fibre de verre - Colico\",\"isPartOf\":{\"@id\":\"https:\\\/\\\/colico.ca\\\/#website\"},\"datePublished\":\"2022-09-08T19:42:54+00:00\",\"dateModified\":\"2023-02-08T15:11:17+00:00\",\"breadcrumb\":{\"@id\":\"https:\\\/\\\/colico.ca\\\/fr\\\/stabilite-fibre-de-verre\\\/#breadcrumb\"},\"inLanguage\":\"fr-FR\",\"potentialAction\":[{\"@type\":\"ReadAction\",\"target\":[\"https:\\\/\\\/colico.ca\\\/fr\\\/stabilite-fibre-de-verre\\\/\"]}]},{\"@type\":\"BreadcrumbList\",\"@id\":\"https:\\\/\\\/colico.ca\\\/fr\\\/stabilite-fibre-de-verre\\\/#breadcrumb\",\"itemListElement\":[{\"@type\":\"ListItem\",\"position\":1,\"name\":\"Home\",\"item\":\"https:\\\/\\\/colico.ca\\\/fr\\\/accueil-principal\\\/\"},{\"@type\":\"ListItem\",\"position\":2,\"name\":\"Stabilit\u00e9 &#8211; Fibre de verre\"}]},{\"@type\":\"WebSite\",\"@id\":\"https:\\\/\\\/colico.ca\\\/#website\",\"url\":\"https:\\\/\\\/colico.ca\\\/\",\"name\":\"Colico\",\"description\":\"Produits architecturaux\",\"potentialAction\":[{\"@type\":\"SearchAction\",\"target\":{\"@type\":\"EntryPoint\",\"urlTemplate\":\"https:\\\/\\\/colico.ca\\\/?s={search_term_string}\"},\"query-input\":{\"@type\":\"PropertyValueSpecification\",\"valueRequired\":true,\"valueName\":\"search_term_string\"}}],\"inLanguage\":\"fr-FR\"}]}<\/script>\n<!-- \/ Yoast SEO plugin. -->","yoast_head_json":{"title":"Stabilit\u00e9 - Fibre de verre - Colico","robots":{"index":"index","follow":"follow","max-snippet":"max-snippet:-1","max-image-preview":"max-image-preview:large","max-video-preview":"max-video-preview:-1"},"canonical":"https:\/\/colico.ca\/fr\/stabilite-fibre-de-verre\/","og_locale":"fr_FR","og_type":"article","og_title":"Stabilit\u00e9 - Fibre de verre - Colico","og_description":"[vc_row][vc_column][vc_empty_space height=\u00a0\u00bb40px\u00a0\u00bb][\/vc_column][\/vc_row][vc_row content_placement=\u00a0\u00bbmiddle\u00a0\u00bb content_text_aligment=\u00a0\u00bbleft\u00a0\u00bb][vc_column width=\u00a0\u00bb1\/2&Prime;][vc_single_image image=\u00a0\u00bb7379&Prime; img_size=\u00a0\u00bblarge\u00a0\u00bb add_caption=\u00a0\u00bbyes\u00a0\u00bb onclick=\u00a0\u00bbcustom_link\u00a0\u00bb css=\u00a0\u00bb.vc_custom_1662666513980{background-position: center !important;background-repeat: no-repeat !important;background-size: contain !important;}\u00a0\u00bb][vc_empty_space height=\u00a0\u00bb20px\u00a0\u00bb][\/vc_column][vc_column width=\u00a0\u00bb1\/2&Prime;][vc_empty_space height=\u00a0\u00bb20px\u00a0\u00bb][\/vc_column][\/vc_row][vc_row][vc_column][vc_column_text] Les panneaux muraux Glasliner \/ Exceliner pr\u00e9sentent une surface riche en r\u00e9sine qui est r\u00e9sistante, solide et facile \u00e0 nettoyer. Ils [&hellip;]","og_url":"https:\/\/colico.ca\/fr\/stabilite-fibre-de-verre\/","og_site_name":"Colico","article_modified_time":"2023-02-08T15:11:17+00:00","twitter_card":"summary_large_image","twitter_misc":{"Dur\u00e9e de lecture estim\u00e9e":"5 minutes"},"schema":{"@context":"https:\/\/schema.org","@graph":[{"@type":"WebPage","@id":"https:\/\/colico.ca\/fr\/stabilite-fibre-de-verre\/","url":"https:\/\/colico.ca\/fr\/stabilite-fibre-de-verre\/","name":"Stabilit\u00e9 - Fibre de verre - Colico","isPartOf":{"@id":"https:\/\/colico.ca\/#website"},"datePublished":"2022-09-08T19:42:54+00:00","dateModified":"2023-02-08T15:11:17+00:00","breadcrumb":{"@id":"https:\/\/colico.ca\/fr\/stabilite-fibre-de-verre\/#breadcrumb"},"inLanguage":"fr-FR","potentialAction":[{"@type":"ReadAction","target":["https:\/\/colico.ca\/fr\/stabilite-fibre-de-verre\/"]}]},{"@type":"BreadcrumbList","@id":"https:\/\/colico.ca\/fr\/stabilite-fibre-de-verre\/#breadcrumb","itemListElement":[{"@type":"ListItem","position":1,"name":"Home","item":"https:\/\/colico.ca\/fr\/accueil-principal\/"},{"@type":"ListItem","position":2,"name":"Stabilit\u00e9 &#8211; Fibre de verre"}]},{"@type":"WebSite","@id":"https:\/\/colico.ca\/#website","url":"https:\/\/colico.ca\/","name":"Colico","description":"Produits architecturaux","potentialAction":[{"@type":"SearchAction","target":{"@type":"EntryPoint","urlTemplate":"https:\/\/colico.ca\/?s={search_term_string}"},"query-input":{"@type":"PropertyValueSpecification","valueRequired":true,"valueName":"search_term_string"}}],"inLanguage":"fr-FR"}]}},"_links":{"self":[{"href":"https:\/\/colico.ca\/fr\/wp-json\/wp\/v2\/pages\/11139","targetHints":{"allow":["GET"]}}],"collection":[{"href":"https:\/\/colico.ca\/fr\/wp-json\/wp\/v2\/pages"}],"about":[{"href":"https:\/\/colico.ca\/fr\/wp-json\/wp\/v2\/types\/page"}],"author":[{"embeddable":true,"href":"https:\/\/colico.ca\/fr\/wp-json\/wp\/v2\/users\/2"}],"replies":[{"embeddable":true,"href":"https:\/\/colico.ca\/fr\/wp-json\/wp\/v2\/comments?post=11139"}],"version-history":[{"count":2,"href":"https:\/\/colico.ca\/fr\/wp-json\/wp\/v2\/pages\/11139\/revisions"}],"predecessor-version":[{"id":11162,"href":"https:\/\/colico.ca\/fr\/wp-json\/wp\/v2\/pages\/11139\/revisions\/11162"}],"wp:attachment":[{"href":"https:\/\/colico.ca\/fr\/wp-json\/wp\/v2\/media?parent=11139"}],"curies":[{"name":"wp","href":"https:\/\/api.w.org\/{rel}","templated":true}]}}