{"id":11135,"date":"2022-10-18T14:53:04","date_gmt":"2022-10-18T14:53:04","guid":{"rendered":"https:\/\/colico.ca\/stabilit-acrylique\/"},"modified":"2023-02-08T15:11:16","modified_gmt":"2023-02-08T15:11:16","slug":"stabilit-acrylique","status":"publish","type":"page","link":"https:\/\/colico.ca\/fr\/stabilit-acrylique\/","title":{"rendered":"Stabilit &#8211; Acrylique"},"content":{"rendered":"<p>[vc_row][vc_column][vc_empty_space height=\u00a0\u00bb40px\u00a0\u00bb][\/vc_column][\/vc_row][vc_row content_placement=\u00a0\u00bbmiddle\u00a0\u00bb content_text_aligment=\u00a0\u00bbleft\u00a0\u00bb][vc_column width=\u00a0\u00bb1\/4&Prime;][vc_single_image image=\u00a0\u00bb7674&Prime; img_size=\u00a0\u00bblarge\u00a0\u00bb add_caption=\u00a0\u00bbyes\u00a0\u00bb onclick=\u00a0\u00bbcustom_link\u00a0\u00bb css=\u00a0\u00bb.vc_custom_1666105033434{background-position: center !important;background-repeat: no-repeat !important;background-size: contain !important;}\u00a0\u00bb][\/vc_column][vc_column width=\u00a0\u00bb1\/4&Prime;]<a itemprop=\"url\" href=\"https:\/\/www.grahamfrp.com\/en\/products\/roofing-siding-panels\/\" target=\"_self\" style=\"color: #ffffff;background-color: #000000;font-size: 16px;font-weight: 400\" class=\"qodef-btn qodef-btn-medium qodef-btn-solid qodef-btn-custom-hover-bg qodef-btn-custom-hover-color\" data-hover-color=\"#ffffff\" data-hover-bg-color=\"#dd3333\" >\n    <span class=\"qodef-btn-line-holder\">\n        <span class=\"qodef-btn-line-top\"><\/span>\n        <span class=\"qodef-btn-line\"><\/span>\n        <span class=\"qodef-btn-line-bottom\"><\/span>\n    <\/span>\n        <span class=\"qodef-btn-text\">Visitez le site web de Stabilit<\/span>\n<\/a>[\/vc_column][\/vc_row][vc_row][vc_column][vc_empty_space height=\u00a0\u00bb40px\u00a0\u00bb]<div class=\"qodef-section-title-holder  qodef-st-standard qodef-st-title-left qodef-st-normal-space \" >\n\t<div class=\"qodef-st-inner\">\n\t\t\t\t\t<h3 class=\"qodef-st-title\" >\n\t\t\t\tFRP Acrylic Resin Skylight And Sidelight Panel\t\t\t<\/h3>\n\t\t\t\t    \t<\/div>\n<\/div>[vc_column_text]<\/p>\n<h5 class=\"x_MsoNormal\"><span style=\"color: #000000;\"><span lang=\"EN-CA\"><strong>Acrylit<\/strong> est fabriqu\u00e9 par Stabilit selon un processus de production continu. <\/span>Disponible dans les s\u00e9lections de profil\u00e9s et les couleurs les plus importantes.<\/span><\/h5>\n<h5 class=\"x_MsoNormal\"><span lang=\"EN-CA\" style=\"color: #000000;\"><strong>Stabilit<\/strong> a d\u00e9velopp\u00e9 un produit avec des caract\u00e9ristiques sp\u00e9ciales pour les environnements naturels difficiles tels que la gr\u00eale, la neige et le vent, ayant une plus grande r\u00e9sistance \u00e0 l&rsquo;impact qui repr\u00e9sente une meilleure performance devant ces revers.<\/span><\/h5>\n<h5 class=\"x_MsoNormal\"><span style=\"color: #000000;\"><span lang=\"EN-CA\"><strong>Acrylit High Performance<\/strong> offre une r\u00e9sistance exceptionnelle gr\u00e2ce \u00e0 une formulation int\u00e9gr\u00e9e exclusive de r\u00e9sine 100 % acrylique et de la technologie de verre Woven Roving.<\/span><\/span><\/h5>\n<p>[\/vc_column_text][vc_empty_space height=\u00a0\u00bb40px\u00a0\u00bb][\/vc_column][\/vc_row][vc_row gap=\u00a0\u00bb20&Prime;][vc_column width=\u00a0\u00bb1\/2&Prime;][vc_single_image image=\u00a0\u00bb7680&Prime; img_size=\u00a0\u00bbfull\u00a0\u00bb][vc_empty_space height=\u00a0\u00bb40px\u00a0\u00bb]<div class=\"qodef-section-title-holder  qodef-st-standard qodef-st-title-left qodef-st-normal-space \" >\n\t<div class=\"qodef-st-inner\">\n\t\t\t\t\t<h3 class=\"qodef-st-title\" >\n\t\t\t\tLight difusion\t\t\t<\/h3>\n\t\t\t\t    \t<\/div>\n<\/div>[vc_column_text]<\/p>\n<p class=\"x_MsoNormal\"><span lang=\"EN-CA\" style=\"color: #000000;\">La conception de l&rsquo;\u00e9clairage naturel peut permettre d&rsquo;\u00e9conomiser jusqu&rsquo;\u00e0 75 % des co\u00fbts d&rsquo;\u00e9clairage \u00e9lectrique. Il est scientifiquement prouv\u00e9 que la lumi\u00e8re naturelle am\u00e9liore la sant\u00e9, la productivit\u00e9 et les performances du personnel, ce qui permet \u00e9galement de r\u00e9aliser des \u00e9conomies. L&rsquo;acrylit assure une diffusion uniforme de la lumi\u00e8re avec un facteur de brouillard de 90 \u00e0 95 %.<\/span><\/p>\n<p class=\"x_MsoNormal\"><span style=\"color: #000000;\"><b>Application typique<\/b><\/span><\/p>\n<ul>\n<li><span style=\"color: #000000;\">Construction m\u00e9tallique B\u00e2timents industriels, entrep\u00f4ts<\/span><\/li>\n<li><span style=\"color: #000000;\">Entrep\u00f4ts commerciaux (supermarch\u00e9s)<\/span><\/li>\n<li><span style=\"color: #000000;\">Serres<\/span><\/li>\n<li><span lang=\"EN-CA\" style=\"color: #000000;\">Lanterneau architectural dans les complexes sportifs, h\u00f4tels, piscines, a\u00e9roports, etc.<\/span><\/li>\n<\/ul>\n<p>[\/vc_column_text][\/vc_column][vc_column width=\u00a0\u00bb1\/2&Prime;]<div class=\"qodef-section-title-holder  qodef-st-standard qodef-st-title-left qodef-st-normal-space \" >\n\t<div class=\"qodef-st-inner\">\n\t\t\t\t\t<h3 class=\"qodef-st-title\" >\n\t\t\t\tFeatures\t\t\t<\/h3>\n\t\t\t\t    \t<\/div>\n<\/div>[vc_column_text]<\/p>\n<ul>\n<li class=\"x_MsoNormal\"><span style=\"color: #000000;\">Illumination 100% naturelle<\/span><\/li>\n<li class=\"x_MsoNormal\"><span style=\"color: #000000;\">Non jaunissant<\/span><\/li>\n<li class=\"x_MsoNormal\"><span style=\"color: #000000;\">Pas de d\u00e9lamination<\/span><\/li>\n<li class=\"x_MsoNormal\"><span style=\"color: #000000;\">Excellente r\u00e9sistance aux chocs<\/span><\/li>\n<li class=\"x_MsoNormal\"><span style=\"color: #000000;\">Protection Gel Coat double face<\/span><\/li>\n<li class=\"x_MsoNormal\"><span style=\"color: #000000;\">Protection contre les UV<\/span><\/li>\n<li class=\"x_MsoNormal\"><span lang=\"EN-CA\" style=\"color: #000000;\">Excellente r\u00e9sistance aux conditions climatiques extr\u00eames (Acrylit High Impact)<\/span><\/li>\n<\/ul>\n<p>[\/vc_column_text][vc_empty_space height=\u00a0\u00bb40px\u00a0\u00bb]<div class=\"qodef-section-title-holder  qodef-st-standard qodef-st-title-left qodef-st-normal-space \" >\n\t<div class=\"qodef-st-inner\">\n\t\t\t\t\t<h3 class=\"qodef-st-title\" >\n\t\t\t\tBenefits\t\t\t<\/h3>\n\t\t\t\t    \t<\/div>\n<\/div>[vc_column_text]<\/p>\n<ul>\n<li><span style=\"color: #000000;\">Garantie de 10 ans contre le jaunissement<\/span><\/li>\n<li><span style=\"color: #000000;\">Garantie de 10 ans contre l&rsquo;efflorescence des fibres<\/span><\/li>\n<li><span style=\"color: #000000;\">Dur\u00e9e de vie prouv\u00e9e de plus de 20 ans<\/span><\/li>\n<li><span style=\"color: #000000;\">\u00c9conomies d&rsquo;\u00e9nergie<\/span><\/li>\n<li><span style=\"color: #000000;\">Pas de fuites<\/span><\/li>\n<li><span style=\"color: #000000;\">Soutien \u00e0 la culture du d\u00e9veloppement durable<\/span><\/li>\n<li><span style=\"color: #dd3333;\"><strong>Avantages de la lumi\u00e8re naturelle diffuse dans les b\u00e2timents commerciaux et industriels<\/strong><\/span><br \/>\n<span style=\"color: #000000;\">Pas de distorsion des couleurs, ce qui est important pour le contr\u00f4le de la qualit\u00e9 et\/ou le travail avec des mat\u00e9riaux dangereux. Am\u00e9liore la qualit\u00e9 du travail, r\u00e9duit les accidents, diminue les usines de rebuts, augmente les achats dans les magasins, etc.<\/span><\/li>\n<li><span style=\"color: #dd3333;\"><strong>Les avantages de la lumi\u00e8re naturelle diffuse dans l&rsquo;horticulture et les serres<\/strong><\/span><br \/>\n<span lang=\"EN-CA\" style=\"color: #000000;\">P\u00e9n\u00e8tre plus profond\u00e9ment pour une meilleure photosynth\u00e8se et favorise une meilleure croissance des plantes.<br aria-hidden=\"true\">Am\u00e9liore le rendement des cultures, augmente le nombre de feuilles, abaisse la temp\u00e9rature des cultures et raccourcit la dur\u00e9e des cultures.<\/span><\/li>\n<\/ul>\n<p>[\/vc_column_text][\/vc_column][\/vc_row][vc_row][vc_column][vc_empty_space height=\u00a0\u00bb40px\u00a0\u00bb][vc_separator color=\u00a0\u00bbblack\u00a0\u00bb][vc_empty_space height=\u00a0\u00bb40px\u00a0\u00bb][\/vc_column][\/vc_row][vc_row][vc_column]<div class=\"qodef-section-title-holder  qodef-st-standard qodef-st-title-left qodef-st-normal-space \" >\n\t<div class=\"qodef-st-inner\">\n\t\t\t\t\t<h3 class=\"qodef-st-title\" >\n\t\t\t\tCONTACT US TO ORDER\t\t\t<\/h3>\n\t\t\t\t    \t<\/div>\n<\/div>[vc_column_text]<\/p>\n<div class=\"wpb_text_column wpb_content_element \">\n<div class=\"wpb_wrapper\">\n<h4><strong><span style=\"color: #000000;\">Montr\u00e9al : <\/span><span style=\"color: #dd3333;\"><br \/>\n  <a style=\"color: #dd3333;\" href=\"tel:+5146408926\">514 640-8926<\/a><\/p>\n<p><\/span><span style=\"color: #000000;\">Sans frais : <\/span><span style=\"color: #dd3333;\"><br \/>\n  <a style=\"color: #dd3333;\" href=\"tel:+1-877-640-8928\">1-877-640-8928<\/a><\/p>\n<p><\/span><span style=\"color: #000000;\">Courrier :<\/span><span style=\"color: #000000;\"> <\/span><span style=\"color: #000000;\"><br \/>\n  <span style=\"color: #dd3333;\"><br \/>\n    <a style=\"color: #dd3333;\" href=\"mailto:info@colico.ca\">info@colico.ca<\/a><br \/>\n  <\/span><br \/>\n<\/span><\/strong><\/h4>\n<\/div>\n<\/div>\n<p>[\/vc_column_text][vc_empty_space height=\u00a0\u00bb20px\u00a0\u00bb][\/vc_column][\/vc_row][vc_row disable_element=\u00a0\u00bbyes\u00a0\u00bb][vc_column]<div class=\"qodef-section-title-holder  qodef-st-standard qodef-st-title-left qodef-st-normal-space \" >\n\t<div class=\"qodef-st-inner\">\n\t\t\t\t\t<h3 class=\"qodef-st-title\" >\n\t\t\t\tDescription and Technical Information\t\t\t<\/h3>\n\t\t\t\t    \t<\/div>\n<\/div>[vc_empty_space height=\u00a0\u00bb20px\u00a0\u00bb][vc_row_inner content_text_aligment=\u00a0\u00bbleft\u00a0\u00bb][vc_column_inner width=\u00a0\u00bb1\/2&Prime; offset=\u00a0\u00bbvc_col-lg-5 vc_col-md-5&Prime;][vc_column_text css=\u00a0\u00bb.vc_custom_1662667919083{background-position: center !important;background-repeat: no-repeat !important;background-size: cover !important;}\u00a0\u00bb]<a itemprop=\"url\" href=\"#\" target=\"_self\" style=\"color: #fff;background-color: #000;font-size: 16px;font-weight: 400;margin: 0px 0px 10px 0px\" class=\"qodef-btn qodef-btn-medium qodef-btn-solid qodef-btn-custom-hover-bg qodef-btn-custom-hover-color\" data-hover-color=\"#fff\" data-hover-bg-color=\"#d11317\" >\n    <span class=\"qodef-btn-line-holder\">\n        <span class=\"qodef-btn-line-top\"><\/span>\n        <span class=\"qodef-btn-line\"><\/span>\n        <span class=\"qodef-btn-line-bottom\"><\/span>\n    <\/span>\n        <span class=\"qodef-btn-text\">Boutons \u00e0 \u00e9diter<\/span>\n<\/a>[\/vc_column_text][\/vc_column_inner][vc_column_inner width=\u00a0\u00bb1\/2&Prime; offset=\u00a0\u00bbvc_col-lg-5 vc_col-md-5&Prime;][vc_column_text][\/vc_column_text][\/vc_column_inner][\/vc_row_inner][vc_empty_space height=\u00a0\u00bb40px\u00a0\u00bb][\/vc_column][\/vc_row][vc_row][vc_column][\/vc_column][vc_column][vc_empty_space height=\u00a0\u00bb20px\u00a0\u00bb][vc_row_inner gap=\u00a0\u00bb20&Prime; disable_element=\u00a0\u00bbyes\u00a0\u00bb el_id=\u00a0\u00bbGrille de cat\u00e9gories de produits\u00a0\u00bb][vc_column_inner width=\u00a0\u00bb1\/5&Prime; css=\u00a0\u00bb.vc_custom_1662659640994{margin-left: 0px !important;padding-right: 0px !important;padding-left: 0px !important;}\u00a0\u00bb]<div class=\"qodef-banner-holder overlay qodef-visible-on-hover qodef-banner-info-bottom-left \">\n    <div class=\"qodef-banner-image\">\n        <img loading=\"lazy\" decoding=\"async\" width=\"355\" height=\"356\" src=\"https:\/\/colico.ca\/wp-content\/uploads\/2022\/09\/Capture-de\u0301cran-le-2022-09-08-a\u0300-16.29.47-1.png\" class=\"attachment-full size-full\" alt=\"Capture d\u2019e\u0301cran,\" srcset=\"https:\/\/colico.ca\/wp-content\/uploads\/2022\/09\/Capture-de\u0301cran-le-2022-09-08-a\u0300-16.29.47-1.png 355w, https:\/\/colico.ca\/wp-content\/uploads\/2022\/09\/Capture-de\u0301cran-le-2022-09-08-a\u0300-16.29.47-1-300x300.png 300w, https:\/\/colico.ca\/wp-content\/uploads\/2022\/09\/Capture-de\u0301cran-le-2022-09-08-a\u0300-16.29.47-1-150x150.png 150w, https:\/\/colico.ca\/wp-content\/uploads\/2022\/09\/Capture-de\u0301cran-le-2022-09-08-a\u0300-16.29.47-1-100x100.png 100w\" sizes=\"auto, (max-width: 355px) 100vw, 355px\" \/>    <\/div>\n    <div class=\"qodef-banner-text-holder\">\n\t    <div class=\"qodef-banner-text-outer\">\n\t\t    <div class=\"qodef-banner-text-inner\">\n\t\t        \t\t            <h4 class=\"qodef-banner-subtitle\" style=\"color: #000000\">\n\t\t\t            FRP Wall Panels\t\t            <\/h4>\n\t\t        \t\t        \t\t\t\t                \t\t\t<\/div>\n\t\t<\/div>\n        <div class=\"qodef-banner-overlay\" style=\"background-color: rgba(0,0,0,0.5)\"><\/div>\n\t<\/div>\n\t        <a itemprop=\"url\" class=\"qodef-banner-link\" href=\"https:\/\/www.grahamfrp.com\/en\/brand\/glasliner-exceliner\/wall-panels\/\" target=\"_self\"><\/a>\n                <div class=\"qodef-banner-badge-holder\">\n\t\t\t                <span class=\"qodef-banner-badge-text\">\n                    BUY ONLINE                <\/span>\n\t\t\t                    <\/div>\n    <\/div>[\/vc_column_inner][vc_column_inner width=\u00a0\u00bb1\/5&Prime; css=\u00a0\u00bb.vc_custom_1662659463012{padding-right: 0px !important;padding-left: 0px !important;}\u00a0\u00bb]<div class=\"qodef-banner-holder overlay qodef-visible-on-hover qodef-banner-info-bottom-left \">\n    <div class=\"qodef-banner-image\">\n        <img loading=\"lazy\" decoding=\"async\" width=\"638\" height=\"638\" src=\"https:\/\/colico.ca\/wp-content\/uploads\/2022\/09\/glasliner-ceiling-tiles-1-1.jpeg\" class=\"attachment-full size-full\" alt=\"glasliner-ceiling-tiles-1\" srcset=\"https:\/\/colico.ca\/wp-content\/uploads\/2022\/09\/glasliner-ceiling-tiles-1-1.jpeg 638w, https:\/\/colico.ca\/wp-content\/uploads\/2022\/09\/glasliner-ceiling-tiles-1-1-300x300.jpeg 300w, https:\/\/colico.ca\/wp-content\/uploads\/2022\/09\/glasliner-ceiling-tiles-1-1-150x150.jpeg 150w, https:\/\/colico.ca\/wp-content\/uploads\/2022\/09\/glasliner-ceiling-tiles-1-1-600x600.jpeg 600w, https:\/\/colico.ca\/wp-content\/uploads\/2022\/09\/glasliner-ceiling-tiles-1-1-100x100.jpeg 100w\" sizes=\"auto, (max-width: 638px) 100vw, 638px\" \/>    <\/div>\n    <div class=\"qodef-banner-text-holder\">\n\t    <div class=\"qodef-banner-text-outer\">\n\t\t    <div class=\"qodef-banner-text-inner\">\n\t\t        \t\t            <h4 class=\"qodef-banner-subtitle\" style=\"color: #000000\">\n\t\t\t            FRP Ceiling Tiles\t\t            <\/h4>\n\t\t        \t\t        \t\t\t\t                \t\t\t<\/div>\n\t\t<\/div>\n        <div class=\"qodef-banner-overlay\" style=\"background-color: rgba(0,0,0,0.5)\"><\/div>\n\t<\/div>\n\t        <a itemprop=\"url\" class=\"qodef-banner-link\" href=\"https:\/\/www.grahamfrp.com\/en\/brand\/glasliner-ceiling-tiles\/\" target=\"_self\"><\/a>\n                <div class=\"qodef-banner-badge-holder\">\n\t\t\t                <span class=\"qodef-banner-badge-text\">\n                    BUY ONLINE                <\/span>\n\t\t\t                    <\/div>\n    <\/div>[\/vc_column_inner][vc_column_inner width=\u00a0\u00bb1\/5&Prime; css=\u00a0\u00bb.vc_custom_1662659470010{padding-right: 0px !important;padding-left: 0px !important;}\u00a0\u00bb]<div class=\"qodef-banner-holder overlay qodef-visible-on-hover qodef-banner-info-bottom-left \">\n    <div class=\"qodef-banner-image\">\n        <img loading=\"lazy\" decoding=\"async\" width=\"600\" height=\"600\" src=\"https:\/\/colico.ca\/wp-content\/uploads\/2022\/07\/Menu_Adhesive.jpg\" class=\"attachment-full size-full\" alt=\"Construction,Mason,Man,Hands,On,Tiles,Work\" srcset=\"https:\/\/colico.ca\/wp-content\/uploads\/2022\/07\/Menu_Adhesive.jpg 600w, https:\/\/colico.ca\/wp-content\/uploads\/2022\/07\/Menu_Adhesive-300x300.jpg 300w, https:\/\/colico.ca\/wp-content\/uploads\/2022\/07\/Menu_Adhesive-150x150.jpg 150w, https:\/\/colico.ca\/wp-content\/uploads\/2022\/07\/Menu_Adhesive-100x100.jpg 100w\" sizes=\"auto, (max-width: 600px) 100vw, 600px\" \/>    <\/div>\n    <div class=\"qodef-banner-text-holder\">\n\t    <div class=\"qodef-banner-text-outer\">\n\t\t    <div class=\"qodef-banner-text-inner\">\n\t\t        \t\t            <h4 class=\"qodef-banner-subtitle\" style=\"color: #000000\">\n\t\t\t            Acessories\t\t            <\/h4>\n\t\t        \t\t        \t\t\t\t                \t\t\t<\/div>\n\t\t<\/div>\n        <div class=\"qodef-banner-overlay\" style=\"background-color: rgba(0,0,0,0.5)\"><\/div>\n\t<\/div>\n\t        <a itemprop=\"url\" class=\"qodef-banner-link\" href=\"https:\/\/colico.ca\/product-category\/panels\/acrylic-fiberglass-polycarbonate-panels\/stabilit-accessories\/\" target=\"_self\"><\/a>\n                <div class=\"qodef-banner-badge-holder\">\n\t\t\t                <span class=\"qodef-banner-badge-text\">\n                    BUY ONLINE                <\/span>\n\t\t\t                    <\/div>\n    <\/div>[\/vc_column_inner][vc_column_inner width=\u00a0\u00bb2\/5&Prime; css=\u00a0\u00bb.vc_custom_1662659479111{padding-right: 0px !important;padding-left: 0px !important;}\u00a0\u00bb][vc_column_text]<span style=\"color: #000000;\">Nous avons en stock des feuilles blanches textur\u00e9es de classe \u00ab\u00a0C\u00a0\u00bb de 4&prime; X 8&prime; et 4&prime; X 10&prime; et tous les accessoires n\u00e9cessaires.<\/span><br \/>\n<span style=\"color: #000000;\">Cash and carry \u00e0 notre entrep\u00f4t de Montr\u00e9al ou appelez-nous pour conna\u00eetre les tarifs de livraison.<\/span><br \/>\n<span style=\"color: #000000;\">**Autres couleurs \/ Classe \u00a0\u00bbA\u00a0\u00bb \/ dalles de plafond \/ et finition lisse disponibles sur demande**.<\/span>[\/vc_column_text][vc_column_text]<\/p>\n<h4 class=\"has-white-color has-text-color\"><span style=\"color: #000000;\">Contactez-nous pour commander :<br \/>\n<\/span><span style=\"color: #dd3333;\"><br \/>\n  <a style=\"color: #dd3333;\" href=\"tel:+5146408926\">514 640-8926<\/a><br \/>\n<\/span><span style=\"color: #000000;\"> &#8211; <span style=\"color: #dd3333;\"><a style=\"color: #dd3333;\" href=\"mailto:info@colico.ca\">info@colico.ca<\/a><\/span><\/span><\/h4>\n<p>[\/vc_column_text][\/vc_column_inner][\/vc_row_inner][vc_empty_space height=\u00a0\u00bb40px\u00a0\u00bb][\/vc_column][\/vc_row]<\/p>\n","protected":false},"excerpt":{"rendered":"<p>[vc_row][vc_column][vc_empty_space height=\u00a0\u00bb40px\u00a0\u00bb][\/vc_column][\/vc_row][vc_row content_placement=\u00a0\u00bbmiddle\u00a0\u00bb content_text_aligment=\u00a0\u00bbleft\u00a0\u00bb][vc_column width=\u00a0\u00bb1\/4&Prime;][vc_single_image image=\u00a0\u00bb7674&Prime; img_size=\u00a0\u00bblarge\u00a0\u00bb add_caption=\u00a0\u00bbyes\u00a0\u00bb onclick=\u00a0\u00bbcustom_link\u00a0\u00bb css=\u00a0\u00bb.vc_custom_1666105033434{background-position: center !important;background-repeat: no-repeat !important;background-size: contain !important;}\u00a0\u00bb][\/vc_column][vc_column width=\u00a0\u00bb1\/4&Prime;][\/vc_column][\/vc_row][vc_row][vc_column][vc_empty_space height=\u00a0\u00bb40px\u00a0\u00bb][vc_column_text] Acrylit est fabriqu\u00e9 par Stabilit selon un processus de production continu. Disponible dans les s\u00e9lections de profil\u00e9s et les couleurs les plus [&hellip;]<\/p>\n","protected":false},"author":2,"featured_media":0,"parent":0,"menu_order":0,"comment_status":"closed","ping_status":"closed","template":"","meta":{"footnotes":""},"class_list":["post-11135","page","type-page","status-publish","hentry"],"yoast_head":"<!-- This site is optimized with the Yoast SEO plugin v27.4 - https:\/\/yoast.com\/product\/yoast-seo-wordpress\/ -->\n<title>Stabilit - Acrylique - Colico<\/title>\n<meta name=\"robots\" content=\"index, follow, max-snippet:-1, max-image-preview:large, max-video-preview:-1\" \/>\n<link rel=\"canonical\" href=\"https:\/\/colico.ca\/fr\/stabilit-acrylique\/\" \/>\n<meta property=\"og:locale\" content=\"fr_FR\" \/>\n<meta property=\"og:type\" content=\"article\" \/>\n<meta property=\"og:title\" content=\"Stabilit - Acrylique - Colico\" \/>\n<meta property=\"og:description\" content=\"[vc_row][vc_column][vc_empty_space height=\u00a0\u00bb40px\u00a0\u00bb][\/vc_column][\/vc_row][vc_row content_placement=\u00a0\u00bbmiddle\u00a0\u00bb content_text_aligment=\u00a0\u00bbleft\u00a0\u00bb][vc_column width=\u00a0\u00bb1\/4&Prime;][vc_single_image image=\u00a0\u00bb7674&Prime; img_size=\u00a0\u00bblarge\u00a0\u00bb add_caption=\u00a0\u00bbyes\u00a0\u00bb onclick=\u00a0\u00bbcustom_link\u00a0\u00bb css=\u00a0\u00bb.vc_custom_1666105033434{background-position: center !important;background-repeat: no-repeat !important;background-size: contain !important;}\u00a0\u00bb][\/vc_column][vc_column width=\u00a0\u00bb1\/4&Prime;][\/vc_column][\/vc_row][vc_row][vc_column][vc_empty_space height=\u00a0\u00bb40px\u00a0\u00bb][vc_column_text] Acrylit est fabriqu\u00e9 par Stabilit selon un processus de production continu. Disponible dans les s\u00e9lections de profil\u00e9s et les couleurs les plus [&hellip;]\" \/>\n<meta property=\"og:url\" content=\"https:\/\/colico.ca\/fr\/stabilit-acrylique\/\" \/>\n<meta property=\"og:site_name\" content=\"Colico\" \/>\n<meta property=\"article:modified_time\" content=\"2023-02-08T15:11:16+00:00\" \/>\n<meta name=\"twitter:card\" content=\"summary_large_image\" \/>\n<meta name=\"twitter:label1\" content=\"Dur\u00e9e de lecture estim\u00e9e\" \/>\n\t<meta name=\"twitter:data1\" content=\"6 minutes\" \/>\n<script type=\"application\/ld+json\" class=\"yoast-schema-graph\">{\"@context\":\"https:\\\/\\\/schema.org\",\"@graph\":[{\"@type\":\"WebPage\",\"@id\":\"https:\\\/\\\/colico.ca\\\/fr\\\/stabilit-acrylique\\\/\",\"url\":\"https:\\\/\\\/colico.ca\\\/fr\\\/stabilit-acrylique\\\/\",\"name\":\"Stabilit - Acrylique - Colico\",\"isPartOf\":{\"@id\":\"https:\\\/\\\/colico.ca\\\/#website\"},\"datePublished\":\"2022-10-18T14:53:04+00:00\",\"dateModified\":\"2023-02-08T15:11:16+00:00\",\"breadcrumb\":{\"@id\":\"https:\\\/\\\/colico.ca\\\/fr\\\/stabilit-acrylique\\\/#breadcrumb\"},\"inLanguage\":\"fr-FR\",\"potentialAction\":[{\"@type\":\"ReadAction\",\"target\":[\"https:\\\/\\\/colico.ca\\\/fr\\\/stabilit-acrylique\\\/\"]}]},{\"@type\":\"BreadcrumbList\",\"@id\":\"https:\\\/\\\/colico.ca\\\/fr\\\/stabilit-acrylique\\\/#breadcrumb\",\"itemListElement\":[{\"@type\":\"ListItem\",\"position\":1,\"name\":\"Home\",\"item\":\"https:\\\/\\\/colico.ca\\\/fr\\\/accueil-principal\\\/\"},{\"@type\":\"ListItem\",\"position\":2,\"name\":\"Stabilit &#8211; Acrylique\"}]},{\"@type\":\"WebSite\",\"@id\":\"https:\\\/\\\/colico.ca\\\/#website\",\"url\":\"https:\\\/\\\/colico.ca\\\/\",\"name\":\"Colico\",\"description\":\"Produits architecturaux\",\"potentialAction\":[{\"@type\":\"SearchAction\",\"target\":{\"@type\":\"EntryPoint\",\"urlTemplate\":\"https:\\\/\\\/colico.ca\\\/?s={search_term_string}\"},\"query-input\":{\"@type\":\"PropertyValueSpecification\",\"valueRequired\":true,\"valueName\":\"search_term_string\"}}],\"inLanguage\":\"fr-FR\"}]}<\/script>\n<!-- \/ Yoast SEO plugin. -->","yoast_head_json":{"title":"Stabilit - Acrylique - Colico","robots":{"index":"index","follow":"follow","max-snippet":"max-snippet:-1","max-image-preview":"max-image-preview:large","max-video-preview":"max-video-preview:-1"},"canonical":"https:\/\/colico.ca\/fr\/stabilit-acrylique\/","og_locale":"fr_FR","og_type":"article","og_title":"Stabilit - Acrylique - Colico","og_description":"[vc_row][vc_column][vc_empty_space height=\u00a0\u00bb40px\u00a0\u00bb][\/vc_column][\/vc_row][vc_row content_placement=\u00a0\u00bbmiddle\u00a0\u00bb content_text_aligment=\u00a0\u00bbleft\u00a0\u00bb][vc_column width=\u00a0\u00bb1\/4&Prime;][vc_single_image image=\u00a0\u00bb7674&Prime; img_size=\u00a0\u00bblarge\u00a0\u00bb add_caption=\u00a0\u00bbyes\u00a0\u00bb onclick=\u00a0\u00bbcustom_link\u00a0\u00bb css=\u00a0\u00bb.vc_custom_1666105033434{background-position: center !important;background-repeat: no-repeat !important;background-size: contain !important;}\u00a0\u00bb][\/vc_column][vc_column width=\u00a0\u00bb1\/4&Prime;][\/vc_column][\/vc_row][vc_row][vc_column][vc_empty_space height=\u00a0\u00bb40px\u00a0\u00bb][vc_column_text] Acrylit est fabriqu\u00e9 par Stabilit selon un processus de production continu. Disponible dans les s\u00e9lections de profil\u00e9s et les couleurs les plus [&hellip;]","og_url":"https:\/\/colico.ca\/fr\/stabilit-acrylique\/","og_site_name":"Colico","article_modified_time":"2023-02-08T15:11:16+00:00","twitter_card":"summary_large_image","twitter_misc":{"Dur\u00e9e de lecture estim\u00e9e":"6 minutes"},"schema":{"@context":"https:\/\/schema.org","@graph":[{"@type":"WebPage","@id":"https:\/\/colico.ca\/fr\/stabilit-acrylique\/","url":"https:\/\/colico.ca\/fr\/stabilit-acrylique\/","name":"Stabilit - Acrylique - Colico","isPartOf":{"@id":"https:\/\/colico.ca\/#website"},"datePublished":"2022-10-18T14:53:04+00:00","dateModified":"2023-02-08T15:11:16+00:00","breadcrumb":{"@id":"https:\/\/colico.ca\/fr\/stabilit-acrylique\/#breadcrumb"},"inLanguage":"fr-FR","potentialAction":[{"@type":"ReadAction","target":["https:\/\/colico.ca\/fr\/stabilit-acrylique\/"]}]},{"@type":"BreadcrumbList","@id":"https:\/\/colico.ca\/fr\/stabilit-acrylique\/#breadcrumb","itemListElement":[{"@type":"ListItem","position":1,"name":"Home","item":"https:\/\/colico.ca\/fr\/accueil-principal\/"},{"@type":"ListItem","position":2,"name":"Stabilit &#8211; Acrylique"}]},{"@type":"WebSite","@id":"https:\/\/colico.ca\/#website","url":"https:\/\/colico.ca\/","name":"Colico","description":"Produits architecturaux","potentialAction":[{"@type":"SearchAction","target":{"@type":"EntryPoint","urlTemplate":"https:\/\/colico.ca\/?s={search_term_string}"},"query-input":{"@type":"PropertyValueSpecification","valueRequired":true,"valueName":"search_term_string"}}],"inLanguage":"fr-FR"}]}},"_links":{"self":[{"href":"https:\/\/colico.ca\/fr\/wp-json\/wp\/v2\/pages\/11135","targetHints":{"allow":["GET"]}}],"collection":[{"href":"https:\/\/colico.ca\/fr\/wp-json\/wp\/v2\/pages"}],"about":[{"href":"https:\/\/colico.ca\/fr\/wp-json\/wp\/v2\/types\/page"}],"author":[{"embeddable":true,"href":"https:\/\/colico.ca\/fr\/wp-json\/wp\/v2\/users\/2"}],"replies":[{"embeddable":true,"href":"https:\/\/colico.ca\/fr\/wp-json\/wp\/v2\/comments?post=11135"}],"version-history":[{"count":2,"href":"https:\/\/colico.ca\/fr\/wp-json\/wp\/v2\/pages\/11135\/revisions"}],"predecessor-version":[{"id":11161,"href":"https:\/\/colico.ca\/fr\/wp-json\/wp\/v2\/pages\/11135\/revisions\/11161"}],"wp:attachment":[{"href":"https:\/\/colico.ca\/fr\/wp-json\/wp\/v2\/media?parent=11135"}],"curies":[{"name":"wp","href":"https:\/\/api.w.org\/{rel}","templated":true}]}}