{"id":11090,"date":"2022-09-09T15:29:36","date_gmt":"2022-09-09T15:29:36","guid":{"rendered":"https:\/\/colico.ca\/steni-vision\/"},"modified":"2023-02-21T18:11:56","modified_gmt":"2023-02-21T18:11:56","slug":"steni-vision","status":"publish","type":"page","link":"https:\/\/colico.ca\/fr\/steni-vision\/","title":{"rendered":"Steni &#8211; Vision"},"content":{"rendered":"<p>[vc_row][vc_column][vc_empty_space height=\u00a0\u00bb20px\u00a0\u00bb][\/vc_column][\/vc_row][vc_row content_placement=\u00a0\u00bbmiddle\u00a0\u00bb content_text_aligment=\u00a0\u00bbleft\u00a0\u00bb css=\u00a0\u00bb.vc_custom_1666745007053{margin-right: 50px !important;padding-right: 50px !important;}\u00a0\u00bb][vc_column width=\u00a0\u00bb1\/6&Prime; offset=\u00a0\u00bbvc_col-xs-6&Prime;][vc_single_image image=\u00a0\u00bb6834&Prime; add_caption=\u00a0\u00bbyes\u00a0\u00bb onclick=\u00a0\u00bbcustom_link\u00a0\u00bb link=\u00a0\u00bbhttps:\/\/www.steni.com\/\u00a0\u00bb css=\u00a0\u00bb.vc_custom_1661523001595{background-position: center !important;background-repeat: no-repeat !important;background-size: cover !important;}\u00a0\u00bb][\/vc_column][vc_column width=\u00a0\u00bb1\/2&Prime; offset=\u00a0\u00bbvc_col-xs-6&Prime;]<a itemprop=\"url\" href=\"https:\/\/www.steni.com\/\" target=\"_self\" style=\"color: #ffffff;background-color: #000000;font-size: 14px;font-weight: 400\" class=\"qodef-btn qodef-btn-small qodef-btn-solid qodef-btn-custom-hover-bg qodef-btn-custom-hover-color\" data-hover-color=\"#ffffff\" data-hover-bg-color=\"#dd3333\" >\n    <span class=\"qodef-btn-line-holder\">\n        <span class=\"qodef-btn-line-top\"><\/span>\n        <span class=\"qodef-btn-line\"><\/span>\n        <span class=\"qodef-btn-line-bottom\"><\/span>\n    <\/span>\n        <span class=\"qodef-btn-text\">Visitez le site web de Steni<\/span>\n<\/a>[\/vc_column][\/vc_row][vc_row][vc_column][vc_column_text]<\/p>\n<h5 class=\"x_MsoNormal\">Avec les panneaux de fa\u00e7ade <strong>Steni Vision<\/strong> 6 mm, nous vous donnons la possibilit\u00e9 de cr\u00e9er quelque chose de compl\u00e8tement nouveau et unique gr\u00e2ce \u00e0 l&rsquo;impression de surface avanc\u00e9e. Avec Steni Vision, vous pouvez combiner fonctionnalit\u00e9 et qualit\u00e9 avec cr\u00e9ativit\u00e9, car les possibilit\u00e9s de conception sont presque infinies. Les panneaux de fa\u00e7ade Steni sont livr\u00e9s avec des bords blancs en standard. Les panneaux peuvent \u00eatre fournis avec des bords fonc\u00e9s moyennant un co\u00fbt suppl\u00e9mentaire.<\/h5>\n<p>[\/vc_column_text][\/vc_column][\/vc_row][vc_row gap=\u00a0\u00bb20&Prime;][vc_column width=\u00a0\u00bb1\/2&Prime;][vc_empty_space height=\u00a0\u00bb20px\u00a0\u00bb][vc_single_image image=\u00a0\u00bb7777&Prime; img_size=\u00a0\u00bbfull\u00a0\u00bb][\/vc_column][vc_column width=\u00a0\u00bb1\/2&Prime;][vc_empty_space height=\u00a0\u00bb20px\u00a0\u00bb]<div class=\"qodef-section-title-holder  qodef-st-standard qodef-st-title-left qodef-st-normal-space \" >\n\t<div class=\"qodef-st-inner\">\n\t\t\t\t\t<h3 class=\"qodef-st-title\" >\n\t\t\t\tAvantages\t\t\t<\/h3>\n\t\t\t\t    \t<\/div>\n<\/div>[vc_column_text]<\/p>\n<ul>\n<li><span style=\"color: #000000;\">Fabriqu\u00e9 en composite de pierre qui n\u00e9cessite un entretien minimal, <strong>Steni Vision<\/strong> b\u00e9n\u00e9ficie d&rsquo;une garantie fonctionnelle de 60 ans. Avec ces panneaux de fa\u00e7ade, vous obtenez une surface robuste et durable, qui reste belle ann\u00e9e apr\u00e8s ann\u00e9e.<\/span><\/li>\n<li><span style=\"color: #000000;\"><strong>Steni Vision Standard<\/strong>: Nous avons d\u00e9velopp\u00e9 une collection de 64 d\u00e9cors diff\u00e9rents dans une gamme de couleurs et d&rsquo;expressions diverses, comme la nature et le m\u00e9tal.<\/span><\/li>\n<li><span style=\"color: #000000;\"><strong>Steni Vision Custom<\/strong>: Vous souhaitez cr\u00e9er un design totalement unique ? C&rsquo;est ce que nous pouvons faire avec Steni Vision Custom. Vous pouvez alors utiliser vos propres images ou illustrations que nous vous aidons \u00e0 adapter au format grande \u00e9chelle.<\/span><\/li>\n<\/ul>\n<p>[\/vc_column_text][vc_empty_space height=\u00a0\u00bb20px\u00a0\u00bb]<a itemprop=\"url\" href=\"https:\/\/www.steni.com\/docs\/steni.co.uk\/08_brochures\/04_designs%20&#038;%20patternes_en_0222.pdf\" target=\"_self\" style=\"color: #ffffff;background-color: #000000;font-size: 16px;font-weight: 400\" class=\"qodef-btn qodef-btn-medium qodef-btn-solid qodef-btn-custom-hover-bg qodef-btn-custom-hover-color\" data-hover-color=\"#ffffff\" data-hover-bg-color=\"#dd3333\" >\n    <span class=\"qodef-btn-line-holder\">\n        <span class=\"qodef-btn-line-top\"><\/span>\n        <span class=\"qodef-btn-line\"><\/span>\n        <span class=\"qodef-btn-line-bottom\"><\/span>\n    <\/span>\n        <span class=\"qodef-btn-text\">Galerie de couleurs et motifs<\/span>\n<\/a>[vc_empty_space height=\u00a0\u00bb40px\u00a0\u00bb][vc_separator color=\u00a0\u00bbblack\u00a0\u00bb][vc_empty_space height=\u00a0\u00bb40px\u00a0\u00bb]<div class=\"qodef-section-title-holder  qodef-st-standard qodef-st-title-left qodef-st-normal-space \" >\n\t<div class=\"qodef-st-inner\">\n\t\t\t\t\t<h3 class=\"qodef-st-title\" >\n\t\t\t\tContactez-nous pour commander des \u00e9chantillons.\t\t\t<\/h3>\n\t\t\t\t    \t<\/div>\n<\/div>[vc_column_text]<\/p>\n<h4><strong><span style=\"color: #000000;\">Montr\u00e9al :\u00a0<\/span><span style=\"color: #dd3333;\"><a style=\"color: #dd3333;\" href=\"tel:+5146408926\">514 640-8926<\/a><br \/>\n<\/span><\/strong><strong><span style=\"color: #000000;\">Sans frais :\u00a0<\/span><span style=\"color: #dd3333;\"><a style=\"color: #dd3333;\" href=\"tel:+1-877-640-8928\">1-877-640-8928<\/a><br \/>\n<\/span><\/strong><strong><span style=\"color: #000000;\">Courrier :\u00a0<\/span><span style=\"color: #000000;\"><span style=\"color: #dd3333;\"><a style=\"color: #dd3333;\" href=\"mailto:info@colico.ca\">info@colico.ca<\/a><br \/>\n<\/span><br \/>\n<\/span><\/strong><\/h4>\n<p>[\/vc_column_text][\/vc_column][\/vc_row][vc_row][vc_column][vc_empty_space height=\u00a0\u00bb40px\u00a0\u00bb][\/vc_column][\/vc_row][vc_row disable_element=\u00a0\u00bbyes\u00a0\u00bb][vc_column][vc_row_inner][vc_column_inner][vc_empty_space height=\u00a0\u00bb40px\u00a0\u00bb][\/vc_column_inner][\/vc_row_inner]<div class=\"qodef-section-title-holder  qodef-st-standard qodef-st-title-left qodef-st-normal-space \" >\n\t<div class=\"qodef-st-inner\">\n\t\t\t\t\t<h3 class=\"qodef-st-title\" >\n\t\t\t\tShop Vision Facade Panels\t\t\t<\/h3>\n\t\t\t\t    \t<\/div>\n<\/div>[vc_empty_space height=\u00a0\u00bb20px\u00a0\u00bb][\/vc_column][\/vc_row][vc_row disable_element=\u00a0\u00bbyes\u00a0\u00bb][vc_column width=\u00a0\u00bb1\/4&Prime;][vc_single_image image=\u00a0\u00bb6432&Prime; img_size=\u00a0\u00bb\u00a0\u00bb][vc_empty_space height=\u00a0\u00bb20px\u00a0\u00bb][\/vc_column][vc_column width=\u00a0\u00bb1\/4&Prime;]<a itemprop=\"url\" href=\"https:\/\/www.steni.com\/docs\/steni.co.uk\/08_brochures\/04_designs%20&#038;%20patternes_en_0222.pdf\" target=\"_self\" style=\"color: #ffffff;background-color: #000000;font-size: 16px;font-weight: 400\" class=\"qodef-btn qodef-btn-medium qodef-btn-solid qodef-btn-custom-hover-bg qodef-btn-custom-hover-color\" data-hover-color=\"#ffffff\" data-hover-bg-color=\"#dd3333\" >\n    <span class=\"qodef-btn-line-holder\">\n        <span class=\"qodef-btn-line-top\"><\/span>\n        <span class=\"qodef-btn-line\"><\/span>\n        <span class=\"qodef-btn-line-bottom\"><\/span>\n    <\/span>\n        <span class=\"qodef-btn-text\">Standard Vision Colors And Patterns Chart<\/span>\n<\/a>[vc_column_text]<\/p>\n<h4 class=\"has-white-color has-text-color\"><span style=\"color: #000000;\">Contactez-nous pour commander :<br \/>\n<\/span><span style=\"color: #dd3333;\"><br \/>\n<a style=\"color: #dd3333;\" href=\"tel:+5146408926\">514 640-8926<\/a><br \/>\n<\/span><span style=\"color: #000000;\"> &#8211; <span style=\"color: #dd3333;\"><a style=\"color: #dd3333;\" href=\"mailto:info@colico.ca\">info@colico.ca<\/a><\/span><\/span><\/h4>\n<p>[\/vc_column_text][vc_empty_space height=\u00a0\u00bb40px\u00a0\u00bb][\/vc_column][vc_column width=\u00a0\u00bb1\/4&Prime;][\/vc_column][vc_column width=\u00a0\u00bb1\/4&Prime;][\/vc_column][\/vc_row]<\/p>\n","protected":false},"excerpt":{"rendered":"<p>[vc_row][vc_column][vc_empty_space height=\u00a0\u00bb20px\u00a0\u00bb][\/vc_column][\/vc_row][vc_row content_placement=\u00a0\u00bbmiddle\u00a0\u00bb content_text_aligment=\u00a0\u00bbleft\u00a0\u00bb css=\u00a0\u00bb.vc_custom_1666745007053{margin-right: 50px !important;padding-right: 50px !important;}\u00a0\u00bb][vc_column width=\u00a0\u00bb1\/6&Prime; offset=\u00a0\u00bbvc_col-xs-6&Prime;][vc_single_image image=\u00a0\u00bb6834&Prime; add_caption=\u00a0\u00bbyes\u00a0\u00bb onclick=\u00a0\u00bbcustom_link\u00a0\u00bb link=\u00a0\u00bbhttps:\/\/www.steni.com\/\u00a0\u00bb css=\u00a0\u00bb.vc_custom_1661523001595{background-position: center !important;background-repeat: no-repeat !important;background-size: cover !important;}\u00a0\u00bb][\/vc_column][vc_column width=\u00a0\u00bb1\/2&Prime; offset=\u00a0\u00bbvc_col-xs-6&Prime;][\/vc_column][\/vc_row][vc_row][vc_column][vc_column_text] Avec les panneaux de fa\u00e7ade Steni Vision 6 mm, nous vous donnons la possibilit\u00e9 de cr\u00e9er [&hellip;]<\/p>\n","protected":false},"author":2,"featured_media":0,"parent":0,"menu_order":0,"comment_status":"closed","ping_status":"closed","template":"","meta":{"footnotes":""},"class_list":["post-11090","page","type-page","status-publish","hentry"],"yoast_head":"<!-- This site is optimized with the Yoast SEO plugin v27.5 - https:\/\/yoast.com\/product\/yoast-seo-wordpress\/ -->\n<title>Steni - Vision - Colico<\/title>\n<meta name=\"robots\" content=\"index, follow, max-snippet:-1, max-image-preview:large, max-video-preview:-1\" \/>\n<link rel=\"canonical\" href=\"https:\/\/colico.ca\/fr\/steni-vision\/\" \/>\n<meta property=\"og:locale\" content=\"fr_FR\" \/>\n<meta property=\"og:type\" content=\"article\" \/>\n<meta property=\"og:title\" content=\"Steni - Vision - Colico\" \/>\n<meta property=\"og:description\" content=\"[vc_row][vc_column][vc_empty_space height=\u00a0\u00bb20px\u00a0\u00bb][\/vc_column][\/vc_row][vc_row content_placement=\u00a0\u00bbmiddle\u00a0\u00bb content_text_aligment=\u00a0\u00bbleft\u00a0\u00bb css=\u00a0\u00bb.vc_custom_1666745007053{margin-right: 50px !important;padding-right: 50px !important;}\u00a0\u00bb][vc_column width=\u00a0\u00bb1\/6&Prime; offset=\u00a0\u00bbvc_col-xs-6&Prime;][vc_single_image image=\u00a0\u00bb6834&Prime; add_caption=\u00a0\u00bbyes\u00a0\u00bb onclick=\u00a0\u00bbcustom_link\u00a0\u00bb link=\u00a0\u00bbhttps:\/\/www.steni.com\/\u00a0\u00bb css=\u00a0\u00bb.vc_custom_1661523001595{background-position: center !important;background-repeat: no-repeat !important;background-size: cover !important;}\u00a0\u00bb][\/vc_column][vc_column width=\u00a0\u00bb1\/2&Prime; offset=\u00a0\u00bbvc_col-xs-6&Prime;][\/vc_column][\/vc_row][vc_row][vc_column][vc_column_text] Avec les panneaux de fa\u00e7ade Steni Vision 6 mm, nous vous donnons la possibilit\u00e9 de cr\u00e9er [&hellip;]\" \/>\n<meta property=\"og:url\" content=\"https:\/\/colico.ca\/fr\/steni-vision\/\" \/>\n<meta property=\"og:site_name\" content=\"Colico\" \/>\n<meta property=\"article:modified_time\" content=\"2023-02-21T18:11:56+00:00\" \/>\n<meta name=\"twitter:card\" content=\"summary_large_image\" \/>\n<meta name=\"twitter:label1\" content=\"Dur\u00e9e de lecture estim\u00e9e\" \/>\n\t<meta name=\"twitter:data1\" content=\"3 minutes\" \/>\n<script type=\"application\/ld+json\" class=\"yoast-schema-graph\">{\"@context\":\"https:\\\/\\\/schema.org\",\"@graph\":[{\"@type\":\"WebPage\",\"@id\":\"https:\\\/\\\/colico.ca\\\/fr\\\/steni-vision\\\/\",\"url\":\"https:\\\/\\\/colico.ca\\\/fr\\\/steni-vision\\\/\",\"name\":\"Steni - Vision - Colico\",\"isPartOf\":{\"@id\":\"https:\\\/\\\/colico.ca\\\/#website\"},\"datePublished\":\"2022-09-09T15:29:36+00:00\",\"dateModified\":\"2023-02-21T18:11:56+00:00\",\"breadcrumb\":{\"@id\":\"https:\\\/\\\/colico.ca\\\/fr\\\/steni-vision\\\/#breadcrumb\"},\"inLanguage\":\"fr-FR\",\"potentialAction\":[{\"@type\":\"ReadAction\",\"target\":[\"https:\\\/\\\/colico.ca\\\/fr\\\/steni-vision\\\/\"]}]},{\"@type\":\"BreadcrumbList\",\"@id\":\"https:\\\/\\\/colico.ca\\\/fr\\\/steni-vision\\\/#breadcrumb\",\"itemListElement\":[{\"@type\":\"ListItem\",\"position\":1,\"name\":\"Home\",\"item\":\"https:\\\/\\\/colico.ca\\\/fr\\\/accueil-principal\\\/\"},{\"@type\":\"ListItem\",\"position\":2,\"name\":\"Steni &#8211; Vision\"}]},{\"@type\":\"WebSite\",\"@id\":\"https:\\\/\\\/colico.ca\\\/#website\",\"url\":\"https:\\\/\\\/colico.ca\\\/\",\"name\":\"Colico\",\"description\":\"Produits architecturaux\",\"potentialAction\":[{\"@type\":\"SearchAction\",\"target\":{\"@type\":\"EntryPoint\",\"urlTemplate\":\"https:\\\/\\\/colico.ca\\\/?s={search_term_string}\"},\"query-input\":{\"@type\":\"PropertyValueSpecification\",\"valueRequired\":true,\"valueName\":\"search_term_string\"}}],\"inLanguage\":\"fr-FR\"}]}<\/script>\n<!-- \/ Yoast SEO plugin. -->","yoast_head_json":{"title":"Steni - Vision - Colico","robots":{"index":"index","follow":"follow","max-snippet":"max-snippet:-1","max-image-preview":"max-image-preview:large","max-video-preview":"max-video-preview:-1"},"canonical":"https:\/\/colico.ca\/fr\/steni-vision\/","og_locale":"fr_FR","og_type":"article","og_title":"Steni - Vision - Colico","og_description":"[vc_row][vc_column][vc_empty_space height=\u00a0\u00bb20px\u00a0\u00bb][\/vc_column][\/vc_row][vc_row content_placement=\u00a0\u00bbmiddle\u00a0\u00bb content_text_aligment=\u00a0\u00bbleft\u00a0\u00bb css=\u00a0\u00bb.vc_custom_1666745007053{margin-right: 50px !important;padding-right: 50px !important;}\u00a0\u00bb][vc_column width=\u00a0\u00bb1\/6&Prime; offset=\u00a0\u00bbvc_col-xs-6&Prime;][vc_single_image image=\u00a0\u00bb6834&Prime; add_caption=\u00a0\u00bbyes\u00a0\u00bb onclick=\u00a0\u00bbcustom_link\u00a0\u00bb link=\u00a0\u00bbhttps:\/\/www.steni.com\/\u00a0\u00bb css=\u00a0\u00bb.vc_custom_1661523001595{background-position: center !important;background-repeat: no-repeat !important;background-size: cover !important;}\u00a0\u00bb][\/vc_column][vc_column width=\u00a0\u00bb1\/2&Prime; offset=\u00a0\u00bbvc_col-xs-6&Prime;][\/vc_column][\/vc_row][vc_row][vc_column][vc_column_text] Avec les panneaux de fa\u00e7ade Steni Vision 6 mm, nous vous donnons la possibilit\u00e9 de cr\u00e9er [&hellip;]","og_url":"https:\/\/colico.ca\/fr\/steni-vision\/","og_site_name":"Colico","article_modified_time":"2023-02-21T18:11:56+00:00","twitter_card":"summary_large_image","twitter_misc":{"Dur\u00e9e de lecture estim\u00e9e":"3 minutes"},"schema":{"@context":"https:\/\/schema.org","@graph":[{"@type":"WebPage","@id":"https:\/\/colico.ca\/fr\/steni-vision\/","url":"https:\/\/colico.ca\/fr\/steni-vision\/","name":"Steni - Vision - Colico","isPartOf":{"@id":"https:\/\/colico.ca\/#website"},"datePublished":"2022-09-09T15:29:36+00:00","dateModified":"2023-02-21T18:11:56+00:00","breadcrumb":{"@id":"https:\/\/colico.ca\/fr\/steni-vision\/#breadcrumb"},"inLanguage":"fr-FR","potentialAction":[{"@type":"ReadAction","target":["https:\/\/colico.ca\/fr\/steni-vision\/"]}]},{"@type":"BreadcrumbList","@id":"https:\/\/colico.ca\/fr\/steni-vision\/#breadcrumb","itemListElement":[{"@type":"ListItem","position":1,"name":"Home","item":"https:\/\/colico.ca\/fr\/accueil-principal\/"},{"@type":"ListItem","position":2,"name":"Steni &#8211; Vision"}]},{"@type":"WebSite","@id":"https:\/\/colico.ca\/#website","url":"https:\/\/colico.ca\/","name":"Colico","description":"Produits architecturaux","potentialAction":[{"@type":"SearchAction","target":{"@type":"EntryPoint","urlTemplate":"https:\/\/colico.ca\/?s={search_term_string}"},"query-input":{"@type":"PropertyValueSpecification","valueRequired":true,"valueName":"search_term_string"}}],"inLanguage":"fr-FR"}]}},"_links":{"self":[{"href":"https:\/\/colico.ca\/fr\/wp-json\/wp\/v2\/pages\/11090","targetHints":{"allow":["GET"]}}],"collection":[{"href":"https:\/\/colico.ca\/fr\/wp-json\/wp\/v2\/pages"}],"about":[{"href":"https:\/\/colico.ca\/fr\/wp-json\/wp\/v2\/types\/page"}],"author":[{"embeddable":true,"href":"https:\/\/colico.ca\/fr\/wp-json\/wp\/v2\/users\/2"}],"replies":[{"embeddable":true,"href":"https:\/\/colico.ca\/fr\/wp-json\/wp\/v2\/comments?post=11090"}],"version-history":[{"count":4,"href":"https:\/\/colico.ca\/fr\/wp-json\/wp\/v2\/pages\/11090\/revisions"}],"predecessor-version":[{"id":11580,"href":"https:\/\/colico.ca\/fr\/wp-json\/wp\/v2\/pages\/11090\/revisions\/11580"}],"wp:attachment":[{"href":"https:\/\/colico.ca\/fr\/wp-json\/wp\/v2\/media?parent=11090"}],"curies":[{"name":"wp","href":"https:\/\/api.w.org\/{rel}","templated":true}]}}