{"id":11020,"date":"2022-09-09T14:52:10","date_gmt":"2022-09-09T14:52:10","guid":{"rendered":"https:\/\/colico.ca\/steni-terra\/"},"modified":"2023-02-21T17:57:32","modified_gmt":"2023-02-21T17:57:32","slug":"steni-terra","status":"publish","type":"page","link":"https:\/\/colico.ca\/fr\/steni-terra\/","title":{"rendered":"Steni &#8211; Terra"},"content":{"rendered":"<p>[vc_row content_placement=\u00a0\u00bbmiddle\u00a0\u00bb content_text_aligment=\u00a0\u00bbleft\u00a0\u00bb][vc_column][vc_empty_space height=\u00a0\u00bb20&Prime;][\/vc_column][\/vc_row][vc_row content_placement=\u00a0\u00bbmiddle\u00a0\u00bb row_content_width=\u00a0\u00bbgrid\u00a0\u00bb content_text_aligment=\u00a0\u00bbleft\u00a0\u00bb css=\u00a0\u00bb.vc_custom_1666744471868{margin-right: 50px !important;padding-right: 50px !important;}\u00a0\u00bb][vc_column width=\u00a0\u00bb1\/6&Prime; offset=\u00a0\u00bbvc_col-xs-6&Prime;][vc_single_image image=\u00a0\u00bb6834&Prime; add_caption=\u00a0\u00bbyes\u00a0\u00bb onclick=\u00a0\u00bbcustom_link\u00a0\u00bb link=\u00a0\u00bbhttps:\/\/www.steni.com\/\u00a0\u00bb][\/vc_column][vc_column width=\u00a0\u00bb1\/2&Prime; offset=\u00a0\u00bbvc_col-xs-6&Prime;]<a itemprop=\"url\" href=\"https:\/\/www.steni.com\/\" target=\"_self\" style=\"color: #ffffff;background-color: #000000;font-size: 14px;font-weight: 400\" class=\"qodef-btn qodef-btn-small qodef-btn-solid qodef-btn-custom-hover-bg qodef-btn-custom-hover-color\" data-hover-color=\"#ffffff\" data-hover-bg-color=\"#dd3333\" >\n    <span class=\"qodef-btn-line-holder\">\n        <span class=\"qodef-btn-line-top\"><\/span>\n        <span class=\"qodef-btn-line\"><\/span>\n        <span class=\"qodef-btn-line-bottom\"><\/span>\n    <\/span>\n        <span class=\"qodef-btn-text\">Visitez le site web de Steni<\/span>\n<\/a>[\/vc_column][\/vc_row][vc_row row_content_width=\u00a0\u00bbgrid\u00a0\u00bb][vc_column][vc_column_text]<\/p>\n<h5 class=\"x_MsoNormal\"><strong>Terra de Steni<\/strong> convient parfaitement \u00e0 l&rsquo;habillage de fondations, de brise-vent, de garages, de murs de sout\u00e8nement &#8211; et bien plus encore ! Les panneaux sont constitu\u00e9s d&rsquo;un noyau en pierre unique, ils sont robustes et faciles \u00e0 nettoyer. Terra by Steni 5mm sont disponibles en pierre naturelle standard grise, blanche et noire, et ils donnent \u00e0 votre mur de fondation un aspect agr\u00e9able et durable, ann\u00e9e apr\u00e8s ann\u00e9e.<\/h5>\n<p>[\/vc_column_text][\/vc_column][\/vc_row][vc_row gap=\u00a0\u00bb20&Prime;][vc_column width=\u00a0\u00bb1\/2&Prime;][vc_empty_space height=\u00a0\u00bb20px\u00a0\u00bb][vc_single_image image=\u00a0\u00bb7789&Prime; img_size=\u00a0\u00bbfull\u00a0\u00bb][\/vc_column][vc_column width=\u00a0\u00bb1\/2&Prime;][vc_empty_space height=\u00a0\u00bb20px\u00a0\u00bb]<div class=\"qodef-section-title-holder  qodef-st-standard qodef-st-title-left qodef-st-normal-space \" >\n\t<div class=\"qodef-st-inner\">\n\t\t\t\t\t<h3 class=\"qodef-st-title\" >\n\t\t\t\tAvantages\t\t\t<\/h3>\n\t\t\t\t    \t<\/div>\n<\/div>[vc_column_text]<span style=\"color: #000000;\"><strong>Terra de Steni<\/strong> est install\u00e9 en tant que bardage ventil\u00e9, ce qui pr\u00e9sente des avantages \u00e9vidents :<\/span><\/p>\n<ul>\n<li><span style=\"color: #000000;\">Le mur de fondation reste sec<\/span><\/li>\n<li><span style=\"color: #000000;\">L&rsquo;alt\u00e9ration par le gel est r\u00e9duite<\/span><\/li>\n<li><span style=\"color: #000000;\">Le mur de fondation est mieux isol\u00e9<\/span><\/li>\n<li><span style=\"color: #000000;\">La formation de champignons est r\u00e9duite<\/span><\/li>\n<\/ul>\n<p><span style=\"color: #000000;\"><strong>Terra de Steni<\/strong> est \u00e9galement une solution simple pour am\u00e9liorer les cabanes, les maisons et les terrasses sur pilotis. Les plaques murales de fondation sont faciles \u00e0 installer sur des lattes fix\u00e9es aux pilotis. Ils offrent une protection contre l&rsquo;humidit\u00e9 et la neige et permettent un stockage au sec sous le b\u00e2timent. Les panneaux de fondation sont r\u00e9silients et r\u00e9sistants au gel, faciles \u00e0 entretenir et rehaussent visuellement la fa\u00e7ade.<\/span>[\/vc_column_text][\/vc_column][\/vc_row][vc_row][vc_column][vc_empty_space height=\u00a0\u00bb40px\u00a0\u00bb][vc_separator color=\u00a0\u00bbblack\u00a0\u00bb][vc_empty_space height=\u00a0\u00bb40px\u00a0\u00bb][\/vc_column][\/vc_row][vc_row][vc_column]<div class=\"qodef-section-title-holder  qodef-st-standard qodef-st-title-left qodef-st-normal-space \" >\n\t<div class=\"qodef-st-inner\">\n\t\t\t\t\t<h3 class=\"qodef-st-title\" >\n\t\t\t\tMagasinez les panneaux de fa\u00e7ade Terra\t\t\t<\/h3>\n\t\t\t\t    \t<\/div>\n<\/div>[vc_column_text]<\/p>\n<h4 class=\"x_MsoNormal\"><span style=\"color: #000000;\"><span lang=\"EN-CA\">Acheter en ligne pour <\/span><\/span><span style=\"color: #000000;\"><b><span lang=\"EN-CA\"><span style=\"color: #dd3333;\">COMMANDES DE RAMASSAGE <\/span><\/span><\/b><\/span><span style=\"color: #000000;\"><span lang=\"EN-CA\">\u00e0 notre entrep\u00f4t de Montr\u00e9al.<\/span><br \/>\n<\/span><\/h4>\n<p>[\/vc_column_text][vc_empty_space height=\u00a0\u00bb20px\u00a0\u00bb][\/vc_column][vc_column][vc_row_inner gap=\u00a0\u00bb20&Prime; el_id=\u00a0\u00bbGrille de cat\u00e9gories de produits\u00a0\u00bb css=\u00a0\u00bb.vc_custom_1666188865509{padding-right: 15px !important;padding-left: 15px !important;}\u00a0\u00bb][vc_column_inner width=\u00a0\u00bb1\/5&Prime; css=\u00a0\u00bb.vc_custom_1666796854107{margin-left: 0px !important;padding-right: 0px !important;padding-left: 0px !important;}\u00a0\u00bb offset=\u00a0\u00bbvc_col-xs-12&Prime;]<div class=\"qodef-banner-holder overlay qodef-visible-on-hover qodef-banner-info-bottom-left \">\n    <div class=\"qodef-banner-image\">\n        <img loading=\"lazy\" decoding=\"async\" width=\"450\" height=\"450\" src=\"https:\/\/colico.ca\/wp-content\/uploads\/2022\/05\/Steni_Terra_Black.jpeg\" class=\"attachment-full size-full\" alt=\"\" srcset=\"https:\/\/colico.ca\/wp-content\/uploads\/2022\/05\/Steni_Terra_Black.jpeg 450w, https:\/\/colico.ca\/wp-content\/uploads\/2022\/05\/Steni_Terra_Black-300x300.jpeg 300w, https:\/\/colico.ca\/wp-content\/uploads\/2022\/05\/Steni_Terra_Black-150x150.jpeg 150w, https:\/\/colico.ca\/wp-content\/uploads\/2022\/05\/Steni_Terra_Black-100x100.jpeg 100w\" sizes=\"auto, (max-width: 450px) 100vw, 450px\" \/>    <\/div>\n    <div class=\"qodef-banner-text-holder\">\n\t    <div class=\"qodef-banner-text-outer\">\n\t\t    <div class=\"qodef-banner-text-inner\">\n\t\t        \t\t        \t\t            <h3 class=\"qodef-banner-title\" >\n\t\t                Noir\t                <\/h3>\n\t\t        \t\t\t\t                \t\t\t<\/div>\n\t\t<\/div>\n        <div class=\"qodef-banner-overlay\" style=\"background-color: rgba(0,0,0,0.5)\"><\/div>\n\t<\/div>\n\t        <a itemprop=\"url\" class=\"qodef-banner-link\" href=\"https:\/\/colico.ca\/product\/steni-terra-black\/\" target=\"_self\"><\/a>\n                <div class=\"qodef-banner-badge-holder\">\n\t\t\t                <span class=\"qodef-banner-badge-text\">\n                    BUY ONLINE                <\/span>\n\t\t\t                    <\/div>\n    <\/div>[\/vc_column_inner][vc_column_inner width=\u00a0\u00bb1\/5&Prime; css=\u00a0\u00bb.vc_custom_1666796859057{padding-right: 0px !important;padding-left: 0px !important;}\u00a0\u00bb offset=\u00a0\u00bbvc_col-xs-12&Prime;]<div class=\"qodef-banner-holder overlay qodef-visible-on-hover qodef-banner-info-bottom-left \">\n    <div class=\"qodef-banner-image\">\n        <img loading=\"lazy\" decoding=\"async\" width=\"450\" height=\"450\" src=\"https:\/\/colico.ca\/wp-content\/uploads\/2022\/07\/Steni_Terra_Gray.jpeg\" class=\"attachment-full size-full\" alt=\"\" srcset=\"https:\/\/colico.ca\/wp-content\/uploads\/2022\/07\/Steni_Terra_Gray.jpeg 450w, https:\/\/colico.ca\/wp-content\/uploads\/2022\/07\/Steni_Terra_Gray-300x300.jpeg 300w, https:\/\/colico.ca\/wp-content\/uploads\/2022\/07\/Steni_Terra_Gray-150x150.jpeg 150w, https:\/\/colico.ca\/wp-content\/uploads\/2022\/07\/Steni_Terra_Gray-100x100.jpeg 100w\" sizes=\"auto, (max-width: 450px) 100vw, 450px\" \/>    <\/div>\n    <div class=\"qodef-banner-text-holder\">\n\t    <div class=\"qodef-banner-text-outer\">\n\t\t    <div class=\"qodef-banner-text-inner\">\n\t\t        \t\t        \t\t            <h3 class=\"qodef-banner-title\" >\n\t\t                Gris\t                <\/h3>\n\t\t        \t\t\t\t                \t\t\t<\/div>\n\t\t<\/div>\n        <div class=\"qodef-banner-overlay\" style=\"background-color: rgba(0,0,0,0.5)\"><\/div>\n\t<\/div>\n\t        <a itemprop=\"url\" class=\"qodef-banner-link\" href=\"https:\/\/colico.ca\/product\/steni-terra-gray\/\" target=\"_self\"><\/a>\n                <div class=\"qodef-banner-badge-holder\">\n\t\t\t                <span class=\"qodef-banner-badge-text\">\n                    BUY ONLINE                <\/span>\n\t\t\t                    <\/div>\n    <\/div>[\/vc_column_inner][vc_column_inner width=\u00a0\u00bb1\/5&Prime; css=\u00a0\u00bb.vc_custom_1666796864919{padding-right: 0px !important;padding-left: 0px !important;}\u00a0\u00bb offset=\u00a0\u00bbvc_col-xs-12&Prime;]<div class=\"qodef-banner-holder overlay qodef-visible-on-hover qodef-banner-info-bottom-left \">\n    <div class=\"qodef-banner-image\">\n        <img loading=\"lazy\" decoding=\"async\" width=\"450\" height=\"450\" src=\"https:\/\/colico.ca\/wp-content\/uploads\/2022\/07\/Steni_Terra_White.jpeg\" class=\"attachment-full size-full\" alt=\"Steni_Terra_White\" srcset=\"https:\/\/colico.ca\/wp-content\/uploads\/2022\/07\/Steni_Terra_White.jpeg 450w, https:\/\/colico.ca\/wp-content\/uploads\/2022\/07\/Steni_Terra_White-300x300.jpeg 300w, https:\/\/colico.ca\/wp-content\/uploads\/2022\/07\/Steni_Terra_White-150x150.jpeg 150w, https:\/\/colico.ca\/wp-content\/uploads\/2022\/07\/Steni_Terra_White-100x100.jpeg 100w\" sizes=\"auto, (max-width: 450px) 100vw, 450px\" \/>    <\/div>\n    <div class=\"qodef-banner-text-holder\">\n\t    <div class=\"qodef-banner-text-outer\">\n\t\t    <div class=\"qodef-banner-text-inner\">\n\t\t        \t\t        \t\t            <h3 class=\"qodef-banner-title\" >\n\t\t                Blanc\t                <\/h3>\n\t\t        \t\t\t\t                \t\t\t<\/div>\n\t\t<\/div>\n        <div class=\"qodef-banner-overlay\" style=\"background-color: rgba(0,0,0,0.5)\"><\/div>\n\t<\/div>\n\t        <a itemprop=\"url\" class=\"qodef-banner-link\" href=\"https:\/\/colico.ca\/product\/steni-terra-white\/\" target=\"_self\"><\/a>\n                <div class=\"qodef-banner-badge-holder\">\n\t\t\t                <span class=\"qodef-banner-badge-text\">\n                    BUY ONLINE                <\/span>\n\t\t\t                    <\/div>\n    <\/div>[\/vc_column_inner][vc_column_inner width=\u00a0\u00bb1\/5&Prime; css=\u00a0\u00bb.vc_custom_1666796870390{padding-right: 0px !important;padding-left: 0px !important;}\u00a0\u00bb offset=\u00a0\u00bbvc_col-xs-12&Prime;]<div class=\"qodef-banner-holder overlay qodef-visible-on-hover qodef-banner-info-bottom-left \">\n    <div class=\"qodef-banner-image\">\n        <img loading=\"lazy\" decoding=\"async\" width=\"800\" height=\"800\" src=\"https:\/\/colico.ca\/wp-content\/uploads\/2022\/09\/Color-matched-screws.jpeg\" class=\"attachment-full size-full\" alt=\"Color matched screws\" srcset=\"https:\/\/colico.ca\/wp-content\/uploads\/2022\/09\/Color-matched-screws.jpeg 800w, https:\/\/colico.ca\/wp-content\/uploads\/2022\/09\/Color-matched-screws-300x300.jpeg 300w, https:\/\/colico.ca\/wp-content\/uploads\/2022\/09\/Color-matched-screws-150x150.jpeg 150w, https:\/\/colico.ca\/wp-content\/uploads\/2022\/09\/Color-matched-screws-768x768.jpeg 768w, https:\/\/colico.ca\/wp-content\/uploads\/2022\/09\/Color-matched-screws-650x650.jpeg 650w, https:\/\/colico.ca\/wp-content\/uploads\/2022\/09\/Color-matched-screws-600x600.jpeg 600w, https:\/\/colico.ca\/wp-content\/uploads\/2022\/09\/Color-matched-screws-100x100.jpeg 100w\" sizes=\"auto, (max-width: 800px) 100vw, 800px\" \/>    <\/div>\n    <div class=\"qodef-banner-text-holder\">\n\t    <div class=\"qodef-banner-text-outer\">\n\t\t    <div class=\"qodef-banner-text-inner\">\n\t\t        \t\t        \t\t            <h3 class=\"qodef-banner-title\" >\n\t\t                Vis de couleur assortie\t                <\/h3>\n\t\t        \t\t\t\t                \t\t\t<\/div>\n\t\t<\/div>\n        <div class=\"qodef-banner-overlay\" style=\"background-color: rgba(0,0,0,0.5)\"><\/div>\n\t<\/div>\n\t        <a itemprop=\"url\" class=\"qodef-banner-link\" href=\"https:\/\/colico.ca\/product\/color-matched-screws\/\" target=\"_self\"><\/a>\n                <div class=\"qodef-banner-badge-holder\">\n\t\t\t                <span class=\"qodef-banner-badge-text\">\n                    BUY ONLINE                <\/span>\n\t\t\t                    <\/div>\n    <\/div>[\/vc_column_inner][vc_column_inner width=\u00a0\u00bb1\/5&Prime; css=\u00a0\u00bb.vc_custom_1666796875182{padding-right: 0px !important;padding-left: 0px !important;}\u00a0\u00bb offset=\u00a0\u00bbvc_col-xs-12&Prime;]<div class=\"qodef-banner-holder overlay qodef-visible-on-hover qodef-banner-info-bottom-left \">\n    <div class=\"qodef-banner-image\">\n        <img loading=\"lazy\" decoding=\"async\" width=\"800\" height=\"800\" src=\"https:\/\/colico.ca\/wp-content\/uploads\/2022\/09\/Weatherproofing-Sealant.jpeg\" class=\"attachment-full size-full\" alt=\"Weatherproofing Sealant\" srcset=\"https:\/\/colico.ca\/wp-content\/uploads\/2022\/09\/Weatherproofing-Sealant.jpeg 800w, https:\/\/colico.ca\/wp-content\/uploads\/2022\/09\/Weatherproofing-Sealant-300x300.jpeg 300w, https:\/\/colico.ca\/wp-content\/uploads\/2022\/09\/Weatherproofing-Sealant-150x150.jpeg 150w, https:\/\/colico.ca\/wp-content\/uploads\/2022\/09\/Weatherproofing-Sealant-768x768.jpeg 768w, https:\/\/colico.ca\/wp-content\/uploads\/2022\/09\/Weatherproofing-Sealant-650x650.jpeg 650w, https:\/\/colico.ca\/wp-content\/uploads\/2022\/09\/Weatherproofing-Sealant-600x600.jpeg 600w, https:\/\/colico.ca\/wp-content\/uploads\/2022\/09\/Weatherproofing-Sealant-100x100.jpeg 100w\" sizes=\"auto, (max-width: 800px) 100vw, 800px\" \/>    <\/div>\n    <div class=\"qodef-banner-text-holder\">\n\t    <div class=\"qodef-banner-text-outer\">\n\t\t    <div class=\"qodef-banner-text-inner\">\n\t\t        \t\t        \t\t            <h3 class=\"qodef-banner-title\" >\n\t\t                Dowsil\u2122 CWS Scellant d'\u00e9tanch\u00e9it\u00e9 pour entrepreneurs\t                <\/h3>\n\t\t        \t\t\t\t                \t\t\t<\/div>\n\t\t<\/div>\n        <div class=\"qodef-banner-overlay\" style=\"background-color: rgba(0,0,0,0.5)\"><\/div>\n\t<\/div>\n\t        <a itemprop=\"url\" class=\"qodef-banner-link\" href=\"https:\/\/colico.ca\/product\/weatherproofing-sealant\/\" target=\"_self\"><\/a>\n                <div class=\"qodef-banner-badge-holder\">\n\t\t\t                <span class=\"qodef-banner-badge-text\">\n                    BUY ONLINE                <\/span>\n\t\t\t                    <\/div>\n    <\/div>[\/vc_column_inner][\/vc_row_inner][vc_column_text]<\/p>\n<p class=\"x_MsoNormal\"><span lang=\"EN-CA\" style=\"color: #000000;\">Dimensions du stock 1195 mm X 2395 mm (47 3\/16&Prime; X 94 9\/32&Prime;)<\/span><\/p>\n<p>[\/vc_column_text][vc_row_inner][vc_column_inner][vc_column_text]<\/p>\n<div class=\"wpb_text_column wpb_content_element \">\n<div class=\"wpb_wrapper\">\n<h5 class=\"x_MsoNormal\"><span style=\"color: #000000;\"><span lang=\"EN-CA\">Pour <\/span><\/span><span style=\"color: #000000;\"><b><span lang=\"EN-CA\"><span style=\"color: #dd3333;\">COMMANDES DE LIVRAISON <\/span><\/span><\/b><\/span><span style=\"color: #000000;\"><span lang=\"EN-CA\">veuillez nous contacter pour obtenir un devis de livraison par chargement partiel (LTL) dans tout le Canada et pour conna\u00eetre les frais de d\u00e9bardage applicables avant de payer en ligne. <\/span><br \/>\n<\/span><em><br \/>\n<span style=\"color: #000000;\">Les prix unitaires excluent les taxes applicables.<\/span><br \/>\n<\/em><\/h5>\n<h5><strong><span style=\"color: #000000;\">Montr\u00e9al :\u00a0<\/span><span style=\"color: #dd3333;\"><a style=\"color: #dd3333;\" href=\"tel:+5146408926\">514 640-8926<\/a><br \/>\n<\/span><\/strong><strong><span style=\"color: #000000;\">Sans frais :\u00a0<\/span><span style=\"color: #dd3333;\"><a style=\"color: #dd3333;\" href=\"tel:+1-877-640-8928\">1-877-640-8928<\/a><br \/>\n<\/span><\/strong><strong><span style=\"color: #000000;\">Courrier : <\/span><span style=\"color: #000000;\"><span style=\"color: #dd3333;\"><a style=\"color: #dd3333;\" href=\"mailto:info@colico.ca\">info@colico.ca<\/a><br \/>\n<\/span><br \/>\n<\/span><\/strong><\/h5>\n<\/div>\n<\/div>\n<p>[\/vc_column_text][\/vc_column_inner][\/vc_row_inner][\/vc_column][\/vc_row][vc_row][vc_column][vc_empty_space height=\u00a0\u00bb40px\u00a0\u00bb][vc_separator color=\u00a0\u00bbblack\u00a0\u00bb][vc_empty_space height=\u00a0\u00bb40px\u00a0\u00bb][\/vc_column][\/vc_row][vc_row][vc_column offset=\u00a0\u00bbvc_col-xs-9&Prime;]<div class=\"qodef-section-title-holder  qodef-st-standard qodef-st-title-left qodef-st-normal-space \" >\n\t<div class=\"qodef-st-inner\">\n\t\t\t\t\t<h3 class=\"qodef-st-title\" >\n\t\t\t\tDescription et informations techniques\t\t\t<\/h3>\n\t\t\t\t    \t<\/div>\n<\/div>[vc_empty_space height=\u00a0\u00bb20px\u00a0\u00bb]<a itemprop=\"url\" href=\"https:\/\/www.steni.com\/docs\/steni.co.uk\/08_brochures\/08_terra%20by%20steni_en_0320.pdf\" target=\"_self\" style=\"color: #ffffff;background-color: #000000;font-size: 14px;font-weight: 400\" class=\"qodef-btn qodef-btn-small qodef-btn-solid qodef-btn-custom-hover-bg qodef-btn-custom-hover-color\" data-hover-color=\"#ffffff\" data-hover-bg-color=\"#dd3333\" >\n    <span class=\"qodef-btn-line-holder\">\n        <span class=\"qodef-btn-line-top\"><\/span>\n        <span class=\"qodef-btn-line\"><\/span>\n        <span class=\"qodef-btn-line-bottom\"><\/span>\n    <\/span>\n        <span class=\"qodef-btn-text\">Description des panneaux muraux de fondation<\/span>\n<\/a>[vc_empty_space height=\u00a0\u00bb40px\u00a0\u00bb][\/vc_column][\/vc_row]<\/p>\n","protected":false},"excerpt":{"rendered":"<p>[vc_row content_placement=\u00a0\u00bbmiddle\u00a0\u00bb content_text_aligment=\u00a0\u00bbleft\u00a0\u00bb][vc_column][vc_empty_space height=\u00a0\u00bb20&Prime;][\/vc_column][\/vc_row][vc_row content_placement=\u00a0\u00bbmiddle\u00a0\u00bb row_content_width=\u00a0\u00bbgrid\u00a0\u00bb content_text_aligment=\u00a0\u00bbleft\u00a0\u00bb css=\u00a0\u00bb.vc_custom_1666744471868{margin-right: 50px !important;padding-right: 50px !important;}\u00a0\u00bb][vc_column width=\u00a0\u00bb1\/6&Prime; offset=\u00a0\u00bbvc_col-xs-6&Prime;][vc_single_image image=\u00a0\u00bb6834&Prime; add_caption=\u00a0\u00bbyes\u00a0\u00bb onclick=\u00a0\u00bbcustom_link\u00a0\u00bb link=\u00a0\u00bbhttps:\/\/www.steni.com\/\u00a0\u00bb][\/vc_column][vc_column width=\u00a0\u00bb1\/2&Prime; offset=\u00a0\u00bbvc_col-xs-6&Prime;][\/vc_column][\/vc_row][vc_row row_content_width=\u00a0\u00bbgrid\u00a0\u00bb][vc_column][vc_column_text] Terra de Steni convient parfaitement \u00e0 l&rsquo;habillage de fondations, de brise-vent, de garages, de murs de sout\u00e8nement &#8211; et [&hellip;]<\/p>\n","protected":false},"author":2,"featured_media":0,"parent":0,"menu_order":0,"comment_status":"closed","ping_status":"closed","template":"","meta":{"footnotes":""},"class_list":["post-11020","page","type-page","status-publish","hentry"],"yoast_head":"<!-- This site is optimized with the Yoast SEO plugin v27.5 - https:\/\/yoast.com\/product\/yoast-seo-wordpress\/ -->\n<title>Steni - Terra - Colico<\/title>\n<meta name=\"robots\" content=\"index, follow, max-snippet:-1, max-image-preview:large, max-video-preview:-1\" \/>\n<link rel=\"canonical\" href=\"https:\/\/colico.ca\/fr\/steni-terra\/\" \/>\n<meta property=\"og:locale\" content=\"fr_FR\" \/>\n<meta property=\"og:type\" content=\"article\" \/>\n<meta property=\"og:title\" content=\"Steni - Terra - Colico\" \/>\n<meta property=\"og:description\" content=\"[vc_row content_placement=\u00a0\u00bbmiddle\u00a0\u00bb content_text_aligment=\u00a0\u00bbleft\u00a0\u00bb][vc_column][vc_empty_space height=\u00a0\u00bb20&Prime;][\/vc_column][\/vc_row][vc_row content_placement=\u00a0\u00bbmiddle\u00a0\u00bb row_content_width=\u00a0\u00bbgrid\u00a0\u00bb content_text_aligment=\u00a0\u00bbleft\u00a0\u00bb css=\u00a0\u00bb.vc_custom_1666744471868{margin-right: 50px !important;padding-right: 50px !important;}\u00a0\u00bb][vc_column width=\u00a0\u00bb1\/6&Prime; offset=\u00a0\u00bbvc_col-xs-6&Prime;][vc_single_image image=\u00a0\u00bb6834&Prime; add_caption=\u00a0\u00bbyes\u00a0\u00bb onclick=\u00a0\u00bbcustom_link\u00a0\u00bb link=\u00a0\u00bbhttps:\/\/www.steni.com\/\u00a0\u00bb][\/vc_column][vc_column width=\u00a0\u00bb1\/2&Prime; offset=\u00a0\u00bbvc_col-xs-6&Prime;][\/vc_column][\/vc_row][vc_row row_content_width=\u00a0\u00bbgrid\u00a0\u00bb][vc_column][vc_column_text] Terra de Steni convient parfaitement \u00e0 l&rsquo;habillage de fondations, de brise-vent, de garages, de murs de sout\u00e8nement &#8211; et [&hellip;]\" \/>\n<meta property=\"og:url\" content=\"https:\/\/colico.ca\/fr\/steni-terra\/\" \/>\n<meta property=\"og:site_name\" content=\"Colico\" \/>\n<meta property=\"article:modified_time\" content=\"2023-02-21T17:57:32+00:00\" \/>\n<meta name=\"twitter:card\" content=\"summary_large_image\" \/>\n<meta name=\"twitter:label1\" content=\"Dur\u00e9e de lecture estim\u00e9e\" \/>\n\t<meta name=\"twitter:data1\" content=\"5 minutes\" \/>\n<script type=\"application\/ld+json\" class=\"yoast-schema-graph\">{\"@context\":\"https:\\\/\\\/schema.org\",\"@graph\":[{\"@type\":\"WebPage\",\"@id\":\"https:\\\/\\\/colico.ca\\\/fr\\\/steni-terra\\\/\",\"url\":\"https:\\\/\\\/colico.ca\\\/fr\\\/steni-terra\\\/\",\"name\":\"Steni - Terra - Colico\",\"isPartOf\":{\"@id\":\"https:\\\/\\\/colico.ca\\\/#website\"},\"datePublished\":\"2022-09-09T14:52:10+00:00\",\"dateModified\":\"2023-02-21T17:57:32+00:00\",\"breadcrumb\":{\"@id\":\"https:\\\/\\\/colico.ca\\\/fr\\\/steni-terra\\\/#breadcrumb\"},\"inLanguage\":\"fr-FR\",\"potentialAction\":[{\"@type\":\"ReadAction\",\"target\":[\"https:\\\/\\\/colico.ca\\\/fr\\\/steni-terra\\\/\"]}]},{\"@type\":\"BreadcrumbList\",\"@id\":\"https:\\\/\\\/colico.ca\\\/fr\\\/steni-terra\\\/#breadcrumb\",\"itemListElement\":[{\"@type\":\"ListItem\",\"position\":1,\"name\":\"Home\",\"item\":\"https:\\\/\\\/colico.ca\\\/fr\\\/accueil-principal\\\/\"},{\"@type\":\"ListItem\",\"position\":2,\"name\":\"Steni &#8211; Terra\"}]},{\"@type\":\"WebSite\",\"@id\":\"https:\\\/\\\/colico.ca\\\/#website\",\"url\":\"https:\\\/\\\/colico.ca\\\/\",\"name\":\"Colico\",\"description\":\"Produits architecturaux\",\"potentialAction\":[{\"@type\":\"SearchAction\",\"target\":{\"@type\":\"EntryPoint\",\"urlTemplate\":\"https:\\\/\\\/colico.ca\\\/?s={search_term_string}\"},\"query-input\":{\"@type\":\"PropertyValueSpecification\",\"valueRequired\":true,\"valueName\":\"search_term_string\"}}],\"inLanguage\":\"fr-FR\"}]}<\/script>\n<!-- \/ Yoast SEO plugin. -->","yoast_head_json":{"title":"Steni - Terra - Colico","robots":{"index":"index","follow":"follow","max-snippet":"max-snippet:-1","max-image-preview":"max-image-preview:large","max-video-preview":"max-video-preview:-1"},"canonical":"https:\/\/colico.ca\/fr\/steni-terra\/","og_locale":"fr_FR","og_type":"article","og_title":"Steni - Terra - Colico","og_description":"[vc_row content_placement=\u00a0\u00bbmiddle\u00a0\u00bb content_text_aligment=\u00a0\u00bbleft\u00a0\u00bb][vc_column][vc_empty_space height=\u00a0\u00bb20&Prime;][\/vc_column][\/vc_row][vc_row content_placement=\u00a0\u00bbmiddle\u00a0\u00bb row_content_width=\u00a0\u00bbgrid\u00a0\u00bb content_text_aligment=\u00a0\u00bbleft\u00a0\u00bb css=\u00a0\u00bb.vc_custom_1666744471868{margin-right: 50px !important;padding-right: 50px !important;}\u00a0\u00bb][vc_column width=\u00a0\u00bb1\/6&Prime; offset=\u00a0\u00bbvc_col-xs-6&Prime;][vc_single_image image=\u00a0\u00bb6834&Prime; add_caption=\u00a0\u00bbyes\u00a0\u00bb onclick=\u00a0\u00bbcustom_link\u00a0\u00bb link=\u00a0\u00bbhttps:\/\/www.steni.com\/\u00a0\u00bb][\/vc_column][vc_column width=\u00a0\u00bb1\/2&Prime; offset=\u00a0\u00bbvc_col-xs-6&Prime;][\/vc_column][\/vc_row][vc_row row_content_width=\u00a0\u00bbgrid\u00a0\u00bb][vc_column][vc_column_text] Terra de Steni convient parfaitement \u00e0 l&rsquo;habillage de fondations, de brise-vent, de garages, de murs de sout\u00e8nement &#8211; et [&hellip;]","og_url":"https:\/\/colico.ca\/fr\/steni-terra\/","og_site_name":"Colico","article_modified_time":"2023-02-21T17:57:32+00:00","twitter_card":"summary_large_image","twitter_misc":{"Dur\u00e9e de lecture estim\u00e9e":"5 minutes"},"schema":{"@context":"https:\/\/schema.org","@graph":[{"@type":"WebPage","@id":"https:\/\/colico.ca\/fr\/steni-terra\/","url":"https:\/\/colico.ca\/fr\/steni-terra\/","name":"Steni - Terra - Colico","isPartOf":{"@id":"https:\/\/colico.ca\/#website"},"datePublished":"2022-09-09T14:52:10+00:00","dateModified":"2023-02-21T17:57:32+00:00","breadcrumb":{"@id":"https:\/\/colico.ca\/fr\/steni-terra\/#breadcrumb"},"inLanguage":"fr-FR","potentialAction":[{"@type":"ReadAction","target":["https:\/\/colico.ca\/fr\/steni-terra\/"]}]},{"@type":"BreadcrumbList","@id":"https:\/\/colico.ca\/fr\/steni-terra\/#breadcrumb","itemListElement":[{"@type":"ListItem","position":1,"name":"Home","item":"https:\/\/colico.ca\/fr\/accueil-principal\/"},{"@type":"ListItem","position":2,"name":"Steni &#8211; Terra"}]},{"@type":"WebSite","@id":"https:\/\/colico.ca\/#website","url":"https:\/\/colico.ca\/","name":"Colico","description":"Produits architecturaux","potentialAction":[{"@type":"SearchAction","target":{"@type":"EntryPoint","urlTemplate":"https:\/\/colico.ca\/?s={search_term_string}"},"query-input":{"@type":"PropertyValueSpecification","valueRequired":true,"valueName":"search_term_string"}}],"inLanguage":"fr-FR"}]}},"_links":{"self":[{"href":"https:\/\/colico.ca\/fr\/wp-json\/wp\/v2\/pages\/11020","targetHints":{"allow":["GET"]}}],"collection":[{"href":"https:\/\/colico.ca\/fr\/wp-json\/wp\/v2\/pages"}],"about":[{"href":"https:\/\/colico.ca\/fr\/wp-json\/wp\/v2\/types\/page"}],"author":[{"embeddable":true,"href":"https:\/\/colico.ca\/fr\/wp-json\/wp\/v2\/users\/2"}],"replies":[{"embeddable":true,"href":"https:\/\/colico.ca\/fr\/wp-json\/wp\/v2\/comments?post=11020"}],"version-history":[{"count":8,"href":"https:\/\/colico.ca\/fr\/wp-json\/wp\/v2\/pages\/11020\/revisions"}],"predecessor-version":[{"id":11570,"href":"https:\/\/colico.ca\/fr\/wp-json\/wp\/v2\/pages\/11020\/revisions\/11570"}],"wp:attachment":[{"href":"https:\/\/colico.ca\/fr\/wp-json\/wp\/v2\/media?parent=11020"}],"curies":[{"name":"wp","href":"https:\/\/api.w.org\/{rel}","templated":true}]}}