{"id":10993,"date":"2022-09-09T14:09:46","date_gmt":"2022-09-09T14:09:46","guid":{"rendered":"https:\/\/colico.ca\/steni-couleur\/"},"modified":"2023-02-21T18:01:31","modified_gmt":"2023-02-21T18:01:31","slug":"steni-couleur","status":"publish","type":"page","link":"https:\/\/colico.ca\/fr\/steni-couleur\/","title":{"rendered":"Steni &#8211; Couleur"},"content":{"rendered":"<p>[vc_row content_placement=\u00a0\u00bbmiddle\u00a0\u00bb content_text_aligment=\u00a0\u00bbleft\u00a0\u00bb][vc_column][vc_empty_space height=\u00a0\u00bb20&Prime;][\/vc_column][\/vc_row][vc_row content_placement=\u00a0\u00bbmiddle\u00a0\u00bb content_text_aligment=\u00a0\u00bbleft\u00a0\u00bb css=\u00a0\u00bb.vc_custom_1666744602210{margin-right: 50px !important;padding-right: 50px !important;}\u00a0\u00bb][vc_column width=\u00a0\u00bb1\/6&Prime; offset=\u00a0\u00bbvc_col-xs-6&Prime;][vc_single_image image=\u00a0\u00bb6834&Prime; onclick=\u00a0\u00bbcustom_link\u00a0\u00bb link=\u00a0\u00bbhttps:\/\/www.steni.com\/\u00a0\u00bb css=\u00a0\u00bb.vc_custom_1666744726756{background-position: center !important;background-repeat: no-repeat !important;background-size: cover !important;}\u00a0\u00bb][\/vc_column][vc_column width=\u00a0\u00bb1\/2&Prime; offset=\u00a0\u00bbvc_col-xs-6&Prime;]<a itemprop=\"url\" href=\"https:\/\/www.steni.com\/\" target=\"_self\" style=\"color: #ffffff;background-color: #000000;font-size: 14px;font-weight: 400\" class=\"qodef-btn qodef-btn-small qodef-btn-solid qodef-btn-custom-hover-bg qodef-btn-custom-hover-color\" data-hover-color=\"#ffffff\" data-hover-bg-color=\"#dd3333\" >\n    <span class=\"qodef-btn-line-holder\">\n        <span class=\"qodef-btn-line-top\"><\/span>\n        <span class=\"qodef-btn-line\"><\/span>\n        <span class=\"qodef-btn-line-bottom\"><\/span>\n    <\/span>\n        <span class=\"qodef-btn-text\">Visitez le site web de Steni<\/span>\n<\/a>[\/vc_column][\/vc_row][vc_row][vc_column][vc_column_text]<\/p>\n<h5 class=\"x_MsoNormal\">Avec<strong> Steni Colour<\/strong> 6mm, vous pouvez choisir parmi 60 couleurs standard et trois niveaux de brillance, ou s\u00e9lectionner presque n&rsquo;importe quelle couleur personnalis\u00e9e bas\u00e9e sur NCS, RAL, ou votre propre \u00e9chantillon de couleur. Vous pouvez vraiment jouer avec les couleurs et insuffler votre style personnel \u00e0 votre b\u00e2timent.<\/h5>\n<p>[\/vc_column_text][\/vc_column][\/vc_row][vc_row gap=\u00a0\u00bb20&Prime;][vc_column width=\u00a0\u00bb1\/2&Prime;][vc_empty_space height=\u00a0\u00bb20&Prime;][vc_single_image image=\u00a0\u00bb7771&Prime; img_size=\u00a0\u00bbfull\u00a0\u00bb][\/vc_column][vc_column width=\u00a0\u00bb1\/2&Prime;][vc_empty_space height=\u00a0\u00bb20&Prime;]<div class=\"qodef-section-title-holder  qodef-st-standard qodef-st-title-left qodef-st-normal-space \" >\n\t<div class=\"qodef-st-inner\">\n\t\t\t\t\t<h3 class=\"qodef-st-title\" >\n\t\t\t\tAvantages\t\t\t<\/h3>\n\t\t\t\t    \t<\/div>\n<\/div>[vc_column_text]<\/p>\n<ul>\n<li><span style=\"color: #000000;\">Les panneaux de fa\u00e7ade Steni sont livr\u00e9s avec des bords clairs en standard et des bords fonc\u00e9s en option, moyennant un co\u00fbt suppl\u00e9mentaire. Les panneaux sont install\u00e9s en tant que bardage ventil\u00e9 et peuvent \u00eatre install\u00e9s \u00e0 tout moment de l&rsquo;ann\u00e9e, ind\u00e9pendamment de la temp\u00e9rature et du temps. Les panneaux de fa\u00e7ade Steni sont 100% r\u00e9sistants \u00e0 la diffusion, ce qui signifie qu&rsquo;ils peuvent rester immerg\u00e9s dans l&rsquo;eau.<\/span><\/li>\n<li><span style=\"color: #000000;\">Steni Colour n\u00e9cessite un entretien minimal et peut \u00eatre nettoy\u00e9 avec la plupart des produits de nettoyage utilis\u00e9s pour laver les maisons. Avec les produits de nettoyage appropri\u00e9s, vous pouvez \u00e9galement \u00e9liminer les graffitis sans endommager les panneaux. Vous pouvez \u00e9galement utiliser un nettoyeur haute pression sur les panneaux.<\/span><\/li>\n<\/ul>\n<p>[\/vc_column_text][vc_empty_space height=\u00a0\u00bb20px\u00a0\u00bb]<a itemprop=\"url\" href=\"https:\/\/www.steni.com\/products\/colour-gallery\/#4913\" target=\"_self\" style=\"color: #ffffff;background-color: #000000;font-size: 16px;font-weight: 400\" class=\"qodef-btn qodef-btn-medium qodef-btn-solid qodef-btn-custom-hover-bg qodef-btn-custom-hover-color\" data-hover-color=\"#ffffff\" data-hover-bg-color=\"#dd3333\" >\n    <span class=\"qodef-btn-line-holder\">\n        <span class=\"qodef-btn-line-top\"><\/span>\n        <span class=\"qodef-btn-line\"><\/span>\n        <span class=\"qodef-btn-line-bottom\"><\/span>\n    <\/span>\n        <span class=\"qodef-btn-text\">Nuancier de couleurs<\/span>\n<\/a>[vc_empty_space height=\u00a0\u00bb40px\u00a0\u00bb][vc_separator color=\u00a0\u00bbblack\u00a0\u00bb][vc_empty_space height=\u00a0\u00bb40px\u00a0\u00bb]<div class=\"qodef-section-title-holder  qodef-st-standard qodef-st-title-left qodef-st-normal-space \" >\n\t<div class=\"qodef-st-inner\">\n\t\t\t\t\t<h3 class=\"qodef-st-title\" >\n\t\t\t\tContactez-nous pour commander des \u00e9chantillons\t\t\t<\/h3>\n\t\t\t\t    \t<\/div>\n<\/div>[vc_column_text]<\/p>\n<h4><strong><span style=\"color: #000000;\">Montr\u00e9al :\u00a0<\/span><span style=\"color: #dd3333;\"><a style=\"color: #dd3333;\" href=\"tel:+5146408926\">514 640-8926<\/a><br \/>\n<\/span><\/strong><strong><span style=\"color: #000000;\">Sans frais :\u00a0<\/span><span style=\"color: #dd3333;\"><a style=\"color: #dd3333;\" href=\"tel:+1-877-640-8928\">1-877-640-8928<\/a><br \/>\n<\/span><\/strong><strong><span style=\"color: #000000;\">Courrier :<\/span><span style=\"color: #000000;\"><span style=\"color: #dd3333;\"><a style=\"color: #dd3333;\" href=\"mailto:info@colico.ca\"> info@colico.ca<\/a><br \/>\n<\/span><br \/>\n<\/span><\/strong><\/h4>\n<p>[\/vc_column_text][vc_empty_space height=\u00a0\u00bb40px\u00a0\u00bb][\/vc_column][\/vc_row][vc_row disable_element=\u00a0\u00bbyes\u00a0\u00bb][vc_column width=\u00a0\u00bb1\/4&Prime;][vc_single_image image=\u00a0\u00bb6342&Prime; img_size=\u00a0\u00bb\u00a0\u00bb][vc_empty_space height=\u00a0\u00bb20px\u00a0\u00bb][\/vc_column][vc_column width=\u00a0\u00bb1\/4&Prime;]<a itemprop=\"url\" href=\"https:\/\/www.steni.com\/products\/colour-gallery\/#4913\" target=\"_self\" style=\"color: #ffffff;background-color: #000000;font-size: 16px;font-weight: 400\" class=\"qodef-btn qodef-btn-medium qodef-btn-solid qodef-btn-custom-hover-bg qodef-btn-custom-hover-color\" data-hover-color=\"#ffffff\" data-hover-bg-color=\"#dd3333\" >\n    <span class=\"qodef-btn-line-holder\">\n        <span class=\"qodef-btn-line-top\"><\/span>\n        <span class=\"qodef-btn-line\"><\/span>\n        <span class=\"qodef-btn-line-bottom\"><\/span>\n    <\/span>\n        <span class=\"qodef-btn-text\">Colour Gallery<\/span>\n<\/a>[vc_column_text]<\/p>\n<h4 class=\"has-white-color has-text-color\"><span style=\"color: #000000;\">Contactez-nous pour commander :<br \/>\n<\/span><span style=\"color: #dd3333;\"><br \/>\n<a style=\"color: #dd3333;\" href=\"tel:+5146408926\">514 640-8926<\/a><br \/>\n<\/span><span style=\"color: #000000;\"> &#8211; <span style=\"color: #dd3333;\"><a style=\"color: #dd3333;\" href=\"mailto:info@colico.ca\">info@colico.ca<\/a><\/span><\/span><\/h4>\n<p>[\/vc_column_text][\/vc_column][vc_column width=\u00a0\u00bb1\/4&Prime;][\/vc_column][vc_column width=\u00a0\u00bb1\/4&Prime;][\/vc_column][\/vc_row]<\/p>\n","protected":false},"excerpt":{"rendered":"<p>[vc_row content_placement=\u00a0\u00bbmiddle\u00a0\u00bb content_text_aligment=\u00a0\u00bbleft\u00a0\u00bb][vc_column][vc_empty_space height=\u00a0\u00bb20&Prime;][\/vc_column][\/vc_row][vc_row content_placement=\u00a0\u00bbmiddle\u00a0\u00bb content_text_aligment=\u00a0\u00bbleft\u00a0\u00bb css=\u00a0\u00bb.vc_custom_1666744602210{margin-right: 50px !important;padding-right: 50px !important;}\u00a0\u00bb][vc_column width=\u00a0\u00bb1\/6&Prime; offset=\u00a0\u00bbvc_col-xs-6&Prime;][vc_single_image image=\u00a0\u00bb6834&Prime; onclick=\u00a0\u00bbcustom_link\u00a0\u00bb link=\u00a0\u00bbhttps:\/\/www.steni.com\/\u00a0\u00bb css=\u00a0\u00bb.vc_custom_1666744726756{background-position: center !important;background-repeat: no-repeat !important;background-size: cover !important;}\u00a0\u00bb][\/vc_column][vc_column width=\u00a0\u00bb1\/2&Prime; offset=\u00a0\u00bbvc_col-xs-6&Prime;][\/vc_column][\/vc_row][vc_row][vc_column][vc_column_text] Avec Steni Colour 6mm, vous pouvez choisir parmi 60 couleurs standard et trois niveaux de [&hellip;]<\/p>\n","protected":false},"author":2,"featured_media":0,"parent":0,"menu_order":0,"comment_status":"closed","ping_status":"closed","template":"","meta":{"footnotes":""},"class_list":["post-10993","page","type-page","status-publish","hentry"],"yoast_head":"<!-- This site is optimized with the Yoast SEO plugin v27.5 - https:\/\/yoast.com\/product\/yoast-seo-wordpress\/ -->\n<title>Steni - Couleur - Colico<\/title>\n<meta name=\"robots\" content=\"index, follow, max-snippet:-1, max-image-preview:large, max-video-preview:-1\" \/>\n<link rel=\"canonical\" href=\"https:\/\/colico.ca\/fr\/steni-couleur\/\" \/>\n<meta property=\"og:locale\" content=\"fr_FR\" \/>\n<meta property=\"og:type\" content=\"article\" \/>\n<meta property=\"og:title\" content=\"Steni - Couleur - Colico\" \/>\n<meta property=\"og:description\" content=\"[vc_row content_placement=\u00a0\u00bbmiddle\u00a0\u00bb content_text_aligment=\u00a0\u00bbleft\u00a0\u00bb][vc_column][vc_empty_space height=\u00a0\u00bb20&Prime;][\/vc_column][\/vc_row][vc_row content_placement=\u00a0\u00bbmiddle\u00a0\u00bb content_text_aligment=\u00a0\u00bbleft\u00a0\u00bb css=\u00a0\u00bb.vc_custom_1666744602210{margin-right: 50px !important;padding-right: 50px !important;}\u00a0\u00bb][vc_column width=\u00a0\u00bb1\/6&Prime; offset=\u00a0\u00bbvc_col-xs-6&Prime;][vc_single_image image=\u00a0\u00bb6834&Prime; onclick=\u00a0\u00bbcustom_link\u00a0\u00bb link=\u00a0\u00bbhttps:\/\/www.steni.com\/\u00a0\u00bb css=\u00a0\u00bb.vc_custom_1666744726756{background-position: center !important;background-repeat: no-repeat !important;background-size: cover !important;}\u00a0\u00bb][\/vc_column][vc_column width=\u00a0\u00bb1\/2&Prime; offset=\u00a0\u00bbvc_col-xs-6&Prime;][\/vc_column][\/vc_row][vc_row][vc_column][vc_column_text] Avec Steni Colour 6mm, vous pouvez choisir parmi 60 couleurs standard et trois niveaux de [&hellip;]\" \/>\n<meta property=\"og:url\" content=\"https:\/\/colico.ca\/fr\/steni-couleur\/\" \/>\n<meta property=\"og:site_name\" content=\"Colico\" \/>\n<meta property=\"article:modified_time\" content=\"2023-02-21T18:01:31+00:00\" \/>\n<meta name=\"twitter:card\" content=\"summary_large_image\" \/>\n<meta name=\"twitter:label1\" content=\"Dur\u00e9e de lecture estim\u00e9e\" \/>\n\t<meta name=\"twitter:data1\" content=\"3 minutes\" \/>\n<script type=\"application\/ld+json\" class=\"yoast-schema-graph\">{\"@context\":\"https:\\\/\\\/schema.org\",\"@graph\":[{\"@type\":\"WebPage\",\"@id\":\"https:\\\/\\\/colico.ca\\\/fr\\\/steni-couleur\\\/\",\"url\":\"https:\\\/\\\/colico.ca\\\/fr\\\/steni-couleur\\\/\",\"name\":\"Steni - Couleur - Colico\",\"isPartOf\":{\"@id\":\"https:\\\/\\\/colico.ca\\\/#website\"},\"datePublished\":\"2022-09-09T14:09:46+00:00\",\"dateModified\":\"2023-02-21T18:01:31+00:00\",\"breadcrumb\":{\"@id\":\"https:\\\/\\\/colico.ca\\\/fr\\\/steni-couleur\\\/#breadcrumb\"},\"inLanguage\":\"fr-FR\",\"potentialAction\":[{\"@type\":\"ReadAction\",\"target\":[\"https:\\\/\\\/colico.ca\\\/fr\\\/steni-couleur\\\/\"]}]},{\"@type\":\"BreadcrumbList\",\"@id\":\"https:\\\/\\\/colico.ca\\\/fr\\\/steni-couleur\\\/#breadcrumb\",\"itemListElement\":[{\"@type\":\"ListItem\",\"position\":1,\"name\":\"Home\",\"item\":\"https:\\\/\\\/colico.ca\\\/fr\\\/accueil-principal\\\/\"},{\"@type\":\"ListItem\",\"position\":2,\"name\":\"Steni &#8211; Couleur\"}]},{\"@type\":\"WebSite\",\"@id\":\"https:\\\/\\\/colico.ca\\\/#website\",\"url\":\"https:\\\/\\\/colico.ca\\\/\",\"name\":\"Colico\",\"description\":\"Produits architecturaux\",\"potentialAction\":[{\"@type\":\"SearchAction\",\"target\":{\"@type\":\"EntryPoint\",\"urlTemplate\":\"https:\\\/\\\/colico.ca\\\/?s={search_term_string}\"},\"query-input\":{\"@type\":\"PropertyValueSpecification\",\"valueRequired\":true,\"valueName\":\"search_term_string\"}}],\"inLanguage\":\"fr-FR\"}]}<\/script>\n<!-- \/ Yoast SEO plugin. -->","yoast_head_json":{"title":"Steni - Couleur - Colico","robots":{"index":"index","follow":"follow","max-snippet":"max-snippet:-1","max-image-preview":"max-image-preview:large","max-video-preview":"max-video-preview:-1"},"canonical":"https:\/\/colico.ca\/fr\/steni-couleur\/","og_locale":"fr_FR","og_type":"article","og_title":"Steni - Couleur - Colico","og_description":"[vc_row content_placement=\u00a0\u00bbmiddle\u00a0\u00bb content_text_aligment=\u00a0\u00bbleft\u00a0\u00bb][vc_column][vc_empty_space height=\u00a0\u00bb20&Prime;][\/vc_column][\/vc_row][vc_row content_placement=\u00a0\u00bbmiddle\u00a0\u00bb content_text_aligment=\u00a0\u00bbleft\u00a0\u00bb css=\u00a0\u00bb.vc_custom_1666744602210{margin-right: 50px !important;padding-right: 50px !important;}\u00a0\u00bb][vc_column width=\u00a0\u00bb1\/6&Prime; offset=\u00a0\u00bbvc_col-xs-6&Prime;][vc_single_image image=\u00a0\u00bb6834&Prime; onclick=\u00a0\u00bbcustom_link\u00a0\u00bb link=\u00a0\u00bbhttps:\/\/www.steni.com\/\u00a0\u00bb css=\u00a0\u00bb.vc_custom_1666744726756{background-position: center !important;background-repeat: no-repeat !important;background-size: cover !important;}\u00a0\u00bb][\/vc_column][vc_column width=\u00a0\u00bb1\/2&Prime; offset=\u00a0\u00bbvc_col-xs-6&Prime;][\/vc_column][\/vc_row][vc_row][vc_column][vc_column_text] Avec Steni Colour 6mm, vous pouvez choisir parmi 60 couleurs standard et trois niveaux de [&hellip;]","og_url":"https:\/\/colico.ca\/fr\/steni-couleur\/","og_site_name":"Colico","article_modified_time":"2023-02-21T18:01:31+00:00","twitter_card":"summary_large_image","twitter_misc":{"Dur\u00e9e de lecture estim\u00e9e":"3 minutes"},"schema":{"@context":"https:\/\/schema.org","@graph":[{"@type":"WebPage","@id":"https:\/\/colico.ca\/fr\/steni-couleur\/","url":"https:\/\/colico.ca\/fr\/steni-couleur\/","name":"Steni - Couleur - Colico","isPartOf":{"@id":"https:\/\/colico.ca\/#website"},"datePublished":"2022-09-09T14:09:46+00:00","dateModified":"2023-02-21T18:01:31+00:00","breadcrumb":{"@id":"https:\/\/colico.ca\/fr\/steni-couleur\/#breadcrumb"},"inLanguage":"fr-FR","potentialAction":[{"@type":"ReadAction","target":["https:\/\/colico.ca\/fr\/steni-couleur\/"]}]},{"@type":"BreadcrumbList","@id":"https:\/\/colico.ca\/fr\/steni-couleur\/#breadcrumb","itemListElement":[{"@type":"ListItem","position":1,"name":"Home","item":"https:\/\/colico.ca\/fr\/accueil-principal\/"},{"@type":"ListItem","position":2,"name":"Steni &#8211; Couleur"}]},{"@type":"WebSite","@id":"https:\/\/colico.ca\/#website","url":"https:\/\/colico.ca\/","name":"Colico","description":"Produits architecturaux","potentialAction":[{"@type":"SearchAction","target":{"@type":"EntryPoint","urlTemplate":"https:\/\/colico.ca\/?s={search_term_string}"},"query-input":{"@type":"PropertyValueSpecification","valueRequired":true,"valueName":"search_term_string"}}],"inLanguage":"fr-FR"}]}},"_links":{"self":[{"href":"https:\/\/colico.ca\/fr\/wp-json\/wp\/v2\/pages\/10993","targetHints":{"allow":["GET"]}}],"collection":[{"href":"https:\/\/colico.ca\/fr\/wp-json\/wp\/v2\/pages"}],"about":[{"href":"https:\/\/colico.ca\/fr\/wp-json\/wp\/v2\/types\/page"}],"author":[{"embeddable":true,"href":"https:\/\/colico.ca\/fr\/wp-json\/wp\/v2\/users\/2"}],"replies":[{"embeddable":true,"href":"https:\/\/colico.ca\/fr\/wp-json\/wp\/v2\/comments?post=10993"}],"version-history":[{"count":14,"href":"https:\/\/colico.ca\/fr\/wp-json\/wp\/v2\/pages\/10993\/revisions"}],"predecessor-version":[{"id":11573,"href":"https:\/\/colico.ca\/fr\/wp-json\/wp\/v2\/pages\/10993\/revisions\/11573"}],"wp:attachment":[{"href":"https:\/\/colico.ca\/fr\/wp-json\/wp\/v2\/media?parent=10993"}],"curies":[{"name":"wp","href":"https:\/\/api.w.org\/{rel}","templated":true}]}}