{"id":10991,"date":"2018-10-09T13:26:13","date_gmt":"2018-10-09T13:26:13","guid":{"rendered":"https:\/\/colico.ca\/a-propos-de-nous\/"},"modified":"2023-02-21T16:01:37","modified_gmt":"2023-02-21T16:01:37","slug":"a-propos-de-nous","status":"publish","type":"page","link":"https:\/\/colico.ca\/fr\/a-propos-de-nous\/","title":{"rendered":"A propos de nous"},"content":{"rendered":"<p>[vc_row row_content_width=\u00a0\u00bbgrid\u00a0\u00bb][vc_column][vc_row_inner css=\u00a0\u00bb.vc_custom_1666635024298{background-position: center !important;background-repeat: no-repeat !important;background-size: contain !important;}\u00a0\u00bb][vc_column_inner width=\u00a0\u00bb1\/2&Prime; offset=\u00a0\u00bbvc_col-xs-12&Prime;][vc_single_image image=\u00a0\u00bb8078&Prime; img_size=\u00a0\u00bbfull\u00a0\u00bb][vc_empty_space height=\u00a0\u00bb20&Prime;][vc_single_image image=\u00a0\u00bb8086&Prime; img_size=\u00a0\u00bbfull\u00a0\u00bb][\/vc_column_inner][vc_column_inner width=\u00a0\u00bb1\/2&Prime; offset=\u00a0\u00bbvc_col-xs-12&Prime;][vc_column_text]<span style=\"color: #000000;\"><strong>Colico<\/strong>, une soci\u00e9t\u00e9 bas\u00e9e \u00e0 Montr\u00e9al, est solidement \u00e9tablie depuis 1994 en tant que sp\u00e9cialiste des syst\u00e8mes d&rsquo;enveloppe du b\u00e2timent et distribue des syst\u00e8mes de panneaux tels que les panneaux en polym\u00e8re renforc\u00e9 de fibre de verre, en polycarbonate et en acrylique.<\/span><\/p>\n<p><span style=\"color: #000000;\"><strong>Colico<\/strong> poss\u00e8de \u00e9galement une division de portes sp\u00e9cialis\u00e9es qui vend, installe et entretient ces portes sur mesure pour les secteurs du march\u00e9 commercial et industriel. Il s&rsquo;agit notamment des volets coupe-feu et anti-fum\u00e9e, des grilles de s\u00e9curit\u00e9 lat\u00e9rales pliantes et basculantes, des portes en accord\u00e9on, des murs mobiles et de nombreuses autres portes sp\u00e9cialis\u00e9es.<\/span><\/p>\n<p><span style=\"color: #000000;\">La mission de <strong>Colico<\/strong>est de distribuer des produits provenant de fabricants fiables et bien \u00e9tablis afin de donner \u00e0 l&rsquo;utilisateur final la tranquillit\u00e9 d&rsquo;esprit pendant de nombreuses ann\u00e9es \u00e0 un prix comp\u00e9titif. Ces fabricants existent depuis longtemps et ont fait leurs preuves. Tous ces fabricants continuent d&rsquo;innover pour am\u00e9liorer constamment la dur\u00e9e de vie des b\u00e2timents et l&rsquo;environnement de leurs utilisateurs.<\/span>[\/vc_column_text][vc_empty_space height=\u00a0\u00bb20&Prime;][vc_column_text]<\/p>\n<h3><strong><span style=\"color: #000000;\">Colico distribue :<\/span><\/strong><\/h3>\n<ul>\n<li><span style=\"color: #000000;\">Steni AS &#8211; Fond\u00e9e en 1965 &#8211; Panneaux ext\u00e9rieurs en composite renforc\u00e9 de fibre de verre.<\/span><\/li>\n<li><span style=\"color: #000000;\">Stabilit &#8211; Fond\u00e9e en 1959 &#8211; Panneaux de rev\u00eatement en acrylique, polycarbonate et PRFV<\/span><\/li>\n<li><span style=\"color: #000000;\">Dynamic Closures &#8211; Etabli en 1975 &#8211; Grilles de s\u00e9curit\u00e9 lat\u00e9rales et push up en aluminium<\/span><\/li>\n<li><span style=\"color: #000000;\">Woodfold &#8211; Fond\u00e9e en 1957 &#8211; Portes accord\u00e9on et murs mobiles<\/span><\/li>\n<li><span style=\"color: #000000;\">SDI\/Cookson &#8211; Fond\u00e9e en 1988 &#8211; Volets coupe-feu et pare-fum\u00e9e en acier<\/span><\/li>\n<\/ul>\n<p><span style=\"color: #000000;\"><strong>Colico<\/strong> est fier d&rsquo;offrir des produits de qualit\u00e9 qui sont conformes aux codes et aux normes d&rsquo;aujourd&rsquo;hui. Nos repr\u00e9sentants sont courtois, rapides et vous aideront, gr\u00e2ce \u00e0 leur expertise sur le terrain et leur connaissance des produits, \u00e0 d\u00e9terminer et \u00e0 vous conseiller le meilleur produit pour les besoins de votre projet.<\/span>[\/vc_column_text][\/vc_column_inner][\/vc_row_inner][vc_separator color=\u00a0\u00bbwhite\u00a0\u00bb css=\u00a0\u00bb.vc_custom_1652989501647{padding-top: 50px !important;}\u00a0\u00bb][\/vc_column][\/vc_row][vc_row gap=\u00a0\u00bb35&Prime; disable_element=\u00a0\u00bbyes\u00a0\u00bb row_content_width=\u00a0\u00bbgrid\u00a0\u00bb][vc_column][vc_row_inner gap=\u00a0\u00bb35&Prime;][vc_column_inner width=\u00a0\u00bb1\/3&Prime;][vc_single_image image=\u00a0\u00bb6636&Prime; img_size=\u00a0\u00bbfull\u00a0\u00bb][vc_empty_space]<div class=\"qodef-image-gallery qodef-grid-list qodef-disable-bottom-space  qodef-ig-grid-type qodef-three-columns qodef-tiny-space  qodef-image-behavior-zoom qodef-pagination-position-bottom\">\n\t<div class=\"qodef-ig-inner qodef-outer-space\">\n\t\t\t\t\t<div class=\"qodef-ig-image qodef-item-space\">\n\t\t\t\t<div class=\"qodef-ig-image-inner\">\n\t\t\t\t\t\t\t\t\t\t\t<img loading=\"lazy\" decoding=\"async\" width=\"569\" height=\"569\" src=\"https:\/\/colico.ca\/wp-content\/uploads\/2022\/05\/A_Cate\u0301gories_Steni.jpg\" class=\"attachment-full size-full\" alt=\"A_Cate\u0301gories_Steni\" srcset=\"https:\/\/colico.ca\/wp-content\/uploads\/2022\/05\/A_Cate\u0301gories_Steni.jpg 569w, https:\/\/colico.ca\/wp-content\/uploads\/2022\/05\/A_Cate\u0301gories_Steni-300x300.jpg 300w, https:\/\/colico.ca\/wp-content\/uploads\/2022\/05\/A_Cate\u0301gories_Steni-150x150.jpg 150w, https:\/\/colico.ca\/wp-content\/uploads\/2022\/05\/A_Cate\u0301gories_Steni-100x100.jpg 100w\" sizes=\"auto, (max-width: 569px) 100vw, 569px\" \/>\t\t\t\t\t\t\t\t\t<\/div>\n\t\t\t<\/div>\n\t\t\t\t\t<div class=\"qodef-ig-image qodef-item-space\">\n\t\t\t\t<div class=\"qodef-ig-image-inner\">\n\t\t\t\t\t\t\t\t\t\t\t<img loading=\"lazy\" decoding=\"async\" width=\"569\" height=\"569\" src=\"https:\/\/colico.ca\/wp-content\/uploads\/2022\/05\/A_Cate\u0301gories_Stabilit.jpg\" class=\"attachment-full size-full\" alt=\"A_Cate\u0301gories_Stabilit\" srcset=\"https:\/\/colico.ca\/wp-content\/uploads\/2022\/05\/A_Cate\u0301gories_Stabilit.jpg 569w, https:\/\/colico.ca\/wp-content\/uploads\/2022\/05\/A_Cate\u0301gories_Stabilit-300x300.jpg 300w, https:\/\/colico.ca\/wp-content\/uploads\/2022\/05\/A_Cate\u0301gories_Stabilit-150x150.jpg 150w, https:\/\/colico.ca\/wp-content\/uploads\/2022\/05\/A_Cate\u0301gories_Stabilit-100x100.jpg 100w\" sizes=\"auto, (max-width: 569px) 100vw, 569px\" \/>\t\t\t\t\t\t\t\t\t<\/div>\n\t\t\t<\/div>\n\t\t\t\t\t<div class=\"qodef-ig-image qodef-item-space\">\n\t\t\t\t<div class=\"qodef-ig-image-inner\">\n\t\t\t\t\t\t\t\t\t\t\t<img loading=\"lazy\" decoding=\"async\" width=\"569\" height=\"569\" src=\"https:\/\/colico.ca\/wp-content\/uploads\/2022\/05\/B_Cate\u0301gories_Dynamic.jpg\" class=\"attachment-full size-full\" alt=\"B_Cate\u0301gories_Dynamic\" srcset=\"https:\/\/colico.ca\/wp-content\/uploads\/2022\/05\/B_Cate\u0301gories_Dynamic.jpg 569w, https:\/\/colico.ca\/wp-content\/uploads\/2022\/05\/B_Cate\u0301gories_Dynamic-300x300.jpg 300w, https:\/\/colico.ca\/wp-content\/uploads\/2022\/05\/B_Cate\u0301gories_Dynamic-150x150.jpg 150w, https:\/\/colico.ca\/wp-content\/uploads\/2022\/05\/B_Cate\u0301gories_Dynamic-100x100.jpg 100w\" sizes=\"auto, (max-width: 569px) 100vw, 569px\" \/>\t\t\t\t\t\t\t\t\t<\/div>\n\t\t\t<\/div>\n\t\t\t\t\t<div class=\"qodef-ig-image qodef-item-space\">\n\t\t\t\t<div class=\"qodef-ig-image-inner\">\n\t\t\t\t\t\t\t\t\t\t\t<img loading=\"lazy\" decoding=\"async\" width=\"569\" height=\"569\" src=\"https:\/\/colico.ca\/wp-content\/uploads\/2022\/05\/B_Cate\u0301gories_SDI.jpg\" class=\"attachment-full size-full\" alt=\"B_Cate\u0301gories_SDI\" srcset=\"https:\/\/colico.ca\/wp-content\/uploads\/2022\/05\/B_Cate\u0301gories_SDI.jpg 569w, https:\/\/colico.ca\/wp-content\/uploads\/2022\/05\/B_Cate\u0301gories_SDI-300x300.jpg 300w, https:\/\/colico.ca\/wp-content\/uploads\/2022\/05\/B_Cate\u0301gories_SDI-150x150.jpg 150w, https:\/\/colico.ca\/wp-content\/uploads\/2022\/05\/B_Cate\u0301gories_SDI-100x100.jpg 100w\" sizes=\"auto, (max-width: 569px) 100vw, 569px\" \/>\t\t\t\t\t\t\t\t\t<\/div>\n\t\t\t<\/div>\n\t\t\t\t\t<div class=\"qodef-ig-image qodef-item-space\">\n\t\t\t\t<div class=\"qodef-ig-image-inner\">\n\t\t\t\t\t\t\t\t\t\t\t<img loading=\"lazy\" decoding=\"async\" width=\"569\" height=\"569\" src=\"https:\/\/colico.ca\/wp-content\/uploads\/2022\/05\/B_Cate\u0301gories_Woodfold.jpg\" class=\"attachment-full size-full\" alt=\"B_Cate\u0301gories_Woodfold\" srcset=\"https:\/\/colico.ca\/wp-content\/uploads\/2022\/05\/B_Cate\u0301gories_Woodfold.jpg 569w, https:\/\/colico.ca\/wp-content\/uploads\/2022\/05\/B_Cate\u0301gories_Woodfold-300x300.jpg 300w, https:\/\/colico.ca\/wp-content\/uploads\/2022\/05\/B_Cate\u0301gories_Woodfold-150x150.jpg 150w, https:\/\/colico.ca\/wp-content\/uploads\/2022\/05\/B_Cate\u0301gories_Woodfold-100x100.jpg 100w\" sizes=\"auto, (max-width: 569px) 100vw, 569px\" \/>\t\t\t\t\t\t\t\t\t<\/div>\n\t\t\t<\/div>\n\t\t\t\t\t<div class=\"qodef-ig-image qodef-item-space\">\n\t\t\t\t<div class=\"qodef-ig-image-inner\">\n\t\t\t\t\t\t\t\t\t\t\t<img loading=\"lazy\" decoding=\"async\" width=\"569\" height=\"569\" src=\"https:\/\/colico.ca\/wp-content\/uploads\/2022\/05\/B_Cate\u0301gories_Cookson.jpg\" class=\"attachment-full size-full\" alt=\"B_Cate\u0301gories_Cookson\" srcset=\"https:\/\/colico.ca\/wp-content\/uploads\/2022\/05\/B_Cate\u0301gories_Cookson.jpg 569w, https:\/\/colico.ca\/wp-content\/uploads\/2022\/05\/B_Cate\u0301gories_Cookson-300x300.jpg 300w, https:\/\/colico.ca\/wp-content\/uploads\/2022\/05\/B_Cate\u0301gories_Cookson-150x150.jpg 150w, https:\/\/colico.ca\/wp-content\/uploads\/2022\/05\/B_Cate\u0301gories_Cookson-100x100.jpg 100w\" sizes=\"auto, (max-width: 569px) 100vw, 569px\" \/>\t\t\t\t\t\t\t\t\t<\/div>\n\t\t\t<\/div>\n\t\t\t<\/div>\n<\/div>[\/vc_column_inner][vc_column_inner width=\u00a0\u00bb2\/3&Prime;][vc_column_text css=\u00a0\u00bb.vc_custom_1652989652144{margin-bottom: 100px !important;}\u00a0\u00bb]<em>Colico<\/em>, entreprise Montr\u00e9alaise solidement \u00e9tablie depuis 1994, se sp\u00e9cialise dans l&rsquo;<strong>enveloppe des b\u00e2timents<\/strong> et distribue pour celle-ci des panneaux renforcis de fibre de verre, polycarbonate, et acrylique.<\/p>\n<p>Elle poss\u00e8de aussi une <strong>division de vente<\/strong> et de service de portes sp\u00e9ciales construites sur mesure pour les clients. Ces portes sp\u00e9ciales incluent coupe-feu, s\u00e9curit\u00e9, porte accord\u00e9on, cloisons mobiles, volet a enroulement, grilles de s\u00e9curit\u00e9, et autres.<\/p>\n<p>L&rsquo;objectif principal de <em>Colico<\/em> est de distribuer des produits de la meilleure qualit\u00e9 possible au plus bas prix pour tous vos projets. Pour cette raison, <em>Colico<\/em> fait affaire avec les meilleurs fabricants dans leurs domaines respectifs. Nos fournisseurs de produits architecturaux ont fait leurs preuves depuis plusieurs dizaines d&rsquo;ann\u00e9es. Ces entreprises innovent constamment dans le but d&rsquo;am\u00e9liorer vos b\u00e2timents et l&rsquo;environnement int\u00e9rieur de ceux-ci.<\/p>\n<p><strong>Concr\u00e8tement, l&rsquo;entreprise propose :<\/strong><\/p>\n<ul>\n<li><strong>Panneaux composites pour rev\u00eatement ext\u00e9rieur (Steni-Granex)<\/strong><\/li>\n<li><strong>Panneaux composite, polycarbonate, acrylique, et fibre de verre (Stabilt)<\/strong><\/li>\n<li><strong>Grilles de s\u00e9curit\u00e9 et volets \u00e0 enroulement (Dynamique)<\/strong><\/li>\n<li><strong>Portes accord\u00e9on et cloisons mobiles qui s&rsquo;adaptent \u00e0 votre environnement (Woodfold)<\/strong><\/li>\n<li><strong>Volets \u00e0 enroulement coupe-feu (SDI\/Cookson)<\/strong><\/li>\n<\/ul>\n<p><em>Colico<\/em> est fier de vous offrir des produits de qualit\u00e9 qui r\u00e9pondent aux normes ainsi qu&rsquo;aux exigences en vigueur. Nous offrons un service \u00e0 la client\u00e8le courtois et rapide et nous mettons \u00e0 votre disposition toute l&rsquo;expertise de nos repr\u00e9sentants afin de vous conseiller le meilleur produit pour votre projet.[\/vc_column_text][\/vc_column_inner][\/vc_row_inner][vc_separator color=\u00a0\u00bbwhite\u00a0\u00bb css=\u00a0\u00bb.vc_custom_1652989501647{padding-top: 50px !important;}\u00a0\u00bb][\/vc_column][\/vc_row]<\/p>\n","protected":false},"excerpt":{"rendered":"<p>[vc_row row_content_width=\u00a0\u00bbgrid\u00a0\u00bb][vc_column][vc_row_inner css=\u00a0\u00bb.vc_custom_1666635024298{background-position: center !important;background-repeat: no-repeat !important;background-size: contain !important;}\u00a0\u00bb][vc_column_inner width=\u00a0\u00bb1\/2&Prime; offset=\u00a0\u00bbvc_col-xs-12&Prime;][vc_single_image image=\u00a0\u00bb8078&Prime; img_size=\u00a0\u00bbfull\u00a0\u00bb][vc_empty_space height=\u00a0\u00bb20&Prime;][vc_single_image image=\u00a0\u00bb8086&Prime; img_size=\u00a0\u00bbfull\u00a0\u00bb][\/vc_column_inner][vc_column_inner width=\u00a0\u00bb1\/2&Prime; offset=\u00a0\u00bbvc_col-xs-12&Prime;][vc_column_text]Colico, une soci\u00e9t\u00e9 bas\u00e9e \u00e0 Montr\u00e9al, est solidement \u00e9tablie depuis 1994 en tant que sp\u00e9cialiste des syst\u00e8mes d&rsquo;enveloppe du b\u00e2timent et distribue des [&hellip;]<\/p>\n","protected":false},"author":1,"featured_media":0,"parent":0,"menu_order":0,"comment_status":"closed","ping_status":"closed","template":"full-width.php","meta":{"footnotes":""},"class_list":["post-10991","page","type-page","status-publish","hentry"],"yoast_head":"<!-- This site is optimized with the Yoast SEO plugin v27.6 - https:\/\/yoast.com\/product\/yoast-seo-wordpress\/ -->\n<title>A propos de nous - Colico<\/title>\n<meta name=\"robots\" content=\"index, follow, max-snippet:-1, max-image-preview:large, max-video-preview:-1\" \/>\n<link rel=\"canonical\" href=\"https:\/\/colico.ca\/fr\/a-propos-de-nous\/\" \/>\n<meta property=\"og:locale\" content=\"fr_FR\" \/>\n<meta property=\"og:type\" content=\"article\" \/>\n<meta property=\"og:title\" content=\"A propos de nous - Colico\" \/>\n<meta property=\"og:description\" content=\"[vc_row row_content_width=\u00a0\u00bbgrid\u00a0\u00bb][vc_column][vc_row_inner css=\u00a0\u00bb.vc_custom_1666635024298{background-position: center !important;background-repeat: no-repeat !important;background-size: contain !important;}\u00a0\u00bb][vc_column_inner width=\u00a0\u00bb1\/2&Prime; offset=\u00a0\u00bbvc_col-xs-12&Prime;][vc_single_image image=\u00a0\u00bb8078&Prime; img_size=\u00a0\u00bbfull\u00a0\u00bb][vc_empty_space height=\u00a0\u00bb20&Prime;][vc_single_image image=\u00a0\u00bb8086&Prime; img_size=\u00a0\u00bbfull\u00a0\u00bb][\/vc_column_inner][vc_column_inner width=\u00a0\u00bb1\/2&Prime; offset=\u00a0\u00bbvc_col-xs-12&Prime;][vc_column_text]Colico, une soci\u00e9t\u00e9 bas\u00e9e \u00e0 Montr\u00e9al, est solidement \u00e9tablie depuis 1994 en tant que sp\u00e9cialiste des syst\u00e8mes d&rsquo;enveloppe du b\u00e2timent et distribue des [&hellip;]\" \/>\n<meta property=\"og:url\" content=\"https:\/\/colico.ca\/fr\/a-propos-de-nous\/\" \/>\n<meta property=\"og:site_name\" content=\"Colico\" \/>\n<meta property=\"article:modified_time\" content=\"2023-02-21T16:01:37+00:00\" \/>\n<meta name=\"twitter:card\" content=\"summary_large_image\" \/>\n<meta name=\"twitter:label1\" content=\"Dur\u00e9e de lecture estim\u00e9e\" \/>\n\t<meta name=\"twitter:data1\" content=\"4 minutes\" \/>\n<script type=\"application\/ld+json\" class=\"yoast-schema-graph\">{\"@context\":\"https:\\\/\\\/schema.org\",\"@graph\":[{\"@type\":\"WebPage\",\"@id\":\"https:\\\/\\\/colico.ca\\\/fr\\\/a-propos-de-nous\\\/\",\"url\":\"https:\\\/\\\/colico.ca\\\/fr\\\/a-propos-de-nous\\\/\",\"name\":\"A propos de nous - Colico\",\"isPartOf\":{\"@id\":\"https:\\\/\\\/colico.ca\\\/#website\"},\"datePublished\":\"2018-10-09T13:26:13+00:00\",\"dateModified\":\"2023-02-21T16:01:37+00:00\",\"breadcrumb\":{\"@id\":\"https:\\\/\\\/colico.ca\\\/fr\\\/a-propos-de-nous\\\/#breadcrumb\"},\"inLanguage\":\"fr-FR\",\"potentialAction\":[{\"@type\":\"ReadAction\",\"target\":[\"https:\\\/\\\/colico.ca\\\/fr\\\/a-propos-de-nous\\\/\"]}]},{\"@type\":\"BreadcrumbList\",\"@id\":\"https:\\\/\\\/colico.ca\\\/fr\\\/a-propos-de-nous\\\/#breadcrumb\",\"itemListElement\":[{\"@type\":\"ListItem\",\"position\":1,\"name\":\"Home\",\"item\":\"https:\\\/\\\/colico.ca\\\/fr\\\/accueil-principal\\\/\"},{\"@type\":\"ListItem\",\"position\":2,\"name\":\"A propos de nous\"}]},{\"@type\":\"WebSite\",\"@id\":\"https:\\\/\\\/colico.ca\\\/#website\",\"url\":\"https:\\\/\\\/colico.ca\\\/\",\"name\":\"Colico\",\"description\":\"Produits architecturaux\",\"potentialAction\":[{\"@type\":\"SearchAction\",\"target\":{\"@type\":\"EntryPoint\",\"urlTemplate\":\"https:\\\/\\\/colico.ca\\\/?s={search_term_string}\"},\"query-input\":{\"@type\":\"PropertyValueSpecification\",\"valueRequired\":true,\"valueName\":\"search_term_string\"}}],\"inLanguage\":\"fr-FR\"}]}<\/script>\n<!-- \/ Yoast SEO plugin. -->","yoast_head_json":{"title":"A propos de nous - Colico","robots":{"index":"index","follow":"follow","max-snippet":"max-snippet:-1","max-image-preview":"max-image-preview:large","max-video-preview":"max-video-preview:-1"},"canonical":"https:\/\/colico.ca\/fr\/a-propos-de-nous\/","og_locale":"fr_FR","og_type":"article","og_title":"A propos de nous - Colico","og_description":"[vc_row row_content_width=\u00a0\u00bbgrid\u00a0\u00bb][vc_column][vc_row_inner css=\u00a0\u00bb.vc_custom_1666635024298{background-position: center !important;background-repeat: no-repeat !important;background-size: contain !important;}\u00a0\u00bb][vc_column_inner width=\u00a0\u00bb1\/2&Prime; offset=\u00a0\u00bbvc_col-xs-12&Prime;][vc_single_image image=\u00a0\u00bb8078&Prime; img_size=\u00a0\u00bbfull\u00a0\u00bb][vc_empty_space height=\u00a0\u00bb20&Prime;][vc_single_image image=\u00a0\u00bb8086&Prime; img_size=\u00a0\u00bbfull\u00a0\u00bb][\/vc_column_inner][vc_column_inner width=\u00a0\u00bb1\/2&Prime; offset=\u00a0\u00bbvc_col-xs-12&Prime;][vc_column_text]Colico, une soci\u00e9t\u00e9 bas\u00e9e \u00e0 Montr\u00e9al, est solidement \u00e9tablie depuis 1994 en tant que sp\u00e9cialiste des syst\u00e8mes d&rsquo;enveloppe du b\u00e2timent et distribue des [&hellip;]","og_url":"https:\/\/colico.ca\/fr\/a-propos-de-nous\/","og_site_name":"Colico","article_modified_time":"2023-02-21T16:01:37+00:00","twitter_card":"summary_large_image","twitter_misc":{"Dur\u00e9e de lecture estim\u00e9e":"4 minutes"},"schema":{"@context":"https:\/\/schema.org","@graph":[{"@type":"WebPage","@id":"https:\/\/colico.ca\/fr\/a-propos-de-nous\/","url":"https:\/\/colico.ca\/fr\/a-propos-de-nous\/","name":"A propos de nous - Colico","isPartOf":{"@id":"https:\/\/colico.ca\/#website"},"datePublished":"2018-10-09T13:26:13+00:00","dateModified":"2023-02-21T16:01:37+00:00","breadcrumb":{"@id":"https:\/\/colico.ca\/fr\/a-propos-de-nous\/#breadcrumb"},"inLanguage":"fr-FR","potentialAction":[{"@type":"ReadAction","target":["https:\/\/colico.ca\/fr\/a-propos-de-nous\/"]}]},{"@type":"BreadcrumbList","@id":"https:\/\/colico.ca\/fr\/a-propos-de-nous\/#breadcrumb","itemListElement":[{"@type":"ListItem","position":1,"name":"Home","item":"https:\/\/colico.ca\/fr\/accueil-principal\/"},{"@type":"ListItem","position":2,"name":"A propos de nous"}]},{"@type":"WebSite","@id":"https:\/\/colico.ca\/#website","url":"https:\/\/colico.ca\/","name":"Colico","description":"Produits architecturaux","potentialAction":[{"@type":"SearchAction","target":{"@type":"EntryPoint","urlTemplate":"https:\/\/colico.ca\/?s={search_term_string}"},"query-input":{"@type":"PropertyValueSpecification","valueRequired":true,"valueName":"search_term_string"}}],"inLanguage":"fr-FR"}]}},"_links":{"self":[{"href":"https:\/\/colico.ca\/fr\/wp-json\/wp\/v2\/pages\/10991","targetHints":{"allow":["GET"]}}],"collection":[{"href":"https:\/\/colico.ca\/fr\/wp-json\/wp\/v2\/pages"}],"about":[{"href":"https:\/\/colico.ca\/fr\/wp-json\/wp\/v2\/types\/page"}],"author":[{"embeddable":true,"href":"https:\/\/colico.ca\/fr\/wp-json\/wp\/v2\/users\/1"}],"replies":[{"embeddable":true,"href":"https:\/\/colico.ca\/fr\/wp-json\/wp\/v2\/comments?post=10991"}],"version-history":[{"count":35,"href":"https:\/\/colico.ca\/fr\/wp-json\/wp\/v2\/pages\/10991\/revisions"}],"predecessor-version":[{"id":11522,"href":"https:\/\/colico.ca\/fr\/wp-json\/wp\/v2\/pages\/10991\/revisions\/11522"}],"wp:attachment":[{"href":"https:\/\/colico.ca\/fr\/wp-json\/wp\/v2\/media?parent=10991"}],"curies":[{"name":"wp","href":"https:\/\/api.w.org\/{rel}","templated":true}]}}