{"id":10857,"date":"2022-11-28T18:12:42","date_gmt":"2022-11-28T18:12:42","guid":{"rendered":"https:\/\/colico.ca\/operable-wall\/"},"modified":"2025-02-27T10:02:32","modified_gmt":"2025-02-27T10:02:32","slug":"operable-wall","status":"publish","type":"page","link":"https:\/\/colico.ca\/fr\/operable-wall\/","title":{"rendered":"Cloisons mobiles &#8211; Cloisons de verre mobiles"},"content":{"rendered":"<p>[vc_row full_width=\u00a0\u00bbstretch_row\u00a0\u00bb content_placement=\u00a0\u00bbtop\u00a0\u00bb css=\u00a0\u00bb.vc_custom_1669737987051{background-image: url(https:\/\/colico.ca\/wp-content\/uploads\/2022\/11\/Bandeau_4-1.jpg?id=9492) !important;background-position: center !important;background-repeat: no-repeat !important;background-size: cover !important;}\u00a0\u00bb][vc_column css=\u00a0\u00bb.vc_custom_1661195278054{padding-top: 17% !important;padding-bottom: 17% !important;background-position: center !important;background-repeat: no-repeat !important;background-size: contain !important;}\u00a0\u00bb offset=\u00a0\u00bbvc_col-lg-12 vc_col-md-12 vc_col-xs-12&Prime;][vc_row_inner][vc_column_inner]<div class=\"qodef-section-title-holder  qodef-st-standard qodef-st-title-left qodef-st-normal-space \" >\n\t<div class=\"qodef-st-inner\">\n\t\t\t\t\t<h1 class=\"qodef-st-title\" style=\"font-size: 60px;color: #ffffff\">\n\t\t\t\tCloisons mobiles - Cloisons de verre mobiles\t\t\t<\/h1>\n\t\t\t\t    \t<\/div>\n<\/div>[\/vc_column_inner][\/vc_row_inner][\/vc_column][\/vc_row][vc_row content_placement=\u00a0\u00bbmiddle\u00a0\u00bb row_content_width=\u00a0\u00bbgrid\u00a0\u00bb content_text_aligment=\u00a0\u00bbleft\u00a0\u00bb css=\u00a0\u00bb.vc_custom_1666718517262{margin-right: 50px !important;padding-right: 50px !important;}\u00a0\u00bb][vc_column offset=\u00a0\u00bbvc_col-xs-5&Prime;][vc_empty_space height=\u00a0\u00bb40&Prime;][\/vc_column][\/vc_row][vc_row content_placement=\u00a0\u00bbmiddle\u00a0\u00bb disable_element=\u00a0\u00bbyes\u00a0\u00bb row_content_width=\u00a0\u00bbgrid\u00a0\u00bb content_text_aligment=\u00a0\u00bbleft\u00a0\u00bb css=\u00a0\u00bb.vc_custom_1669660778961{margin-right: 50px !important;padding-right: 50px !important;}\u00a0\u00bb][vc_column width=\u00a0\u00bb1\/6&Prime; offset=\u00a0\u00bbvc_col-lg-3 vc_col-md-3 vc_col-xs-12&Prime;][vc_single_image img_size=\u00a0\u00bbfull\u00a0\u00bb onclick=\u00a0\u00bbcustom_link\u00a0\u00bb link=\u00a0\u00bbhttps:\/\/www.steni.com\/\u00a0\u00bb css=\u00a0\u00bb.vc_custom_1669660757276{background-position: center !important;background-repeat: no-repeat !important;background-size: contain !important;}\u00a0\u00bb][vc_empty_space height=\u00a0\u00bb20&Prime;][\/vc_column][vc_column width=\u00a0\u00bb1\/2&Prime; offset=\u00a0\u00bbvc_col-lg-6 vc_col-md-6 vc_col-xs-12&Prime;]<a itemprop=\"url\" href=\"https:\/\/servicedoor.com\/\" target=\"_self\" style=\"color: #ffffff;background-color: #000000;font-size: 14px\" class=\"qodef-btn qodef-btn-small qodef-btn-solid qodef-btn-custom-hover-bg qodef-btn-custom-hover-color\" data-hover-color=\"#ffffff\" data-hover-bg-color=\"#dd3333\" >\n    <span class=\"qodef-btn-line-holder\">\n        <span class=\"qodef-btn-line-top\"><\/span>\n        <span class=\"qodef-btn-line\"><\/span>\n        <span class=\"qodef-btn-line-bottom\"><\/span>\n    <\/span>\n        <span class=\"qodef-btn-text\">Visitez le site web de la SDI<\/span>\n<\/a>[vc_empty_space height=\u00a0\u00bb20&Prime;][\/vc_column][\/vc_row][vc_row content_placement=\u00a0\u00bbmiddle\u00a0\u00bb disable_element=\u00a0\u00bbyes\u00a0\u00bb row_content_width=\u00a0\u00bbgrid\u00a0\u00bb content_text_aligment=\u00a0\u00bbleft\u00a0\u00bb css=\u00a0\u00bb.vc_custom_1669660794043{margin-right: 50px !important;padding-right: 50px !important;}\u00a0\u00bb][vc_column offset=\u00a0\u00bbvc_col-xs-5&Prime;][vc_empty_space height=\u00a0\u00bb20&Prime;][\/vc_column][\/vc_row][vc_row][vc_column]<div class=\"qodef-section-title-holder  qodef-st-standard qodef-st-title-left qodef-st-normal-space \" >\n\t<div class=\"qodef-st-inner\">\n\t\t\t\t\t<h3 class=\"qodef-st-title\" >\n\t\t\t\tNowadays space usage is more and more diversification\t\t\t<\/h3>\n\t\t\t\t    \t<\/div>\n<\/div>[vc_column_text]<\/p>\n<h5>Les gens ont besoin de modifier un espace de mani\u00e8re flexible en fonction des besoins du travail, la cloison mobile peut non seulement diviser ou agrandir un espace de mani\u00e8re pratique et rapide, mais aussi am\u00e9liorer la disposition de l&rsquo;espace entier et la fonction.<\/h5>\n<p>[\/vc_column_text][vc_empty_space height=\u00a0\u00bb20px\u00a0\u00bb][vc_column_text]En fonction de la fonction d&rsquo;utilisation et du style de d\u00e9coration, vous pouvez choisir un mur mobile offrant un meilleur effet d&rsquo;isolation phonique et d&rsquo;intimit\u00e9, ainsi que diff\u00e9rentes surfaces d\u00e9coratives pour embellir votre environnement de bureau. Si vous avez besoin de transparence ou de lumi\u00e8re, vous pouvez \u00e9galement opter pour une cloison mobile en verre qui permet \u00e0 la fois de diviser l&rsquo;espace et de profiter d&rsquo;une bonne vue.<\/p>\n<p>Lorsque vous avez besoin d&rsquo;une salle de r\u00e9union pour les clients ou la formation du personnel, votre espace de travail peut \u00eatre transform\u00e9 en l&rsquo;espace dont vous avez besoin facilement et rapidement. D&rsquo;autre part, les grandes surfaces de bureau peuvent \u00eatre facilement divis\u00e9es en petites surfaces afin d&rsquo;assurer l&rsquo;intimit\u00e9 de vos employ\u00e9s, de r\u00e9duire les interf\u00e9rences et d&rsquo;am\u00e9liorer l&rsquo;efficacit\u00e9 du travail.<\/p>\n<p>La salle multifonctionnelle de l&rsquo;h\u00f4tel peut \u00eatre divis\u00e9e en grands espaces selon la fonction d&rsquo;utilisation pour les banquets de mariage ou les grands forums, et peut \u00e9galement \u00eatre divis\u00e9e en petits espaces pour les petites r\u00e9unions ou les banquets.<\/p>\n<p>Le mur de s\u00e9paration est un syst\u00e8me d&rsquo;accrochage par le haut, le rail est install\u00e9 sur la poutre sans rail au sol, avec un minimum de dommages \u00e0 la structure existante, lorsque vous avez besoin de briser un espace, poussez le panneau mural de l&rsquo;aire de stationnement, verrouillez le panneau mural par le joint r\u00e9tractable sup\u00e9rieur et inf\u00e9rieur, les panneaux avec l&rsquo;interface de la languette et de la rainure sont scell\u00e9s herm\u00e9tiquement, formant un mur d&rsquo;isolation sonore, lorsque ce mur n&rsquo;est pas n\u00e9cessaire, vous pouvez repousser le panneau mural \u00e0 l&rsquo;aire de stationnement, pour restaurer une grande zone. Si vous construisez un mur fixe, vous ne pouvez pas modifier l&rsquo;espace et le cr\u00e9er de mani\u00e8re flexible.<\/p>\n<p>Notre \u00e9quipe de conception professionnelle peut vous fournir des conseils professionnels avant la vente et concevoir l&rsquo;agencement le plus avantageux en fonction de votre espace, afin que vous puissiez r\u00e9pondre aux besoins d&rsquo;utilisation flexible de l&rsquo;espace aujourd&rsquo;hui et \u00e0 l&rsquo;avenir.[\/vc_column_text][\/vc_column][\/vc_row][vc_row full_width=\u00a0\u00bbstretch_row\u00a0\u00bb][vc_column][vc_empty_space height=\u00a0\u00bb40&Prime;][vc_separator color=\u00a0\u00bbblack\u00a0\u00bb][vc_empty_space height=\u00a0\u00bb40&Prime;][\/vc_column][vc_column]<div class=\"qodef-section-title-holder  qodef-st-standard qodef-st-title-left qodef-st-normal-space \" >\n\t<div class=\"qodef-st-inner\">\n\t\t\t\t\t<h3 class=\"qodef-st-title\" >\n\t\t\t\tShop Operable Wall &amp; Operable Glass Wall\t\t\t<\/h3>\n\t\t\t\t    \t<\/div>\n<\/div>[vc_empty_space height=\u00a0\u00bb20px\u00a0\u00bb][vc_row_inner content_placement=\u00a0\u00bbtop\u00a0\u00bb gap=\u00a0\u00bb20&Prime; css=\u00a0\u00bb.vc_custom_1666636784129{padding-right: 15px !important;padding-left: 15px !important;}\u00a0\u00bb][vc_column_inner width=\u00a0\u00bb1\/3&Prime; css=\u00a0\u00bb.vc_custom_1666791415475{padding-right: 0px !important;padding-left: 0px !important;}\u00a0\u00bb offset=\u00a0\u00bbvc_col-xs-12&Prime;]<div class=\"qodef-banner-holder overlay qodef-visible-on-default qodef-banner-info-bottom-left qodef-banner-shadow\">\n    <div class=\"qodef-banner-image\">\n        <img loading=\"lazy\" decoding=\"async\" width=\"600\" height=\"600\" src=\"https:\/\/colico.ca\/wp-content\/uploads\/2022\/11\/frameless-glass.jpeg\" class=\"attachment-full size-full\" alt=\"frameless glass\" srcset=\"https:\/\/colico.ca\/wp-content\/uploads\/2022\/11\/frameless-glass.jpeg 600w, https:\/\/colico.ca\/wp-content\/uploads\/2022\/11\/frameless-glass-300x300.jpeg 300w, https:\/\/colico.ca\/wp-content\/uploads\/2022\/11\/frameless-glass-150x150.jpeg 150w, https:\/\/colico.ca\/wp-content\/uploads\/2022\/11\/frameless-glass-100x100.jpeg 100w\" sizes=\"auto, (max-width: 600px) 100vw, 600px\" \/>    <\/div>\n    <div class=\"qodef-banner-text-holder\">\n\t    <div class=\"qodef-banner-text-outer\">\n\t\t    <div class=\"qodef-banner-text-inner\">\n\t\t        \t\t        \t\t            <h3 class=\"qodef-banner-title\" >\n\t\t                Cloisons de verre mobile (sans cadre)\t                <\/h3>\n\t\t        \t\t\t\t                \t\t\t<\/div>\n\t\t<\/div>\n        <div class=\"qodef-banner-overlay\" style=\"background-color: rgba(0,0,0,0.25)\"><\/div>\n\t<\/div>\n\t        <a itemprop=\"url\" class=\"qodef-banner-link\" href=\"https:\/\/colico.ca\/product\/frameless-glass-wall\/\" target=\"_self\"><\/a>\n        <\/div>[\/vc_column_inner][vc_column_inner width=\u00a0\u00bb1\/3&Prime; css=\u00a0\u00bb.vc_custom_1666791764748{padding-right: 0px !important;padding-left: 0px !important;}\u00a0\u00bb offset=\u00a0\u00bbvc_col-xs-12&Prime;]<div class=\"qodef-banner-holder overlay qodef-visible-on-default qodef-banner-info-bottom-left qodef-banner-shadow\">\n    <div class=\"qodef-banner-image\">\n        <img loading=\"lazy\" decoding=\"async\" width=\"611\" height=\"611\" src=\"https:\/\/colico.ca\/wp-content\/uploads\/2022\/11\/Movable-Wall-2.png\" class=\"attachment-full size-full\" alt=\"Movable Wall 2\" srcset=\"https:\/\/colico.ca\/wp-content\/uploads\/2022\/11\/Movable-Wall-2.png 611w, https:\/\/colico.ca\/wp-content\/uploads\/2022\/11\/Movable-Wall-2-300x300.png 300w, https:\/\/colico.ca\/wp-content\/uploads\/2022\/11\/Movable-Wall-2-150x150.png 150w, https:\/\/colico.ca\/wp-content\/uploads\/2022\/11\/Movable-Wall-2-600x600.png 600w, https:\/\/colico.ca\/wp-content\/uploads\/2022\/11\/Movable-Wall-2-100x100.png 100w\" sizes=\"auto, (max-width: 611px) 100vw, 611px\" \/>    <\/div>\n    <div class=\"qodef-banner-text-holder\">\n\t    <div class=\"qodef-banner-text-outer\">\n\t\t    <div class=\"qodef-banner-text-inner\">\n\t\t        \t\t        \t\t            <h3 class=\"qodef-banner-title\" >\n\t\t                Cloison de verre mobile (cadre)\t                <\/h3>\n\t\t        \t\t\t\t                \t\t\t<\/div>\n\t\t<\/div>\n        <div class=\"qodef-banner-overlay\" style=\"background-color: rgba(0,0,0,0.25)\"><\/div>\n\t<\/div>\n\t        <a itemprop=\"url\" class=\"qodef-banner-link\" href=\"https:\/\/colico.ca\/product\/operable-glass-wall-frame\/\" target=\"_self\"><\/a>\n        <\/div>[\/vc_column_inner][vc_column_inner width=\u00a0\u00bb1\/3&Prime; css=\u00a0\u00bb.vc_custom_1666791770322{padding-right: 0px !important;padding-left: 0px !important;}\u00a0\u00bb offset=\u00a0\u00bbvc_col-xs-12&Prime;]<div class=\"qodef-banner-holder overlay qodef-visible-on-default qodef-banner-info-bottom-left qodef-banner-shadow\">\n    <div class=\"qodef-banner-image\">\n        <img loading=\"lazy\" decoding=\"async\" width=\"1080\" height=\"1080\" src=\"https:\/\/colico.ca\/wp-content\/uploads\/2022\/11\/Folding-Glass-Wall.png\" class=\"attachment-full size-full\" alt=\"\" srcset=\"https:\/\/colico.ca\/wp-content\/uploads\/2022\/11\/Folding-Glass-Wall.png 1080w, https:\/\/colico.ca\/wp-content\/uploads\/2022\/11\/Folding-Glass-Wall-300x300.png 300w, https:\/\/colico.ca\/wp-content\/uploads\/2022\/11\/Folding-Glass-Wall-1024x1024.png 1024w, https:\/\/colico.ca\/wp-content\/uploads\/2022\/11\/Folding-Glass-Wall-150x150.png 150w, https:\/\/colico.ca\/wp-content\/uploads\/2022\/11\/Folding-Glass-Wall-768x768.png 768w, https:\/\/colico.ca\/wp-content\/uploads\/2022\/11\/Folding-Glass-Wall-650x650.png 650w, https:\/\/colico.ca\/wp-content\/uploads\/2022\/11\/Folding-Glass-Wall-600x600.png 600w, https:\/\/colico.ca\/wp-content\/uploads\/2022\/11\/Folding-Glass-Wall-100x100.png 100w\" sizes=\"auto, (max-width: 1080px) 100vw, 1080px\" \/>    <\/div>\n    <div class=\"qodef-banner-text-holder\">\n\t    <div class=\"qodef-banner-text-outer\">\n\t\t    <div class=\"qodef-banner-text-inner\">\n\t\t        \t\t        \t\t            <h3 class=\"qodef-banner-title\" >\n\t\t                Cloison de verre pliant\t                <\/h3>\n\t\t        \t\t\t\t                \t\t\t<\/div>\n\t\t<\/div>\n        <div class=\"qodef-banner-overlay\" style=\"background-color: rgba(0,0,0,0.25)\"><\/div>\n\t<\/div>\n\t        <a itemprop=\"url\" class=\"qodef-banner-link\" href=\"https:\/\/colico.ca\/product\/folding-glass-wall\/\" target=\"_self\"><\/a>\n        <\/div>[\/vc_column_inner][\/vc_row_inner][vc_row_inner content_placement=\u00a0\u00bbtop\u00a0\u00bb gap=\u00a0\u00bb20&Prime; css=\u00a0\u00bb.vc_custom_1666636784129{padding-right: 15px !important;padding-left: 15px !important;}\u00a0\u00bb][vc_column_inner width=\u00a0\u00bb1\/3&Prime; css=\u00a0\u00bb.vc_custom_1669661633333{padding-right: 0px !important;padding-left: 0px !important;}\u00a0\u00bb]<div class=\"qodef-banner-holder overlay qodef-visible-on-default qodef-banner-info-bottom-left qodef-banner-shadow\">\n    <div class=\"qodef-banner-image\">\n        <img loading=\"lazy\" decoding=\"async\" width=\"534\" height=\"534\" src=\"https:\/\/colico.ca\/wp-content\/uploads\/2022\/11\/A_Ultra-High-b.jpeg\" class=\"attachment-full size-full\" alt=\"A_Ultra High b\" srcset=\"https:\/\/colico.ca\/wp-content\/uploads\/2022\/11\/A_Ultra-High-b.jpeg 534w, https:\/\/colico.ca\/wp-content\/uploads\/2022\/11\/A_Ultra-High-b-300x300.jpeg 300w, https:\/\/colico.ca\/wp-content\/uploads\/2022\/11\/A_Ultra-High-b-150x150.jpeg 150w, https:\/\/colico.ca\/wp-content\/uploads\/2022\/11\/A_Ultra-High-b-100x100.jpeg 100w\" sizes=\"auto, (max-width: 534px) 100vw, 534px\" \/>    <\/div>\n    <div class=\"qodef-banner-text-holder\">\n\t    <div class=\"qodef-banner-text-outer\">\n\t\t    <div class=\"qodef-banner-text-inner\">\n\t\t        \t\t        \t\t            <h3 class=\"qodef-banner-title\" >\n\t\t                Cloison mobile ultra-haut\t                <\/h3>\n\t\t        \t\t\t\t                \t\t\t<\/div>\n\t\t<\/div>\n        <div class=\"qodef-banner-overlay\" style=\"background-color: rgba(0,0,0,0.25)\"><\/div>\n\t<\/div>\n\t        <a itemprop=\"url\" class=\"qodef-banner-link\" href=\"https:\/\/colico.ca\/product\/ultra-high-operable-wall\/\" target=\"_self\"><\/a>\n        <\/div>[\/vc_column_inner][vc_column_inner width=\u00a0\u00bb1\/3&Prime; css=\u00a0\u00bb.vc_custom_1669668051465{padding-right: 0px !important;padding-left: 0px !important;}\u00a0\u00bb]<div class=\"qodef-banner-holder overlay qodef-visible-on-default qodef-banner-info-bottom-left qodef-banner-shadow\">\n    <div class=\"qodef-banner-image\">\n        <img loading=\"lazy\" decoding=\"async\" width=\"686\" height=\"685\" src=\"https:\/\/colico.ca\/wp-content\/uploads\/2022\/11\/Movable-Wall-3.jpeg\" class=\"attachment-full size-full\" alt=\"Movable Wall 3\" srcset=\"https:\/\/colico.ca\/wp-content\/uploads\/2022\/11\/Movable-Wall-3.jpeg 686w, https:\/\/colico.ca\/wp-content\/uploads\/2022\/11\/Movable-Wall-3-300x300.jpeg 300w, https:\/\/colico.ca\/wp-content\/uploads\/2022\/11\/Movable-Wall-3-150x150.jpeg 150w, https:\/\/colico.ca\/wp-content\/uploads\/2022\/11\/Movable-Wall-3-650x650.jpeg 650w, https:\/\/colico.ca\/wp-content\/uploads\/2022\/11\/Movable-Wall-3-600x599.jpeg 600w, https:\/\/colico.ca\/wp-content\/uploads\/2022\/11\/Movable-Wall-3-100x100.jpeg 100w\" sizes=\"auto, (max-width: 686px) 100vw, 686px\" \/>    <\/div>\n    <div class=\"qodef-banner-text-holder\">\n\t    <div class=\"qodef-banner-text-outer\">\n\t\t    <div class=\"qodef-banner-text-inner\">\n\t\t        \t\t        \t\t            <h3 class=\"qodef-banner-title\" >\n\t\t                Cloison mobile\t                <\/h3>\n\t\t        \t\t\t\t                \t\t\t<\/div>\n\t\t<\/div>\n        <div class=\"qodef-banner-overlay\" style=\"background-color: rgba(0,0,0,0.25)\"><\/div>\n\t<\/div>\n\t        <a itemprop=\"url\" class=\"qodef-banner-link\" href=\"https:\/\/colico.ca\/product\/operable-wall\/\" target=\"_self\"><\/a>\n        <\/div>[\/vc_column_inner][vc_column_inner width=\u00a0\u00bb1\/3&Prime;][\/vc_column_inner][\/vc_row_inner][vc_empty_space height=\u00a0\u00bb20px\u00a0\u00bb]<div class=\"qodef-section-title-holder  qodef-st-standard qodef-st-title-left qodef-st-normal-space \" >\n\t<div class=\"qodef-st-inner\">\n\t\t\t\t\t<h3 class=\"qodef-st-title\" >\n\t\t\t\tContact us to order\t\t\t<\/h3>\n\t\t\t\t    \t<\/div>\n<\/div>[vc_column_text]<\/p>\n<div class=\"wpb_text_column wpb_content_element \">\n<div class=\"wpb_wrapper\">\n<h5><strong><span style=\"color: #000000;\">Montr\u00e9al : <\/span><span style=\"color: #dd3333;\"><a style=\"color: #dd3333;\" href=\"tel:+5146408926\">514 640-8926<\/a><br \/>\n<\/span><span style=\"color: #000000;\">Sans frais : <\/span><span style=\"color: #dd3333;\"><a style=\"color: #dd3333;\" href=\"tel:+1-877-640-8928\">1-877-640-8928<\/a><br \/>\n<\/span><span style=\"color: #000000;\">Courrier :<\/span> <span style=\"color: #000000;\"><span style=\"color: #dd3333;\"><a style=\"color: #dd3333;\" href=\"mailto:info@colico.ca\">info@colico.ca<\/a><\/span><\/span><\/strong><\/h5>\n<\/div>\n<\/div>\n<p>[\/vc_column_text][vc_empty_space height=\u00a0\u00bb40px\u00a0\u00bb][\/vc_column][\/vc_row]<\/p>\n","protected":false},"excerpt":{"rendered":"<p>[vc_row full_width=\u00a0\u00bbstretch_row\u00a0\u00bb content_placement=\u00a0\u00bbtop\u00a0\u00bb css=\u00a0\u00bb.vc_custom_1669737987051{background-image: url(https:\/\/colico.ca\/wp-content\/uploads\/2022\/11\/Bandeau_4-1.jpg?id=9492) !important;background-position: center !important;background-repeat: no-repeat !important;background-size: cover !important;}\u00a0\u00bb][vc_column css=\u00a0\u00bb.vc_custom_1661195278054{padding-top: 17% !important;padding-bottom: 17% !important;background-position: center !important;background-repeat: no-repeat !important;background-size: contain !important;}\u00a0\u00bb offset=\u00a0\u00bbvc_col-lg-12 vc_col-md-12 vc_col-xs-12&Prime;][vc_row_inner][vc_column_inner][\/vc_column_inner][\/vc_row_inner][\/vc_column][\/vc_row][vc_row content_placement=\u00a0\u00bbmiddle\u00a0\u00bb row_content_width=\u00a0\u00bbgrid\u00a0\u00bb content_text_aligment=\u00a0\u00bbleft\u00a0\u00bb css=\u00a0\u00bb.vc_custom_1666718517262{margin-right: 50px !important;padding-right: 50px !important;}\u00a0\u00bb][vc_column offset=\u00a0\u00bbvc_col-xs-5&Prime;][vc_empty_space height=\u00a0\u00bb40&Prime;][\/vc_column][\/vc_row][vc_row content_placement=\u00a0\u00bbmiddle\u00a0\u00bb disable_element=\u00a0\u00bbyes\u00a0\u00bb row_content_width=\u00a0\u00bbgrid\u00a0\u00bb content_text_aligment=\u00a0\u00bbleft\u00a0\u00bb [&hellip;]<\/p>\n","protected":false},"author":2,"featured_media":0,"parent":0,"menu_order":0,"comment_status":"closed","ping_status":"closed","template":"","meta":{"footnotes":""},"class_list":["post-10857","page","type-page","status-publish","hentry"],"yoast_head":"<!-- This site is optimized with the Yoast SEO plugin v27.2 - https:\/\/yoast.com\/product\/yoast-seo-wordpress\/ -->\n<title>Cloisons Mobiles &amp; Cloisons Mobiles en Verre | Colico<\/title>\n<meta name=\"description\" content=\"Explorez nos cloisons mobiles et cloisons mobiles en verre modernes pour une flexibilit\u00e9 optimale. Personnalisation et qualit\u00e9 garanties chez Colico.\" \/>\n<meta name=\"robots\" content=\"index, follow, max-snippet:-1, max-image-preview:large, max-video-preview:-1\" \/>\n<link rel=\"canonical\" href=\"https:\/\/colico.ca\/fr\/operable-wall\/\" \/>\n<meta property=\"og:locale\" content=\"fr_FR\" \/>\n<meta property=\"og:type\" content=\"article\" \/>\n<meta property=\"og:title\" content=\"Cloisons Mobiles &amp; Cloisons Mobiles en Verre | Colico\" \/>\n<meta property=\"og:description\" content=\"Explorez nos cloisons mobiles et cloisons mobiles en verre modernes pour une flexibilit\u00e9 optimale. Personnalisation et qualit\u00e9 garanties chez Colico.\" \/>\n<meta property=\"og:url\" content=\"https:\/\/colico.ca\/fr\/operable-wall\/\" \/>\n<meta property=\"og:site_name\" content=\"Colico\" \/>\n<meta property=\"article:modified_time\" content=\"2025-02-27T10:02:32+00:00\" \/>\n<meta name=\"twitter:card\" content=\"summary_large_image\" \/>\n<meta name=\"twitter:label1\" content=\"Dur\u00e9e de lecture estim\u00e9e\" \/>\n\t<meta name=\"twitter:data1\" content=\"3 minutes\" \/>\n<script type=\"application\/ld+json\" class=\"yoast-schema-graph\">{\"@context\":\"https:\/\/schema.org\",\"@graph\":[{\"@type\":\"WebPage\",\"@id\":\"https:\/\/colico.ca\/fr\/operable-wall\/\",\"url\":\"https:\/\/colico.ca\/fr\/operable-wall\/\",\"name\":\"Cloisons Mobiles & Cloisons Mobiles en Verre | Colico\",\"isPartOf\":{\"@id\":\"https:\/\/colico.ca\/#website\"},\"datePublished\":\"2022-11-28T18:12:42+00:00\",\"dateModified\":\"2025-02-27T10:02:32+00:00\",\"description\":\"Explorez nos cloisons mobiles et cloisons mobiles en verre modernes pour une flexibilit\u00e9 optimale. Personnalisation et qualit\u00e9 garanties chez Colico.\",\"breadcrumb\":{\"@id\":\"https:\/\/colico.ca\/fr\/operable-wall\/#breadcrumb\"},\"inLanguage\":\"fr-FR\",\"potentialAction\":[{\"@type\":\"ReadAction\",\"target\":[\"https:\/\/colico.ca\/fr\/operable-wall\/\"]}]},{\"@type\":\"BreadcrumbList\",\"@id\":\"https:\/\/colico.ca\/fr\/operable-wall\/#breadcrumb\",\"itemListElement\":[{\"@type\":\"ListItem\",\"position\":1,\"name\":\"Home\",\"item\":\"https:\/\/colico.ca\/fr\/accueil-principal\/\"},{\"@type\":\"ListItem\",\"position\":2,\"name\":\"Cloisons mobiles &#8211; Cloisons de verre mobiles\"}]},{\"@type\":\"WebSite\",\"@id\":\"https:\/\/colico.ca\/#website\",\"url\":\"https:\/\/colico.ca\/\",\"name\":\"Colico\",\"description\":\"Produits architecturaux\",\"potentialAction\":[{\"@type\":\"SearchAction\",\"target\":{\"@type\":\"EntryPoint\",\"urlTemplate\":\"https:\/\/colico.ca\/?s={search_term_string}\"},\"query-input\":{\"@type\":\"PropertyValueSpecification\",\"valueRequired\":true,\"valueName\":\"search_term_string\"}}],\"inLanguage\":\"fr-FR\"}]}<\/script>\n<!-- \/ Yoast SEO plugin. -->","yoast_head_json":{"title":"Cloisons Mobiles & Cloisons Mobiles en Verre | Colico","description":"Explorez nos cloisons mobiles et cloisons mobiles en verre modernes pour une flexibilit\u00e9 optimale. Personnalisation et qualit\u00e9 garanties chez Colico.","robots":{"index":"index","follow":"follow","max-snippet":"max-snippet:-1","max-image-preview":"max-image-preview:large","max-video-preview":"max-video-preview:-1"},"canonical":"https:\/\/colico.ca\/fr\/operable-wall\/","og_locale":"fr_FR","og_type":"article","og_title":"Cloisons Mobiles & Cloisons Mobiles en Verre | Colico","og_description":"Explorez nos cloisons mobiles et cloisons mobiles en verre modernes pour une flexibilit\u00e9 optimale. Personnalisation et qualit\u00e9 garanties chez Colico.","og_url":"https:\/\/colico.ca\/fr\/operable-wall\/","og_site_name":"Colico","article_modified_time":"2025-02-27T10:02:32+00:00","twitter_card":"summary_large_image","twitter_misc":{"Dur\u00e9e de lecture estim\u00e9e":"3 minutes"},"schema":{"@context":"https:\/\/schema.org","@graph":[{"@type":"WebPage","@id":"https:\/\/colico.ca\/fr\/operable-wall\/","url":"https:\/\/colico.ca\/fr\/operable-wall\/","name":"Cloisons Mobiles & Cloisons Mobiles en Verre | Colico","isPartOf":{"@id":"https:\/\/colico.ca\/#website"},"datePublished":"2022-11-28T18:12:42+00:00","dateModified":"2025-02-27T10:02:32+00:00","description":"Explorez nos cloisons mobiles et cloisons mobiles en verre modernes pour une flexibilit\u00e9 optimale. Personnalisation et qualit\u00e9 garanties chez Colico.","breadcrumb":{"@id":"https:\/\/colico.ca\/fr\/operable-wall\/#breadcrumb"},"inLanguage":"fr-FR","potentialAction":[{"@type":"ReadAction","target":["https:\/\/colico.ca\/fr\/operable-wall\/"]}]},{"@type":"BreadcrumbList","@id":"https:\/\/colico.ca\/fr\/operable-wall\/#breadcrumb","itemListElement":[{"@type":"ListItem","position":1,"name":"Home","item":"https:\/\/colico.ca\/fr\/accueil-principal\/"},{"@type":"ListItem","position":2,"name":"Cloisons mobiles &#8211; Cloisons de verre mobiles"}]},{"@type":"WebSite","@id":"https:\/\/colico.ca\/#website","url":"https:\/\/colico.ca\/","name":"Colico","description":"Produits architecturaux","potentialAction":[{"@type":"SearchAction","target":{"@type":"EntryPoint","urlTemplate":"https:\/\/colico.ca\/?s={search_term_string}"},"query-input":{"@type":"PropertyValueSpecification","valueRequired":true,"valueName":"search_term_string"}}],"inLanguage":"fr-FR"}]}},"_links":{"self":[{"href":"https:\/\/colico.ca\/fr\/wp-json\/wp\/v2\/pages\/10857","targetHints":{"allow":["GET"]}}],"collection":[{"href":"https:\/\/colico.ca\/fr\/wp-json\/wp\/v2\/pages"}],"about":[{"href":"https:\/\/colico.ca\/fr\/wp-json\/wp\/v2\/types\/page"}],"author":[{"embeddable":true,"href":"https:\/\/colico.ca\/fr\/wp-json\/wp\/v2\/users\/2"}],"replies":[{"embeddable":true,"href":"https:\/\/colico.ca\/fr\/wp-json\/wp\/v2\/comments?post=10857"}],"version-history":[{"count":18,"href":"https:\/\/colico.ca\/fr\/wp-json\/wp\/v2\/pages\/10857\/revisions"}],"predecessor-version":[{"id":11667,"href":"https:\/\/colico.ca\/fr\/wp-json\/wp\/v2\/pages\/10857\/revisions\/11667"}],"wp:attachment":[{"href":"https:\/\/colico.ca\/fr\/wp-json\/wp\/v2\/media?parent=10857"}],"curies":[{"name":"wp","href":"https:\/\/api.w.org\/{rel}","templated":true}]}}