{"id":10853,"date":"2022-12-07T18:16:40","date_gmt":"2022-12-07T18:16:40","guid":{"rendered":"https:\/\/colico.ca\/architectural-panels\/"},"modified":"2025-02-27T10:00:57","modified_gmt":"2025-02-27T10:00:57","slug":"architectural-panels","status":"publish","type":"page","link":"https:\/\/colico.ca\/fr\/architectural-panels\/","title":{"rendered":"Panneaux architecturaux"},"content":{"rendered":"<p>[vc_row gap=\u00a0\u00bb20&Prime; equal_height=\u00a0\u00bbyes\u00a0\u00bb row_content_width=\u00a0\u00bbgrid\u00a0\u00bb][vc_column width=\u00a0\u00bb1\/4&Prime; offset=\u00a0\u00bbvc_col-lg-3 vc_col-md-3 vc_col-xs-12&Prime; css=\u00a0\u00bb.vc_custom_1670437866822{padding-top: 0px !important;padding-right: 0px !important;padding-bottom: 0px !important;padding-left: 0px !important;}\u00a0\u00bb][\/vc_column][vc_column width=\u00a0\u00bb1\/4&Prime; offset=\u00a0\u00bbvc_col-lg-3 vc_col-md-3 vc_col-xs-12&Prime; css=\u00a0\u00bb.vc_custom_1670437879451{padding-top: 0px !important;padding-right: 0px !important;padding-bottom: 0px !important;padding-left: 0px !important;}\u00a0\u00bb][vc_hoverbox image=\u00a0\u00bb8470&Prime; primary_title=\u00a0\u00bbSteni &#8211; Panneaux de fa\u00e7ade\u00a0\u00bb primary_title_font_container=\u00a0\u00bbfont_size:30px|color:%23ffffff\u00a0\u00bb primary_title_use_theme_fonts=\u00a0\u00bbyes\u00a0\u00bb hover_title=\u00a0\u00bb\u00a0\u00bb shape=\u00a0\u00bbsquare\u00a0\u00bb hover_background_color=\u00a0\u00bbwhite\u00a0\u00bb use_custom_fonts_primary_title=\u00a0\u00bbtrue\u00a0\u00bb]<a href=\"https:\/\/colico.ca\/fr\/steni-panneaux-de-facade\/\"><img loading=\"lazy\" decoding=\"async\" class=\"aligncenter size-full wp-image-8304\" src=\"https:\/\/colico.ca\/wp-content\/uploads\/2022\/10\/A_Cate%CC%81gories_Steni_B.jpg\" alt=\"\" width=\"569\" height=\"569\"><\/a>[\/vc_hoverbox][\/vc_column][vc_column width=\u00a0\u00bb1\/4&Prime; css=\u00a0\u00bb.vc_custom_1670437994095{padding-top: 0px !important;padding-right: 0px !important;padding-bottom: 0px !important;padding-left: 0px !important;}\u00a0\u00bb][vc_hoverbox image=\u00a0\u00bb9668&Prime; primary_title=\u00a0\u00bbStabilit &#8211; Panneaux acrylique, fibre de verre et polycarbonate\u00a0\u00bb primary_title_font_container=\u00a0\u00bbfont_size:30px|color:%23ffffff\u00a0\u00bb primary_title_use_theme_fonts=\u00a0\u00bbyes\u00a0\u00bb hover_title=\u00a0\u00bb\u00a0\u00bb shape=\u00a0\u00bbsquare\u00a0\u00bb hover_background_color=\u00a0\u00bbwhite\u00a0\u00bb use_custom_fonts_primary_title=\u00a0\u00bbtrue\u00a0\u00bb]<a href=\"https:\/\/colico.ca\/fr\/stabilite-polycarbonate-acrylique-et-fibre-de-verre\/\"><img loading=\"lazy\" decoding=\"async\" class=\"aligncenter size-full wp-image-6674\" src=\"https:\/\/colico.ca\/wp-content\/uploads\/2022\/06\/A_Cate%CC%81gories_Stabilit_B.jpg\" alt=\"\" width=\"569\" height=\"569\"><\/a>[\/vc_hoverbox][\/vc_column][vc_column width=\u00a0\u00bb1\/4&Prime; css=\u00a0\u00bb.vc_custom_1670438003263{padding-top: 0px !important;padding-right: 0px !important;padding-bottom: 0px !important;padding-left: 0px !important;}\u00a0\u00bb][\/vc_column][\/vc_row][vc_row disable_element=\u00a0\u00bbyes\u00a0\u00bb][vc_column]<div class=\"qodef-section-title-holder  qodef-st-standard qodef-st-title-left qodef-st-normal-space \" >\n\t<div class=\"qodef-st-inner\">\n\t\t\t\t\t<h3 class=\"qodef-st-title\" >\n\t\t\t\tContact us to order\t\t\t<\/h3>\n\t\t\t\t    \t<\/div>\n<\/div>[vc_column_text]<\/p>\n<div class=\"wpb_text_column wpb_content_element \">\n<div class=\"wpb_wrapper\">\n<h5><strong><span style=\"color: #000000;\">Montr\u00e9al : <\/span><span style=\"color: #dd3333;\"><a style=\"color: #dd3333;\" href=\"tel:+5146408926\">514 640-8926<\/a><br \/>\n<\/span><span style=\"color: #000000;\">Sans frais : <\/span><span style=\"color: #dd3333;\"><a style=\"color: #dd3333;\" href=\"tel:+1-877-640-8928\">1-877-640-8928<\/a><br \/>\n<\/span><span style=\"color: #000000;\">Courrier :<\/span><span style=\"color: #000000;\"> <\/span><span style=\"color: #000000;\"><span style=\"color: #dd3333;\"><a style=\"color: #dd3333;\" href=\"mailto:info@colico.ca\">info@colico.ca<\/a><\/span><\/span><\/strong><\/h5>\n<\/div>\n<\/div>\n<p>[\/vc_column_text][vc_empty_space height=\u00a0\u00bb40px\u00a0\u00bb][\/vc_column][\/vc_row]<\/p>\n","protected":false},"excerpt":{"rendered":"<p>[vc_row gap=\u00a0\u00bb20&Prime; equal_height=\u00a0\u00bbyes\u00a0\u00bb row_content_width=\u00a0\u00bbgrid\u00a0\u00bb][vc_column width=\u00a0\u00bb1\/4&Prime; offset=\u00a0\u00bbvc_col-lg-3 vc_col-md-3 vc_col-xs-12&Prime; css=\u00a0\u00bb.vc_custom_1670437866822{padding-top: 0px !important;padding-right: 0px !important;padding-bottom: 0px !important;padding-left: 0px !important;}\u00a0\u00bb][\/vc_column][vc_column width=\u00a0\u00bb1\/4&Prime; offset=\u00a0\u00bbvc_col-lg-3 vc_col-md-3 vc_col-xs-12&Prime; css=\u00a0\u00bb.vc_custom_1670437879451{padding-top: 0px !important;padding-right: 0px !important;padding-bottom: 0px !important;padding-left: 0px !important;}\u00a0\u00bb][vc_hoverbox image=\u00a0\u00bb8470&Prime; primary_title=\u00a0\u00bbSteni &#8211; Panneaux de fa\u00e7ade\u00a0\u00bb primary_title_font_container=\u00a0\u00bbfont_size:30px|color:%23ffffff\u00a0\u00bb primary_title_use_theme_fonts=\u00a0\u00bbyes\u00a0\u00bb hover_title=\u00a0\u00bb\u00a0\u00bb shape=\u00a0\u00bbsquare\u00a0\u00bb [&hellip;]<\/p>\n","protected":false},"author":2,"featured_media":0,"parent":0,"menu_order":0,"comment_status":"closed","ping_status":"closed","template":"","meta":{"footnotes":""},"class_list":["post-10853","page","type-page","status-publish","hentry"],"yoast_head":"<!-- This site is optimized with the Yoast SEO plugin v27.4 - https:\/\/yoast.com\/product\/yoast-seo-wordpress\/ -->\n<title>Panneaux architecturaux - Solutions de fa\u00e7ade et de bardage de haute qualit\u00e9 - Colico<\/title>\n<meta name=\"description\" content=\"Panneaux architecturaux haut de gamme de Colico pour les fa\u00e7ades de b\u00e2timents et les solutions de rev\u00eatement. Nos panneaux durables et \u00e9l\u00e9gants offrent des performances exceptionnelles pour les projets commerciaux, industriels et r\u00e9sidentiels.\" \/>\n<meta name=\"robots\" content=\"index, follow, max-snippet:-1, max-image-preview:large, max-video-preview:-1\" \/>\n<link rel=\"canonical\" href=\"https:\/\/colico.ca\/fr\/architectural-panels\/\" \/>\n<meta property=\"og:locale\" content=\"fr_FR\" \/>\n<meta property=\"og:type\" content=\"article\" \/>\n<meta property=\"og:title\" content=\"Panneaux architecturaux - Solutions de fa\u00e7ade et de bardage de haute qualit\u00e9 - Colico\" \/>\n<meta property=\"og:description\" content=\"Panneaux architecturaux haut de gamme de Colico pour les fa\u00e7ades de b\u00e2timents et les solutions de rev\u00eatement. Nos panneaux durables et \u00e9l\u00e9gants offrent des performances exceptionnelles pour les projets commerciaux, industriels et r\u00e9sidentiels.\" \/>\n<meta property=\"og:url\" content=\"https:\/\/colico.ca\/fr\/architectural-panels\/\" \/>\n<meta property=\"og:site_name\" content=\"Colico\" \/>\n<meta property=\"article:modified_time\" content=\"2025-02-27T10:00:57+00:00\" \/>\n<meta property=\"og:image\" content=\"https:\/\/colico.ca\/wp-content\/uploads\/2022\/10\/A_Cate\u0301gories_Steni_B.jpg\" \/>\n\t<meta property=\"og:image:width\" content=\"569\" \/>\n\t<meta property=\"og:image:height\" content=\"569\" \/>\n\t<meta property=\"og:image:type\" content=\"image\/jpeg\" \/>\n<meta name=\"twitter:card\" content=\"summary_large_image\" \/>\n<meta name=\"twitter:label1\" content=\"Dur\u00e9e de lecture estim\u00e9e\" \/>\n\t<meta name=\"twitter:data1\" content=\"1 minute\" \/>\n<script type=\"application\/ld+json\" class=\"yoast-schema-graph\">{\"@context\":\"https:\\\/\\\/schema.org\",\"@graph\":[{\"@type\":\"WebPage\",\"@id\":\"https:\\\/\\\/colico.ca\\\/fr\\\/architectural-panels\\\/\",\"url\":\"https:\\\/\\\/colico.ca\\\/fr\\\/architectural-panels\\\/\",\"name\":\"Panneaux architecturaux - Solutions de fa\u00e7ade et de bardage de haute qualit\u00e9 - Colico\",\"isPartOf\":{\"@id\":\"https:\\\/\\\/colico.ca\\\/#website\"},\"primaryImageOfPage\":{\"@id\":\"https:\\\/\\\/colico.ca\\\/fr\\\/architectural-panels\\\/#primaryimage\"},\"image\":{\"@id\":\"https:\\\/\\\/colico.ca\\\/fr\\\/architectural-panels\\\/#primaryimage\"},\"thumbnailUrl\":\"https:\\\/\\\/colico.ca\\\/wp-content\\\/uploads\\\/2022\\\/10\\\/A_Cate%CC%81gories_Steni_B.jpg\",\"datePublished\":\"2022-12-07T18:16:40+00:00\",\"dateModified\":\"2025-02-27T10:00:57+00:00\",\"description\":\"Panneaux architecturaux haut de gamme de Colico pour les fa\u00e7ades de b\u00e2timents et les solutions de rev\u00eatement. Nos panneaux durables et \u00e9l\u00e9gants offrent des performances exceptionnelles pour les projets commerciaux, industriels et r\u00e9sidentiels.\",\"breadcrumb\":{\"@id\":\"https:\\\/\\\/colico.ca\\\/fr\\\/architectural-panels\\\/#breadcrumb\"},\"inLanguage\":\"fr-FR\",\"potentialAction\":[{\"@type\":\"ReadAction\",\"target\":[\"https:\\\/\\\/colico.ca\\\/fr\\\/architectural-panels\\\/\"]}]},{\"@type\":\"ImageObject\",\"inLanguage\":\"fr-FR\",\"@id\":\"https:\\\/\\\/colico.ca\\\/fr\\\/architectural-panels\\\/#primaryimage\",\"url\":\"https:\\\/\\\/colico.ca\\\/wp-content\\\/uploads\\\/2022\\\/10\\\/A_Cate%CC%81gories_Steni_B.jpg\",\"contentUrl\":\"https:\\\/\\\/colico.ca\\\/wp-content\\\/uploads\\\/2022\\\/10\\\/A_Cate%CC%81gories_Steni_B.jpg\"},{\"@type\":\"BreadcrumbList\",\"@id\":\"https:\\\/\\\/colico.ca\\\/fr\\\/architectural-panels\\\/#breadcrumb\",\"itemListElement\":[{\"@type\":\"ListItem\",\"position\":1,\"name\":\"Home\",\"item\":\"https:\\\/\\\/colico.ca\\\/fr\\\/accueil-principal\\\/\"},{\"@type\":\"ListItem\",\"position\":2,\"name\":\"Panneaux architecturaux\"}]},{\"@type\":\"WebSite\",\"@id\":\"https:\\\/\\\/colico.ca\\\/#website\",\"url\":\"https:\\\/\\\/colico.ca\\\/\",\"name\":\"Colico\",\"description\":\"Produits architecturaux\",\"potentialAction\":[{\"@type\":\"SearchAction\",\"target\":{\"@type\":\"EntryPoint\",\"urlTemplate\":\"https:\\\/\\\/colico.ca\\\/?s={search_term_string}\"},\"query-input\":{\"@type\":\"PropertyValueSpecification\",\"valueRequired\":true,\"valueName\":\"search_term_string\"}}],\"inLanguage\":\"fr-FR\"}]}<\/script>\n<!-- \/ Yoast SEO plugin. -->","yoast_head_json":{"title":"Panneaux architecturaux - Solutions de fa\u00e7ade et de bardage de haute qualit\u00e9 - Colico","description":"Panneaux architecturaux haut de gamme de Colico pour les fa\u00e7ades de b\u00e2timents et les solutions de rev\u00eatement. Nos panneaux durables et \u00e9l\u00e9gants offrent des performances exceptionnelles pour les projets commerciaux, industriels et r\u00e9sidentiels.","robots":{"index":"index","follow":"follow","max-snippet":"max-snippet:-1","max-image-preview":"max-image-preview:large","max-video-preview":"max-video-preview:-1"},"canonical":"https:\/\/colico.ca\/fr\/architectural-panels\/","og_locale":"fr_FR","og_type":"article","og_title":"Panneaux architecturaux - Solutions de fa\u00e7ade et de bardage de haute qualit\u00e9 - Colico","og_description":"Panneaux architecturaux haut de gamme de Colico pour les fa\u00e7ades de b\u00e2timents et les solutions de rev\u00eatement. Nos panneaux durables et \u00e9l\u00e9gants offrent des performances exceptionnelles pour les projets commerciaux, industriels et r\u00e9sidentiels.","og_url":"https:\/\/colico.ca\/fr\/architectural-panels\/","og_site_name":"Colico","article_modified_time":"2025-02-27T10:00:57+00:00","og_image":[{"width":569,"height":569,"url":"https:\/\/colico.ca\/wp-content\/uploads\/2022\/10\/A_Cate\u0301gories_Steni_B.jpg","type":"image\/jpeg"}],"twitter_card":"summary_large_image","twitter_misc":{"Dur\u00e9e de lecture estim\u00e9e":"1 minute"},"schema":{"@context":"https:\/\/schema.org","@graph":[{"@type":"WebPage","@id":"https:\/\/colico.ca\/fr\/architectural-panels\/","url":"https:\/\/colico.ca\/fr\/architectural-panels\/","name":"Panneaux architecturaux - Solutions de fa\u00e7ade et de bardage de haute qualit\u00e9 - Colico","isPartOf":{"@id":"https:\/\/colico.ca\/#website"},"primaryImageOfPage":{"@id":"https:\/\/colico.ca\/fr\/architectural-panels\/#primaryimage"},"image":{"@id":"https:\/\/colico.ca\/fr\/architectural-panels\/#primaryimage"},"thumbnailUrl":"https:\/\/colico.ca\/wp-content\/uploads\/2022\/10\/A_Cate%CC%81gories_Steni_B.jpg","datePublished":"2022-12-07T18:16:40+00:00","dateModified":"2025-02-27T10:00:57+00:00","description":"Panneaux architecturaux haut de gamme de Colico pour les fa\u00e7ades de b\u00e2timents et les solutions de rev\u00eatement. Nos panneaux durables et \u00e9l\u00e9gants offrent des performances exceptionnelles pour les projets commerciaux, industriels et r\u00e9sidentiels.","breadcrumb":{"@id":"https:\/\/colico.ca\/fr\/architectural-panels\/#breadcrumb"},"inLanguage":"fr-FR","potentialAction":[{"@type":"ReadAction","target":["https:\/\/colico.ca\/fr\/architectural-panels\/"]}]},{"@type":"ImageObject","inLanguage":"fr-FR","@id":"https:\/\/colico.ca\/fr\/architectural-panels\/#primaryimage","url":"https:\/\/colico.ca\/wp-content\/uploads\/2022\/10\/A_Cate%CC%81gories_Steni_B.jpg","contentUrl":"https:\/\/colico.ca\/wp-content\/uploads\/2022\/10\/A_Cate%CC%81gories_Steni_B.jpg"},{"@type":"BreadcrumbList","@id":"https:\/\/colico.ca\/fr\/architectural-panels\/#breadcrumb","itemListElement":[{"@type":"ListItem","position":1,"name":"Home","item":"https:\/\/colico.ca\/fr\/accueil-principal\/"},{"@type":"ListItem","position":2,"name":"Panneaux architecturaux"}]},{"@type":"WebSite","@id":"https:\/\/colico.ca\/#website","url":"https:\/\/colico.ca\/","name":"Colico","description":"Produits architecturaux","potentialAction":[{"@type":"SearchAction","target":{"@type":"EntryPoint","urlTemplate":"https:\/\/colico.ca\/?s={search_term_string}"},"query-input":{"@type":"PropertyValueSpecification","valueRequired":true,"valueName":"search_term_string"}}],"inLanguage":"fr-FR"}]}},"_links":{"self":[{"href":"https:\/\/colico.ca\/fr\/wp-json\/wp\/v2\/pages\/10853","targetHints":{"allow":["GET"]}}],"collection":[{"href":"https:\/\/colico.ca\/fr\/wp-json\/wp\/v2\/pages"}],"about":[{"href":"https:\/\/colico.ca\/fr\/wp-json\/wp\/v2\/types\/page"}],"author":[{"embeddable":true,"href":"https:\/\/colico.ca\/fr\/wp-json\/wp\/v2\/users\/2"}],"replies":[{"embeddable":true,"href":"https:\/\/colico.ca\/fr\/wp-json\/wp\/v2\/comments?post=10853"}],"version-history":[{"count":17,"href":"https:\/\/colico.ca\/fr\/wp-json\/wp\/v2\/pages\/10853\/revisions"}],"predecessor-version":[{"id":11680,"href":"https:\/\/colico.ca\/fr\/wp-json\/wp\/v2\/pages\/10853\/revisions\/11680"}],"wp:attachment":[{"href":"https:\/\/colico.ca\/fr\/wp-json\/wp\/v2\/media?parent=10853"}],"curies":[{"name":"wp","href":"https:\/\/api.w.org\/{rel}","templated":true}]}}